
{"id":18,"date":"2020-09-11T09:38:25","date_gmt":"2020-09-11T07:38:25","guid":{"rendered":"https:\/\/passerelle2.ac-nantes.fr\/aignac\/?page_id=18"},"modified":"2025-02-07T13:52:58","modified_gmt":"2025-02-07T12:52:58","slug":"classe-de-ms-gs","status":"publish","type":"page","link":"https:\/\/passerelle2.ac-nantes.fr\/aignac\/classe-de-ms-gs\/","title":{"rendered":"Classe de GS"},"content":{"rendered":"\n\n\n<div data-wp-interactive=\"core\/file\" class=\"wp-block-file\"><object data-wp-bind--hidden=\"!state.hasPdfPreview\" hidden class=\"wp-block-file__embed\" data=\"https:\/\/passerelle2.ac-nantes.fr\/aignac\/wp-content\/uploads\/sites\/905\/2025\/01\/page_compressed-1.pdf\" type=\"application\/pdf\" style=\"width:100%;height:600px\" aria-label=\"Contenu embarqu\u00e9 page_compressed.\"><\/object><a id=\"wp-block-file--media-ba296058-2f59-4970-88c7-7cf57b36fd24\" href=\"https:\/\/passerelle2.ac-nantes.fr\/aignac\/wp-content\/uploads\/sites\/905\/2025\/01\/page_compressed-1.pdf\">page_compressed<\/a><a href=\"https:\/\/passerelle2.ac-nantes.fr\/aignac\/wp-content\/uploads\/sites\/905\/2025\/01\/page_compressed-1.pdf\" class=\"wp-block-file__button wp-element-button\" download aria-describedby=\"wp-block-file--media-ba296058-2f59-4970-88c7-7cf57b36fd24\">T\u00e9l\u00e9charger<\/a><\/div>\n\n\n\n<div data-wp-interactive=\"core\/file\" class=\"wp-block-file\"><object data-wp-bind--hidden=\"!state.hasPdfPreview\" hidden class=\"wp-block-file__embed\" data=\"https:\/\/passerelle2.ac-nantes.fr\/aignac\/wp-content\/uploads\/sites\/905\/2025\/01\/page_compressed.pdf\" type=\"application\/pdf\" style=\"width:100%;height:600px\" aria-label=\"Contenu embarqu\u00e9 page_compressed.\"><\/object><a id=\"wp-block-file--media-8206bd21-a93b-482e-8e14-71e8486a6511\" href=\"https:\/\/passerelle2.ac-nantes.fr\/aignac\/wp-content\/uploads\/sites\/905\/2025\/01\/page_compressed.pdf\">page_compressed<\/a><a href=\"https:\/\/passerelle2.ac-nantes.fr\/aignac\/wp-content\/uploads\/sites\/905\/2025\/01\/page_compressed.pdf\" class=\"wp-block-file__button wp-element-button\" download aria-describedby=\"wp-block-file--media-8206bd21-a93b-482e-8e14-71e8486a6511\">T\u00e9l\u00e9charger<\/a><\/div>\n\n\n\n<div data-wp-interactive=\"core\/file\" class=\"wp-block-file\"><object data-wp-bind--hidden=\"!state.hasPdfPreview\" hidden class=\"wp-block-file__embed\" data=\"https:\/\/passerelle2.ac-nantes.fr\/aignac\/wp-content\/uploads\/sites\/905\/2024\/12\/dec-danse_compressed.pdf\" type=\"application\/pdf\" style=\"width:100%;height:600px\" aria-label=\"Contenu embarqu\u00e9 dec danse_compressed.\"><\/object><a id=\"wp-block-file--media-609ce764-f0dc-4899-b7eb-bfa58d7d07fa\" href=\"https:\/\/passerelle2.ac-nantes.fr\/aignac\/wp-content\/uploads\/sites\/905\/2024\/12\/dec-danse_compressed.pdf\">dec danse_compressed<\/a><a href=\"https:\/\/passerelle2.ac-nantes.fr\/aignac\/wp-content\/uploads\/sites\/905\/2024\/12\/dec-danse_compressed.pdf\" class=\"wp-block-file__button wp-element-button\" download aria-describedby=\"wp-block-file--media-609ce764-f0dc-4899-b7eb-bfa58d7d07fa\">T\u00e9l\u00e9charger<\/a><\/div>\n\n\n\n<div data-wp-interactive=\"core\/file\" class=\"wp-block-file\"><object data-wp-bind--hidden=\"!state.hasPdfPreview\" hidden class=\"wp-block-file__embed\" data=\"https:\/\/passerelle2.ac-nantes.fr\/aignac\/wp-content\/uploads\/sites\/905\/2024\/09\/Cahier-de-vie-sept3.pdf\" type=\"application\/pdf\" style=\"width:100%;height:600px\" aria-label=\"Contenu embarqu\u00e9 Cahier-de-vie-sept3.\"><\/object><a id=\"wp-block-file--media-2378e25b-bda0-4fe5-96af-391679c8931c\" href=\"https:\/\/passerelle2.ac-nantes.fr\/aignac\/wp-content\/uploads\/sites\/905\/2024\/09\/Cahier-de-vie-sept3.pdf\">Cahier-de-vie-sept3<\/a><a href=\"https:\/\/passerelle2.ac-nantes.fr\/aignac\/wp-content\/uploads\/sites\/905\/2024\/09\/Cahier-de-vie-sept3.pdf\" class=\"wp-block-file__button wp-element-button\" download aria-describedby=\"wp-block-file--media-2378e25b-bda0-4fe5-96af-391679c8931c\">T\u00e9l\u00e9charger<\/a><\/div>\n\n\n\n<div data-wp-interactive=\"core\/file\" class=\"wp-block-file\"><object data-wp-bind--hidden=\"!state.hasPdfPreview\" hidden class=\"wp-block-file__embed\" data=\"https:\/\/passerelle2.ac-nantes.fr\/aignac\/wp-content\/uploads\/sites\/905\/2024\/04\/mars-2.pdf\" type=\"application\/pdf\" style=\"width:100%;height:600px\" aria-label=\"Contenu embarqu\u00e9 mars-2.\"><\/object><a id=\"wp-block-file--media-7f1dc79c-1a40-4ba2-b161-c2bbb246073e\" href=\"https:\/\/passerelle2.ac-nantes.fr\/aignac\/wp-content\/uploads\/sites\/905\/2024\/04\/mars-2.pdf\">mars-2<\/a><a href=\"https:\/\/passerelle2.ac-nantes.fr\/aignac\/wp-content\/uploads\/sites\/905\/2024\/04\/mars-2.pdf\" class=\"wp-block-file__button wp-element-button\" download aria-describedby=\"wp-block-file--media-7f1dc79c-1a40-4ba2-b161-c2bbb246073e\">T\u00e9l\u00e9charger<\/a><\/div>\n\n\n\n<div data-wp-interactive=\"core\/file\" class=\"wp-block-file\"><object data-wp-bind--hidden=\"!state.hasPdfPreview\" hidden class=\"wp-block-file__embed\" data=\"https:\/\/passerelle2.ac-nantes.fr\/aignac\/wp-content\/uploads\/sites\/905\/2024\/04\/fin-fev.pdf\" type=\"application\/pdf\" style=\"width:100%;height:600px\" aria-label=\"Contenu embarqu\u00e9 fin-fev.\"><\/object><a id=\"wp-block-file--media-7693c1a0-c218-4bc4-94f1-eec0043a54e0\" href=\"https:\/\/passerelle2.ac-nantes.fr\/aignac\/wp-content\/uploads\/sites\/905\/2024\/04\/fin-fev.pdf\">fin-fev<\/a><a href=\"https:\/\/passerelle2.ac-nantes.fr\/aignac\/wp-content\/uploads\/sites\/905\/2024\/04\/fin-fev.pdf\" class=\"wp-block-file__button wp-element-button\" download aria-describedby=\"wp-block-file--media-7693c1a0-c218-4bc4-94f1-eec0043a54e0\">T\u00e9l\u00e9charger<\/a><\/div>\n\n\n\n<div data-wp-interactive=\"core\/file\" class=\"wp-block-file\"><object data-wp-bind--hidden=\"!state.hasPdfPreview\" hidden class=\"wp-block-file__embed\" data=\"https:\/\/passerelle2.ac-nantes.fr\/aignac\/wp-content\/uploads\/sites\/905\/2024\/04\/janv3.pdf\" type=\"application\/pdf\" style=\"width:100%;height:600px\" aria-label=\"Contenu embarqu\u00e9 janv3.\"><\/object><a id=\"wp-block-file--media-684edecc-8128-4ec0-9af1-5ec9f475ae29\" href=\"https:\/\/passerelle2.ac-nantes.fr\/aignac\/wp-content\/uploads\/sites\/905\/2024\/04\/janv3.pdf\">janv3<\/a><a href=\"https:\/\/passerelle2.ac-nantes.fr\/aignac\/wp-content\/uploads\/sites\/905\/2024\/04\/janv3.pdf\" class=\"wp-block-file__button wp-element-button\" download aria-describedby=\"wp-block-file--media-684edecc-8128-4ec0-9af1-5ec9f475ae29\">T\u00e9l\u00e9charger<\/a><\/div>\n\n\n\n<div data-wp-interactive=\"core\/file\" class=\"wp-block-file\"><object data-wp-bind--hidden=\"!state.hasPdfPreview\" hidden class=\"wp-block-file__embed\" data=\"https:\/\/passerelle2.ac-nantes.fr\/aignac\/wp-content\/uploads\/sites\/905\/2024\/04\/Noel2.pdf\" type=\"application\/pdf\" style=\"width:100%;height:600px\" aria-label=\"Contenu embarqu\u00e9 Noel2.\"><\/object><a id=\"wp-block-file--media-84525b41-82c2-4621-aab0-0e6d7e66bb1d\" href=\"https:\/\/passerelle2.ac-nantes.fr\/aignac\/wp-content\/uploads\/sites\/905\/2024\/04\/Noel2.pdf\">Noel2<\/a><a href=\"https:\/\/passerelle2.ac-nantes.fr\/aignac\/wp-content\/uploads\/sites\/905\/2024\/04\/Noel2.pdf\" class=\"wp-block-file__button wp-element-button\" download aria-describedby=\"wp-block-file--media-84525b41-82c2-4621-aab0-0e6d7e66bb1d\">T\u00e9l\u00e9charger<\/a><\/div>\n\n\n\n<div data-wp-interactive=\"core\/file\" class=\"wp-block-file\"><object data-wp-bind--hidden=\"!state.hasPdfPreview\" hidden class=\"wp-block-file__embed\" data=\"https:\/\/passerelle2.ac-nantes.fr\/aignac\/wp-content\/uploads\/sites\/905\/2024\/04\/partage-vert-oct.pdf\" type=\"application\/pdf\" style=\"width:100%;height:600px\" aria-label=\"Contenu embarqu\u00e9 partage-vert-oct.\"><\/object><a id=\"wp-block-file--media-2f6af261-6d7b-435b-809f-9b9a9f71b7f8\" href=\"https:\/\/passerelle2.ac-nantes.fr\/aignac\/wp-content\/uploads\/sites\/905\/2024\/04\/partage-vert-oct.pdf\">partage-vert-oct<\/a><a href=\"https:\/\/passerelle2.ac-nantes.fr\/aignac\/wp-content\/uploads\/sites\/905\/2024\/04\/partage-vert-oct.pdf\" class=\"wp-block-file__button wp-element-button\" download aria-describedby=\"wp-block-file--media-2f6af261-6d7b-435b-809f-9b9a9f71b7f8\">T\u00e9l\u00e9charger<\/a><\/div>\n\n\n\n<div data-wp-interactive=\"core\/file\" class=\"wp-block-file\"><object data-wp-bind--hidden=\"!state.hasPdfPreview\" hidden class=\"wp-block-file__embed\" data=\"https:\/\/passerelle2.ac-nantes.fr\/aignac\/wp-content\/uploads\/sites\/905\/2023\/06\/juin-1.pdf\" type=\"application\/pdf\" style=\"width:100%;height:600px\" aria-label=\"Contenu embarqu\u00e9 juin-1.\"><\/object><a id=\"wp-block-file--media-dbb69ccd-103f-47b0-9e7d-5d136a706362\" href=\"https:\/\/passerelle2.ac-nantes.fr\/aignac\/wp-content\/uploads\/sites\/905\/2023\/06\/juin-1.pdf\">juin-1<\/a><a href=\"https:\/\/passerelle2.ac-nantes.fr\/aignac\/wp-content\/uploads\/sites\/905\/2023\/06\/juin-1.pdf\" class=\"wp-block-file__button wp-element-button\" download aria-describedby=\"wp-block-file--media-dbb69ccd-103f-47b0-9e7d-5d136a706362\">T\u00e9l\u00e9charger<\/a><\/div>\n\n\n\n<div data-wp-interactive=\"core\/file\" class=\"wp-block-file\"><object data-wp-bind--hidden=\"!state.hasPdfPreview\" hidden class=\"wp-block-file__embed\" data=\"https:\/\/passerelle2.ac-nantes.fr\/aignac\/wp-content\/uploads\/sites\/905\/2023\/03\/mars-2-2.pdf\" type=\"application\/pdf\" style=\"width:100%;height:600px\" aria-label=\"Contenu embarqu\u00e9 mars-2-2.\"><\/object><a id=\"wp-block-file--media-865d6381-4086-4e8a-a9fe-e967b3fcef96\" href=\"https:\/\/passerelle2.ac-nantes.fr\/aignac\/wp-content\/uploads\/sites\/905\/2023\/03\/mars-2-2.pdf\">mars-2-2<\/a><a href=\"https:\/\/passerelle2.ac-nantes.fr\/aignac\/wp-content\/uploads\/sites\/905\/2023\/03\/mars-2-2.pdf\" class=\"wp-block-file__button wp-element-button\" download aria-describedby=\"wp-block-file--media-865d6381-4086-4e8a-a9fe-e967b3fcef96\">T\u00e9l\u00e9charger<\/a><\/div>\n\n\n\n<p class=\"has-text-align-center\"><strong><mark style=\"background-color:rgba(0, 0, 0, 0)\" class=\"has-inline-color has-black-color\">La page de la classe de MS-GS de S\u00e9verine et Corinne.<\/mark><\/strong><\/p>\n\n\n\n<p class=\"has-text-align-center\">Voici les Rois et les Reines de cette fin de mois de Janvier 2023 !<\/p>\n\n\n\n<figure class=\"wp-block-image size-full\"><img loading=\"lazy\" decoding=\"async\" width=\"800\" height=\"600\" src=\"https:\/\/passerelle2.ac-nantes.fr\/aignac\/wp-content\/uploads\/sites\/905\/2023\/01\/IMG_4976-1.jpg\" alt=\"\" class=\"wp-image-479\" srcset=\"https:\/\/passerelle2.ac-nantes.fr\/aignac\/wp-content\/uploads\/sites\/905\/2023\/01\/IMG_4976-1.jpg 800w, https:\/\/passerelle2.ac-nantes.fr\/aignac\/wp-content\/uploads\/sites\/905\/2023\/01\/IMG_4976-1-300x225.jpg 300w, https:\/\/passerelle2.ac-nantes.fr\/aignac\/wp-content\/uploads\/sites\/905\/2023\/01\/IMG_4976-1-768x576.jpg 768w\" sizes=\"auto, (max-width: 800px) 100vw, 800px\" \/><\/figure>\n\n\n\n<div data-wp-interactive=\"core\/file\" class=\"wp-block-file\"><object data-wp-bind--hidden=\"!state.hasPdfPreview\" hidden class=\"wp-block-file__embed\" data=\"https:\/\/passerelle2.ac-nantes.fr\/aignac\/wp-content\/uploads\/sites\/905\/2023\/01\/Ehpad-janvier.pdf\" type=\"application\/pdf\" style=\"width:100%;height:600px\" aria-label=\"Contenu embarqu\u00e9 Ehpad-janvier.\"><\/object><a id=\"wp-block-file--media-099d374e-d8e5-42f1-af70-7baadd19ca61\" href=\"https:\/\/passerelle2.ac-nantes.fr\/aignac\/wp-content\/uploads\/sites\/905\/2023\/01\/Ehpad-janvier.pdf\">Ehpad-janvier<\/a><a href=\"https:\/\/passerelle2.ac-nantes.fr\/aignac\/wp-content\/uploads\/sites\/905\/2023\/01\/Ehpad-janvier.pdf\" class=\"wp-block-file__button wp-element-button\" download aria-describedby=\"wp-block-file--media-099d374e-d8e5-42f1-af70-7baadd19ca61\">T\u00e9l\u00e9charger<\/a><\/div>\n\n\n\n<p>Les \u00e9tiquettes porte-manteaux<\/p>\n\n\n\n<p>En septembre, les GS ont dessin\u00e9 selon un mod\u00e8le un personnage, \u00e0 la mani\u00e8re d&rsquo;Isabelle Kessedjian. Les adultes ont dessin\u00e9 les cheveux des GS et les personnages des MS. Le r\u00e9sultat est tr\u00e8s sympa et peut \u00eatre admir\u00e9 dans le couloir.<\/p>\n\n\n\n<figure class=\"wp-block-image size-full\"><img loading=\"lazy\" decoding=\"async\" width=\"800\" height=\"600\" src=\"https:\/\/passerelle2.ac-nantes.fr\/aignac\/wp-content\/uploads\/sites\/905\/2022\/11\/PA130213.jpg\" alt=\"\" class=\"wp-image-440\" srcset=\"https:\/\/passerelle2.ac-nantes.fr\/aignac\/wp-content\/uploads\/sites\/905\/2022\/11\/PA130213.jpg 800w, https:\/\/passerelle2.ac-nantes.fr\/aignac\/wp-content\/uploads\/sites\/905\/2022\/11\/PA130213-300x225.jpg 300w, https:\/\/passerelle2.ac-nantes.fr\/aignac\/wp-content\/uploads\/sites\/905\/2022\/11\/PA130213-768x576.jpg 768w\" sizes=\"auto, (max-width: 800px) 100vw, 800px\" \/><\/figure>\n\n\n\n<p><mark style=\"background-color:rgba(0, 0, 0, 0)\" class=\"has-inline-color has-blue-color\">la mer !<\/mark><\/p>\n\n\n\n<p>Les MS on fait un fond avec des vagues (graphisme) au crayon peinture . Pour le bateau ils ont fait place au d\u00e9coupage et au collage ! les enfants ont termin\u00e9 par le poisson et lui ont cr\u00e9\u00e9 des \u00e9cailles en faisant des ponts (graphisme) au feutre !<\/p>\n\n\n\n<figure class=\"wp-block-image size-full is-style-rounded\"><img loading=\"lazy\" decoding=\"async\" width=\"800\" height=\"600\" src=\"https:\/\/passerelle2.ac-nantes.fr\/aignac\/wp-content\/uploads\/sites\/905\/2022\/04\/P4080669.jpg\" alt=\"\" class=\"wp-image-348\" srcset=\"https:\/\/passerelle2.ac-nantes.fr\/aignac\/wp-content\/uploads\/sites\/905\/2022\/04\/P4080669.jpg 800w, https:\/\/passerelle2.ac-nantes.fr\/aignac\/wp-content\/uploads\/sites\/905\/2022\/04\/P4080669-300x225.jpg 300w, https:\/\/passerelle2.ac-nantes.fr\/aignac\/wp-content\/uploads\/sites\/905\/2022\/04\/P4080669-768x576.jpg 768w\" sizes=\"auto, (max-width: 800px) 100vw, 800px\" \/><\/figure>\n\n\n\n<p><mark style=\"background-color:rgba(0, 0, 0, 0);color:#ce0d26\" class=\"has-inline-color\">Le chantier !<\/mark><\/p>\n\n\n\n<p>Les GS ont fait de la peinture \u00e0 l&rsquo;\u00e9ponge pour le fond et pour les engins du coloriage et du d\u00e9coupage , puis ils ont coll\u00e9 des papier d\u00e9chir\u00e9s puis froiss\u00e9s pour faire un tas de gravats.<\/p>\n\n\n\n<figure class=\"wp-block-image size-full is-style-rounded\"><img loading=\"lazy\" decoding=\"async\" width=\"800\" height=\"600\" src=\"https:\/\/passerelle2.ac-nantes.fr\/aignac\/wp-content\/uploads\/sites\/905\/2022\/04\/P4080667.jpg\" alt=\"\" class=\"wp-image-346\" srcset=\"https:\/\/passerelle2.ac-nantes.fr\/aignac\/wp-content\/uploads\/sites\/905\/2022\/04\/P4080667.jpg 800w, https:\/\/passerelle2.ac-nantes.fr\/aignac\/wp-content\/uploads\/sites\/905\/2022\/04\/P4080667-300x225.jpg 300w, https:\/\/passerelle2.ac-nantes.fr\/aignac\/wp-content\/uploads\/sites\/905\/2022\/04\/P4080667-768x576.jpg 768w\" sizes=\"auto, (max-width: 800px) 100vw, 800px\" \/><\/figure>\n\n\n\n<p><mark style=\"background-color:rgba(0, 0, 0, 0);color:#19950b\" class=\"has-inline-color\">jeudi 14 octobre : <\/mark><mark style=\"background-color:rgba(0, 0, 0, 0);color:#17900a\" class=\"has-inline-color\">Sortie au jardin partag\u00e9 de F\u00e9drun <\/mark><\/p>\n\n\n\n<figure class=\"wp-block-image size-large\"><img decoding=\"async\" src=\"https:\/\/passerelle2.ac-nantes.fr\/aignac\/wp-content\/uploads\/sites\/905\/2021\/10\/IMG_2680.jpg\" alt=\"\" class=\"wp-image-257\"\/><\/figure>\n\n\n\n<figure class=\"wp-block-image size-large\"><img decoding=\"async\" src=\"https:\/\/passerelle2.ac-nantes.fr\/aignac\/wp-content\/uploads\/sites\/905\/2021\/10\/DSC_0901.jpg\" alt=\"\" class=\"wp-image-246\"\/><\/figure>\n\n\n\n<figure class=\"wp-block-image size-large is-resized\"><img decoding=\"async\" src=\"https:\/\/passerelle2.ac-nantes.fr\/aignac\/wp-content\/uploads\/sites\/905\/2021\/10\/245886586_575509763565913_2949975097662029449_n.jpg\" alt=\"\" class=\"wp-image-244\" style=\"width:219px;height:291px\"\/><\/figure>\n\n\n\n<p><strong>Vendredi 1 octobre : on fait les vendanges<\/strong><\/p>\n\n\n\n<figure class=\"wp-block-image\"><img decoding=\"async\" src=\"https:\/\/passerelle2.ac-nantes.fr\/aignac\/wp-content\/uploads\/sites\/905\/2021\/10\/PA010486.jpg\" alt=\"L\u2019attribut alt de cette image est vide, son nom de fichier est PA010486.jpg.\"\/><\/figure>\n\n\n\n<p><strong>Vendredi 1 octobre : Apr\u00e8s les vendanges on presse ! <\/strong><\/p>\n\n\n\n<figure class=\"wp-block-image size-large is-style-default\"><img loading=\"lazy\" decoding=\"async\" width=\"450\" height=\"600\" src=\"https:\/\/passerelle2.ac-nantes.fr\/aignac\/wp-content\/uploads\/sites\/905\/2021\/10\/PA010487.jpg\" alt=\"\" class=\"wp-image-224\" srcset=\"https:\/\/passerelle2.ac-nantes.fr\/aignac\/wp-content\/uploads\/sites\/905\/2021\/10\/PA010487.jpg 450w, https:\/\/passerelle2.ac-nantes.fr\/aignac\/wp-content\/uploads\/sites\/905\/2021\/10\/PA010487-225x300.jpg 225w\" sizes=\"auto, (max-width: 450px) 100vw, 450px\" \/><\/figure>\n\n\n\n<figure class=\"wp-block-image size-large is-style-default\"><img loading=\"lazy\" decoding=\"async\" width=\"450\" height=\"600\" src=\"https:\/\/passerelle2.ac-nantes.fr\/aignac\/wp-content\/uploads\/sites\/905\/2021\/10\/PA010492.jpg\" alt=\"\" class=\"wp-image-226\" srcset=\"https:\/\/passerelle2.ac-nantes.fr\/aignac\/wp-content\/uploads\/sites\/905\/2021\/10\/PA010492.jpg 450w, https:\/\/passerelle2.ac-nantes.fr\/aignac\/wp-content\/uploads\/sites\/905\/2021\/10\/PA010492-225x300.jpg 225w\" sizes=\"auto, (max-width: 450px) 100vw, 450px\" \/><\/figure>\n\n\n\n<p><strong>vendredi 1 octobre : Et pour finir on go\u00fbte !<\/strong><\/p>\n\n\n\n<figure class=\"wp-block-image\"><img decoding=\"async\" src=\"https:\/\/passerelle2.ac-nantes.fr\/aignac\/wp-content\/uploads\/sites\/905\/2021\/10\/PA010493.jpg\" alt=\"L\u2019attribut alt de cette image est vide, son nom de fichier est PA010493.jpg.\"\/><\/figure>\n\n\n\n<p class=\"has-text-align-center\">Notre th\u00e8me de la p\u00e9riode 1: les vaches<\/p>\n\n\n\n<p class=\"has-text-align-center\">Notre chanson de septembre: <a href=\"https:\/\/youtu.be\/rGu4wPkdbAw\" target=\"_blank\" rel=\"noreferrer noopener\">https:\/\/youtu.be\/rGu4wPkdbAw<\/a><\/p>\n\n\n\n<p class=\"has-text-align-center\">LES DINOSAURES<\/p>\n\n\n<div class=\"wp-block-image is-style-rounded\">\n<figure class=\"aligncenter size-large is-resized\"><img decoding=\"async\" src=\"https:\/\/passerelle2.ac-nantes.fr\/aignac\/wp-content\/uploads\/sites\/905\/2021\/05\/IMG_0410-1.jpg\" alt=\"\" class=\"wp-image-134\" style=\"width:562px;height:227px\"\/><\/figure>\n<\/div>","protected":false},"excerpt":{"rendered":"<p>La page de la classe de MS-GS de S\u00e9verine et Corinne. Voici les Rois et les Reines de cette fin de mois de Janvier 2023 ! Les \u00e9tiquettes porte-manteaux En septembre, les GS ont dessin\u00e9 selon un mod\u00e8le un personnage, &hellip; <a href=\"https:\/\/passerelle2.ac-nantes.fr\/aignac\/classe-de-ms-gs\/\">Continuer la lecture <span class=\"meta-nav\">&rarr;<\/span><\/a><\/p>\n","protected":false},"author":10103,"featured_media":0,"parent":0,"menu_order":0,"comment_status":"open","ping_status":"closed","template":"","meta":{"ngg_post_thumbnail":0,"h5ap_radio_sources":[],"footnotes":""},"folder":[11],"class_list":["post-18","page","type-page","status-publish","hentry"],"_links":{"self":[{"href":"https:\/\/passerelle2.ac-nantes.fr\/aignac\/wp-json\/wp\/v2\/pages\/18","targetHints":{"allow":["GET"]}}],"collection":[{"href":"https:\/\/passerelle2.ac-nantes.fr\/aignac\/wp-json\/wp\/v2\/pages"}],"about":[{"href":"https:\/\/passerelle2.ac-nantes.fr\/aignac\/wp-json\/wp\/v2\/types\/page"}],"author":[{"embeddable":true,"href":"https:\/\/passerelle2.ac-nantes.fr\/aignac\/wp-json\/wp\/v2\/users\/10103"}],"replies":[{"embeddable":true,"href":"https:\/\/passerelle2.ac-nantes.fr\/aignac\/wp-json\/wp\/v2\/comments?post=18"}],"version-history":[{"count":0,"href":"https:\/\/passerelle2.ac-nantes.fr\/aignac\/wp-json\/wp\/v2\/pages\/18\/revisions"}],"wp:attachment":[{"href":"https:\/\/passerelle2.ac-nantes.fr\/aignac\/wp-json\/wp\/v2\/media?parent=18"}],"wp:term":[{"taxonomy":"folder","embeddable":true,"href":"https:\/\/passerelle2.ac-nantes.fr\/aignac\/wp-json\/wp\/v2\/folder?post=18"}],"curies":[{"name":"wp","href":"https:\/\/api.w.org\/{rel}","templated":true}]}}