
{"id":21,"date":"2020-09-11T09:47:47","date_gmt":"2020-09-11T07:47:47","guid":{"rendered":"https:\/\/passerelle2.ac-nantes.fr\/aignac\/?page_id=21"},"modified":"2021-09-23T14:06:37","modified_gmt":"2021-09-23T12:06:37","slug":"documents-divers","status":"publish","type":"page","link":"https:\/\/passerelle2.ac-nantes.fr\/aignac\/documents-divers\/","title":{"rendered":"Documents divers"},"content":{"rendered":"\n<p>Vous retrouverez sur cette page diff\u00e9rents documents que vous avez d\u00e9j\u00e0 re\u00e7u via le cahier de correspondance de votre enfant.<\/p>\n\n\n\n<div class=\"wp-block-file\"><a href=\"https:\/\/passerelle2.ac-nantes.fr\/aignac\/wp-content\/uploads\/sites\/905\/2021\/09\/Planning-pigeons-a-la-maison-1.odt\">Planning-pigeons-a-la-maison-1<\/a><a href=\"https:\/\/passerelle2.ac-nantes.fr\/aignac\/wp-content\/uploads\/sites\/905\/2021\/09\/Planning-pigeons-a-la-maison-1.odt\" class=\"wp-block-file__button\" download>T\u00e9l\u00e9charger<\/a><\/div>\n\n\n\n<div class=\"wp-block-file\"><a href=\"https:\/\/passerelle2.ac-nantes.fr\/aignac\/wp-content\/uploads\/sites\/905\/2021\/09\/dates-pret-de-livres-2.odt\">dates-pret-de-livres-2<\/a><a href=\"https:\/\/passerelle2.ac-nantes.fr\/aignac\/wp-content\/uploads\/sites\/905\/2021\/09\/dates-pret-de-livres-2.odt\" class=\"wp-block-file__button\" download>T\u00e9l\u00e9charger<\/a><\/div>\n\n\n\n<p><\/p>\n","protected":false},"excerpt":{"rendered":"<p>Vous retrouverez sur cette page diff\u00e9rents documents que vous avez d\u00e9j\u00e0 re\u00e7u via le cahier de correspondance de votre enfant.<\/p>\n","protected":false},"author":10103,"featured_media":0,"parent":0,"menu_order":0,"comment_status":"open","ping_status":"closed","template":"","meta":{"ngg_post_thumbnail":0,"h5ap_radio_sources":[],"footnotes":""},"folder":[8],"class_list":["post-21","page","type-page","status-publish","hentry"],"_links":{"self":[{"href":"https:\/\/passerelle2.ac-nantes.fr\/aignac\/wp-json\/wp\/v2\/pages\/21","targetHints":{"allow":["GET"]}}],"collection":[{"href":"https:\/\/passerelle2.ac-nantes.fr\/aignac\/wp-json\/wp\/v2\/pages"}],"about":[{"href":"https:\/\/passerelle2.ac-nantes.fr\/aignac\/wp-json\/wp\/v2\/types\/page"}],"author":[{"embeddable":true,"href":"https:\/\/passerelle2.ac-nantes.fr\/aignac\/wp-json\/wp\/v2\/users\/10103"}],"replies":[{"embeddable":true,"href":"https:\/\/passerelle2.ac-nantes.fr\/aignac\/wp-json\/wp\/v2\/comments?post=21"}],"version-history":[{"count":0,"href":"https:\/\/passerelle2.ac-nantes.fr\/aignac\/wp-json\/wp\/v2\/pages\/21\/revisions"}],"wp:attachment":[{"href":"https:\/\/passerelle2.ac-nantes.fr\/aignac\/wp-json\/wp\/v2\/media?parent=21"}],"wp:term":[{"taxonomy":"folder","embeddable":true,"href":"https:\/\/passerelle2.ac-nantes.fr\/aignac\/wp-json\/wp\/v2\/folder?post=21"}],"curies":[{"name":"wp","href":"https:\/\/api.w.org\/{rel}","templated":true}]}}