
{"id":308,"date":"2022-03-18T14:11:36","date_gmt":"2022-03-18T13:11:36","guid":{"rendered":"https:\/\/passerelle2.ac-nantes.fr\/aignac\/?page_id=308"},"modified":"2024-04-03T15:30:26","modified_gmt":"2024-04-03T13:30:26","slug":"representants-des-parents-deleves","status":"publish","type":"page","link":"https:\/\/passerelle2.ac-nantes.fr\/aignac\/representants-des-parents-deleves\/","title":{"rendered":"Repr\u00e9sentants des parents d&rsquo;\u00e9l\u00e8ves"},"content":{"rendered":"\n<div data-wp-interactive=\"core\/file\" class=\"wp-block-file\"><object data-wp-bind--hidden=\"!state.hasPdfPreview\" hidden class=\"wp-block-file__embed\" data=\"https:\/\/passerelle2.ac-nantes.fr\/aignac\/wp-content\/uploads\/sites\/905\/2024\/04\/Menus-sem-14-15-16.pdf\" type=\"application\/pdf\" style=\"width:100%;height:600px\" aria-label=\"Contenu embarqu\u00e9 Menus-sem-14-15-16.\"><\/object><a id=\"wp-block-file--media-c2b5a0b9-3ec2-4b0e-ae1e-7980be1b6148\" href=\"https:\/\/passerelle2.ac-nantes.fr\/aignac\/wp-content\/uploads\/sites\/905\/2024\/04\/Menus-sem-14-15-16.pdf\">Menus-sem-14-15-16<\/a><a href=\"https:\/\/passerelle2.ac-nantes.fr\/aignac\/wp-content\/uploads\/sites\/905\/2024\/04\/Menus-sem-14-15-16.pdf\" class=\"wp-block-file__button wp-element-button\" download aria-describedby=\"wp-block-file--media-c2b5a0b9-3ec2-4b0e-ae1e-7980be1b6148\">T\u00e9l\u00e9charger<\/a><\/div>\n\n\n\n<div data-wp-interactive=\"core\/file\" class=\"wp-block-file\"><object data-wp-bind--hidden=\"!state.hasPdfPreview\" hidden class=\"wp-block-file__embed\" data=\"https:\/\/passerelle2.ac-nantes.fr\/aignac\/wp-content\/uploads\/sites\/905\/2024\/03\/Menus-sem-11-12-13.pdf\" type=\"application\/pdf\" style=\"width:100%;height:600px\" aria-label=\"Contenu embarqu\u00e9 Menus sem 11-12-13.\"><\/object><a id=\"wp-block-file--media-119cfca4-53a4-4aec-8519-247af8dbad4c\" href=\"https:\/\/passerelle2.ac-nantes.fr\/aignac\/wp-content\/uploads\/sites\/905\/2024\/03\/Menus-sem-11-12-13.pdf\">Menus sem 11-12-13<\/a><a href=\"https:\/\/passerelle2.ac-nantes.fr\/aignac\/wp-content\/uploads\/sites\/905\/2024\/03\/Menus-sem-11-12-13.pdf\" class=\"wp-block-file__button wp-element-button\" download aria-describedby=\"wp-block-file--media-119cfca4-53a4-4aec-8519-247af8dbad4c\">T\u00e9l\u00e9charger<\/a><\/div>\n\n\n\n<div data-wp-interactive=\"core\/file\" class=\"wp-block-file\"><object data-wp-bind--hidden=\"!state.hasPdfPreview\" hidden class=\"wp-block-file__embed\" data=\"https:\/\/passerelle2.ac-nantes.fr\/aignac\/wp-content\/uploads\/sites\/905\/2024\/01\/Menus-sem-05-06-07.pdf\" type=\"application\/pdf\" style=\"width:100%;height:600px\" aria-label=\"Contenu embarqu\u00e9 Menus sem 05-06-07.\"><\/object><a id=\"wp-block-file--media-8fcb82f4-624e-479b-aee2-67ac4fb91ee6\" href=\"https:\/\/passerelle2.ac-nantes.fr\/aignac\/wp-content\/uploads\/sites\/905\/2024\/01\/Menus-sem-05-06-07.pdf\">Menus sem 05-06-07<\/a><a href=\"https:\/\/passerelle2.ac-nantes.fr\/aignac\/wp-content\/uploads\/sites\/905\/2024\/01\/Menus-sem-05-06-07.pdf\" class=\"wp-block-file__button wp-element-button\" download aria-describedby=\"wp-block-file--media-8fcb82f4-624e-479b-aee2-67ac4fb91ee6\">T\u00e9l\u00e9charger<\/a><\/div>\n\n\n\n<div data-wp-interactive=\"core\/file\" class=\"wp-block-file\"><object data-wp-bind--hidden=\"!state.hasPdfPreview\" hidden class=\"wp-block-file__embed\" data=\"https:\/\/passerelle2.ac-nantes.fr\/aignac\/wp-content\/uploads\/sites\/905\/2024\/01\/Menus-sem-02-03-04-1.pdf\" type=\"application\/pdf\" style=\"width:100%;height:410px\" aria-label=\"Contenu embarqu\u00e9 Menus sem 02-03-04.\"><\/object><a id=\"wp-block-file--media-05a4fd27-6945-4bf4-a93a-35a2f974a132\" href=\"https:\/\/passerelle2.ac-nantes.fr\/aignac\/wp-content\/uploads\/sites\/905\/2024\/01\/Menus-sem-02-03-04-1.pdf\">Menus sem 02-03-04<\/a><a href=\"https:\/\/passerelle2.ac-nantes.fr\/aignac\/wp-content\/uploads\/sites\/905\/2024\/01\/Menus-sem-02-03-04-1.pdf\" class=\"wp-block-file__button wp-element-button\" download aria-describedby=\"wp-block-file--media-05a4fd27-6945-4bf4-a93a-35a2f974a132\">T\u00e9l\u00e9charger<\/a><\/div>\n\n\n\n<div data-wp-interactive=\"core\/file\" class=\"wp-block-file\"><object data-wp-bind--hidden=\"!state.hasPdfPreview\" hidden class=\"wp-block-file__embed\" data=\"https:\/\/passerelle2.ac-nantes.fr\/aignac\/wp-content\/uploads\/sites\/905\/2023\/12\/Menus-sem-49-50-51.pdf\" type=\"application\/pdf\" style=\"width:100%;height:600px\" aria-label=\"Contenu embarqu\u00e9 Menus sem 49-50-51.\"><\/object><a id=\"wp-block-file--media-908afa9b-96b3-431e-9271-f2b220dd7794\" href=\"https:\/\/passerelle2.ac-nantes.fr\/aignac\/wp-content\/uploads\/sites\/905\/2023\/12\/Menus-sem-49-50-51.pdf\">Menus sem 49-50-51<\/a><a href=\"https:\/\/passerelle2.ac-nantes.fr\/aignac\/wp-content\/uploads\/sites\/905\/2023\/12\/Menus-sem-49-50-51.pdf\" class=\"wp-block-file__button wp-element-button\" download aria-describedby=\"wp-block-file--media-908afa9b-96b3-431e-9271-f2b220dd7794\"><\/a><\/div>\n\n\n\n<div data-wp-interactive=\"core\/file\" class=\"wp-block-file\"><object data-wp-bind--hidden=\"!state.hasPdfPreview\" hidden class=\"wp-block-file__embed\" data=\"https:\/\/passerelle2.ac-nantes.fr\/aignac\/wp-content\/uploads\/sites\/905\/2023\/11\/Menus-sem-46-47-48.pdf\" type=\"application\/pdf\" style=\"width:100%;height:600px\" aria-label=\"Contenu embarqu\u00e9 Menus sem 46-47-48.\"><\/object><a id=\"wp-block-file--media-b614fada-f22c-41ba-beef-42bed40cb2cb\" href=\"https:\/\/passerelle2.ac-nantes.fr\/aignac\/wp-content\/uploads\/sites\/905\/2023\/11\/Menus-sem-46-47-48.pdf\">Menus sem 46-47-48<\/a><a href=\"https:\/\/passerelle2.ac-nantes.fr\/aignac\/wp-content\/uploads\/sites\/905\/2023\/11\/Menus-sem-46-47-48.pdf\" class=\"wp-block-file__button wp-element-button\" download aria-describedby=\"wp-block-file--media-b614fada-f22c-41ba-beef-42bed40cb2cb\">T\u00e9l\u00e9charger<\/a><\/div>\n\n\n\n<p>Voici les menus scolaires  : <\/p>\n\n\n\n<div data-wp-interactive=\"core\/file\" class=\"wp-block-file\"><object data-wp-bind--hidden=\"!state.hasPdfPreview\" hidden class=\"wp-block-file__embed\" data=\"https:\/\/passerelle2.ac-nantes.fr\/aignac\/wp-content\/uploads\/sites\/905\/2023\/10\/sem_39-40-411.pdf\" type=\"application\/pdf\" style=\"width:100%;height:600px\" aria-label=\"Contenu embarqu\u00e9 sem_39-40-411.\"><\/object><a id=\"wp-block-file--media-7f246f47-5e5a-45b2-8fed-ba165abbbf89\" href=\"https:\/\/passerelle2.ac-nantes.fr\/aignac\/wp-content\/uploads\/sites\/905\/2023\/10\/sem_39-40-411.pdf\">sem_39-40-411<\/a><a href=\"https:\/\/passerelle2.ac-nantes.fr\/aignac\/wp-content\/uploads\/sites\/905\/2023\/10\/sem_39-40-411.pdf\" class=\"wp-block-file__button wp-element-button\" download aria-describedby=\"wp-block-file--media-7f246f47-5e5a-45b2-8fed-ba165abbbf89\">T\u00e9l\u00e9charger<\/a><\/div>\n\n\n\n<div data-wp-interactive=\"core\/file\" class=\"wp-block-file\"><object data-wp-bind--hidden=\"!state.hasPdfPreview\" hidden class=\"wp-block-file__embed\" data=\"https:\/\/passerelle2.ac-nantes.fr\/aignac\/wp-content\/uploads\/sites\/905\/2023\/10\/affiche-expo-vente-cucurbitacees.pdf\" type=\"application\/pdf\" style=\"width:100%;height:600px\" aria-label=\"Contenu embarqu\u00e9 affiche-expo-vente-cucurbitacees.\"><\/object><a id=\"wp-block-file--media-1a4c99fd-7e33-4e26-b1af-273a284a4046\" href=\"https:\/\/passerelle2.ac-nantes.fr\/aignac\/wp-content\/uploads\/sites\/905\/2023\/10\/affiche-expo-vente-cucurbitacees.pdf\">affiche-expo-vente-cucurbitacees<\/a><a href=\"https:\/\/passerelle2.ac-nantes.fr\/aignac\/wp-content\/uploads\/sites\/905\/2023\/10\/affiche-expo-vente-cucurbitacees.pdf\" class=\"wp-block-file__button wp-element-button\" download aria-describedby=\"wp-block-file--media-1a4c99fd-7e33-4e26-b1af-273a284a4046\">T\u00e9l\u00e9charger<\/a><\/div>\n\n\n\n<p>Et une invitation \u00e0 vous rendre \u00e0 Partage Vert le 21 Octobre 2023 !<\/p>\n\n\n\n<p>\u00ab\u00a0Bonjour,\u00a0\u00bbBonjour,<\/p>\n\n\n\n<p>Voil\u00e0 notre cinqui\u00e8me expo \/ vente de cucurbitac\u00e9es. Cette ann\u00e9e de nouvelles vari\u00e9t\u00e9s seront expos\u00e9es, une explication pour chaque courge avec une recette.<\/p>\n\n\n\n<p>Nous avons une trentaine de vari\u00e9t\u00e9s de cucurbitac\u00e9es, les plus connues&nbsp;: le Potimarron, la Butternut mais d&rsquo;autres comme le Potiron vert olive qui est une vari\u00e9t\u00e9 tr\u00e8s ancienne qui existe depuis 1880, le Potiron Blue Ballet en forme de toupie, la Jack Be Little&nbsp;une mini citrouille au go\u00fbt de chataigne\u2026&#8230;.<\/p>\n\n\n\n<p>Cela va se d\u00e9rouler, <strong>le Samedi 21 Octobre<\/strong>, sur l&rsquo;\u00eele de F\u00e9drun \u00e0 Saint Joachim de 9h30 \u00e0 16h.<strong>( Entr\u00e9e gratuite ).<\/strong><\/p>\n\n\n\n<p>Sur place un bar \u00e0 hu\u00eetres ainsi qu&rsquo;une soupe de courges et vente de nos l\u00e9gumes.<\/p>\n\n\n\n<p>Une animation musicale avec le chanteur <em><strong>Vincent Pr\u00e9mel<\/strong><\/em>, du groupe de la \u00ab&nbsp;Petite semaine&nbsp;\u00bb qui nous emm\u00e8nera Guitare en bandouli\u00e8re, dans ses voyages et ses rencontres dans le tumulte et les fracas du monde. Comme on remplit un carnet de voyage, il raconte ses escales et ses aventures charg\u00e9es de po\u00e9sie, d&#8217;embruns, de filles et de rhum. Avec toujours humour et tendresse, il peint ses chansons pour le petit peuple humain dans un univers o\u00f9 s\u2019entrem\u00ealent les espoirs, les souffrances et les r\u00eaves. (Vous pouvez d\u00e9j\u00e0 l&rsquo;\u00e9couter sur youtube, il a fait plusieurs clips ).<\/p>\n\n\n\n<p>Donc n&rsquo;h\u00e9sitez pas \u00e0 venir nous voir le 21 Octobre, nous vous attendons nombreux.<\/p>\n\n\n\n<p>Je vous met en copie l&rsquo;affiche.<\/p>\n\n\n\n<p>Merci de partager au maximum.\u00a0\u00bb<\/p>\n\n\n","protected":false},"excerpt":{"rendered":"<p>Voici les menus scolaires : Et une invitation \u00e0 vous rendre \u00e0 Partage Vert le 21 Octobre 2023 ! \u00ab\u00a0Bonjour,\u00a0\u00bbBonjour, Voil\u00e0 notre cinqui\u00e8me expo \/ vente de cucurbitac\u00e9es. Cette ann\u00e9e de nouvelles vari\u00e9t\u00e9s seront expos\u00e9es, une explication pour chaque courge &hellip; <a href=\"https:\/\/passerelle2.ac-nantes.fr\/aignac\/representants-des-parents-deleves\/\">Continuer la lecture <span class=\"meta-nav\">&rarr;<\/span><\/a><\/p>\n","protected":false},"author":10103,"featured_media":0,"parent":0,"menu_order":0,"comment_status":"closed","ping_status":"closed","template":"","meta":{"ngg_post_thumbnail":0,"h5ap_radio_sources":[],"footnotes":""},"folder":[],"class_list":["post-308","page","type-page","status-publish","hentry"],"_links":{"self":[{"href":"https:\/\/passerelle2.ac-nantes.fr\/aignac\/wp-json\/wp\/v2\/pages\/308","targetHints":{"allow":["GET"]}}],"collection":[{"href":"https:\/\/passerelle2.ac-nantes.fr\/aignac\/wp-json\/wp\/v2\/pages"}],"about":[{"href":"https:\/\/passerelle2.ac-nantes.fr\/aignac\/wp-json\/wp\/v2\/types\/page"}],"author":[{"embeddable":true,"href":"https:\/\/passerelle2.ac-nantes.fr\/aignac\/wp-json\/wp\/v2\/users\/10103"}],"replies":[{"embeddable":true,"href":"https:\/\/passerelle2.ac-nantes.fr\/aignac\/wp-json\/wp\/v2\/comments?post=308"}],"version-history":[{"count":0,"href":"https:\/\/passerelle2.ac-nantes.fr\/aignac\/wp-json\/wp\/v2\/pages\/308\/revisions"}],"wp:attachment":[{"href":"https:\/\/passerelle2.ac-nantes.fr\/aignac\/wp-json\/wp\/v2\/media?parent=308"}],"wp:term":[{"taxonomy":"folder","embeddable":true,"href":"https:\/\/passerelle2.ac-nantes.fr\/aignac\/wp-json\/wp\/v2\/folder?post=308"}],"curies":[{"name":"wp","href":"https:\/\/api.w.org\/{rel}","templated":true}]}}