
{"id":118,"date":"2015-03-29T21:02:16","date_gmt":"2015-03-29T21:02:16","guid":{"rendered":"https:\/\/passerelle2.ac-nantes.fr\/cio\/?page_id=118"},"modified":"2023-02-28T16:56:26","modified_gmt":"2023-02-28T15:56:26","slug":"118-2","status":"publish","type":"page","link":"https:\/\/passerelle2.ac-nantes.fr\/cio-reze\/118-2\/","title":{"rendered":"UN SERVICE PUBLIC D&rsquo;ORIENTATION POUR TOUS"},"content":{"rendered":"<p style=\"text-align: center;\">&nbsp;<\/p>\n<p>Vous avez besoin <strong>d\u2019aide<\/strong> pour r\u00e9fl\u00e9chir \u00e0 votre avenir scolaire ou professionnel\u2026<\/p>\n<p>Vous recherchez des <strong>conseils<\/strong> pour vous d\u00e9cider\u2026<\/p>\n<p>Vous recherchez des informations sur les <strong>formations<\/strong> et les <strong>m\u00e9tiers<\/strong> \u2026<\/p>\n<p>Les Psychologues de l&rsquo;Education Nationale sont \u00e0 votre disposition !<\/p>\n<p>&nbsp;<\/p>\n<p><a href=\"https:\/\/passerelle2.ac-nantes.fr\/cio-reze\/wp-content\/uploads\/sites\/374\/2015\/03\/DSC00898.jpg\"><img loading=\"lazy\" decoding=\"async\" class=\"aligncenter size-full wp-image-119\" src=\"https:\/\/passerelle2.ac-nantes.fr\/cio-reze\/wp-content\/uploads\/sites\/374\/2015\/03\/DSC00898.jpg\" alt=\"\" width=\"1024\" height=\"576\" srcset=\"https:\/\/passerelle2.ac-nantes.fr\/cio-reze\/wp-content\/uploads\/sites\/374\/2015\/03\/DSC00898.jpg 1024w, https:\/\/passerelle2.ac-nantes.fr\/cio-reze\/wp-content\/uploads\/sites\/374\/2015\/03\/DSC00898-300x168.jpg 300w\" sizes=\"auto, (max-width: 1024px) 100vw, 1024px\" \/><\/a><\/p>\n<h3><strong><em>Centre d&rsquo;Information et d<\/em><\/strong><strong><em>&lsquo;Orientat<\/em><\/strong><strong><em>ion de Rez\u00e9<\/em><\/strong><\/h3>\n<p>&nbsp;<\/p>\n<p>&nbsp;<\/p>\n<p>&nbsp;<\/p>\n<p>&nbsp;<\/p>\n","protected":false},"excerpt":{"rendered":"<p>&nbsp; Vous avez besoin d\u2019aide pour r\u00e9fl\u00e9chir \u00e0 votre avenir scolaire ou professionnel\u2026 Vous recherchez des conseils pour vous d\u00e9cider\u2026 Vous recherchez des informations sur les formations et les m\u00e9tiers \u2026 Les Psychologues de l&rsquo;Education Nationale sont \u00e0 votre disposition &hellip; <a href=\"https:\/\/passerelle2.ac-nantes.fr\/cio-reze\/118-2\/\">Continuer la lecture <span class=\"meta-nav\">&rarr;<\/span><\/a><\/p>\n","protected":false},"author":5941,"featured_media":0,"parent":0,"menu_order":1,"comment_status":"closed","ping_status":"open","template":"","meta":{"ngg_post_thumbnail":0,"h5ap_radio_sources":[],"jetpack_post_was_ever_published":false,"footnotes":""},"folder":[],"class_list":["post-118","page","type-page","status-publish","hentry"],"jetpack_sharing_enabled":true,"jetpack_shortlink":"https:\/\/wp.me\/P8Njdd-1U","_links":{"self":[{"href":"https:\/\/passerelle2.ac-nantes.fr\/cio-reze\/wp-json\/wp\/v2\/pages\/118","targetHints":{"allow":["GET"]}}],"collection":[{"href":"https:\/\/passerelle2.ac-nantes.fr\/cio-reze\/wp-json\/wp\/v2\/pages"}],"about":[{"href":"https:\/\/passerelle2.ac-nantes.fr\/cio-reze\/wp-json\/wp\/v2\/types\/page"}],"author":[{"embeddable":true,"href":"https:\/\/passerelle2.ac-nantes.fr\/cio-reze\/wp-json\/wp\/v2\/users\/5941"}],"replies":[{"embeddable":true,"href":"https:\/\/passerelle2.ac-nantes.fr\/cio-reze\/wp-json\/wp\/v2\/comments?post=118"}],"version-history":[{"count":0,"href":"https:\/\/passerelle2.ac-nantes.fr\/cio-reze\/wp-json\/wp\/v2\/pages\/118\/revisions"}],"wp:attachment":[{"href":"https:\/\/passerelle2.ac-nantes.fr\/cio-reze\/wp-json\/wp\/v2\/media?parent=118"}],"wp:term":[{"taxonomy":"folder","embeddable":true,"href":"https:\/\/passerelle2.ac-nantes.fr\/cio-reze\/wp-json\/wp\/v2\/folder?post=118"}],"curies":[{"name":"wp","href":"https:\/\/api.w.org\/{rel}","templated":true}]}}