
{"id":240,"date":"2023-02-28T15:17:46","date_gmt":"2023-02-28T14:17:46","guid":{"rendered":"https:\/\/passerelle2.ac-nantes.fr\/cio\/?page_id=240"},"modified":"2024-01-08T14:13:50","modified_gmt":"2024-01-08T13:13:50","slug":"horaires","status":"publish","type":"page","link":"https:\/\/passerelle2.ac-nantes.fr\/cio-reze\/","title":{"rendered":"Horaires"},"content":{"rendered":"<h2 style=\"text-align: center;\"><span style=\"color: #000080;\"> Le CIO de Rez\u00e9 accueille le public du Lundi au Vendredi :&nbsp;<\/span><\/h2>\n<p style=\"text-align: center;\"><strong><span style=\"color: #000080;\">SUR RENDEZ-VOUS&nbsp;<\/span><\/strong><\/p>\n<p style=\"text-align: center;\"><strong>En p\u00e9riode scolaire<\/strong>: de 9h00 \u00e0 12h30 et de 14h00 \u00e0 17h00 (19h le jeudi)<\/p>\n<p style=\"text-align: center;\"><strong>En p\u00e9riode de vacances scolaires<\/strong>: de 9h00 \u00e0 12h00 et de 14h00 \u00e0 17h00<\/p>\n<p>Pour prendre rendez vous avec les psychologues du CIO en contactez le : <span style=\"color: #333399;\"><strong>02.40.13.11.00<\/strong><\/span>&nbsp; <img loading=\"lazy\" decoding=\"async\" class=\" wp-image-2304 aligncenter\" src=\"https:\/\/passerelle2.ac-nantes.fr\/cio-reze\/wp-content\/uploads\/sites\/374\/2024\/01\/Voeux-CIO-de-Reze-def-1-300x274.jpg\" alt=\"\" width=\"529\" height=\"464\">&nbsp; &nbsp; &nbsp; &nbsp; &nbsp; &nbsp; &nbsp;<\/p>\n<p style=\"text-align: center;\">&nbsp;<\/p>\n<p style=\"text-align: center;\">&nbsp;<\/p>\n<p>&nbsp;<\/p>\n<h3>&nbsp;<\/h3>\n<h2><span style=\"color: #000080;\">&nbsp;<\/span><\/h2>\n<p>&nbsp;<\/p>\n<p>&nbsp;<\/p>\n<p>&nbsp;<\/p>\n","protected":false},"excerpt":{"rendered":"<p>Le CIO de Rez\u00e9 accueille le public du Lundi au Vendredi :&nbsp; SUR RENDEZ-VOUS&nbsp; En p\u00e9riode scolaire: de 9h00 \u00e0 12h30 et de 14h00 \u00e0 17h00 (19h le jeudi) En p\u00e9riode de vacances scolaires: de 9h00 \u00e0 12h00 et de &hellip; <a href=\"https:\/\/passerelle2.ac-nantes.fr\/cio-reze\/\">Continuer la lecture <span class=\"meta-nav\">&rarr;<\/span><\/a><\/p>\n","protected":false},"author":5941,"featured_media":0,"parent":118,"menu_order":1,"comment_status":"closed","ping_status":"open","template":"","meta":{"ngg_post_thumbnail":0,"h5ap_radio_sources":[],"jetpack_post_was_ever_published":false,"footnotes":""},"folder":[],"class_list":["post-240","page","type-page","status-publish","hentry"],"jetpack_sharing_enabled":true,"jetpack_shortlink":"https:\/\/wp.me\/P8Njdd-3S","_links":{"self":[{"href":"https:\/\/passerelle2.ac-nantes.fr\/cio-reze\/wp-json\/wp\/v2\/pages\/240","targetHints":{"allow":["GET"]}}],"collection":[{"href":"https:\/\/passerelle2.ac-nantes.fr\/cio-reze\/wp-json\/wp\/v2\/pages"}],"about":[{"href":"https:\/\/passerelle2.ac-nantes.fr\/cio-reze\/wp-json\/wp\/v2\/types\/page"}],"author":[{"embeddable":true,"href":"https:\/\/passerelle2.ac-nantes.fr\/cio-reze\/wp-json\/wp\/v2\/users\/5941"}],"replies":[{"embeddable":true,"href":"https:\/\/passerelle2.ac-nantes.fr\/cio-reze\/wp-json\/wp\/v2\/comments?post=240"}],"version-history":[{"count":0,"href":"https:\/\/passerelle2.ac-nantes.fr\/cio-reze\/wp-json\/wp\/v2\/pages\/240\/revisions"}],"up":[{"embeddable":true,"href":"https:\/\/passerelle2.ac-nantes.fr\/cio-reze\/wp-json\/wp\/v2\/pages\/118"}],"wp:attachment":[{"href":"https:\/\/passerelle2.ac-nantes.fr\/cio-reze\/wp-json\/wp\/v2\/media?parent=240"}],"wp:term":[{"taxonomy":"folder","embeddable":true,"href":"https:\/\/passerelle2.ac-nantes.fr\/cio-reze\/wp-json\/wp\/v2\/folder?post=240"}],"curies":[{"name":"wp","href":"https:\/\/api.w.org\/{rel}","templated":true}]}}