
{"id":637,"date":"2016-02-02T09:07:54","date_gmt":"2016-02-02T09:07:54","guid":{"rendered":"https:\/\/passerelle2.ac-nantes.fr\/cio\/?page_id=637"},"modified":"2021-07-01T16:28:52","modified_gmt":"2021-07-01T14:28:52","slug":"les-poursuites-detudes-apres-le-cap","status":"publish","type":"page","link":"https:\/\/passerelle2.ac-nantes.fr\/cio-reze\/les-poursuites-detudes-apres-le-cap\/","title":{"rendered":"Apr\u00e8s le CAP"},"content":{"rendered":"<p>&nbsp;<\/p>\n<p><strong>Quelles poursuites d&rsquo;\u00e9tudes sont envisageables apr\u00e8s un CAP? Consultez la page du site de l&rsquo;ONISEP \u00e0 partir du lien ci-dessous:<br><\/strong><\/p>\n<h2><a href=\"https:\/\/www.onisep.fr\/Choisir-mes-etudes\/Au-lycee-au-CFA\/Au-lycee-professionnel-et-au-CFA\/Le-CAP-certificat-d-aptitude-professionnelle\/Apres-le-CAP-poursuivre-des-etudes-c-est-possible\" target=\"_blank\" rel=\"noopener\">\u00ab\u00a0Apr\u00e8s le CAP, poursuivre des \u00e9tudes c&rsquo;est possible\u00a0\u00bb<\/a><\/h2>\n<p><strong>&nbsp;<\/strong><\/p>\n<p><strong>Les documents propos\u00e9s dans cette rubrique pr\u00e9sentent les diff\u00e9rentes possibilit\u00e9s de poursuites d&rsquo;\u00e9tudes accessibles, pour les sp\u00e9cialit\u00e9s de CAP pr\u00e9par\u00e9s dans les lyc\u00e9es professionnels du Sud-Loire :<\/strong><\/p>\n<p>&nbsp;&nbsp;&nbsp;&nbsp;&nbsp;&nbsp;&nbsp;&nbsp;&nbsp;&nbsp;&nbsp;&nbsp;&nbsp; <a href=\"https:\/\/passerelle2.ac-nantes.fr\/cio-reze\/wp-content\/uploads\/sites\/374\/2020\/03\/Apr\u00e8s-un-CAP-Assistant-Polyvalent-de-Restauration-2019-2020.pdf\" target=\"_blank\" rel=\"noopener noreferrer\">Apr\u00e8s un CAP Assistant Polyvalent de Restauration 2019-2020<\/a><\/p>\n<p>&nbsp;&nbsp;&nbsp;&nbsp;&nbsp;&nbsp;&nbsp;&nbsp;&nbsp;&nbsp;&nbsp;&nbsp; &nbsp;<a href=\"https:\/\/passerelle2.ac-nantes.fr\/cio-reze\/wp-content\/uploads\/sites\/374\/2021\/06\/Apres-un-CAP-Agent-Technique-en-Milieu-Familial-et-Collectif-2020-21.pdf\" target=\"_blank\" rel=\"noopener\">Apr\u00e8s un CAP Agent Technique en Milieu Familial et Collectif 2020-21<\/a><\/p>\n<p>&nbsp;&nbsp;&nbsp;&nbsp;&nbsp;&nbsp;&nbsp;&nbsp;&nbsp;&nbsp;&nbsp; &nbsp; <a href=\"https:\/\/passerelle2.ac-nantes.fr\/cio-reze\/wp-content\/uploads\/sites\/374\/2020\/03\/Apr\u00e8s-un-CAP-Commercialisation-et-Services-en-H\u00f4tel-Caf\u00e9-Restaurant-2019-2020.pdf\" target=\"_blank\" rel=\"noopener noreferrer\">Apr\u00e8s un CAP Commercialisation et Services en H\u00f4tel-Caf\u00e9-Restaurant 2019-2020<\/a><\/p>\n<p>&nbsp;&nbsp;&nbsp;&nbsp;&nbsp;&nbsp;&nbsp;&nbsp;&nbsp;&nbsp;&nbsp;&nbsp;&nbsp; <a href=\"https:\/\/passerelle2.ac-nantes.fr\/cio-reze\/wp-content\/uploads\/sites\/374\/2020\/03\/Apr\u00e8s-un-CAP-Cuisine-2019-2020.pdf\" target=\"_blank\" rel=\"noopener noreferrer\">Apr\u00e8s un CAP Cuisine 2019-2020<\/a><\/p>\n<p>&nbsp;&nbsp;&nbsp;&nbsp;&nbsp;&nbsp;&nbsp;&nbsp;&nbsp; &nbsp; &nbsp; <a href=\"https:\/\/passerelle2.ac-nantes.fr\/cio-reze\/wp-content\/uploads\/sites\/374\/2021\/07\/Apres-un-CAP-Horlogerie-2020-2021.pdf\" target=\"_blank\" rel=\"noopener\">Apr\u00e8s un CAP Horlogerie 2020-2021<\/a><\/p>\n<p>&nbsp;&nbsp;&nbsp;&nbsp;&nbsp;&nbsp;&nbsp;&nbsp;&nbsp;&nbsp; &nbsp; <a href=\"https:\/\/passerelle2.ac-nantes.fr\/cio-reze\/wp-content\/uploads\/sites\/374\/2021\/06\/Apres-un-CAP-Metiers-de-la-Mode-Vetement-Flou-2020-21.pdf\" target=\"_blank\" rel=\"noopener\">Apr\u00e8s un CAP M\u00e9tiers de la Mode V\u00eatement-Flou 2020-21<\/a><\/p>\n<p>&nbsp;&nbsp;&nbsp;&nbsp;&nbsp;&nbsp;&nbsp;&nbsp;&nbsp;&nbsp;&nbsp;&nbsp; <a href=\"https:\/\/passerelle2.ac-nantes.fr\/cio-reze\/wp-content\/uploads\/sites\/374\/2020\/03\/Apr\u00e8s-un-CAP-Maintenance-des-V\u00e9hicules-option-Voitures-particuli\u00e8res-2019-2020.pdf\" target=\"_blank\" rel=\"noopener noreferrer\">Apr\u00e8s un CAP Maintenance des V\u00e9hicules option Voitures particuli\u00e8res 2019-2020<\/a><\/p>\n<p>&nbsp;&nbsp;&nbsp;&nbsp;&nbsp;&nbsp;&nbsp;&nbsp;&nbsp;&nbsp;&nbsp; <a href=\"https:\/\/passerelle2.ac-nantes.fr\/cio-reze\/wp-content\/uploads\/sites\/374\/2021\/06\/Apres-un-CAP-Composites-Plastiques-Chaudronnes-2020-2021-1.pdf\" target=\"_blank\" rel=\"noopener\">Apr\u00e8s un CAP Composites Plastiques Chaudronn\u00e9s 2020-2021<\/a><\/p>\n<p>&nbsp;&nbsp;&nbsp;&nbsp;&nbsp;&nbsp;&nbsp;&nbsp;&nbsp;&nbsp;&nbsp;<\/p>\n<p style=\"padding-left: 60px;\">&nbsp;<\/p>\n<p style=\"padding-left: 60px;\">&nbsp;<\/p>\n\n\n<p><\/p>\n","protected":false},"excerpt":{"rendered":"<p>&nbsp; Quelles poursuites d&rsquo;\u00e9tudes sont envisageables apr\u00e8s un CAP? Consultez la page du site de l&rsquo;ONISEP \u00e0 partir du lien ci-dessous: \u00ab\u00a0Apr\u00e8s le CAP, poursuivre des \u00e9tudes c&rsquo;est possible\u00a0\u00bb &nbsp; Les documents propos\u00e9s dans cette rubrique pr\u00e9sentent les diff\u00e9rentes possibilit\u00e9s &hellip; <a href=\"https:\/\/passerelle2.ac-nantes.fr\/cio-reze\/les-poursuites-detudes-apres-le-cap\/\">Continuer la lecture <span class=\"meta-nav\">&rarr;<\/span><\/a><\/p>\n","protected":false},"author":5941,"featured_media":0,"parent":0,"menu_order":0,"comment_status":"closed","ping_status":"closed","template":"","meta":{"ngg_post_thumbnail":0,"h5ap_radio_sources":[],"jetpack_post_was_ever_published":false,"footnotes":""},"folder":[],"class_list":["post-637","page","type-page","status-publish","hentry"],"jetpack_sharing_enabled":true,"jetpack_shortlink":"https:\/\/wp.me\/P8Njdd-ah","_links":{"self":[{"href":"https:\/\/passerelle2.ac-nantes.fr\/cio-reze\/wp-json\/wp\/v2\/pages\/637","targetHints":{"allow":["GET"]}}],"collection":[{"href":"https:\/\/passerelle2.ac-nantes.fr\/cio-reze\/wp-json\/wp\/v2\/pages"}],"about":[{"href":"https:\/\/passerelle2.ac-nantes.fr\/cio-reze\/wp-json\/wp\/v2\/types\/page"}],"author":[{"embeddable":true,"href":"https:\/\/passerelle2.ac-nantes.fr\/cio-reze\/wp-json\/wp\/v2\/users\/5941"}],"replies":[{"embeddable":true,"href":"https:\/\/passerelle2.ac-nantes.fr\/cio-reze\/wp-json\/wp\/v2\/comments?post=637"}],"version-history":[{"count":0,"href":"https:\/\/passerelle2.ac-nantes.fr\/cio-reze\/wp-json\/wp\/v2\/pages\/637\/revisions"}],"wp:attachment":[{"href":"https:\/\/passerelle2.ac-nantes.fr\/cio-reze\/wp-json\/wp\/v2\/media?parent=637"}],"wp:term":[{"taxonomy":"folder","embeddable":true,"href":"https:\/\/passerelle2.ac-nantes.fr\/cio-reze\/wp-json\/wp\/v2\/folder?post=637"}],"curies":[{"name":"wp","href":"https:\/\/api.w.org\/{rel}","templated":true}]}}