
{"id":683,"date":"2016-02-12T11:14:16","date_gmt":"2016-02-12T11:14:16","guid":{"rendered":"https:\/\/passerelle2.ac-nantes.fr\/cio-reze\/?page_id=683"},"modified":"2023-03-21T15:52:34","modified_gmt":"2023-03-21T14:52:34","slug":"venir-nous-voir","status":"publish","type":"page","link":"https:\/\/passerelle2.ac-nantes.fr\/cio-reze\/venir-nous-voir\/","title":{"rendered":"Venir nous voir"},"content":{"rendered":"<p>Le CIO est situ\u00e9 au <span style=\"color: #333399;\"><strong>2 rue Victor Fortun 44400 Rez\u00e9<\/strong>. <\/span><\/p>\n<p>Il est accessible par les transports en communs ou la voie routi\u00e8re. Il est possible de se garer \u00e0 proximit\u00e9.<\/p>\n<p>Venir par le tram : <strong><span style=\"color: #333399;\">Ligne<\/span> <span style=\"color: #333399;\">3 arr\u00eat Balini\u00e8re<\/span><\/strong><\/p>\n<p>Venir en bus : <strong><span style=\"color: #333399;\">n\u00b0 38 &#8211; Arr\u00eat Balini\u00e8re<\/span><\/strong><\/p>\n<p>Venir en voiture : <strong><span style=\"color: #333399;\">Par le p\u00e9riph\u00e9rique : sortie n\u00b050 \u00ab\u00a0Porte de Retz\u00a0\u00bb<\/span><\/strong><\/p>\n<p>&nbsp;<\/p>\n<p><a href=\"https:\/\/www.google.com\/search?client=firefox-b-e&amp;q=maps+2+rue+victor+fotun+reze\" target=\"_blank\" rel=\"noopener\">PLAN<\/a><\/p>\n<p>&nbsp;<\/p>\n<p>&nbsp;<\/p>\n<p>&nbsp;<\/p>\n","protected":false},"excerpt":{"rendered":"<p>Le CIO est situ\u00e9 au 2 rue Victor Fortun 44400 Rez\u00e9. Il est accessible par les transports en communs ou la voie routi\u00e8re. Il est possible de se garer \u00e0 proximit\u00e9. Venir par le tram : Ligne 3 arr\u00eat Balini\u00e8re &hellip; <a href=\"https:\/\/passerelle2.ac-nantes.fr\/cio-reze\/venir-nous-voir\/\">Continuer la lecture <span class=\"meta-nav\">&rarr;<\/span><\/a><\/p>\n","protected":false},"author":5941,"featured_media":0,"parent":0,"menu_order":0,"comment_status":"closed","ping_status":"closed","template":"","meta":{"ngg_post_thumbnail":0,"h5ap_radio_sources":[],"jetpack_post_was_ever_published":false,"footnotes":""},"folder":[],"class_list":["post-683","page","type-page","status-publish","hentry"],"jetpack_sharing_enabled":true,"jetpack_shortlink":"https:\/\/wp.me\/P8Njdd-b1","_links":{"self":[{"href":"https:\/\/passerelle2.ac-nantes.fr\/cio-reze\/wp-json\/wp\/v2\/pages\/683","targetHints":{"allow":["GET"]}}],"collection":[{"href":"https:\/\/passerelle2.ac-nantes.fr\/cio-reze\/wp-json\/wp\/v2\/pages"}],"about":[{"href":"https:\/\/passerelle2.ac-nantes.fr\/cio-reze\/wp-json\/wp\/v2\/types\/page"}],"author":[{"embeddable":true,"href":"https:\/\/passerelle2.ac-nantes.fr\/cio-reze\/wp-json\/wp\/v2\/users\/5941"}],"replies":[{"embeddable":true,"href":"https:\/\/passerelle2.ac-nantes.fr\/cio-reze\/wp-json\/wp\/v2\/comments?post=683"}],"version-history":[{"count":0,"href":"https:\/\/passerelle2.ac-nantes.fr\/cio-reze\/wp-json\/wp\/v2\/pages\/683\/revisions"}],"wp:attachment":[{"href":"https:\/\/passerelle2.ac-nantes.fr\/cio-reze\/wp-json\/wp\/v2\/media?parent=683"}],"wp:term":[{"taxonomy":"folder","embeddable":true,"href":"https:\/\/passerelle2.ac-nantes.fr\/cio-reze\/wp-json\/wp\/v2\/folder?post=683"}],"curies":[{"name":"wp","href":"https:\/\/api.w.org\/{rel}","templated":true}]}}