
{"id":686,"date":"2016-02-12T15:41:29","date_gmt":"2016-02-12T15:41:29","guid":{"rendered":"https:\/\/passerelle2.ac-nantes.fr\/cio-reze\/?page_id=686"},"modified":"2024-01-08T15:29:00","modified_gmt":"2024-01-08T14:29:00","slug":"activites-des-conseillers-dorientation-psychologues","status":"publish","type":"page","link":"https:\/\/passerelle2.ac-nantes.fr\/cio-reze\/activites-des-conseillers-dorientation-psychologues\/","title":{"rendered":"Activit\u00e9s des Psychologues de l&rsquo;Education Nationale en coll\u00e8ge et lyc\u00e9e"},"content":{"rendered":"<div>\n<h4><span style=\"color: #333399;\"><img loading=\"lazy\" decoding=\"async\" class=\"alignnone size-medium wp-image-2314\" src=\"https:\/\/passerelle2.ac-nantes.fr\/cio-reze\/wp-content\/uploads\/sites\/374\/2024\/01\/les_missions_du_psyen_-120x300.jpg\" alt=\"\" width=\"120\" height=\"300\" srcset=\"https:\/\/passerelle2.ac-nantes.fr\/cio-reze\/wp-content\/uploads\/sites\/374\/2024\/01\/les_missions_du_psyen_-120x300.jpg 120w, https:\/\/passerelle2.ac-nantes.fr\/cio-reze\/wp-content\/uploads\/sites\/374\/2024\/01\/les_missions_du_psyen_.jpg 240w\" sizes=\"auto, (max-width: 120px) 100vw, 120px\" \/><\/span><\/h4>\n<h4><span style=\"color: #333399;\">Actions des &nbsp;Psychologues &nbsp;de l&rsquo;Education Nationale en coll\u00e8ge et lyc\u00e9e :&nbsp;<\/span><\/h4>\n<p><strong>&#8211; Aide \u00e0 l\u2019adaptation<\/strong> Le&nbsp;Psychologue&nbsp;aide l\u2019\u00e9l\u00e8ve pendant sa scolarit\u00e9 \u00e0 r\u00e9pondre aux questions qu\u2019il se pose sur l\u2019\u00e9cole, l\u2019orientation, ses difficult\u00e9s \u00e9ventuelles (difficult\u00e9s personnelles, d\u00e9motivation, \u00e9chec scolaire\u2026).<\/p>\n<p><strong>&#8211; Aide \u00e0 l\u2019\u00e9laboration du projet d\u2019orientation<\/strong> Le Psychologue aide l\u2019\u00e9l\u00e8ve \u00e0 mieux cerner ses go\u00fbts et aptitudes, ses qualit\u00e9s et l\u2019informe sur les \u00e9tudes, les dipl\u00f4mes, les m\u00e9tiers, pour d\u00e9finir avec lui le projet d\u2019orientation qui lui correspond le mieux.<\/p>\n<p><strong>&#8211; Relations avec l\u2019\u00e9quipe p\u00e9dagogique<\/strong> Il travaille en partenariat avec les \u00e9quipes \u00e9ducatives (professeurs, professeurs principaux, CPE, \u00e9quipes de direction ) \u00e0 l\u2019observation des \u00e9l\u00e8ves et l\u2019accompagnement tout au long de leur scolarit\u00e9.<\/p>\n<h3><span style=\"color: #333399;\">Modalit\u00e9s d\u2019intervention du Psychologue en \u00e9tablissement<\/span><\/h3>\n<p>&nbsp;Le Psychologue re\u00e7oit sur rendez-vous les \u00e9l\u00e8ves et les parents qui le souhaitent en entretien individuel.<\/p>\n<p>&nbsp;Il anime des s\u00e9ances collectives d\u2019information sur les fili\u00e8res d\u2019\u00e9tudes et les d\u00e9bouch\u00e9s, les proc\u00e9dures d\u2019orientation, \u00e0 destination des \u00e9l\u00e8ves et des familles.<\/p>\n<p>&nbsp;Il accompagne les \u00e9l\u00e8ves dans une meilleure connaissance d\u2019eux-m\u00eames (atelier connaissance de soi, questionnaire d\u2019int\u00e9r\u00eats, m\u00e9thodes de travail\u2026)<\/p>\n<p>&nbsp;Il participe aux instances de concertation dans la mesure de leurs disponibilit\u00e9s:<\/p>\n<ul>\n<li>conseils de classe<\/li>\n<li>\u00e9quipes de suivi de scolarisation<\/li>\n<li>cellules de veille \u2026.<\/li>\n<\/ul>\n<\/div>\n<p>&nbsp;<\/p>\n<p>&nbsp;<\/p>\n<p>&nbsp;<\/p>\n<p>&nbsp;<\/p>\n<p>&nbsp;<\/p>\n<p>&nbsp;<\/p>\n","protected":false},"excerpt":{"rendered":"<p>Actions des &nbsp;Psychologues &nbsp;de l&rsquo;Education Nationale en coll\u00e8ge et lyc\u00e9e :&nbsp; &#8211; Aide \u00e0 l\u2019adaptation Le&nbsp;Psychologue&nbsp;aide l\u2019\u00e9l\u00e8ve pendant sa scolarit\u00e9 \u00e0 r\u00e9pondre aux questions qu\u2019il se pose sur l\u2019\u00e9cole, l\u2019orientation, ses difficult\u00e9s \u00e9ventuelles (difficult\u00e9s personnelles, d\u00e9motivation, \u00e9chec scolaire\u2026). &#8211; Aide &hellip; <a href=\"https:\/\/passerelle2.ac-nantes.fr\/cio-reze\/activites-des-conseillers-dorientation-psychologues\/\">Continuer la lecture <span class=\"meta-nav\">&rarr;<\/span><\/a><\/p>\n","protected":false},"author":5941,"featured_media":0,"parent":0,"menu_order":0,"comment_status":"closed","ping_status":"closed","template":"","meta":{"ngg_post_thumbnail":0,"h5ap_radio_sources":[],"jetpack_post_was_ever_published":false,"footnotes":""},"folder":[],"class_list":["post-686","page","type-page","status-publish","hentry"],"jetpack_sharing_enabled":true,"jetpack_shortlink":"https:\/\/wp.me\/P8Njdd-b4","_links":{"self":[{"href":"https:\/\/passerelle2.ac-nantes.fr\/cio-reze\/wp-json\/wp\/v2\/pages\/686","targetHints":{"allow":["GET"]}}],"collection":[{"href":"https:\/\/passerelle2.ac-nantes.fr\/cio-reze\/wp-json\/wp\/v2\/pages"}],"about":[{"href":"https:\/\/passerelle2.ac-nantes.fr\/cio-reze\/wp-json\/wp\/v2\/types\/page"}],"author":[{"embeddable":true,"href":"https:\/\/passerelle2.ac-nantes.fr\/cio-reze\/wp-json\/wp\/v2\/users\/5941"}],"replies":[{"embeddable":true,"href":"https:\/\/passerelle2.ac-nantes.fr\/cio-reze\/wp-json\/wp\/v2\/comments?post=686"}],"version-history":[{"count":0,"href":"https:\/\/passerelle2.ac-nantes.fr\/cio-reze\/wp-json\/wp\/v2\/pages\/686\/revisions"}],"wp:attachment":[{"href":"https:\/\/passerelle2.ac-nantes.fr\/cio-reze\/wp-json\/wp\/v2\/media?parent=686"}],"wp:term":[{"taxonomy":"folder","embeddable":true,"href":"https:\/\/passerelle2.ac-nantes.fr\/cio-reze\/wp-json\/wp\/v2\/folder?post=686"}],"curies":[{"name":"wp","href":"https:\/\/api.w.org\/{rel}","templated":true}]}}