
{"id":752,"date":"2016-06-21T08:54:37","date_gmt":"2016-06-21T08:54:37","guid":{"rendered":"https:\/\/passerelle2.ac-nantes.fr\/cio-reze\/?page_id=752"},"modified":"2023-03-14T11:07:47","modified_gmt":"2023-03-14T10:07:47","slug":"la-voie-generale-et-technologique","status":"publish","type":"page","link":"https:\/\/passerelle2.ac-nantes.fr\/cio-reze\/la-voie-generale-et-technologique\/","title":{"rendered":"La voie g\u00e9n\u00e9rale et technologique"},"content":{"rendered":"<p>Les liens ci-dessous vous&nbsp; permettront d&rsquo;acc\u00e9der \u00e0 des pages d&rsquo;information du site de l&rsquo;ONISEP sur l\u2019organisation de la classe de 2nde&nbsp; g\u00e9n\u00e9rale et technologique, le bac g\u00e9n\u00e9ral ainsi que les s\u00e9ries de bacs technologiques:<\/p>\n<div class=\"row\">\n<div class=\"text\">\n<div class=\"title\"><span class=\"ezstring-field\">Au lyc\u00e9e g\u00e9n\u00e9ral et technologique<\/span><\/div>\n<div id=\"Au-lycee-general-et-technologique\">&nbsp;<\/div>\n<\/div>\n<\/div>\n<div class=\"largeBlock 2_columns large_2_columns small\">\n<ul>\n<li class=\"even\">\n<article class=\"clickable\" aria-disabled=\"false\">\n<div class=\"blockPicture\">\n<figure class=\"ezimage-field\"><img loading=\"lazy\" decoding=\"async\" src=\"https:\/\/www.onisep.fr\/var\/onisep\/storage\/images\/_aliases\/block_small\/media\/images\/toute-l-actualite-nationale\/images-2014\/octobre-2014\/la-classe-de-seconde-generale-et-technologique\/13998970-1-fre-FR\/La-classe-de-seconde-generale-et-technologique.jpg\" alt=\"\" width=\"100\" height=\"100\"><\/figure>\n<\/div>\n<div class=\"blockContent\">\n<h3 class=\"blockTitle\"><a class=\"access-public dossier_articles internal \" title=\"La classe de seconde g\u00e9n\u00e9rale et technologique\" href=\"https:\/\/www.onisep.fr\/Choisir-mes-etudes\/Au-lycee-au-CFA\/Au-lycee-general-et-technologique\/La-classe-de-seconde-generale-et-technologique\" target=\"_blank\" rel=\"noopener\" aria-label=\"La classe de seconde g\u00e9n\u00e9rale et technologique\">La seconde g\u00e9n\u00e9rale et technologique<\/a><\/h3>\n<\/div>\n<div class=\"blockContent\">\n<h3 class=\"blockTitle\">&nbsp;<\/h3>\n<\/div>\n<\/article>\n<\/li>\n<li class=\"even\">\n<article class=\"clickable\" aria-disabled=\"false\">\n<div class=\"blockPicture\">\n<figure class=\"ezimage-field\"><img loading=\"lazy\" decoding=\"async\" src=\"https:\/\/www.onisep.fr\/var\/onisep\/storage\/images\/_aliases\/block_small\/media\/images\/choisir-mes-etudes\/au-lycee-_au-cfa\/au-lycee-gt\/bac-2021\/baccalaureat-general-qu-est-ce-qui-change\/18414166-1-fre-FR\/Baccalaureat-general-qu-est-ce-qui-change.jpg\" alt=\"\" width=\"100\" height=\"100\"><\/figure>\n<\/div>\n<div class=\"blockContent\">\n<h3 class=\"blockTitle\"><a class=\"access-public article internal \" title=\"La voie g\u00e9n\u00e9rale en premi\u00e8re et terminale\" href=\"https:\/\/www.onisep.fr\/Choisir-mes-etudes\/Au-lycee-au-CFA\/Au-lycee-general-et-technologique\/La-voie-generale-en-premiere-et-terminale\" target=\"_blank\" rel=\"noopener\" aria-label=\"La voie g\u00e9n\u00e9rale en premi\u00e8re et terminale\">La voie g\u00e9n\u00e9rale en premi\u00e8re et terminale<\/a><\/h3>\n<\/div>\n<\/article>\n<\/li>\n<li class=\"odd\">\n<article class=\"clickable\" aria-disabled=\"false\">\n<div class=\"blockPicture\">\n<figure class=\"ezimage-field\"><img loading=\"lazy\" decoding=\"async\" src=\"https:\/\/www.onisep.fr\/var\/onisep\/storage\/images\/_aliases\/block_small\/media\/images\/choisir-mes-etudes\/au-lycee-_au-cfa\/au-lycee-gt\/bacs-technos-2021\/s2tmd\/21859226-1-fre-FR\/S2TMD.jpg\" alt=\"\" width=\"100\" height=\"100\"><\/figure>\n<\/div>\n<div class=\"blockContent\">\n<h3 class=\"blockTitle\"><a class=\"access-public dossier_articles internal \" title=\"La voie technologique en premi\u00e8re et terminale\" href=\"https:\/\/www.onisep.fr\/Choisir-mes-etudes\/au-lycee-au-cfa\/Au-lycee-general-et-technologique\/la-voie-technologique-en-premiere-et-terminale\" target=\"_blank\" rel=\"noopener\" aria-label=\"La voie technologique en premi\u00e8re et terminale\">La voie technologique en premi\u00e8re et terminale<\/a><\/h3>\n<\/div>\n<\/article>\n<\/li>\n<li class=\"even\">\n<article class=\"clickable\" aria-disabled=\"false\">\n<div class=\"blockPicture\">\n<figure class=\"ezimage-field\"><img loading=\"lazy\" decoding=\"async\" src=\"https:\/\/www.onisep.fr\/var\/onisep\/storage\/images\/_aliases\/block_small\/media\/images\/choisir-mes-etudes\/au-lycee-_au-cfa\/au-lycee-gt\/bac-2021\/vers-le-bac-2021\/18349831-2-fre-FR\/Vers-le-bac-2021.jpg\" alt=\"\" width=\"100\" height=\"100\"><\/figure>\n<\/div>\n<div class=\"blockContent\">\n<h3 class=\"blockTitle\">&nbsp;<\/h3>\n<\/div>\n<\/article>\n<\/li>\n<\/ul>\n<\/div>\n<p>&nbsp;<\/p>\n","protected":false},"excerpt":{"rendered":"<p>Les liens ci-dessous vous&nbsp; permettront d&rsquo;acc\u00e9der \u00e0 des pages d&rsquo;information du site de l&rsquo;ONISEP sur l\u2019organisation de la classe de 2nde&nbsp; g\u00e9n\u00e9rale et technologique, le bac g\u00e9n\u00e9ral ainsi que les s\u00e9ries de bacs technologiques: Au lyc\u00e9e g\u00e9n\u00e9ral et technologique &nbsp; &hellip; <a href=\"https:\/\/passerelle2.ac-nantes.fr\/cio-reze\/la-voie-generale-et-technologique\/\">Continuer la lecture <span class=\"meta-nav\">&rarr;<\/span><\/a><\/p>\n","protected":false},"author":5941,"featured_media":0,"parent":0,"menu_order":0,"comment_status":"closed","ping_status":"closed","template":"","meta":{"ngg_post_thumbnail":0,"h5ap_radio_sources":[],"jetpack_post_was_ever_published":false,"footnotes":""},"folder":[],"class_list":["post-752","page","type-page","status-publish","hentry"],"jetpack_sharing_enabled":true,"jetpack_shortlink":"https:\/\/wp.me\/P8Njdd-c8","_links":{"self":[{"href":"https:\/\/passerelle2.ac-nantes.fr\/cio-reze\/wp-json\/wp\/v2\/pages\/752","targetHints":{"allow":["GET"]}}],"collection":[{"href":"https:\/\/passerelle2.ac-nantes.fr\/cio-reze\/wp-json\/wp\/v2\/pages"}],"about":[{"href":"https:\/\/passerelle2.ac-nantes.fr\/cio-reze\/wp-json\/wp\/v2\/types\/page"}],"author":[{"embeddable":true,"href":"https:\/\/passerelle2.ac-nantes.fr\/cio-reze\/wp-json\/wp\/v2\/users\/5941"}],"replies":[{"embeddable":true,"href":"https:\/\/passerelle2.ac-nantes.fr\/cio-reze\/wp-json\/wp\/v2\/comments?post=752"}],"version-history":[{"count":0,"href":"https:\/\/passerelle2.ac-nantes.fr\/cio-reze\/wp-json\/wp\/v2\/pages\/752\/revisions"}],"wp:attachment":[{"href":"https:\/\/passerelle2.ac-nantes.fr\/cio-reze\/wp-json\/wp\/v2\/media?parent=752"}],"wp:term":[{"taxonomy":"folder","embeddable":true,"href":"https:\/\/passerelle2.ac-nantes.fr\/cio-reze\/wp-json\/wp\/v2\/folder?post=752"}],"curies":[{"name":"wp","href":"https:\/\/api.w.org\/{rel}","templated":true}]}}