
{"id":767,"date":"2016-06-21T09:22:15","date_gmt":"2016-06-21T09:22:15","guid":{"rendered":"https:\/\/passerelle2.ac-nantes.fr\/cio-reze\/?page_id=767"},"modified":"2023-03-14T11:35:32","modified_gmt":"2023-03-14T10:35:32","slug":"la-voie-professionnelle","status":"publish","type":"page","link":"https:\/\/passerelle2.ac-nantes.fr\/cio-reze\/la-voie-professionnelle\/","title":{"rendered":"La voie professionnelle"},"content":{"rendered":"<p>&nbsp;<strong>Les liens ci-dessous d\u2019acc\u00e9der \u00e0 des pages d\u2019information du site de l\u2019ONISEP sur l\u2019organisation de la voie professionnelle et des dipl\u00f4mes du CAP et du Bac professionnel :<\/strong><\/p>\n<div class=\"largeBlock 2_columns large_2_columns small\">\n<article class=\"clickable\" aria-disabled=\"false\">\n<div class=\"blockPicture\">\n<figure class=\"ezimage-field\"><\/figure>\n<\/div>\n<div class=\"blockContent\">\n<h3 class=\"blockTitle\"><a class=\"access-public article internal \" title=\"Choisir la voie professionnelle\" href=\"https:\/\/www.onisep.fr\/Choisir-mes-etudes\/Au-lycee-au-CFA\/Au-lycee-professionnel-et-au-CFA\/Choisir-la-voie-professionnelle\" target=\"_blank\" rel=\"noopener\" aria-label=\"Choisir la voie professionnelle\">Choisir la voie professionnelle<\/a><\/h3>\n<\/div>\n<div class=\"blockPicture\">\n<figure class=\"ezimage-field\"><\/figure>\n<\/div>\n<div class=\"blockContent\">\n<h3 class=\"blockTitle\"><a class=\"access-public dossier_articles internal \" title=\"Le CAP (certificat d'aptitude professionnelle)\" href=\"https:\/\/www.onisep.fr\/Choisir-mes-etudes\/Au-lycee-au-CFA\/Au-lycee-professionnel-et-au-CFA\/Le-CAP-certificat-d-aptitude-professionnelle\" target=\"_blank\" rel=\"noopener\" aria-label=\"Le CAP (certificat d'aptitude professionnelle)\">Le CAP<\/a><\/h3>\n<\/div>\n<div class=\"blockPicture\">\n<figure class=\"ezimage-field\"><\/figure>\n<\/div>\n<div class=\"blockContent\">\n<h3 class=\"blockTitle\"><a class=\"access-public article internal \" title=\"Le bac professionnel\" href=\"https:\/\/www.onisep.fr\/Choisir-mes-etudes\/Au-lycee-au-CFA\/Au-lycee-professionnel-et-au-CFA\/Le-bac-professionnel\" target=\"_blank\" rel=\"noopener\" aria-label=\"Le bac professionnel\">Le bac professionnel<\/a><\/h3>\n<\/div>\n<div class=\"blockPicture\">\n<figure class=\"ezimage-field\"><\/figure>\n<\/div>\n<div class=\"blockContent\">\n<h3 class=\"blockTitle\"><a class=\"access-public article internal \" title=\"Pr\u00e9parer un CAP ou un bac professionnel en alternance\" href=\"https:\/\/www.onisep.fr\/Choisir-mes-etudes\/Au-lycee-au-CFA\/Au-lycee-professionnel-et-au-CFA\/Preparer-un-CAP-ou-un-bac-professionnel-en-alternance\" target=\"_blank\" rel=\"noopener\" aria-label=\"Pr\u00e9parer un CAP ou un bac professionnel en alternance\">Pr\u00e9parer un CAP ou un bac professionnel en alternance<\/a><\/h3>\n<p>&nbsp;<\/p>\n<p><strong>Le document ci-dessous recense l&rsquo;ensemble des bacs pros et CAP pr\u00e9par\u00e9s dans le d\u00e9partement de Loire-Atlantique:<\/strong><\/p>\n<\/div>\n<\/article>\n<\/div>\n<p><a href=\"http:\/\/BAC PRO et CAP en Loire Atlantique f\u00e9vrier 2023(4)\" target=\"_blank\" rel=\"noopener\" data-wplink-url-error=\"true\"><span class=\"ezstring-field\"><\/span><\/a><a href=\"https:\/\/passerelle2.ac-nantes.fr\/cio-reze\/wp-content\/uploads\/sites\/374\/2021\/12\/BAC-PRO-et-CAP-en-Loire-Atlantique-fevrier-20234.pdf\">BAC PRO et CAP en Loire Atlantique f\u00e9vrier 2023<\/a> :&nbsp;Pour quoi faire? O\u00f9 sont les \u00e9tablissements les plus proches?<\/p>\n<h3><strong>&nbsp;<\/strong><\/h3>\n<p>&nbsp;<\/p>\n<p>&nbsp;<\/p>\n","protected":false},"excerpt":{"rendered":"<p>&nbsp;Les liens ci-dessous d\u2019acc\u00e9der \u00e0 des pages d\u2019information du site de l\u2019ONISEP sur l\u2019organisation de la voie professionnelle et des dipl\u00f4mes du CAP et du Bac professionnel : Choisir la voie professionnelle Le CAP Le bac professionnel Pr\u00e9parer un CAP &hellip; <a href=\"https:\/\/passerelle2.ac-nantes.fr\/cio-reze\/la-voie-professionnelle\/\">Continuer la lecture <span class=\"meta-nav\">&rarr;<\/span><\/a><\/p>\n","protected":false},"author":5941,"featured_media":0,"parent":0,"menu_order":0,"comment_status":"closed","ping_status":"closed","template":"","meta":{"ngg_post_thumbnail":0,"h5ap_radio_sources":[],"jetpack_post_was_ever_published":false,"footnotes":""},"folder":[],"class_list":["post-767","page","type-page","status-publish","hentry"],"jetpack_sharing_enabled":true,"jetpack_shortlink":"https:\/\/wp.me\/P8Njdd-cn","_links":{"self":[{"href":"https:\/\/passerelle2.ac-nantes.fr\/cio-reze\/wp-json\/wp\/v2\/pages\/767","targetHints":{"allow":["GET"]}}],"collection":[{"href":"https:\/\/passerelle2.ac-nantes.fr\/cio-reze\/wp-json\/wp\/v2\/pages"}],"about":[{"href":"https:\/\/passerelle2.ac-nantes.fr\/cio-reze\/wp-json\/wp\/v2\/types\/page"}],"author":[{"embeddable":true,"href":"https:\/\/passerelle2.ac-nantes.fr\/cio-reze\/wp-json\/wp\/v2\/users\/5941"}],"replies":[{"embeddable":true,"href":"https:\/\/passerelle2.ac-nantes.fr\/cio-reze\/wp-json\/wp\/v2\/comments?post=767"}],"version-history":[{"count":0,"href":"https:\/\/passerelle2.ac-nantes.fr\/cio-reze\/wp-json\/wp\/v2\/pages\/767\/revisions"}],"wp:attachment":[{"href":"https:\/\/passerelle2.ac-nantes.fr\/cio-reze\/wp-json\/wp\/v2\/media?parent=767"}],"wp:term":[{"taxonomy":"folder","embeddable":true,"href":"https:\/\/passerelle2.ac-nantes.fr\/cio-reze\/wp-json\/wp\/v2\/folder?post=767"}],"curies":[{"name":"wp","href":"https:\/\/api.w.org\/{rel}","templated":true}]}}