
{"id":785,"date":"2016-06-28T08:31:52","date_gmt":"2016-06-28T08:31:52","guid":{"rendered":"https:\/\/passerelle2.ac-nantes.fr\/cio-reze\/?page_id=785"},"modified":"2024-01-08T14:30:41","modified_gmt":"2024-01-08T13:30:41","slug":"apres-la-seconde-generale-et-technologique","status":"publish","type":"page","link":"https:\/\/passerelle2.ac-nantes.fr\/cio-reze\/apres-la-seconde-generale-et-technologique\/","title":{"rendered":"Apr\u00e8s la seconde g\u00e9n\u00e9rale et technologique"},"content":{"rendered":"<p><strong><em>\u00ab\u00a0Quel bac choisir, bac g\u00e9n\u00e9ral ou bac technologique?\u00a0\u00bb<\/em><\/strong><\/p>\n<p><strong><em>\u00ab\u00a0Quelles sont les enseignements de sp\u00e9cialit\u00e9 du bac G\u00e9n\u00e9ral ?\u00a0\u00bb<\/em><\/strong><\/p>\n<p><em><strong>\u00ab\u00a0Comment faire mon choix?\u00a0\u00bb<\/strong><\/em><\/p>\n<p>&nbsp;<\/p>\n<p>Pour vous aider \u00e0 <strong>choisir vos enseignements de sp\u00e9cialit\u00e9<\/strong>&nbsp; de 1\u00e8re g\u00e9n\u00e9rale, rendez-vous sur le site <a href=\"http:\/\/www.horizons21.fr\/\" target=\"_blank\" rel=\"noopener noreferrer\">http:\/\/www.horizons21.fr\/<\/a><\/p>\n<p>Pour connaitre les<strong> programmes des enseignements de 1\u00e8re&nbsp; et terminale g\u00e9n\u00e9rale<\/strong>, consulter le site <a href=\"http:\/\/quandjepasselebac.education.fr\/bac-general-cours-communs-et-specialites\/\" target=\"_blank\" rel=\"noopener noreferrer\">http:\/\/quandjepasselebac.education.fr\/bac-general-cours-communs-et-specialites\/<\/a><\/p>\n<p>Pour compl\u00e9ter ces informations, vous pouvez aussi consulter le document national <a href=\"https:\/\/www.education.gouv.fr\/reussir-au-lycee\/baccalaureat-brevet-cap-parcoursup-le-calendrier-2024-341384\"><strong><em>Bac 2024<\/em><\/strong><\/a><\/p>\n<p>&nbsp;<\/p>\n<p>Lien utile pour approfondir les recherches:<\/p>\n<p><a href=\"http:\/\/lyceen-cap-sup.ac-nantes.fr\/\" target=\"_blank\" rel=\"noopener noreferrer\"><img loading=\"lazy\" decoding=\"async\" class=\"\" src=\"https:\/\/coliniere.paysdelaloire.e-lyco.fr\/wp-content\/uploads\/sites\/18\/2018\/08\/1510691188174.jpg\" alt=\"lyceenCapSup.png\" width=\"297\" height=\"167\"><\/a><\/p>\n","protected":false},"excerpt":{"rendered":"<p>\u00ab\u00a0Quel bac choisir, bac g\u00e9n\u00e9ral ou bac technologique?\u00a0\u00bb \u00ab\u00a0Quelles sont les enseignements de sp\u00e9cialit\u00e9 du bac G\u00e9n\u00e9ral ?\u00a0\u00bb \u00ab\u00a0Comment faire mon choix?\u00a0\u00bb &nbsp; Pour vous aider \u00e0 choisir vos enseignements de sp\u00e9cialit\u00e9&nbsp; de 1\u00e8re g\u00e9n\u00e9rale, rendez-vous sur le site http:\/\/www.horizons21.fr\/ &hellip; <a href=\"https:\/\/passerelle2.ac-nantes.fr\/cio-reze\/apres-la-seconde-generale-et-technologique\/\">Continuer la lecture <span class=\"meta-nav\">&rarr;<\/span><\/a><\/p>\n","protected":false},"author":5941,"featured_media":0,"parent":0,"menu_order":0,"comment_status":"closed","ping_status":"closed","template":"","meta":{"ngg_post_thumbnail":0,"h5ap_radio_sources":[],"jetpack_post_was_ever_published":false,"footnotes":""},"folder":[],"class_list":["post-785","page","type-page","status-publish","hentry"],"jetpack_sharing_enabled":true,"jetpack_shortlink":"https:\/\/wp.me\/P8Njdd-cF","_links":{"self":[{"href":"https:\/\/passerelle2.ac-nantes.fr\/cio-reze\/wp-json\/wp\/v2\/pages\/785","targetHints":{"allow":["GET"]}}],"collection":[{"href":"https:\/\/passerelle2.ac-nantes.fr\/cio-reze\/wp-json\/wp\/v2\/pages"}],"about":[{"href":"https:\/\/passerelle2.ac-nantes.fr\/cio-reze\/wp-json\/wp\/v2\/types\/page"}],"author":[{"embeddable":true,"href":"https:\/\/passerelle2.ac-nantes.fr\/cio-reze\/wp-json\/wp\/v2\/users\/5941"}],"replies":[{"embeddable":true,"href":"https:\/\/passerelle2.ac-nantes.fr\/cio-reze\/wp-json\/wp\/v2\/comments?post=785"}],"version-history":[{"count":0,"href":"https:\/\/passerelle2.ac-nantes.fr\/cio-reze\/wp-json\/wp\/v2\/pages\/785\/revisions"}],"wp:attachment":[{"href":"https:\/\/passerelle2.ac-nantes.fr\/cio-reze\/wp-json\/wp\/v2\/media?parent=785"}],"wp:term":[{"taxonomy":"folder","embeddable":true,"href":"https:\/\/passerelle2.ac-nantes.fr\/cio-reze\/wp-json\/wp\/v2\/folder?post=785"}],"curies":[{"name":"wp","href":"https:\/\/api.w.org\/{rel}","templated":true}]}}