
{"id":789,"date":"2016-06-28T08:36:35","date_gmt":"2016-06-28T08:36:35","guid":{"rendered":"https:\/\/passerelle2.ac-nantes.fr\/cio-reze\/?page_id=789"},"modified":"2024-01-08T15:07:08","modified_gmt":"2024-01-08T14:07:08","slug":"apres-le-bac-general-et-le-bac-technologique","status":"publish","type":"page","link":"https:\/\/passerelle2.ac-nantes.fr\/cio-reze\/apres-le-bac-general-et-le-bac-technologique\/","title":{"rendered":"Apr\u00e8s le Bac g\u00e9n\u00e9ral et le Bac technologique"},"content":{"rendered":"\n\n\n<p><\/p>\n\n\n\n<p><\/p>\n\n\n\n<figure class=\"wp-block-image size-full is-resized\"><img loading=\"lazy\" decoding=\"async\" src=\"https:\/\/passerelle2.ac-nantes.fr\/cio-reze\/wp-content\/uploads\/sites\/374\/2024\/01\/image.jpg\" alt=\"\" class=\"wp-image-2311\" style=\"width:789px;height:556px\" width=\"789\" height=\"556\" srcset=\"https:\/\/passerelle2.ac-nantes.fr\/cio-reze\/wp-content\/uploads\/sites\/374\/2024\/01\/image.jpg 852w, https:\/\/passerelle2.ac-nantes.fr\/cio-reze\/wp-content\/uploads\/sites\/374\/2024\/01\/image-300x211.jpg 300w, https:\/\/passerelle2.ac-nantes.fr\/cio-reze\/wp-content\/uploads\/sites\/374\/2024\/01\/image-768x541.jpg 768w\" sizes=\"auto, (max-width: 789px) 100vw, 789px\" \/><\/figure>\n\n\n\n<p>Guide gratuit \u00e0 t\u00e9l\u00e9charger l&rsquo;enseignement sup\u00e9rieur apr\u00e8s le bac :<\/p>\n\n\n\n<p><a href=\"https:\/\/www.onisep.fr\/orientation\/l-enseignement-superieur\/apres-le-bac-telechargez-le-guide-gratuit\">https:\/\/www.onisep.fr\/orientation\/l-enseignement-superieur\/apres-le-bac-telechargez-le-guide-gratuit<\/a><\/p>\n\n\n\n<p>Liens utiles :<\/p>\n\n\n\n<p><a href=\"https:\/\/www.onisep.fr\/formation\/apres-le-bac-les-etudes-superieures\/que-faire-apres-le-bac\/que-faire-apres-un-bac-general\">https:\/\/www.onisep.fr\/formation\/apres-le-bac-les-etudes-superieures\/que-faire-apres-le-bac\/que-faire-apres-un-bac-general<\/a><\/p>\n\n\n\n<p><a href=\"https:\/\/www.onisep.fr\/formation\/apres-le-bac-les-etudes-superieures\/que-faire-apres-le-bac\/que-faire-apres-un-bac-technologique\">https:\/\/www.onisep.fr\/formation\/apres-le-bac-les-etudes-superieures\/que-faire-apres-le-bac\/que-faire-apres-un-bac-technologique<\/a><\/p>\n\n\n\n<p>L&rsquo;apprentissage :<\/p>\n\n\n\n<p><a href=\"https:\/\/www.onisep.fr\/vers-l-emploi\/alternance\/le-contrat-d-apprentissage-le-contrat-de-professionnalisation\/le-contrat-d-apprentissage\">https:\/\/www.onisep.fr\/vers-l-emploi\/alternance\/le-contrat-d-apprentissage-le-contrat-de-professionnalisation\/le-contrat-d-apprentissage<\/a><\/p>\n\n\n\n<p><\/p>\n\n\n\n<p><\/p>\n\n\n\n<p><\/p>\n\n\n\n<p><\/p>\n","protected":false},"excerpt":{"rendered":"<p>Guide gratuit \u00e0 t\u00e9l\u00e9charger l&rsquo;enseignement sup\u00e9rieur apr\u00e8s le bac : https:\/\/www.onisep.fr\/orientation\/l-enseignement-superieur\/apres-le-bac-telechargez-le-guide-gratuit Liens utiles : https:\/\/www.onisep.fr\/formation\/apres-le-bac-les-etudes-superieures\/que-faire-apres-le-bac\/que-faire-apres-un-bac-general https:\/\/www.onisep.fr\/formation\/apres-le-bac-les-etudes-superieures\/que-faire-apres-le-bac\/que-faire-apres-un-bac-technologique L&rsquo;apprentissage : https:\/\/www.onisep.fr\/vers-l-emploi\/alternance\/le-contrat-d-apprentissage-le-contrat-de-professionnalisation\/le-contrat-d-apprentissage<\/p>\n","protected":false},"author":5941,"featured_media":0,"parent":0,"menu_order":0,"comment_status":"closed","ping_status":"closed","template":"","meta":{"ngg_post_thumbnail":0,"h5ap_radio_sources":[],"jetpack_post_was_ever_published":false,"footnotes":""},"folder":[],"class_list":["post-789","page","type-page","status-publish","hentry"],"jetpack_sharing_enabled":true,"jetpack_shortlink":"https:\/\/wp.me\/P8Njdd-cJ","_links":{"self":[{"href":"https:\/\/passerelle2.ac-nantes.fr\/cio-reze\/wp-json\/wp\/v2\/pages\/789","targetHints":{"allow":["GET"]}}],"collection":[{"href":"https:\/\/passerelle2.ac-nantes.fr\/cio-reze\/wp-json\/wp\/v2\/pages"}],"about":[{"href":"https:\/\/passerelle2.ac-nantes.fr\/cio-reze\/wp-json\/wp\/v2\/types\/page"}],"author":[{"embeddable":true,"href":"https:\/\/passerelle2.ac-nantes.fr\/cio-reze\/wp-json\/wp\/v2\/users\/5941"}],"replies":[{"embeddable":true,"href":"https:\/\/passerelle2.ac-nantes.fr\/cio-reze\/wp-json\/wp\/v2\/comments?post=789"}],"version-history":[{"count":0,"href":"https:\/\/passerelle2.ac-nantes.fr\/cio-reze\/wp-json\/wp\/v2\/pages\/789\/revisions"}],"wp:attachment":[{"href":"https:\/\/passerelle2.ac-nantes.fr\/cio-reze\/wp-json\/wp\/v2\/media?parent=789"}],"wp:term":[{"taxonomy":"folder","embeddable":true,"href":"https:\/\/passerelle2.ac-nantes.fr\/cio-reze\/wp-json\/wp\/v2\/folder?post=789"}],"curies":[{"name":"wp","href":"https:\/\/api.w.org\/{rel}","templated":true}]}}