
{"id":884,"date":"2023-02-28T16:29:11","date_gmt":"2023-02-28T15:29:11","guid":{"rendered":"https:\/\/passerelle2.ac-nantes.fr\/cio-reze\/?page_id=884"},"modified":"2024-01-08T14:32:56","modified_gmt":"2024-01-08T13:32:56","slug":"apres-la-classe-de-4e-les-poursuites-detudes-en-dehors-du-college","status":"publish","type":"page","link":"https:\/\/passerelle2.ac-nantes.fr\/cio-reze\/apres-la-classe-de-4e-les-poursuites-detudes-en-dehors-du-college\/","title":{"rendered":"Apr\u00e8s la classe de 4e : les poursuites d&rsquo;\u00e9tudes en dehors du coll\u00e8ge"},"content":{"rendered":"<p>Sur cette page, vous trouverez des documents pr\u00e9sentant les diff\u00e9rentes structures accessibles \u00e0 l&rsquo;issue de la 4e, en dehors de la 3e g\u00e9n\u00e9rale de coll\u00e8ge&nbsp; :<\/p>\n<p><a href=\"_wp_link_placeholder\" data-wplink-edit=\"true\">https:\/\/www.onisep.fr\/orientation\/le-college\/l-orientation-au-college<\/a><\/p>\n<p>&nbsp;<\/p>\n<p>&nbsp;<\/p>\n<p>&nbsp;<\/p>\n","protected":false},"excerpt":{"rendered":"<p>Sur cette page, vous trouverez des documents pr\u00e9sentant les diff\u00e9rentes structures accessibles \u00e0 l&rsquo;issue de la 4e, en dehors de la 3e g\u00e9n\u00e9rale de coll\u00e8ge&nbsp; : https:\/\/www.onisep.fr\/orientation\/le-college\/l-orientation-au-college &nbsp; &nbsp; &nbsp;<\/p>\n","protected":false},"author":5941,"featured_media":0,"parent":0,"menu_order":0,"comment_status":"closed","ping_status":"closed","template":"","meta":{"ngg_post_thumbnail":0,"h5ap_radio_sources":[],"jetpack_post_was_ever_published":false,"footnotes":""},"folder":[],"class_list":["post-884","page","type-page","status-publish","hentry"],"jetpack_sharing_enabled":true,"jetpack_shortlink":"https:\/\/wp.me\/P8Njdd-eg","_links":{"self":[{"href":"https:\/\/passerelle2.ac-nantes.fr\/cio-reze\/wp-json\/wp\/v2\/pages\/884","targetHints":{"allow":["GET"]}}],"collection":[{"href":"https:\/\/passerelle2.ac-nantes.fr\/cio-reze\/wp-json\/wp\/v2\/pages"}],"about":[{"href":"https:\/\/passerelle2.ac-nantes.fr\/cio-reze\/wp-json\/wp\/v2\/types\/page"}],"author":[{"embeddable":true,"href":"https:\/\/passerelle2.ac-nantes.fr\/cio-reze\/wp-json\/wp\/v2\/users\/5941"}],"replies":[{"embeddable":true,"href":"https:\/\/passerelle2.ac-nantes.fr\/cio-reze\/wp-json\/wp\/v2\/comments?post=884"}],"version-history":[{"count":0,"href":"https:\/\/passerelle2.ac-nantes.fr\/cio-reze\/wp-json\/wp\/v2\/pages\/884\/revisions"}],"wp:attachment":[{"href":"https:\/\/passerelle2.ac-nantes.fr\/cio-reze\/wp-json\/wp\/v2\/media?parent=884"}],"wp:term":[{"taxonomy":"folder","embeddable":true,"href":"https:\/\/passerelle2.ac-nantes.fr\/cio-reze\/wp-json\/wp\/v2\/folder?post=884"}],"curies":[{"name":"wp","href":"https:\/\/api.w.org\/{rel}","templated":true}]}}