
{"id":943,"date":"2017-03-07T10:58:48","date_gmt":"2017-03-07T10:58:48","guid":{"rendered":"https:\/\/passerelle2.ac-nantes.fr\/cio-reze\/?page_id=943"},"modified":"2020-10-08T16:49:43","modified_gmt":"2020-10-08T14:49:43","slug":"sites-utiles","status":"publish","type":"page","link":"https:\/\/passerelle2.ac-nantes.fr\/cio-reze\/sites-utiles\/","title":{"rendered":"Sites Utiles"},"content":{"rendered":"<p>Cette rubrique vous propose&nbsp;<strong>une s\u00e9lection de sites<\/strong> \u00e0 consulter pour vous aider dans vos recherches d\u2019informations sur les m\u00e9tiers, les \u00e9tablissements et les formations.<\/p>\n<table style=\"width: 99.8507%; height: 3279px;\" width=\"595\" cellpadding=\"0\" border=\"0\">\n<tbody>\n<tr>\n<td width=\"198\">Site<\/td>\n<td width=\"357\">Description<\/td>\n<\/tr>\n<tr>\n<td width=\"198\"><a href=\"http:\/\/www.onisep.fr\/\" target=\"_blank\" rel=\"noopener noreferrer\"><strong>ONISEP<\/strong> <\/a> &nbsp;&nbsp;&nbsp;&nbsp;<\/p>\n<p><a href=\"http:\/\/www.onisep.fr\/\" target=\"_blank\" rel=\"noopener noreferrer\"><strong><img loading=\"lazy\" decoding=\"async\" src=\"https:\/\/upload.wikimedia.org\/wikipedia\/fr\/thumb\/b\/b6\/Onisep.svg\/828px-Onisep.svg.png\" alt=\"R\u00e9sultat de recherche d'images pour &quot;image logo onisep&quot;\" width=\"99\" height=\"122\"><\/strong><\/a><\/p>\n<p><a href=\"https:\/\/oniseptv.onisep.fr\/\" target=\"_blank\" rel=\"noopener noreferrer\"><img loading=\"lazy\" decoding=\"async\" class=\"alignnone size-medium wp-image-2098\" src=\"https:\/\/passerelle2.ac-nantes.fr\/cio-reze\/wp-content\/uploads\/sites\/374\/2020\/10\/onisep-tv-300x60.jpg\" alt=\"\" width=\"300\" height=\"60\" srcset=\"https:\/\/passerelle2.ac-nantes.fr\/cio-reze\/wp-content\/uploads\/sites\/374\/2020\/10\/onisep-tv-300x60.jpg 300w, https:\/\/passerelle2.ac-nantes.fr\/cio-reze\/wp-content\/uploads\/sites\/374\/2020\/10\/onisep-tv.jpg 503w\" sizes=\"auto, (max-width: 300px) 100vw, 300px\" \/><\/a><\/p>\n<p>&nbsp;<\/td>\n<td width=\"357\">Ce site de r\u00e9f\u00e9rence informe les jeunes et leurs familles sur les \u00e9tudes et les m\u00e9tiers en proposant pr\u00e8s de 15 000 formations, 20 000 adresses d\u2019\u00e9tablissements, 500 fiches-m\u00e9tiers et t\u00e9moignages de professionnels<\/td>\n<\/tr>\n<tr>\n<td width=\"198\"><strong><a href=\"http:\/\/www.monorientationenligne.fr\/\">Mon orientation en ligne<\/a><\/strong> &nbsp;&nbsp;&nbsp;&nbsp;<\/p>\n<p><strong><a href=\"http:\/\/www.monorientationenligne.fr\/qr\/index.php\" target=\"_blank\" rel=\"noopener noreferrer\"><img loading=\"lazy\" decoding=\"async\" src=\"https:\/\/encrypted-tbn2.gstatic.com\/images?q=tbn:ANd9GcTUCCTbFjnTGO0SSDvu2wwT62BW3DF7WSJW47HC3GZQUvBLCmSomw\" alt=\"R\u00e9sultat de recherche d'images pour &quot;image logo mon orientation en ligne&quot;\" width=\"163\" height=\"138\"><\/a><br \/>\n<\/strong><\/p>\n<p>&nbsp;<\/p>\n<p>&nbsp;<\/td>\n<td width=\"357\"><strong>L\u2019Onisep <\/strong>et ses conseillers r\u00e9pondent \u00e0 vos questions sur l\u2019orientation, les fili\u00e8res de formation et les m\u00e9tiers. Vous \u00eates coll\u00e9gien&nbsp;(ne), lyc\u00e9en&nbsp;(ne), \u00e9tudiant&nbsp;(e), parent, vous pouvez les contacter directement par t\u00e9l\u00e9phone, tchat ou mail.<\/td>\n<\/tr>\n<tr>\n<td width=\"198\">&nbsp;<\/td>\n<td width=\"357\">&nbsp;<\/td>\n<\/tr>\n<tr>\n<td width=\"198\"><strong><a href=\"https:\/\/www.choisirmonmetier-paysdelaloire.fr\/\" target=\"_blank\" rel=\"noopener noreferrer\">Choisir mon m\u00e9tier pays de la Loire<\/a><\/strong>&nbsp;<a href=\"https:\/\/www.choisirmonmetier-paysdelaloire.fr\/\" target=\"_blank\" rel=\"noopener noreferrer\"><img loading=\"lazy\" decoding=\"async\" class=\"alignnone size-full wp-image-2094\" src=\"https:\/\/passerelle2.ac-nantes.fr\/cio-reze\/wp-content\/uploads\/sites\/374\/2020\/10\/index.jpg\" alt=\"\" width=\"282\" height=\"179\"><\/a>&nbsp;<\/p>\n<p>&nbsp;<\/td>\n<td width=\"357\">Ce site exclusivement consacr\u00e9 aux Pays de la Loire s\u2019adresse \u00e0 un large public&nbsp;: coll\u00e9giens, lyc\u00e9ens, apprentis, \u00e9tudiants, demandeurs d\u2019emploi, personnes en reconversion, salari\u00e9s. Pr\u00e8s de 400 fiches-m\u00e9tiers sont propos\u00e9es ainsi que les tendances de l\u2019emploi en r\u00e9gion et toutes les informations pratiques<\/td>\n<\/tr>\n<tr>\n<td width=\"198\"><strong><a href=\"http:\/\/www.univ-nantes.fr\/suio\">SUIO<\/a><\/strong> &nbsp;&nbsp;&nbsp;&nbsp;<\/p>\n<p><strong><br \/>\n<a href=\"http:\/\/www.univ-nantes.fr\/suio\" target=\"_blank\" rel=\"noopener noreferrer\"><img loading=\"lazy\" decoding=\"async\" class=\"alignnone size-full wp-image-320\" src=\"https:\/\/passerelle2.ac-nantes.fr\/cio-reze\/wp-content\/uploads\/sites\/374\/2015\/05\/index1.jpeg\" alt=\"\" width=\"96\" height=\"128\"><\/a> <\/strong><\/p>\n<p>&nbsp;<\/p>\n<p>&nbsp;<\/td>\n<td width=\"357\">Le SUIO est un service d&rsquo;information sur les \u00e9tudes sup\u00e9rieures et leurs d\u00e9bouch\u00e9s, et d&rsquo;aide \u00e0 l&rsquo;\u00e9laboration du projet professionnel \u00e9tudiant.<\/td>\n<\/tr>\n<tr>\n<td width=\"198\"><a href=\"http:\/\/www.onisep.fr\/Pres-de-chez-vous\/Pays-de-la-Loire\/Nantes\/Telechargement-des-guides-d-orientation\" target=\"_blank\" rel=\"noopener noreferrer\"><strong>Les publications r\u00e9gionales de l\u2019ONISEP Nantes<\/strong><\/a><strong><a href=\"http:\/\/www.onisep.fr\/Pres-de-chez-vous\/Pays-de-la-Loire\/Nantes\/Telechargement-des-guides-d-orientation\" target=\"_blank\" rel=\"noopener noreferrer\"><br \/>\n<\/a> <\/strong>&nbsp;&nbsp;&nbsp;&nbsp;<\/p>\n<p><a href=\"http:\/\/www.onisep.fr\/Pres-de-chez-vous\/Pays-de-la-Loire\/Nantes\/Telechargement-des-guides-d-orientationp:\/\/\" target=\"_blank\" rel=\"noopener noreferrer\"><img loading=\"lazy\" decoding=\"async\" src=\"http:\/\/cio44.ac-nantes.fr\/Annuweb\/Logos\/regionaux\/onisepnantes.jpg\" alt=\"ONISEP Nantes\" width=\"122\" height=\"38\" border=\"0\"><\/a><\/p>\n<p>&nbsp;<\/td>\n<td width=\"357\">Ce lien propose les brochures r\u00e9gionales de l\u2019Acad\u00e9mie de Nantes en t\u00e9l\u00e9chargement comme le guide apr\u00e8s 3\u00e8me, le guide apr\u00e8s bac, l\u2019apprentissage en Pays de la Loire etc.<\/td>\n<\/tr>\n<tr>\n<td width=\"198\"><a href=\"http:\/\/annuaire-ec.ac-nantes.fr\/\" target=\"_blank\" rel=\"noopener noreferrer\"><strong>Les \u00e9tablissements de l\u2019Acad\u00e9mie de Nantes<\/strong><\/a><br \/>\n&nbsp;&nbsp;&nbsp;&nbsp;<\/p>\n<p><a href=\"http:\/\/annuaire-ec.ac-nantes.fr\/p:\/\/\" target=\"_blank\" rel=\"noopener noreferrer\"><img loading=\"lazy\" decoding=\"async\" src=\"http:\/\/annuaire-ec.ac-nantes.fr\/images\/Logo_Ac-Nantes_web_vert.jpg\" alt=\"ac-nantes.fr\" width=\"251\" height=\"51\"><\/a><\/td>\n<td width=\"357\">Cet annuaire du Rectorat de Nantes permet de chercher les coll\u00e8ges, les lyc\u00e9es, les lyc\u00e9es professionnels publics et priv\u00e9s de l\u2019Acad\u00e9mie de Nantes. La recherche peut s\u2019effectuer par type d\u2019\u00e9tablissement, par d\u00e9partement, par bassin, par langues enseign\u00e9es, par formations, par formations post-bac<\/td>\n<\/tr>\n<tr>\n<td width=\"198\"><a href=\"http:\/\/www.ac-nantes.fr\/\" target=\"_blank\" rel=\"noopener noreferrer\"><strong>Le Rectorat de Nantes<\/strong><\/a>&nbsp;&nbsp;&nbsp;&nbsp;<\/p>\n<p><a href=\"http:\/\/www.ac-nantes.fr\/\" target=\"_blank\" rel=\"noopener noreferrer\"><img loading=\"lazy\" decoding=\"async\" src=\"http:\/\/www.ac-nantes.fr\/uas\/alias1\/logo\/Logo_Ac-Nantes_site_web_vert2.png\" alt=\"ac-nantes.fr\" width=\"246\" height=\"50\"><\/a><\/td>\n<td width=\"357\">pour vous permettre de connaitre toutes les informations sur l&rsquo;Acad\u00e9mie de Nantes (scolarit\u00e9 primaire, secondaire et sup\u00e9rieure- formation professionnelle &#8211; examens- calendrier scolaire- annuaire des \u00e9tablissements et des services du rectorat&#8230;)<\/td>\n<\/tr>\n<tr>\n<td width=\"198\"><a href=\"http:\/\/www.educagri.fr\/\"><strong>Les formations en agriculture<\/strong><\/a> &nbsp;&nbsp;&nbsp;&nbsp;<\/p>\n<p><strong><br \/>\n<a href=\"http:\/\/www.educagri.fr\/\" target=\"_blank\" rel=\"noopener noreferrer\"><img loading=\"lazy\" decoding=\"async\" src=\"http:\/\/cio44.ac-nantes.fr\/Annuweb\/Logos\/nationaux\/Ens_agricole.GIF\" alt=\"\" width=\"137\" height=\"53\" border=\"0\" align=\"middle\"><\/a><\/strong><\/p>\n<p>&nbsp;<\/p>\n<p>&nbsp;<\/p>\n<p>&nbsp;<\/td>\n<td width=\"357\">Ce site du Minist\u00e8re de l\u2019Agriculture et de la P\u00eache \u0153uvre pour la promotion et l\u2019information des \u00e9tablissements publics d\u2019enseignement agricole<\/td>\n<\/tr>\n<tr>\n<td width=\"198\"><strong><a href=\"http:\/\/www.emploi-store.fr\/portail\/accueil#Xtor=SEC-1-GOO\" target=\"_blank\" rel=\"noopener noreferrer\">Emploi Store<\/a><\/strong><br \/>\n<strong><br \/>\n<\/strong><a href=\"https:\/\/www.emploi-store.fr\/portail\/accueil#Xtor=SEC-1-GOO\" target=\"_blank\" rel=\"noopener noreferrer\"><img loading=\"lazy\" decoding=\"async\" class=\"alignnone size-medium wp-image-2095\" src=\"https:\/\/passerelle2.ac-nantes.fr\/cio-reze\/wp-content\/uploads\/sites\/374\/2020\/10\/emploi-store-image-300x122.jpg\" alt=\"\" width=\"300\" height=\"122\" srcset=\"https:\/\/passerelle2.ac-nantes.fr\/cio-reze\/wp-content\/uploads\/sites\/374\/2020\/10\/emploi-store-image-300x122.jpg 300w, https:\/\/passerelle2.ac-nantes.fr\/cio-reze\/wp-content\/uploads\/sites\/374\/2020\/10\/emploi-store-image.jpg 353w\" sizes=\"auto, (max-width: 300px) 100vw, 300px\" \/><\/a>&nbsp;&nbsp;&nbsp;<\/p>\n<p>&nbsp;<\/p>\n<p>&nbsp;<\/p>\n<p><a href=\"https:\/\/www.monstageenligne.fr\/\" target=\"_blank\" rel=\"noopener noreferrer\">mon stage en ligne<\/a><\/p>\n<p><a href=\"https:\/\/www.monstageenligne.fr\/\" target=\"_blank\" rel=\"noopener noreferrer\"><img loading=\"lazy\" decoding=\"async\" class=\"alignnone size-medium wp-image-2096\" src=\"https:\/\/passerelle2.ac-nantes.fr\/cio-reze\/wp-content\/uploads\/sites\/374\/2020\/10\/mon-stage-en-ligne-300x44.jpg\" alt=\"\" width=\"300\" height=\"44\" srcset=\"https:\/\/passerelle2.ac-nantes.fr\/cio-reze\/wp-content\/uploads\/sites\/374\/2020\/10\/mon-stage-en-ligne-300x44.jpg 300w, https:\/\/passerelle2.ac-nantes.fr\/cio-reze\/wp-content\/uploads\/sites\/374\/2020\/10\/mon-stage-en-ligne.jpg 585w\" sizes=\"auto, (max-width: 300px) 100vw, 300px\" \/><\/a><\/p>\n<p>&nbsp;<\/p>\n<p>&nbsp;<\/p>\n<p><a href=\"http:\/\/cvenligne.onisep.fr\/\" target=\"_blank\" rel=\"noopener noreferrer\">Mon CV en ligne<\/a><\/p>\n<p><a href=\"http:\/\/cvenligne.onisep.fr\/\" target=\"_blank\" rel=\"noopener noreferrer\"><img loading=\"lazy\" decoding=\"async\" class=\"alignnone size-medium wp-image-2100\" src=\"https:\/\/passerelle2.ac-nantes.fr\/cio-reze\/wp-content\/uploads\/sites\/374\/2020\/10\/mon_cv_en_ligne_530x303_823756.179-300x172.jpg\" alt=\"\" width=\"300\" height=\"172\" srcset=\"https:\/\/passerelle2.ac-nantes.fr\/cio-reze\/wp-content\/uploads\/sites\/374\/2020\/10\/mon_cv_en_ligne_530x303_823756.179-300x172.jpg 300w, https:\/\/passerelle2.ac-nantes.fr\/cio-reze\/wp-content\/uploads\/sites\/374\/2020\/10\/mon_cv_en_ligne_530x303_823756.179.jpg 530w\" sizes=\"auto, (max-width: 300px) 100vw, 300px\" \/><\/a><\/td>\n<td width=\"357\">&nbsp;&nbsp;<\/p>\n<p>Ce site institutionnel informe sur toutes les d\u00e9marches li\u00e9es \u00e0 l\u2019emploi et \u00e0 la cr\u00e9ation d&rsquo;entreprise.&nbsp;<\/p>\n<p>&nbsp;<\/p>\n<p>&nbsp;<\/p>\n<p>&nbsp;<\/p>\n<p class=\"couleur main-h1\">Portail national des stages en entreprise, <span class=\"aCOpRe\"><em>Mon stage en ligne<\/em>\u00a0\u00bb rassemble les offres de stages d\u00e9pos\u00e9es par les entreprises et consultables par les lyc\u00e9ens et \u00e9tudiants.<\/span><\/p>\n<p>&nbsp;<\/p>\n<p>&nbsp;<\/p>\n<p>Ce site est con\u00e7u pour faciliter la r\u00e9daction de votre CV, l&rsquo;exporter vers un fichier modifiable. Il doit vous permettre de valoriser toutes vos exp\u00e9riences et comp\u00e9tences gr\u00e2ce aux diff\u00e9rents mod\u00e8les propos\u00e9s.<\/td>\n<\/tr>\n<\/tbody>\n<\/table>\n","protected":false},"excerpt":{"rendered":"<p>Cette rubrique vous propose&nbsp;une s\u00e9lection de sites \u00e0 consulter pour vous aider dans vos recherches d\u2019informations sur les m\u00e9tiers, les \u00e9tablissements et les formations. Site Description ONISEP &nbsp;&nbsp;&nbsp;&nbsp; &nbsp; Ce site de r\u00e9f\u00e9rence informe les jeunes et leurs familles sur &hellip; <a href=\"https:\/\/passerelle2.ac-nantes.fr\/cio-reze\/sites-utiles\/\">Continuer la lecture <span class=\"meta-nav\">&rarr;<\/span><\/a><\/p>\n","protected":false},"author":5941,"featured_media":0,"parent":0,"menu_order":0,"comment_status":"closed","ping_status":"closed","template":"","meta":{"ngg_post_thumbnail":0,"h5ap_radio_sources":[],"jetpack_post_was_ever_published":false,"footnotes":""},"folder":[],"class_list":["post-943","page","type-page","status-publish","hentry"],"jetpack_sharing_enabled":true,"jetpack_shortlink":"https:\/\/wp.me\/P8Njdd-fd","_links":{"self":[{"href":"https:\/\/passerelle2.ac-nantes.fr\/cio-reze\/wp-json\/wp\/v2\/pages\/943","targetHints":{"allow":["GET"]}}],"collection":[{"href":"https:\/\/passerelle2.ac-nantes.fr\/cio-reze\/wp-json\/wp\/v2\/pages"}],"about":[{"href":"https:\/\/passerelle2.ac-nantes.fr\/cio-reze\/wp-json\/wp\/v2\/types\/page"}],"author":[{"embeddable":true,"href":"https:\/\/passerelle2.ac-nantes.fr\/cio-reze\/wp-json\/wp\/v2\/users\/5941"}],"replies":[{"embeddable":true,"href":"https:\/\/passerelle2.ac-nantes.fr\/cio-reze\/wp-json\/wp\/v2\/comments?post=943"}],"version-history":[{"count":0,"href":"https:\/\/passerelle2.ac-nantes.fr\/cio-reze\/wp-json\/wp\/v2\/pages\/943\/revisions"}],"wp:attachment":[{"href":"https:\/\/passerelle2.ac-nantes.fr\/cio-reze\/wp-json\/wp\/v2\/media?parent=943"}],"wp:term":[{"taxonomy":"folder","embeddable":true,"href":"https:\/\/passerelle2.ac-nantes.fr\/cio-reze\/wp-json\/wp\/v2\/folder?post=943"}],"curies":[{"name":"wp","href":"https:\/\/api.w.org\/{rel}","templated":true}]}}