
{"id":990,"date":"2017-05-30T11:56:08","date_gmt":"2017-05-30T09:56:08","guid":{"rendered":"https:\/\/passerelle2.ac-nantes.fr\/cio-reze\/?page_id=990"},"modified":"2021-12-13T15:17:11","modified_gmt":"2021-12-13T14:17:11","slug":"mentions-legales","status":"publish","type":"page","link":"https:\/\/passerelle2.ac-nantes.fr\/cio-reze\/mentions-legales\/","title":{"rendered":"Mentions l\u00e9gales"},"content":{"rendered":"<p><strong>Renseignements \u00e9ditoriaux<\/strong><\/p>\n<p>Vous \u00eates connect\u00e9s \u00e0 la plateforme de blogs <a href=\"https:\/\/passerelle2.ac-nantes.fr\">passerelle<\/a>&nbsp;<\/p>\n<p><strong>Responsable \u00e9ditorial<\/strong> : <em>Madame H\u00e9l\u00e8ne PAG\u00c8S<br \/>\n<\/em><\/p>\n<p><strong>H\u00e9bergeur<\/strong> : Rectorat de Nantes.<\/p>\n<p>4 rue de la Houssini\u00e8re<\/p>\n<p>BP 72626 44326 NANTES Cedex 3<\/p>\n<p><strong>Pour nous contacter<\/strong><\/p>\n<p>Conform\u00e9ment \u00e0 l\u2019article 34 de la loi Informatique et Libert\u00e9s du 6 janvier 1978, vous disposez d\u2019un droit d\u2019acc\u00e8s aux informations vous concernant. Vous pouvez \u00e9galement demander la modification ou la suppression de ces informations. Il vous suffit d\u2019\u00e9crire \u00e0 l\u2019adresse suivante, \u00e0 l\u2019attention de :<\/p>\n<p><em>Madame H\u00e9l\u00e8ne PAG\u00c8S<br \/>\n<\/em><\/p>\n<p><em>Centre d&rsquo;Information et d&rsquo;Orientation de Rez\u00e9 Sud Loire<br \/>\n<\/em><\/p>\n<p>2, rue Victor Fortun &#8211; 44400 REZ\u00c9<\/p>\n<p>Pour en savoir plus sur le traitement des donn\u00e9es, veuillez consulter notre <a href=\"https:\/\/passerelle2.ac-nantes.fr\/politique-de-confidentialite\/\">politique de confidentialit\u00e9<\/a>.<\/p>\n","protected":false},"excerpt":{"rendered":"<p>Renseignements \u00e9ditoriaux Vous \u00eates connect\u00e9s \u00e0 la plateforme de blogs passerelle&nbsp; Responsable \u00e9ditorial : Madame H\u00e9l\u00e8ne PAG\u00c8S H\u00e9bergeur : Rectorat de Nantes. 4 rue de la Houssini\u00e8re BP 72626 44326 NANTES Cedex 3 Pour nous contacter Conform\u00e9ment \u00e0 l\u2019article 34 &hellip; <a href=\"https:\/\/passerelle2.ac-nantes.fr\/cio-reze\/mentions-legales\/\">Continuer la lecture <span class=\"meta-nav\">&rarr;<\/span><\/a><\/p>\n","protected":false},"author":5941,"featured_media":0,"parent":0,"menu_order":0,"comment_status":"closed","ping_status":"closed","template":"","meta":{"ngg_post_thumbnail":0,"h5ap_radio_sources":[],"jetpack_post_was_ever_published":false,"footnotes":""},"folder":[],"class_list":["post-990","page","type-page","status-publish","hentry"],"jetpack_sharing_enabled":true,"jetpack_shortlink":"https:\/\/wp.me\/P8Njdd-fY","_links":{"self":[{"href":"https:\/\/passerelle2.ac-nantes.fr\/cio-reze\/wp-json\/wp\/v2\/pages\/990","targetHints":{"allow":["GET"]}}],"collection":[{"href":"https:\/\/passerelle2.ac-nantes.fr\/cio-reze\/wp-json\/wp\/v2\/pages"}],"about":[{"href":"https:\/\/passerelle2.ac-nantes.fr\/cio-reze\/wp-json\/wp\/v2\/types\/page"}],"author":[{"embeddable":true,"href":"https:\/\/passerelle2.ac-nantes.fr\/cio-reze\/wp-json\/wp\/v2\/users\/5941"}],"replies":[{"embeddable":true,"href":"https:\/\/passerelle2.ac-nantes.fr\/cio-reze\/wp-json\/wp\/v2\/comments?post=990"}],"version-history":[{"count":0,"href":"https:\/\/passerelle2.ac-nantes.fr\/cio-reze\/wp-json\/wp\/v2\/pages\/990\/revisions"}],"wp:attachment":[{"href":"https:\/\/passerelle2.ac-nantes.fr\/cio-reze\/wp-json\/wp\/v2\/media?parent=990"}],"wp:term":[{"taxonomy":"folder","embeddable":true,"href":"https:\/\/passerelle2.ac-nantes.fr\/cio-reze\/wp-json\/wp\/v2\/folder?post=990"}],"curies":[{"name":"wp","href":"https:\/\/api.w.org\/{rel}","templated":true}]}}