
{"id":10,"date":"2013-01-21T16:33:10","date_gmt":"2013-01-21T16:33:10","guid":{"rendered":"https:\/\/passerelle2.ac-nantes.fr\/ec-charlotte-menanteau\/?page_id=10"},"modified":"2024-11-19T14:07:04","modified_gmt":"2024-11-19T13:07:04","slug":"lequipe","status":"publish","type":"page","link":"https:\/\/passerelle2.ac-nantes.fr\/ec-charlotte-menanteau\/ecole\/lequipe\/","title":{"rendered":"L&rsquo;\u00e9quipe"},"content":{"rendered":"<p>3 classes :<\/p>\n<p><strong>TPS &#8211; PS &#8211; MS &#8211; GS<\/strong> :&nbsp; 29 \u00e9l\u00e8ves : M. Fran\u00e7ois MARIN<\/p>\n<p><strong>CP &#8211; CE1 &#8211; CE2<\/strong> : 18 \u00e9l\u00e8ves : Mme Aur\u00e9lie ROY (directrice) et Mme Julie Remond les mardis<\/p>\n<p><strong>CM1 &#8211; CM2<\/strong> : 19 \u00e9l\u00e8ves : Mme Malvina POIRIER et Mme Julie Remond les vendredis<\/p>\n<p>2 aides maternelles : Mmes Sandrine GUIBERT et Camille PETIT<\/p>\n","protected":false},"excerpt":{"rendered":"<p>3 classes : TPS &#8211; PS &#8211; MS &#8211; GS :&nbsp; 29 \u00e9l\u00e8ves : M. Fran\u00e7ois MARIN CP &#8211; CE1 &#8211; CE2 : 18 \u00e9l\u00e8ves : Mme Aur\u00e9lie ROY (directrice) et Mme Julie Remond les mardis CM1 &#8211; CM2 : &hellip; <a href=\"https:\/\/passerelle2.ac-nantes.fr\/ec-charlotte-menanteau\/ecole\/lequipe\/\">Continuer la lecture <span class=\"meta-nav\">&rarr;<\/span><\/a><\/p>\n","protected":false},"author":1813,"featured_media":0,"parent":8,"menu_order":1,"comment_status":"closed","ping_status":"closed","template":"","meta":{"ngg_post_thumbnail":0,"h5ap_radio_sources":[],"jetpack_post_was_ever_published":false,"footnotes":""},"folder":[],"class_list":["post-10","page","type-page","status-publish","hentry"],"jetpack_sharing_enabled":true,"jetpack_shortlink":"https:\/\/wp.me\/P8SQ1x-a","_links":{"self":[{"href":"https:\/\/passerelle2.ac-nantes.fr\/ec-charlotte-menanteau\/wp-json\/wp\/v2\/pages\/10","targetHints":{"allow":["GET"]}}],"collection":[{"href":"https:\/\/passerelle2.ac-nantes.fr\/ec-charlotte-menanteau\/wp-json\/wp\/v2\/pages"}],"about":[{"href":"https:\/\/passerelle2.ac-nantes.fr\/ec-charlotte-menanteau\/wp-json\/wp\/v2\/types\/page"}],"author":[{"embeddable":true,"href":"https:\/\/passerelle2.ac-nantes.fr\/ec-charlotte-menanteau\/wp-json\/wp\/v2\/users\/1813"}],"replies":[{"embeddable":true,"href":"https:\/\/passerelle2.ac-nantes.fr\/ec-charlotte-menanteau\/wp-json\/wp\/v2\/comments?post=10"}],"version-history":[{"count":0,"href":"https:\/\/passerelle2.ac-nantes.fr\/ec-charlotte-menanteau\/wp-json\/wp\/v2\/pages\/10\/revisions"}],"up":[{"embeddable":true,"href":"https:\/\/passerelle2.ac-nantes.fr\/ec-charlotte-menanteau\/wp-json\/wp\/v2\/pages\/8"}],"wp:attachment":[{"href":"https:\/\/passerelle2.ac-nantes.fr\/ec-charlotte-menanteau\/wp-json\/wp\/v2\/media?parent=10"}],"wp:term":[{"taxonomy":"folder","embeddable":true,"href":"https:\/\/passerelle2.ac-nantes.fr\/ec-charlotte-menanteau\/wp-json\/wp\/v2\/folder?post=10"}],"curies":[{"name":"wp","href":"https:\/\/api.w.org\/{rel}","templated":true}]}}