
{"id":14,"date":"2013-01-21T16:40:33","date_gmt":"2013-01-21T16:40:33","guid":{"rendered":"https:\/\/passerelle2.ac-nantes.fr\/ec-charlotte-menanteau\/?page_id=14"},"modified":"2024-11-19T14:09:18","modified_gmt":"2024-11-19T13:09:18","slug":"le-projet-decole","status":"publish","type":"page","link":"https:\/\/passerelle2.ac-nantes.fr\/ec-charlotte-menanteau\/ecole\/le-projet-decole\/","title":{"rendered":"Le Projet d&rsquo;Ecole"},"content":{"rendered":"<p>Le projet d&rsquo;\u00e9cole d\u00e9finit 3 axes prioritaires, pour plusieurs ann\u00e9es scolaires. Le nouveau projet est \u00e9tabli pour 2022-2026.<\/p>\n<p>Chaque ann\u00e9e, un programme d&rsquo;actions est \u00e9labor\u00e9 pour tenter de remplir les objectifs d\u00e9finis dans chaque axe.<\/p>\n<p>Les trois&nbsp;axes retenus pour notre \u00e9cole sont les suivants :<\/p>\n<table style=\"width: 110.296%;\" width=\"657\">\n<tbody>\n<tr>\n<td style=\"width: 100%;\" width=\"657\"><strong>AXE n\u00b01 <\/strong><strong>:<\/strong><strong> Am\u00e9liorer la compr\u00e9hension de texte.<\/strong>Domaines et comp\u00e9tences concern\u00e9s(*) : Les langages pour penser et pour communiquer.Objectif(s) : Rendre visible les op\u00e9rations mentales.<\/p>\n<p>Rendre les \u00e9l\u00e8ves capables de rep\u00e9rer la structure narrative d\u2019un texte.<\/p>\n<p>Mettre en sc\u00e8ne une histoire pour mieux la comprendre.<\/p>\n<p>Fournir des outils m\u00e9thodologiques pour favoriser la prise d\u2019informations dans un texte.<\/td>\n<\/tr>\n<tr>\n<td style=\"width: 100%;\" width=\"657\"><strong>AXE n\u00b02 <\/strong><strong>: <\/strong><strong>Impliquer les \u00e9l\u00e8ves dans des projets \u00e9cocitoyens.<\/strong>Domaines et comp\u00e9tences concern\u00e9s(*) : La formation de la personne et du citoyen.Objectif(s) : D\u00e9velopper la conscience \u00e9cocitoyenne des \u00e9l\u00e8ves au quotidien.<\/p>\n<p>Engager des partenariats avec des acteurs du d\u00e9veloppement durable.<\/p>\n<p>Limiter et valoriser les d\u00e9chets.<\/td>\n<\/tr>\n<tr>\n<td style=\"width: 100%;\" width=\"657\"><strong>AXE n\u00b03 : Construire et mettre en oeuvre le Projet Educatif, Artistique et Culturel.<\/strong>Domaines et comp\u00e9tences concern\u00e9s(*)&nbsp;: Les langages pour penser et pour communiquer.Objectif(s) : Enrichir son univers culturel.<\/p>\n<p>Garder en m\u00e9moire le parcours des \u00e9l\u00e8ves d\u2019une ann\u00e9e sur l\u2019autre.<\/p>\n<p>Rendre les \u00e9l\u00e8ves acteurs de leur PEAC dans le but de les valoriser.<\/td>\n<\/tr>\n<\/tbody>\n<\/table>\n<p>&nbsp;<\/p>\n","protected":false},"excerpt":{"rendered":"<p>Le projet d&rsquo;\u00e9cole d\u00e9finit 3 axes prioritaires, pour plusieurs ann\u00e9es scolaires. Le nouveau projet est \u00e9tabli pour 2022-2026. Chaque ann\u00e9e, un programme d&rsquo;actions est \u00e9labor\u00e9 pour tenter de remplir les objectifs d\u00e9finis dans chaque axe. Les trois&nbsp;axes retenus pour notre &hellip; <a href=\"https:\/\/passerelle2.ac-nantes.fr\/ec-charlotte-menanteau\/ecole\/le-projet-decole\/\">Continuer la lecture <span class=\"meta-nav\">&rarr;<\/span><\/a><\/p>\n","protected":false},"author":1813,"featured_media":0,"parent":8,"menu_order":2,"comment_status":"closed","ping_status":"open","template":"","meta":{"ngg_post_thumbnail":0,"h5ap_radio_sources":[],"jetpack_post_was_ever_published":false,"footnotes":""},"folder":[],"class_list":["post-14","page","type-page","status-publish","hentry"],"jetpack_sharing_enabled":true,"jetpack_shortlink":"https:\/\/wp.me\/P8SQ1x-e","_links":{"self":[{"href":"https:\/\/passerelle2.ac-nantes.fr\/ec-charlotte-menanteau\/wp-json\/wp\/v2\/pages\/14","targetHints":{"allow":["GET"]}}],"collection":[{"href":"https:\/\/passerelle2.ac-nantes.fr\/ec-charlotte-menanteau\/wp-json\/wp\/v2\/pages"}],"about":[{"href":"https:\/\/passerelle2.ac-nantes.fr\/ec-charlotte-menanteau\/wp-json\/wp\/v2\/types\/page"}],"author":[{"embeddable":true,"href":"https:\/\/passerelle2.ac-nantes.fr\/ec-charlotte-menanteau\/wp-json\/wp\/v2\/users\/1813"}],"replies":[{"embeddable":true,"href":"https:\/\/passerelle2.ac-nantes.fr\/ec-charlotte-menanteau\/wp-json\/wp\/v2\/comments?post=14"}],"version-history":[{"count":0,"href":"https:\/\/passerelle2.ac-nantes.fr\/ec-charlotte-menanteau\/wp-json\/wp\/v2\/pages\/14\/revisions"}],"up":[{"embeddable":true,"href":"https:\/\/passerelle2.ac-nantes.fr\/ec-charlotte-menanteau\/wp-json\/wp\/v2\/pages\/8"}],"wp:attachment":[{"href":"https:\/\/passerelle2.ac-nantes.fr\/ec-charlotte-menanteau\/wp-json\/wp\/v2\/media?parent=14"}],"wp:term":[{"taxonomy":"folder","embeddable":true,"href":"https:\/\/passerelle2.ac-nantes.fr\/ec-charlotte-menanteau\/wp-json\/wp\/v2\/folder?post=14"}],"curies":[{"name":"wp","href":"https:\/\/api.w.org\/{rel}","templated":true}]}}