
{"id":17,"date":"2013-01-21T16:42:35","date_gmt":"2013-01-21T16:42:35","guid":{"rendered":"https:\/\/passerelle2.ac-nantes.fr\/ec-charlotte-menanteau\/?page_id=17"},"modified":"2024-01-16T10:16:27","modified_gmt":"2024-01-16T09:16:27","slug":"lamicale","status":"publish","type":"page","link":"https:\/\/passerelle2.ac-nantes.fr\/ec-charlotte-menanteau\/lamicale\/","title":{"rendered":"Les partenaires de l&rsquo;\u00e9cole"},"content":{"rendered":"<p>L\u2019Amicale La\u00efque de P\u00e9ault est une association des amis de l&rsquo;\u00e9cole et a pour but d\u2019organiser des manifestations pour soutenir financi\u00e8rement l\u2019\u00e9cole Charlotte Menanteau : mat\u00e9riel p\u00e9dagogique ; abonnements ; classe d\u00e9couverte ; sorties scolaires ; jouets et jeux ext\u00e9rieurs, transports\u2026etc.<\/p>\n<p>C&rsquo;est \u00e9galement cette association qui g\u00e8re les services de cantine et de garderie.<\/p>\n<p>L&rsquo;association reste ouverte \u00e0 toutes et \u00e0 tous et aux projets pour maintenir ce dynamisme.<\/p>\n","protected":false},"excerpt":{"rendered":"<p>L\u2019Amicale La\u00efque de P\u00e9ault est une association des amis de l&rsquo;\u00e9cole et a pour but d\u2019organiser des manifestations pour soutenir financi\u00e8rement l\u2019\u00e9cole Charlotte Menanteau : mat\u00e9riel p\u00e9dagogique ; abonnements ; classe d\u00e9couverte ; sorties scolaires ; jouets et jeux ext\u00e9rieurs, &hellip; <a href=\"https:\/\/passerelle2.ac-nantes.fr\/ec-charlotte-menanteau\/lamicale\/\">Continuer la lecture <span class=\"meta-nav\">&rarr;<\/span><\/a><\/p>\n","protected":false},"author":1813,"featured_media":0,"parent":0,"menu_order":2,"comment_status":"closed","ping_status":"open","template":"","meta":{"ngg_post_thumbnail":0,"h5ap_radio_sources":[],"jetpack_post_was_ever_published":false,"footnotes":""},"folder":[],"class_list":["post-17","page","type-page","status-publish","hentry"],"jetpack_sharing_enabled":true,"jetpack_shortlink":"https:\/\/wp.me\/P8SQ1x-h","_links":{"self":[{"href":"https:\/\/passerelle2.ac-nantes.fr\/ec-charlotte-menanteau\/wp-json\/wp\/v2\/pages\/17","targetHints":{"allow":["GET"]}}],"collection":[{"href":"https:\/\/passerelle2.ac-nantes.fr\/ec-charlotte-menanteau\/wp-json\/wp\/v2\/pages"}],"about":[{"href":"https:\/\/passerelle2.ac-nantes.fr\/ec-charlotte-menanteau\/wp-json\/wp\/v2\/types\/page"}],"author":[{"embeddable":true,"href":"https:\/\/passerelle2.ac-nantes.fr\/ec-charlotte-menanteau\/wp-json\/wp\/v2\/users\/1813"}],"replies":[{"embeddable":true,"href":"https:\/\/passerelle2.ac-nantes.fr\/ec-charlotte-menanteau\/wp-json\/wp\/v2\/comments?post=17"}],"version-history":[{"count":0,"href":"https:\/\/passerelle2.ac-nantes.fr\/ec-charlotte-menanteau\/wp-json\/wp\/v2\/pages\/17\/revisions"}],"wp:attachment":[{"href":"https:\/\/passerelle2.ac-nantes.fr\/ec-charlotte-menanteau\/wp-json\/wp\/v2\/media?parent=17"}],"wp:term":[{"taxonomy":"folder","embeddable":true,"href":"https:\/\/passerelle2.ac-nantes.fr\/ec-charlotte-menanteau\/wp-json\/wp\/v2\/folder?post=17"}],"curies":[{"name":"wp","href":"https:\/\/api.w.org\/{rel}","templated":true}]}}