
{"id":30,"date":"2013-01-22T20:35:00","date_gmt":"2013-01-22T20:35:00","guid":{"rendered":"https:\/\/passerelle2.ac-nantes.fr\/ec-charlotte-menanteau\/?page_id=30"},"modified":"2025-10-16T19:58:17","modified_gmt":"2025-10-16T17:58:17","slug":"le-conseil-decole","status":"publish","type":"page","link":"https:\/\/passerelle2.ac-nantes.fr\/ec-charlotte-menanteau\/ecole\/le-conseil-decole\/","title":{"rendered":"Le Conseil d&rsquo;Ecole"},"content":{"rendered":"<p><strong>Qu&rsquo;est-ce que le&nbsp;Conseil d&rsquo;Ecole ?<\/strong><\/p>\n<p>Le conseil d&rsquo;\u00e9cole est compos\u00e9 du directeur et de l&rsquo;\u00e9quipe enseignante, du maire et du conseiller municipal charg\u00e9 des affaires scolaires, des repr\u00e9sentants \u00e9lus des parents d&rsquo;\u00e9l\u00e8ves (en nombre \u00e9gal au nombre de classes dans l&rsquo;\u00e9cole), d&rsquo;un repr\u00e9sentant du r\u00e9seau d&rsquo;aides sp\u00e9cialis\u00e9es et d&rsquo;un d\u00e9l\u00e9gu\u00e9 de l&rsquo;Education Nationale.<\/p>\n<p>Il se r\u00e9unit au moins une fois par trimestre et peut, selon l&rsquo;ordre du jour, inviter d&rsquo;autres repr\u00e9sentants (m\u00e9decins et infirmi\u00e8res scolaires, assistante sociale&#8230;).<\/p>\n<p><strong>A quoi sert-il ?<\/strong><\/p>\n<p>Le conseil d&rsquo;\u00e9cole vote le r\u00e8glement int\u00e9rieur&nbsp;et adopte le projet d&rsquo;\u00e9cole. Ce dernier pr\u00e9cise toutes les activit\u00e9s scolaires et p\u00e9riscolaires propres \u00e0 l&rsquo;\u00e9cole : organisation du soutien scolaire, classes de d\u00e9couvertes&#8230;<\/p>\n<p>Le conseil d&rsquo;\u00e9cole ne traite pas des m\u00e9thodes p\u00e9dagogiques utilis\u00e9es par les enseignants, mais il s&rsquo;occupe de toutes les questions concernant la vie quotidienne dans l&rsquo;\u00e9cole.<\/p>\n<p>Les parents \u00e9lus au conseil d&rsquo;\u00e9cole sont des relais entre le directeur de l&rsquo;\u00e9cole et les parents d&rsquo;\u00e9l\u00e8ves pour toutes les questions int\u00e9ressant le bon fonctionnement de l&rsquo;\u00e9cole : par exemple l&rsquo;accueil d&rsquo;un \u00e9l\u00e8ve handicap\u00e9, la s\u00e9curit\u00e9 dans l&rsquo;\u00e9cole ou aux abords de l&rsquo;\u00e9cole, l&rsquo;organisation de la cantine, la garderie avant et apr\u00e8s les heures de classe, l&rsquo;hygi\u00e8ne et l&rsquo;entretien des locaux, l&rsquo;organisation des f\u00eates scolaires, la participation de l&rsquo;\u00e9cole \u00e0 des manifestations organis\u00e9es dans le d\u00e9partement&#8230;<\/p>\n<p>Les parents \u00e9lus qui si\u00e8gent au conseil d&rsquo;\u00e9cole peuvent \u00e9voquer tous ces points \u00e0 la demande des parents d&rsquo;\u00e9l\u00e8ves.<\/p>\n<p><strong>Les repr\u00e9sentants \u00e9lus pour l&rsquo;ann\u00e9e scolaire 2025-2026<\/strong><\/p>\n<p><span style=\"text-decoration: underline;\">Titulaires :<\/span><\/p>\n<p>Mmes Caroline BARREAU, Vanessa BLICQUY UNTERNEHR et Ludivine DUFLOT<\/p>\n<p><span style=\"text-decoration: underline;\">Suppl\u00e9ants :<\/span><\/p>\n<p>Mme Aude BLONDEL<\/p>\n<p><strong>Compte-rendu<\/strong><\/p>\n<p><span style=\"text-decoration: underline;\">Ann\u00e9e 2025 &#8211; 2026 :<\/span><\/p>\n<p>Compte rendu du premier conseil d &lsquo;\u00e9cole du 16 octobre 2025 :<\/p>\n<p><a href=\"https:\/\/passerelle2.ac-nantes.fr\/ec-charlotte-menanteau\/wp-content\/uploads\/sites\/109\/2025\/10\/Compte-rendu-conseil-decole-du-16.10.25.pdf\">Compte rendu conseil d&rsquo;\u00e9cole du 16.10.25<\/a><\/p>\n<p><span style=\"text-decoration: underline;\">Ann\u00e9e 2024-2025 :<\/span><\/p>\n<p>Compte rendu du troisi\u00e8me conseil d&rsquo;\u00e9cole du 19 juin 2025 :<\/p>\n<p><a href=\"https:\/\/passerelle2.ac-nantes.fr\/ec-charlotte-menanteau\/wp-content\/uploads\/sites\/109\/2025\/06\/Compte-rendu-conseil-decole-du-19.06.25.pdf\">Compte rendu conseil d&rsquo;\u00e9cole du 19.06.25<\/a><\/p>\n<p>Compte rendu du second conseil d&rsquo;\u00e9cole du 20 mars 2025 :<\/p>\n<p><a href=\"https:\/\/passerelle2.ac-nantes.fr\/ec-charlotte-menanteau\/wp-content\/uploads\/sites\/109\/2025\/06\/Compte-rendu-conseil-decole-du-20.03.25.pdf\">Compte rendu conseil d&rsquo;\u00e9cole du 20.03.25<\/a><\/p>\n<p>Compte rendu du premier conseil d&rsquo;\u00e9cole du 7 novembre 2024 :<\/p>\n<p><a href=\"https:\/\/passerelle2.ac-nantes.fr\/ec-charlotte-menanteau\/wp-content\/uploads\/sites\/109\/2024\/11\/Compte-rendu-conseil-decole-du-07.11.24.pdf\">Compte rendu conseil d&rsquo;\u00e9cole du 07.11.24<\/a><\/p>\n<p><span style=\"text-decoration: underline;\">Ann\u00e9e 2023-2024 :<\/span><\/p>\n<p>Compte rendu du troisi\u00e8me conseil d&rsquo;\u00e9cole du 27 juin 2024 :<\/p>\n<p><a href=\"https:\/\/passerelle2.ac-nantes.fr\/ec-charlotte-menanteau\/wp-content\/uploads\/sites\/109\/2024\/06\/Compte-rendu-conseil-decole-du-27.06.24.pdf\">Compte rendu conseil d&rsquo;\u00e9cole du 27.06.24<\/a><\/p>\n<p>Compte rendu du second conseil d&rsquo;\u00e9cole du 14 mars 2024 :<\/p>\n<p><a href=\"https:\/\/passerelle2.ac-nantes.fr\/ec-charlotte-menanteau\/wp-content\/uploads\/sites\/109\/2024\/03\/Compte-rendu-conseil-decole-du-14.03.24.pdf\">Compte rendu conseil d&rsquo;\u00e9cole du 14.03.24<\/a><\/p>\n<p>Compte rendu du premier conseil d&rsquo;\u00e9cole du 9 novembre 2023 :<\/p>\n<p><a href=\"https:\/\/passerelle2.ac-nantes.fr\/ec-charlotte-menanteau\/wp-content\/uploads\/sites\/109\/2024\/01\/Compte-rendu-conseil-decole-du-09.11.23.pdf\">Compte rendu conseil d&rsquo;\u00e9cole du 09.11.23<\/a><\/p>\n<p><span style=\"text-decoration: underline;\">Ann\u00e9e 2022-2023 :<\/span><\/p>\n<p>Compte rendu du troisi\u00e8me conseil d&rsquo;\u00e9cole du 15 juin 2023 :<\/p>\n<p><a href=\"https:\/\/passerelle2.ac-nantes.fr\/ec-charlotte-menanteau\/wp-content\/uploads\/sites\/109\/2023\/06\/Compte-rendu-conseil-decole-du-23.06.15.pdf\">Compte rendu conseil d&rsquo;\u00e9cole du 23.06.15<\/a><\/p>\n<p>Compte rendu du second conseil d&rsquo;\u00e9cole du 7 mars 2023 :<\/p>\n<p><a href=\"https:\/\/passerelle2.ac-nantes.fr\/ec-charlotte-menanteau\/wp-content\/uploads\/sites\/109\/2023\/03\/Compte-rendu-conseil-decole-du-23.03.07.pdf\">Compte rendu conseil d&rsquo;\u00e9cole du 23.03.07<\/a><\/p>\n<p>Compte rendu du premier conseil d&rsquo;\u00e9cole du 20 octobre 2022 :<\/p>\n<p><a href=\"https:\/\/passerelle2.ac-nantes.fr\/ec-charlotte-menanteau\/wp-content\/uploads\/sites\/109\/2023\/03\/Compte-rendu-conseil-decole-du-22.10.20.pdf\">Compte rendu conseil d&rsquo;\u00e9cole du 22.10.20<\/a><\/p>\n<p><span style=\"text-decoration: underline;\">Ann\u00e9e 2021-2022 :<\/span><\/p>\n<p>Compte rendu du troisi\u00e8me conseil d&rsquo;\u00e9cole du 23 juin 2022 :<\/p>\n<p><a href=\"https:\/\/passerelle2.ac-nantes.fr\/ec-charlotte-menanteau\/wp-content\/uploads\/sites\/109\/2022\/06\/CR-22-06-23.pdf\">Compte rendu conseil d&rsquo;\u00e9cole du 23.06.22<\/a><\/p>\n<p>Compte rendu du deuxi\u00e8me conseil d&rsquo;\u00e9cole du 24 mars 2022 :<\/p>\n<p><a href=\"https:\/\/passerelle2.ac-nantes.fr\/ec-charlotte-menanteau\/wp-content\/uploads\/sites\/109\/2022\/04\/CR-22-03-24.pdf\">Compte rendu conseil d&rsquo;\u00e9cole du 24.03.22<\/a><\/p>\n<p>Compte rendu du premier conseil d&rsquo;\u00e9cole du 18 octobre 2021 :<\/p>\n<p><a href=\"https:\/\/passerelle2.ac-nantes.fr\/ec-charlotte-menanteau\/wp-content\/uploads\/sites\/109\/2022\/04\/Compte-rendu-conseil-decole-du-21.10.18.pdf\">Compte rendu conseil d&rsquo;\u00e9cole du 21.10.18<\/a><\/p>\n<p><span style=\"text-decoration: underline;\">Ann\u00e9e 2020-2021 :<\/span><\/p>\n<p>Compte rendu du troisi\u00e8me conseil d&rsquo;\u00e9cole du 21 juin 2021 :<\/p>\n<p><a href=\"https:\/\/passerelle2.ac-nantes.fr\/ec-charlotte-menanteau\/wp-content\/uploads\/sites\/109\/2021\/09\/CR-conseil-decole-du-21.06.21.pdf\">CR conseil d&rsquo;\u00e9cole du 21.06.21<\/a><\/p>\n<p>Compte rendu du conseil d&rsquo;\u00e9cole exceptionnel du 25 mai 2021 :<\/p>\n<p><a href=\"https:\/\/passerelle2.ac-nantes.fr\/ec-charlotte-menanteau\/wp-content\/uploads\/sites\/109\/2021\/09\/CR-conseil-decole-du-25.05.21.pdf\">CR conseil d&rsquo;\u00e9cole du 25.05.21<\/a><\/p>\n<p>Compte rendu du deuxi\u00e8me conseil d&rsquo;\u00e9cole du 15 mars 2021 :<\/p>\n<p><a href=\"https:\/\/passerelle2.ac-nantes.fr\/ec-charlotte-menanteau\/wp-content\/uploads\/sites\/109\/2021\/09\/CR-conseil-decole-du-15.03.21.pdf\">CR conseil d&rsquo;\u00e9cole du 15.03.21<\/a><\/p>\n<p>Compte rendu du premier conseil d&rsquo;\u00e9cole du 12 novembre 2020 :<\/p>\n<p><a href=\"https:\/\/passerelle2.ac-nantes.fr\/ec-charlotte-menanteau\/wp-content\/uploads\/sites\/109\/2020\/12\/CR-conseil-d\u00e9cole-du-17.11.20.pdf\">CR 20-11-12<\/a><\/p>\n<p><span style=\"text-decoration: underline;\">Ann\u00e9e 2019-2020 :<\/span><\/p>\n<p>Compte rendu du troisi\u00e8me conseil d&rsquo;\u00e9cole du 15 juin 2020 :<\/p>\n<p><a href=\"https:\/\/passerelle2.ac-nantes.fr\/ec-charlotte-menanteau\/wp-content\/uploads\/sites\/109\/2020\/06\/CR-2020_06_15_P\u00e9ault.pdf\">CR 20-06-15<\/a><\/p>\n<p>Compte rendu du deuxi\u00e8me conseil d&rsquo;\u00e9cole du 10 mars 2020 :<\/p>\n<p><a href=\"https:\/\/passerelle2.ac-nantes.fr\/ec-charlotte-menanteau\/wp-content\/uploads\/sites\/109\/2020\/03\/CR-20-03-10-1.pdf\">CR 20-03-10<\/a><\/p>\n<p>Vous trouverez ci-dessous le compte-rendu du premier conseil d&rsquo;\u00e9cole du 4 novembre 2019 :<\/p>\n<p><a href=\"https:\/\/passerelle2.ac-nantes.fr\/ec-charlotte-menanteau\/wp-content\/uploads\/sites\/109\/2019\/11\/CR-19-11-04.pdf\">CR 19-11-04<\/a><\/p>\n<p><span style=\"text-decoration: underline;\">Ann\u00e9e 2018-2019 :<\/span><\/p>\n<p>Vous trouverez&nbsp;ci-dessous le compte-rendu du premier conseil d&rsquo;\u00e9cole du 5 novembre 2018 :<\/p>\n<p><a href=\"https:\/\/passerelle2.ac-nantes.fr\/ec-charlotte-menanteau\/wp-content\/uploads\/sites\/109\/2019\/03\/CR-18-11-05.pdf\">CR 18-11-05<\/a> :<\/p>\n<p>Compte rendu du deuxi\u00e8me conseil d&rsquo;\u00e9cole du 25 mars 2019 :<\/p>\n<p><a href=\"https:\/\/passerelle2.ac-nantes.fr\/ec-charlotte-menanteau\/wp-content\/uploads\/sites\/109\/2019\/03\/CR-19-03-25.pdf\">CR 19-03-25<\/a><\/p>\n<p>Compte rendu du troisi\u00e8me conseil d&rsquo;\u00e9cole du 24 juin 2019 :<\/p>\n<p><a href=\"https:\/\/passerelle2.ac-nantes.fr\/ec-charlotte-menanteau\/wp-content\/uploads\/sites\/109\/2019\/10\/CR-19-06-24.pdf\">CR 19-06-24<\/a><\/p>\n<p><span style=\"text-decoration: underline;\">Ann\u00e9e 2017-2018 :<\/span><\/p>\n<p>Vous trouverez&nbsp;ci-dessous le compte-rendu du premier conseil d&rsquo;\u00e9cole du 17 octobre 2017 :<\/p>\n<p><a href=\"https:\/\/passerelle2.ac-nantes.fr\/ec-charlotte-menanteau\/wp-content\/uploads\/sites\/109\/2013\/01\/CR-17-10-17.pdf\">CR 17-10-17<\/a><\/p>\n<p>Compte rendu du deuxi\u00e8me conseil d&rsquo;\u00e9cole du 16 avril 2018 :<\/p>\n<p><a href=\"https:\/\/passerelle2.ac-nantes.fr\/ec-charlotte-menanteau\/wp-content\/uploads\/sites\/109\/2018\/05\/CR-16-04-18.pdf\">CR 16-04-18<\/a><\/p>\n<p><span style=\"text-decoration: underline;\">Ann\u00e9e 2016-2017 :<\/span><\/p>\n<p>Vous trouverez&nbsp;ci-dessous le compte-rendu du premier conseil d&rsquo;\u00e9cole du 18 octobre 2016 :<\/p>\n<p><a href=\"https:\/\/passerelle2.ac-nantes.fr\/ec-charlotte-menanteau\/wp-content\/uploads\/sites\/109\/2013\/01\/CR-16-10-18.pdf\">PV 16-10-18<\/a><\/p>\n<p>Compte rendu du deuxi\u00e8me conseil d&rsquo;\u00e9cole du 27 f\u00e9vrier 2017 :<\/p>\n<p><a href=\"https:\/\/passerelle2.ac-nantes.fr\/ec-charlotte-menanteau\/wp-content\/uploads\/sites\/109\/2013\/01\/CR-17-02-27.pdf\">CR 17-02-27<\/a><\/p>\n<p>Compte rendu du troisi\u00e8me conseil d&rsquo;\u00e9cole du 12 juin 2017 :<\/p>\n<p><a href=\"https:\/\/passerelle2.ac-nantes.fr\/ec-charlotte-menanteau\/wp-content\/uploads\/sites\/109\/2017\/06\/CR-17-06-12.pdf\">CR 17-06-12<\/a><\/p>\n<p><span style=\"text-decoration: underline;\">Ann\u00e9e 2015-2016 :<\/span><\/p>\n<p>Vous trouverez&nbsp;ci-dessous le compte-rendu du premier conseil d&rsquo;\u00e9cole du 2 novembre 2015 :<\/p>\n<p><a href=\"https:\/\/passerelle2.ac-nantes.fr\/ec-charlotte-menanteau\/wp-content\/uploads\/sites\/109\/2013\/01\/PV-15-11-02.doc\">PV 15-11-02<\/a><\/p>\n<p>Compte rendu du deuxi\u00e8me conseil d&rsquo;\u00e9cole du 23 f\u00e9vrier 2016 :<\/p>\n<p><a href=\"https:\/\/passerelle2.ac-nantes.fr\/ec-charlotte-menanteau\/wp-content\/uploads\/sites\/109\/2013\/01\/PV-16-02-23.pdf\">PV 16-02-23<\/a><\/p>\n<p>Compte rendu du troisi\u00e8me conseil d&rsquo;\u00e9cole du 23 juin 2016 :<\/p>\n<p><a href=\"https:\/\/passerelle2.ac-nantes.fr\/ec-charlotte-menanteau\/wp-content\/uploads\/sites\/109\/2013\/01\/PV-16-06-23.pdf\">PV 16-06-23<\/a><\/p>\n","protected":false},"excerpt":{"rendered":"<p>Qu&rsquo;est-ce que le&nbsp;Conseil d&rsquo;Ecole ? Le conseil d&rsquo;\u00e9cole est compos\u00e9 du directeur et de l&rsquo;\u00e9quipe enseignante, du maire et du conseiller municipal charg\u00e9 des affaires scolaires, des repr\u00e9sentants \u00e9lus des parents d&rsquo;\u00e9l\u00e8ves (en nombre \u00e9gal au nombre de classes dans &hellip; <a href=\"https:\/\/passerelle2.ac-nantes.fr\/ec-charlotte-menanteau\/ecole\/le-conseil-decole\/\">Continuer la lecture <span class=\"meta-nav\">&rarr;<\/span><\/a><\/p>\n","protected":false},"author":1813,"featured_media":0,"parent":8,"menu_order":3,"comment_status":"closed","ping_status":"open","template":"","meta":{"ngg_post_thumbnail":0,"h5ap_radio_sources":[],"jetpack_post_was_ever_published":false,"footnotes":""},"folder":[],"class_list":["post-30","page","type-page","status-publish","hentry"],"jetpack_sharing_enabled":true,"jetpack_shortlink":"https:\/\/wp.me\/P8SQ1x-u","_links":{"self":[{"href":"https:\/\/passerelle2.ac-nantes.fr\/ec-charlotte-menanteau\/wp-json\/wp\/v2\/pages\/30","targetHints":{"allow":["GET"]}}],"collection":[{"href":"https:\/\/passerelle2.ac-nantes.fr\/ec-charlotte-menanteau\/wp-json\/wp\/v2\/pages"}],"about":[{"href":"https:\/\/passerelle2.ac-nantes.fr\/ec-charlotte-menanteau\/wp-json\/wp\/v2\/types\/page"}],"author":[{"embeddable":true,"href":"https:\/\/passerelle2.ac-nantes.fr\/ec-charlotte-menanteau\/wp-json\/wp\/v2\/users\/1813"}],"replies":[{"embeddable":true,"href":"https:\/\/passerelle2.ac-nantes.fr\/ec-charlotte-menanteau\/wp-json\/wp\/v2\/comments?post=30"}],"version-history":[{"count":0,"href":"https:\/\/passerelle2.ac-nantes.fr\/ec-charlotte-menanteau\/wp-json\/wp\/v2\/pages\/30\/revisions"}],"up":[{"embeddable":true,"href":"https:\/\/passerelle2.ac-nantes.fr\/ec-charlotte-menanteau\/wp-json\/wp\/v2\/pages\/8"}],"wp:attachment":[{"href":"https:\/\/passerelle2.ac-nantes.fr\/ec-charlotte-menanteau\/wp-json\/wp\/v2\/media?parent=30"}],"wp:term":[{"taxonomy":"folder","embeddable":true,"href":"https:\/\/passerelle2.ac-nantes.fr\/ec-charlotte-menanteau\/wp-json\/wp\/v2\/folder?post=30"}],"curies":[{"name":"wp","href":"https:\/\/api.w.org\/{rel}","templated":true}]}}