
{"id":33,"date":"2013-01-22T20:36:03","date_gmt":"2013-01-22T20:36:03","guid":{"rendered":"https:\/\/passerelle2.ac-nantes.fr\/ec-charlotte-menanteau\/?page_id=33"},"modified":"2014-09-27T05:16:57","modified_gmt":"2014-09-27T05:16:57","slug":"historique","status":"publish","type":"page","link":"https:\/\/passerelle2.ac-nantes.fr\/ec-charlotte-menanteau\/ecole\/historique\/","title":{"rendered":"Historique"},"content":{"rendered":"<p>L&rsquo;\u00e9cole a \u00e9t\u00e9 construite\u00a0 au d\u00e9but des ann\u00e9es 50, en m\u00eame temps que la mairie (l&rsquo;ancienne mairie, situ\u00e9e dans la Rue Principale), suite \u00e0 l&rsquo;incendie du b\u00e2timent.<\/p>\n<p>Elle a pris le nom de mademoiselle Charlotte Menanteau, qui\u00a0a \u00e9t\u00e9 l&rsquo;institutrice de la classe de filles de 1920 jusqu&rsquo;\u00e0 son d\u00e9part en retraite, soit une trentaine d&rsquo;ann\u00e9es.<\/p>\n","protected":false},"excerpt":{"rendered":"<p>L&rsquo;\u00e9cole a \u00e9t\u00e9 construite\u00a0 au d\u00e9but des ann\u00e9es 50, en m\u00eame temps que la mairie (l&rsquo;ancienne mairie, situ\u00e9e dans la Rue Principale), suite \u00e0 l&rsquo;incendie du b\u00e2timent. Elle a pris le nom de mademoiselle Charlotte Menanteau, qui\u00a0a \u00e9t\u00e9 l&rsquo;institutrice de &hellip; <a href=\"https:\/\/passerelle2.ac-nantes.fr\/ec-charlotte-menanteau\/ecole\/historique\/\">Continuer la lecture <span class=\"meta-nav\">&rarr;<\/span><\/a><\/p>\n","protected":false},"author":1813,"featured_media":0,"parent":8,"menu_order":4,"comment_status":"closed","ping_status":"closed","template":"","meta":{"ngg_post_thumbnail":0,"h5ap_radio_sources":[],"jetpack_post_was_ever_published":false,"footnotes":""},"folder":[],"class_list":["post-33","page","type-page","status-publish","hentry"],"jetpack_sharing_enabled":true,"jetpack_shortlink":"https:\/\/wp.me\/P8SQ1x-x","_links":{"self":[{"href":"https:\/\/passerelle2.ac-nantes.fr\/ec-charlotte-menanteau\/wp-json\/wp\/v2\/pages\/33","targetHints":{"allow":["GET"]}}],"collection":[{"href":"https:\/\/passerelle2.ac-nantes.fr\/ec-charlotte-menanteau\/wp-json\/wp\/v2\/pages"}],"about":[{"href":"https:\/\/passerelle2.ac-nantes.fr\/ec-charlotte-menanteau\/wp-json\/wp\/v2\/types\/page"}],"author":[{"embeddable":true,"href":"https:\/\/passerelle2.ac-nantes.fr\/ec-charlotte-menanteau\/wp-json\/wp\/v2\/users\/1813"}],"replies":[{"embeddable":true,"href":"https:\/\/passerelle2.ac-nantes.fr\/ec-charlotte-menanteau\/wp-json\/wp\/v2\/comments?post=33"}],"version-history":[{"count":0,"href":"https:\/\/passerelle2.ac-nantes.fr\/ec-charlotte-menanteau\/wp-json\/wp\/v2\/pages\/33\/revisions"}],"up":[{"embeddable":true,"href":"https:\/\/passerelle2.ac-nantes.fr\/ec-charlotte-menanteau\/wp-json\/wp\/v2\/pages\/8"}],"wp:attachment":[{"href":"https:\/\/passerelle2.ac-nantes.fr\/ec-charlotte-menanteau\/wp-json\/wp\/v2\/media?parent=33"}],"wp:term":[{"taxonomy":"folder","embeddable":true,"href":"https:\/\/passerelle2.ac-nantes.fr\/ec-charlotte-menanteau\/wp-json\/wp\/v2\/folder?post=33"}],"curies":[{"name":"wp","href":"https:\/\/api.w.org\/{rel}","templated":true}]}}