
{"id":39,"date":"2013-01-22T20:42:24","date_gmt":"2013-01-22T20:42:24","guid":{"rendered":"https:\/\/passerelle2.ac-nantes.fr\/ec-charlotte-menanteau\/?page_id=39"},"modified":"2024-01-16T10:20:55","modified_gmt":"2024-01-16T09:20:55","slug":"la-garderie","status":"publish","type":"page","link":"https:\/\/passerelle2.ac-nantes.fr\/ec-charlotte-menanteau\/la-garderie\/","title":{"rendered":"La garderie"},"content":{"rendered":"<p>Mesdames Sandrine Guibert et Camille Petit encadrent les enfants et leur proposent des activit\u00e9s manuelles et des jeux. Un go\u00fbter est servi apr\u00e8s la classe. Horaires&nbsp;: 7h30 \u2013 8h45 et&nbsp;16h45 \u2013 18h45<\/p>\n<p><span style=\"text-decoration: underline;\">Tarifs :<\/span><\/p>\n<p>0,30 \u20ac du quart d&rsquo;heure \/ 0,70 \u20ac pour le go\u00fbter<\/p>\n","protected":false},"excerpt":{"rendered":"<p>Mesdames Sandrine Guibert et Camille Petit encadrent les enfants et leur proposent des activit\u00e9s manuelles et des jeux. Un go\u00fbter est servi apr\u00e8s la classe. Horaires&nbsp;: 7h30 \u2013 8h45 et&nbsp;16h45 \u2013 18h45 Tarifs : 0,30 \u20ac du quart d&rsquo;heure \/ &hellip; <a href=\"https:\/\/passerelle2.ac-nantes.fr\/ec-charlotte-menanteau\/la-garderie\/\">Continuer la lecture <span class=\"meta-nav\">&rarr;<\/span><\/a><\/p>\n","protected":false},"author":1813,"featured_media":0,"parent":0,"menu_order":2,"comment_status":"closed","ping_status":"open","template":"","meta":{"ngg_post_thumbnail":0,"h5ap_radio_sources":[],"jetpack_post_was_ever_published":false,"footnotes":""},"folder":[],"class_list":["post-39","page","type-page","status-publish","hentry"],"jetpack_sharing_enabled":true,"jetpack_shortlink":"https:\/\/wp.me\/P8SQ1x-D","_links":{"self":[{"href":"https:\/\/passerelle2.ac-nantes.fr\/ec-charlotte-menanteau\/wp-json\/wp\/v2\/pages\/39","targetHints":{"allow":["GET"]}}],"collection":[{"href":"https:\/\/passerelle2.ac-nantes.fr\/ec-charlotte-menanteau\/wp-json\/wp\/v2\/pages"}],"about":[{"href":"https:\/\/passerelle2.ac-nantes.fr\/ec-charlotte-menanteau\/wp-json\/wp\/v2\/types\/page"}],"author":[{"embeddable":true,"href":"https:\/\/passerelle2.ac-nantes.fr\/ec-charlotte-menanteau\/wp-json\/wp\/v2\/users\/1813"}],"replies":[{"embeddable":true,"href":"https:\/\/passerelle2.ac-nantes.fr\/ec-charlotte-menanteau\/wp-json\/wp\/v2\/comments?post=39"}],"version-history":[{"count":0,"href":"https:\/\/passerelle2.ac-nantes.fr\/ec-charlotte-menanteau\/wp-json\/wp\/v2\/pages\/39\/revisions"}],"wp:attachment":[{"href":"https:\/\/passerelle2.ac-nantes.fr\/ec-charlotte-menanteau\/wp-json\/wp\/v2\/media?parent=39"}],"wp:term":[{"taxonomy":"folder","embeddable":true,"href":"https:\/\/passerelle2.ac-nantes.fr\/ec-charlotte-menanteau\/wp-json\/wp\/v2\/folder?post=39"}],"curies":[{"name":"wp","href":"https:\/\/api.w.org\/{rel}","templated":true}]}}