
{"id":57,"date":"2013-01-31T16:32:34","date_gmt":"2013-01-31T16:32:34","guid":{"rendered":"https:\/\/passerelle2.ac-nantes.fr\/ec-charlotte-menanteau\/?page_id=57"},"modified":"2024-11-19T14:09:09","modified_gmt":"2024-11-19T13:09:09","slug":"les-membres","status":"publish","type":"page","link":"https:\/\/passerelle2.ac-nantes.fr\/ec-charlotte-menanteau\/lamicale\/les-membres\/","title":{"rendered":"Les membres"},"content":{"rendered":"<p><em><strong>Le bureau<\/strong><\/em><\/p>\n<p>Pr\u00e9sidente amicale la\u00efque : Vanessa Blicquy-Unternehr<\/p>\n<p>Vice-pr\u00e9sidente : Caroline Barreau<\/p>\n<p>Tr\u00e9sori\u00e8re \u00e9cole et manifestation : Jonathan Blicquy<\/p>\n<p>Tr\u00e9sori\u00e8re cantine et garderie : Morgane Parpaillon<\/p>\n<p>Secr\u00e9taires : Aliz\u00e9 Daviet et Sophie Chevalier<\/p>\n<p>&nbsp;<\/p>\n<p><em><strong>Et de nombreux membres&#8230;<\/strong><\/em><\/p>\n","protected":false},"excerpt":{"rendered":"<p>Le bureau Pr\u00e9sidente amicale la\u00efque : Vanessa Blicquy-Unternehr Vice-pr\u00e9sidente : Caroline Barreau Tr\u00e9sori\u00e8re \u00e9cole et manifestation : Jonathan Blicquy Tr\u00e9sori\u00e8re cantine et garderie : Morgane Parpaillon Secr\u00e9taires : Aliz\u00e9 Daviet et Sophie Chevalier &nbsp; Et de nombreux membres&#8230;<\/p>\n","protected":false},"author":1813,"featured_media":0,"parent":17,"menu_order":2,"comment_status":"closed","ping_status":"open","template":"","meta":{"ngg_post_thumbnail":0,"h5ap_radio_sources":[],"jetpack_post_was_ever_published":false,"footnotes":""},"folder":[],"class_list":["post-57","page","type-page","status-publish","hentry"],"jetpack_sharing_enabled":true,"jetpack_shortlink":"https:\/\/wp.me\/P8SQ1x-V","_links":{"self":[{"href":"https:\/\/passerelle2.ac-nantes.fr\/ec-charlotte-menanteau\/wp-json\/wp\/v2\/pages\/57","targetHints":{"allow":["GET"]}}],"collection":[{"href":"https:\/\/passerelle2.ac-nantes.fr\/ec-charlotte-menanteau\/wp-json\/wp\/v2\/pages"}],"about":[{"href":"https:\/\/passerelle2.ac-nantes.fr\/ec-charlotte-menanteau\/wp-json\/wp\/v2\/types\/page"}],"author":[{"embeddable":true,"href":"https:\/\/passerelle2.ac-nantes.fr\/ec-charlotte-menanteau\/wp-json\/wp\/v2\/users\/1813"}],"replies":[{"embeddable":true,"href":"https:\/\/passerelle2.ac-nantes.fr\/ec-charlotte-menanteau\/wp-json\/wp\/v2\/comments?post=57"}],"version-history":[{"count":0,"href":"https:\/\/passerelle2.ac-nantes.fr\/ec-charlotte-menanteau\/wp-json\/wp\/v2\/pages\/57\/revisions"}],"up":[{"embeddable":true,"href":"https:\/\/passerelle2.ac-nantes.fr\/ec-charlotte-menanteau\/wp-json\/wp\/v2\/pages\/17"}],"wp:attachment":[{"href":"https:\/\/passerelle2.ac-nantes.fr\/ec-charlotte-menanteau\/wp-json\/wp\/v2\/media?parent=57"}],"wp:term":[{"taxonomy":"folder","embeddable":true,"href":"https:\/\/passerelle2.ac-nantes.fr\/ec-charlotte-menanteau\/wp-json\/wp\/v2\/folder?post=57"}],"curies":[{"name":"wp","href":"https:\/\/api.w.org\/{rel}","templated":true}]}}