
{"id":41,"date":"2013-08-31T09:21:41","date_gmt":"2013-08-31T07:21:41","guid":{"rendered":"https:\/\/passerelle2.ac-nantes.fr\/ecole-boisviaud\/?page_id=41"},"modified":"2013-08-31T11:57:59","modified_gmt":"2013-08-31T09:57:59","slug":"nous-contacter","status":"publish","type":"page","link":"https:\/\/passerelle2.ac-nantes.fr\/ecole-boisviaud\/administratif\/nous-contacter\/","title":{"rendered":"Nous contacter"},"content":{"rendered":"<ul>\n<li>par courrier :<\/li>\n<\/ul>\n<p style=\"text-align: left;padding-left: 90px\">\u00e9cole du Bois Viaud<br \/>\n7 ter route du G\u00e2vre<br \/>\n44170 VAY<\/p>\n<ul>\n<li>par t\u00e9l\u00e9phone : 02 40 79 58 25<\/li>\n<li>par mail : <a href=\"mailto:ecole-publique.vay@wanadoo.fr\">ecole-publique.vay@wanadoo.fr<\/a><\/li>\n<\/ul>\n<p>Pour rencontrer le directeur, merci de prendre rendez-vous. (M. Lambert est d\u00e9charg\u00e9 de sa classe tous les lundis)<\/p>\n<p>&nbsp;<\/p>\n","protected":false},"excerpt":{"rendered":"<p>par courrier : \u00e9cole du Bois Viaud 7 ter route du G\u00e2vre 44170 VAY par t\u00e9l\u00e9phone : 02 40 79 58 25 par mail : ecole-publique.vay@wanadoo.fr Pour rencontrer le directeur, merci de prendre rendez-vous. (M. Lambert est d\u00e9charg\u00e9 de sa &hellip; <a href=\"https:\/\/passerelle2.ac-nantes.fr\/ecole-boisviaud\/administratif\/nous-contacter\/\">Continuer la lecture <span class=\"meta-nav\">&rarr;<\/span><\/a><\/p>\n","protected":false},"author":3956,"featured_media":0,"parent":68,"menu_order":0,"comment_status":"closed","ping_status":"closed","template":"","meta":{"ngg_post_thumbnail":0,"h5ap_radio_sources":[],"footnotes":""},"folder":[],"class_list":["post-41","page","type-page","status-publish","hentry"],"_links":{"self":[{"href":"https:\/\/passerelle2.ac-nantes.fr\/ecole-boisviaud\/wp-json\/wp\/v2\/pages\/41","targetHints":{"allow":["GET"]}}],"collection":[{"href":"https:\/\/passerelle2.ac-nantes.fr\/ecole-boisviaud\/wp-json\/wp\/v2\/pages"}],"about":[{"href":"https:\/\/passerelle2.ac-nantes.fr\/ecole-boisviaud\/wp-json\/wp\/v2\/types\/page"}],"author":[{"embeddable":true,"href":"https:\/\/passerelle2.ac-nantes.fr\/ecole-boisviaud\/wp-json\/wp\/v2\/users\/3956"}],"replies":[{"embeddable":true,"href":"https:\/\/passerelle2.ac-nantes.fr\/ecole-boisviaud\/wp-json\/wp\/v2\/comments?post=41"}],"version-history":[{"count":0,"href":"https:\/\/passerelle2.ac-nantes.fr\/ecole-boisviaud\/wp-json\/wp\/v2\/pages\/41\/revisions"}],"up":[{"embeddable":true,"href":"https:\/\/passerelle2.ac-nantes.fr\/ecole-boisviaud\/wp-json\/wp\/v2\/pages\/68"}],"wp:attachment":[{"href":"https:\/\/passerelle2.ac-nantes.fr\/ecole-boisviaud\/wp-json\/wp\/v2\/media?parent=41"}],"wp:term":[{"taxonomy":"folder","embeddable":true,"href":"https:\/\/passerelle2.ac-nantes.fr\/ecole-boisviaud\/wp-json\/wp\/v2\/folder?post=41"}],"curies":[{"name":"wp","href":"https:\/\/api.w.org\/{rel}","templated":true}]}}