
{"id":44,"date":"2013-08-31T09:22:44","date_gmt":"2013-08-31T07:22:44","guid":{"rendered":"https:\/\/passerelle2.ac-nantes.fr\/ecole-boisviaud\/?page_id=44"},"modified":"2013-08-31T11:56:09","modified_gmt":"2013-08-31T09:56:09","slug":"nouvelles-inscriptions","status":"publish","type":"page","link":"https:\/\/passerelle2.ac-nantes.fr\/ecole-boisviaud\/administratif\/nouvelles-inscriptions\/","title":{"rendered":"Nouvelles inscriptions"},"content":{"rendered":"<p>Les enfants sont accueillis de la petite section de maternelle au CM2.<br \/>\nChaque ann\u00e9e, deux places sont \u00e9galement disponibles pour les\u00a0enfants de 2 ans.<\/p>\n<p>&nbsp;<\/p>\n<p>Pour inscrire votre enfant \u00e0 l&rsquo;\u00e9cole publique :<\/p>\n<p><strong>1-<\/strong> Se rendre\u00a0\u00e0 la <strong>mairie<\/strong> avec les documents suivants : livret de famille, carnet de sant\u00e9 et justificatif de domicile.<br \/>\nLa mairie vous d\u00e9livrera alors un certificat d&rsquo;inscription.<\/p>\n<p><strong>2<\/strong>&#8211; Prendre ensuite rendez-vous avec le directeur de l&rsquo;<strong>\u00e9cole<\/strong>. L&rsquo;inscription de votre enfant sera enregistr\u00e9e par le directeur sur pr\u00e9sentation :<\/p>\n<ul>\n<li>du <strong>certificat d&rsquo;inscription<\/strong> d\u00e9livr\u00e9 par la mairie ;<\/li>\n<li>d&rsquo;un <strong>certificat de radiation<\/strong> si votre enfant fr\u00e9quentait une autre \u00e9cole auparavant.<\/li>\n<li>il est souhaitable d&rsquo;apporter \u00e9galement le <strong>livret scolaire<\/strong> de votre enfant.<\/li>\n<\/ul>\n<p>(Si votre enfant est d\u00e9j\u00e0 scolaris\u00e9 \u00e0 l&rsquo;\u00e9cole du Bois Viaud, l&rsquo;inscription est renouvel\u00e9e automatiquement tous les ans.)<\/p>\n<p>&nbsp;<\/p>\n","protected":false},"excerpt":{"rendered":"<p>Les enfants sont accueillis de la petite section de maternelle au CM2. Chaque ann\u00e9e, deux places sont \u00e9galement disponibles pour les\u00a0enfants de 2 ans. &nbsp; Pour inscrire votre enfant \u00e0 l&rsquo;\u00e9cole publique : 1- Se rendre\u00a0\u00e0 la mairie avec les &hellip; <a href=\"https:\/\/passerelle2.ac-nantes.fr\/ecole-boisviaud\/administratif\/nouvelles-inscriptions\/\">Continuer la lecture <span class=\"meta-nav\">&rarr;<\/span><\/a><\/p>\n","protected":false},"author":3956,"featured_media":0,"parent":68,"menu_order":0,"comment_status":"closed","ping_status":"closed","template":"","meta":{"ngg_post_thumbnail":0,"h5ap_radio_sources":[],"footnotes":""},"folder":[],"class_list":["post-44","page","type-page","status-publish","hentry"],"_links":{"self":[{"href":"https:\/\/passerelle2.ac-nantes.fr\/ecole-boisviaud\/wp-json\/wp\/v2\/pages\/44","targetHints":{"allow":["GET"]}}],"collection":[{"href":"https:\/\/passerelle2.ac-nantes.fr\/ecole-boisviaud\/wp-json\/wp\/v2\/pages"}],"about":[{"href":"https:\/\/passerelle2.ac-nantes.fr\/ecole-boisviaud\/wp-json\/wp\/v2\/types\/page"}],"author":[{"embeddable":true,"href":"https:\/\/passerelle2.ac-nantes.fr\/ecole-boisviaud\/wp-json\/wp\/v2\/users\/3956"}],"replies":[{"embeddable":true,"href":"https:\/\/passerelle2.ac-nantes.fr\/ecole-boisviaud\/wp-json\/wp\/v2\/comments?post=44"}],"version-history":[{"count":0,"href":"https:\/\/passerelle2.ac-nantes.fr\/ecole-boisviaud\/wp-json\/wp\/v2\/pages\/44\/revisions"}],"up":[{"embeddable":true,"href":"https:\/\/passerelle2.ac-nantes.fr\/ecole-boisviaud\/wp-json\/wp\/v2\/pages\/68"}],"wp:attachment":[{"href":"https:\/\/passerelle2.ac-nantes.fr\/ecole-boisviaud\/wp-json\/wp\/v2\/media?parent=44"}],"wp:term":[{"taxonomy":"folder","embeddable":true,"href":"https:\/\/passerelle2.ac-nantes.fr\/ecole-boisviaud\/wp-json\/wp\/v2\/folder?post=44"}],"curies":[{"name":"wp","href":"https:\/\/api.w.org\/{rel}","templated":true}]}}