
{"id":46,"date":"2013-08-31T09:23:33","date_gmt":"2013-08-31T07:23:33","guid":{"rendered":"https:\/\/passerelle2.ac-nantes.fr\/ecole-boisviaud\/?page_id=46"},"modified":"2017-01-23T16:21:13","modified_gmt":"2017-01-23T14:21:13","slug":"cantine-et-periscolaire","status":"publish","type":"page","link":"https:\/\/passerelle2.ac-nantes.fr\/ecole-boisviaud\/autour-de-lecole\/cantine-et-periscolaire\/","title":{"rendered":"Cantine et p\u00e9riscolaire"},"content":{"rendered":"<p>La cantine et l&rsquo;accueil p\u00e9riscolaire sont\u00a0des services\u00a0organis\u00e9s par la municipalit\u00e9.<br \/>\nPour y inscrire votre enfant vous devez donc\u00a0contacter la mairie de Vay.<\/p>\n<p>T\u00e9l. : 02 40 79 47 18\u00a0\u00a0\u00a0\u00a0\u00a0\u00a0\u00a0\u00a0 Fax. : 02 40 79 36 47<br \/>\nCourriel : <a href=\"mailto:mairie@vay.fr\">mairie@vay.fr<\/a><\/p>\n<ul>\n<li><em><strong>La<\/strong> <strong>cantine municipale<\/strong><\/em><\/li>\n<\/ul>\n<p>Agent responsable : Sandrine RASSE<\/p>\n<p><strong>lieu de l&rsquo;accueil<\/strong> : 1 route de Nozay<br \/>\nT\u00e9l : 02 40 79 34 57 (r\u00e9pondeur) \/ mail : <a href=\"mailto:rm.mairie@vay.fr\">rm.mairie@vay.fr<\/a><\/p>\n<p>Pour une bonne organisation, les inscriptions ou les annulations sont \u00e0 communiquer 2 jours \u00e0 l&rsquo;avance.<\/p>\n<p>&nbsp;<\/p>\n<ul>\n<li><em><strong>L&rsquo;accueil p\u00e9riscolaire<\/strong><\/em><\/li>\n<\/ul>\n<p>Directrice : St\u00e9phanie CLOUET<\/p>\n<p><strong>Lieu de l&rsquo;accueil<\/strong> :\u00a0 7 rue Principale\u00a0et 3 rue Principale<br \/>\nT\u00e9l. : 02 40 79 82 09 (r\u00e9pondeur) \/ Mail : aps.mairie@vay.fr<\/p>\n<p><strong>Horaires<\/strong> : matin :\u00a0 7 h 30 \u00e0 9 h 00 &#8211;\u00a0 soir : 16 h 45 \u00e0 18 h 30<br \/>\nCapacit\u00e9 d\u2019accueil : 64 enfants<\/p>\n<p>Pour une bonne organisation, les inscriptions ou les annulations sont \u00e0 communiquer 2 jours \u00e0 l&rsquo;avance.<\/p>\n<p>Pour de plus amples informations (r\u00e8glement du restaurant scolaire,  tarif,\u00a0r\u00e8glement de l&rsquo;accueil p\u00e9riscolaire,&#8230;) vous pouvez \u00e9galement  consulter le site de la commune de Vay : <a href=\"http:\/\/www.vay.fr\/\" target=\"blank\">http:\/\/www.vay.fr<\/a><\/p>\n","protected":false},"excerpt":{"rendered":"<p>La cantine et l&rsquo;accueil p\u00e9riscolaire sont\u00a0des services\u00a0organis\u00e9s par la municipalit\u00e9. Pour y inscrire votre enfant vous devez donc\u00a0contacter la mairie de Vay. T\u00e9l. : 02 40 79 47 18\u00a0\u00a0\u00a0\u00a0\u00a0\u00a0\u00a0\u00a0 Fax. : 02 40 79 36 47 Courriel : mairie@vay.fr La &hellip; <a href=\"https:\/\/passerelle2.ac-nantes.fr\/ecole-boisviaud\/autour-de-lecole\/cantine-et-periscolaire\/\">Continuer la lecture <span class=\"meta-nav\">&rarr;<\/span><\/a><\/p>\n","protected":false},"author":3956,"featured_media":0,"parent":83,"menu_order":10,"comment_status":"closed","ping_status":"closed","template":"","meta":{"ngg_post_thumbnail":0,"h5ap_radio_sources":[],"footnotes":""},"folder":[],"class_list":["post-46","page","type-page","status-publish","hentry"],"_links":{"self":[{"href":"https:\/\/passerelle2.ac-nantes.fr\/ecole-boisviaud\/wp-json\/wp\/v2\/pages\/46","targetHints":{"allow":["GET"]}}],"collection":[{"href":"https:\/\/passerelle2.ac-nantes.fr\/ecole-boisviaud\/wp-json\/wp\/v2\/pages"}],"about":[{"href":"https:\/\/passerelle2.ac-nantes.fr\/ecole-boisviaud\/wp-json\/wp\/v2\/types\/page"}],"author":[{"embeddable":true,"href":"https:\/\/passerelle2.ac-nantes.fr\/ecole-boisviaud\/wp-json\/wp\/v2\/users\/3956"}],"replies":[{"embeddable":true,"href":"https:\/\/passerelle2.ac-nantes.fr\/ecole-boisviaud\/wp-json\/wp\/v2\/comments?post=46"}],"version-history":[{"count":0,"href":"https:\/\/passerelle2.ac-nantes.fr\/ecole-boisviaud\/wp-json\/wp\/v2\/pages\/46\/revisions"}],"up":[{"embeddable":true,"href":"https:\/\/passerelle2.ac-nantes.fr\/ecole-boisviaud\/wp-json\/wp\/v2\/pages\/83"}],"wp:attachment":[{"href":"https:\/\/passerelle2.ac-nantes.fr\/ecole-boisviaud\/wp-json\/wp\/v2\/media?parent=46"}],"wp:term":[{"taxonomy":"folder","embeddable":true,"href":"https:\/\/passerelle2.ac-nantes.fr\/ecole-boisviaud\/wp-json\/wp\/v2\/folder?post=46"}],"curies":[{"name":"wp","href":"https:\/\/api.w.org\/{rel}","templated":true}]}}