
{"id":50,"date":"2013-08-31T09:25:17","date_gmt":"2013-08-31T07:25:17","guid":{"rendered":"https:\/\/passerelle2.ac-nantes.fr\/ecole-boisviaud\/?page_id=50"},"modified":"2013-08-31T12:31:58","modified_gmt":"2013-08-31T10:31:58","slug":"representants-des-parents-deleves","status":"publish","type":"page","link":"https:\/\/passerelle2.ac-nantes.fr\/ecole-boisviaud\/autour-de-lecole\/representants-des-parents-deleves\/","title":{"rendered":"Repr\u00e9sentants des parents d&rsquo;\u00e9l\u00e8ves"},"content":{"rendered":"","protected":false},"excerpt":{"rendered":"","protected":false},"author":3956,"featured_media":0,"parent":83,"menu_order":2,"comment_status":"closed","ping_status":"closed","template":"","meta":{"ngg_post_thumbnail":0,"h5ap_radio_sources":[],"footnotes":""},"folder":[],"class_list":["post-50","page","type-page","status-publish","hentry"],"_links":{"self":[{"href":"https:\/\/passerelle2.ac-nantes.fr\/ecole-boisviaud\/wp-json\/wp\/v2\/pages\/50","targetHints":{"allow":["GET"]}}],"collection":[{"href":"https:\/\/passerelle2.ac-nantes.fr\/ecole-boisviaud\/wp-json\/wp\/v2\/pages"}],"about":[{"href":"https:\/\/passerelle2.ac-nantes.fr\/ecole-boisviaud\/wp-json\/wp\/v2\/types\/page"}],"author":[{"embeddable":true,"href":"https:\/\/passerelle2.ac-nantes.fr\/ecole-boisviaud\/wp-json\/wp\/v2\/users\/3956"}],"replies":[{"embeddable":true,"href":"https:\/\/passerelle2.ac-nantes.fr\/ecole-boisviaud\/wp-json\/wp\/v2\/comments?post=50"}],"version-history":[{"count":0,"href":"https:\/\/passerelle2.ac-nantes.fr\/ecole-boisviaud\/wp-json\/wp\/v2\/pages\/50\/revisions"}],"up":[{"embeddable":true,"href":"https:\/\/passerelle2.ac-nantes.fr\/ecole-boisviaud\/wp-json\/wp\/v2\/pages\/83"}],"wp:attachment":[{"href":"https:\/\/passerelle2.ac-nantes.fr\/ecole-boisviaud\/wp-json\/wp\/v2\/media?parent=50"}],"wp:term":[{"taxonomy":"folder","embeddable":true,"href":"https:\/\/passerelle2.ac-nantes.fr\/ecole-boisviaud\/wp-json\/wp\/v2\/folder?post=50"}],"curies":[{"name":"wp","href":"https:\/\/api.w.org\/{rel}","templated":true}]}}