
{"id":52,"date":"2013-08-31T09:25:40","date_gmt":"2013-08-31T07:25:40","guid":{"rendered":"https:\/\/passerelle2.ac-nantes.fr\/ecole-boisviaud\/?page_id=52"},"modified":"2013-08-31T12:32:03","modified_gmt":"2013-08-31T10:32:03","slug":"amicale-laique","status":"publish","type":"page","link":"https:\/\/passerelle2.ac-nantes.fr\/ecole-boisviaud\/autour-de-lecole\/amicale-laique\/","title":{"rendered":"Amicale la\u00efque"},"content":{"rendered":"<p>Pr\u00e9sidente :<\/p>\n<p>Cette association s&rsquo;est cr\u00e9\u00e9e peu apr\u00e8s l&rsquo;ouverture de l&rsquo;\u00e9cole  publique en 2005. Elle est ouverte \u00e0 tous les parents d&rsquo;\u00e9l\u00e8ves et \u00e0  toutes les personnes souhaitant soutenir l&rsquo;enseignement la\u00efc.<\/p>\n<p>Ses objectifs sont les suivants :<\/p>\n<p><strong>1. D\u00e9fendre et d\u00e9velopper l&rsquo;enseignement public.<\/strong><\/p>\n<p><strong>2. Soutenir les projets p\u00e9dagogiques des enseignants<\/strong>.<\/p>\n<p>En 2006-2007, l&rsquo;Amicale a financ\u00e9 un projet de d\u00e9couverte artistique  men\u00e9 au niveau du canton de Nozay autour de l&rsquo;oeuvre du peintre Marc  Chagall avec des ateliers d&rsquo;arts plastiques, un spectacle et une  exposition. Un t\u00e9l\u00e9viseur-lecteur DVD a \u00e9t\u00e9 offert \u00e0 l&rsquo;\u00e9cole pour la  projection de documentaires.<\/p>\n<p><strong>3. Mettre en place des activit\u00e9s culturelles pour les enfants et leur famille.<\/strong><\/p>\n<p>L&rsquo;Amicale organise 4 temps forts sur l&rsquo;ann\u00e9e:<\/p>\n<p>&#8211; une veill\u00e9e pour les enfants dans le cadre du festival Graines d&rsquo;Automne<br \/>\n&#8211; le spectacle et le go\u00fbter de No\u00ebl<br \/>\n&#8211; un d\u00e9fil\u00e9 de carnaval suivi en soir\u00e9e d&rsquo;un repas \u00e0 th\u00e8me<br \/>\n&#8211; une f\u00eate de fin d&rsquo;ann\u00e9e<\/p>\n<p>Toute l&rsquo;ann\u00e9e, des cours de danse tahitienne sont propos\u00e9s.<\/p>\n<p><strong>Si vous \u00eates int\u00e9ress\u00e9(e) pour participer aux activit\u00e9s, au fonctionnement de l&rsquo;Amicale<\/strong> (animations, organisation, coup de main ponctuel,etc) vous pouvez contacter la pr\u00e9sidente.<\/p>\n","protected":false},"excerpt":{"rendered":"<p>Pr\u00e9sidente : Cette association s&rsquo;est cr\u00e9\u00e9e peu apr\u00e8s l&rsquo;ouverture de l&rsquo;\u00e9cole publique en 2005. Elle est ouverte \u00e0 tous les parents d&rsquo;\u00e9l\u00e8ves et \u00e0 toutes les personnes souhaitant soutenir l&rsquo;enseignement la\u00efc. Ses objectifs sont les suivants : 1. D\u00e9fendre et &hellip; <a href=\"https:\/\/passerelle2.ac-nantes.fr\/ecole-boisviaud\/autour-de-lecole\/amicale-laique\/\">Continuer la lecture <span class=\"meta-nav\">&rarr;<\/span><\/a><\/p>\n","protected":false},"author":3956,"featured_media":0,"parent":83,"menu_order":1,"comment_status":"closed","ping_status":"closed","template":"","meta":{"ngg_post_thumbnail":0,"h5ap_radio_sources":[],"footnotes":""},"folder":[],"class_list":["post-52","page","type-page","status-publish","hentry"],"_links":{"self":[{"href":"https:\/\/passerelle2.ac-nantes.fr\/ecole-boisviaud\/wp-json\/wp\/v2\/pages\/52","targetHints":{"allow":["GET"]}}],"collection":[{"href":"https:\/\/passerelle2.ac-nantes.fr\/ecole-boisviaud\/wp-json\/wp\/v2\/pages"}],"about":[{"href":"https:\/\/passerelle2.ac-nantes.fr\/ecole-boisviaud\/wp-json\/wp\/v2\/types\/page"}],"author":[{"embeddable":true,"href":"https:\/\/passerelle2.ac-nantes.fr\/ecole-boisviaud\/wp-json\/wp\/v2\/users\/3956"}],"replies":[{"embeddable":true,"href":"https:\/\/passerelle2.ac-nantes.fr\/ecole-boisviaud\/wp-json\/wp\/v2\/comments?post=52"}],"version-history":[{"count":0,"href":"https:\/\/passerelle2.ac-nantes.fr\/ecole-boisviaud\/wp-json\/wp\/v2\/pages\/52\/revisions"}],"up":[{"embeddable":true,"href":"https:\/\/passerelle2.ac-nantes.fr\/ecole-boisviaud\/wp-json\/wp\/v2\/pages\/83"}],"wp:attachment":[{"href":"https:\/\/passerelle2.ac-nantes.fr\/ecole-boisviaud\/wp-json\/wp\/v2\/media?parent=52"}],"wp:term":[{"taxonomy":"folder","embeddable":true,"href":"https:\/\/passerelle2.ac-nantes.fr\/ecole-boisviaud\/wp-json\/wp\/v2\/folder?post=52"}],"curies":[{"name":"wp","href":"https:\/\/api.w.org\/{rel}","templated":true}]}}