
{"id":55,"date":"2013-08-31T09:28:34","date_gmt":"2013-08-31T07:28:34","guid":{"rendered":"https:\/\/passerelle2.ac-nantes.fr\/ecole-boisviaud\/?page_id=55"},"modified":"2014-11-15T18:38:00","modified_gmt":"2014-11-15T16:38:00","slug":"a-la-une","status":"publish","type":"page","link":"https:\/\/passerelle2.ac-nantes.fr\/ecole-boisviaud\/vie-de-lecole\/a-la-une\/","title":{"rendered":"\u00e0 la Une !"},"content":{"rendered":"<p><strong>Guerre 14-18 : un beau travail effectu\u00e9 par les scolaires<\/strong><br \/>\n<em>article paru dans le Ouest France du 13 novembre 2014<\/em><\/p>\n<p><a href=\"https:\/\/passerelle2.ac-nantes.fr\/ecole-boisviaud\/wp-content\/uploads\/sites\/651\/2013\/08\/guerre-14-18-un-beau-travail-effectue-par-les-scolaires.jpg\"><img loading=\"lazy\" decoding=\"async\" width=\"300\" height=\"168\" class=\"alignnone size-medium wp-image-516\" src=\"https:\/\/passerelle2.ac-nantes.fr\/ecole-boisviaud\/wp-content\/uploads\/sites\/651\/2013\/08\/guerre-14-18-un-beau-travail-effectue-par-les-scolaires-300x168.jpg\" alt=\"\" srcset=\"https:\/\/passerelle2.ac-nantes.fr\/ecole-boisviaud\/wp-content\/uploads\/sites\/651\/2013\/08\/guerre-14-18-un-beau-travail-effectue-par-les-scolaires-300x168.jpg 300w, https:\/\/passerelle2.ac-nantes.fr\/ecole-boisviaud\/wp-content\/uploads\/sites\/651\/2013\/08\/guerre-14-18-un-beau-travail-effectue-par-les-scolaires.jpg 640w\" sizes=\"auto, (max-width: 300px) 100vw, 300px\" \/><\/a><\/p>\n<p>\u00c0 l&rsquo;occasion du centenaire de la guerre 14-18, les \u00e9l\u00e8ves de CM1 et CM2 des deux \u00e9coles de la commune ont fait des recherches sur les soldats de Vay, disparus au cours de la Premi\u00e8re Guerre mondiale.<\/p>\n<p>\u00c0 l&rsquo;\u00e9cole Saint-Yves, la classe de M\u00e9lanie Renault a localis\u00e9 les lieux d&rsquo;habitation des soldats morts au combat entre 1914 et 1918, sur une carte de la commune. \u00c0 l&rsquo;\u00e9cole du Bois-Viaud, les \u00e9l\u00e8ves de Mika\u00ebl Lambert et Cindy Barban, ont plac\u00e9, sur une carte IGN de l&rsquo;\u00e9poque, les lieux de d\u00e9c\u00e8s de ces soldats, dont ils ont inscrit le nom et la date de leur disparition.<\/p>\n<p>Gr\u00e2ce \u00e0 ce travail, les enfants ont d\u00e9couvert que les soldats de Vay sont morts sur le front, loin de chez eux, dans l&rsquo;est de la France et que certains sont tomb\u00e9s apr\u00e8s l&rsquo;armistice du 11-Novembre.<\/p>\n<p>Les cartes et dessins r\u00e9alis\u00e9s par les deux \u00e9coles ont occup\u00e9 une place importante \u00e0 l&rsquo;exposition pr\u00e9sent\u00e9e par l&rsquo;association M\u00e9moire de Vay.<\/p>\n<p>&nbsp;<\/p>\n<p><strong>La rentr\u00e9e 2014<\/strong><br \/>\n<strong> <\/strong><em>article publi\u00e9 dans le Ouest France du\u00a04 septembre 2014 :<\/em><\/p>\n<p><a href=\"https:\/\/passerelle2.ac-nantes.fr\/ecole-boisviaud\/wp-content\/uploads\/sites\/651\/2013\/08\/lecole-du-bois-viaud-la-rentree-est-sereine.jpg\"><img loading=\"lazy\" decoding=\"async\" width=\"300\" height=\"168\" class=\"alignnone size-medium wp-image-513\" src=\"https:\/\/passerelle2.ac-nantes.fr\/ecole-boisviaud\/wp-content\/uploads\/sites\/651\/2013\/08\/lecole-du-bois-viaud-la-rentree-est-sereine-300x168.jpg\" alt=\"\" srcset=\"https:\/\/passerelle2.ac-nantes.fr\/ecole-boisviaud\/wp-content\/uploads\/sites\/651\/2013\/08\/lecole-du-bois-viaud-la-rentree-est-sereine-300x168.jpg 300w, https:\/\/passerelle2.ac-nantes.fr\/ecole-boisviaud\/wp-content\/uploads\/sites\/651\/2013\/08\/lecole-du-bois-viaud-la-rentree-est-sereine.jpg 640w\" sizes=\"auto, (max-width: 300px) 100vw, 300px\" \/><\/a><\/p>\n<p>Pour la rentr\u00e9e 2014, l&rsquo;\u00e9cole publique du Bois-Viaud a accueilli 135 \u00e9l\u00e8ves, r\u00e9partis dans cinq classes.<\/p>\n<p>En maternelle, C\u00e9line Provost et St\u00e9phanie Lesur sont fid\u00e8les au poste, rejointes par Fanny Hangouet, nouveau visage de la rentr\u00e9e.<\/p>\n<p>Laure Monchablon int\u00e8gre l&rsquo;\u00e9quipe en tant qu&rsquo;enseignante rempla\u00e7ante.<\/p>\n<p>Le lundi, Cindy Barban, prend en charge la classe de CM1-CM2 de Mika\u00ebl Lambert, en d\u00e9charge de direction.<\/p>\n<p>Pour cette nouvelle ann\u00e9e scolaire, les \u00e9coliers du Bois-Viaud vont travailler sur des projets ax\u00e9s sur le chant choral et la litt\u00e9rature.<\/p>\n<p>La mise en place des nouveaux rythmes scolaires, pr\u00e9par\u00e9e et organis\u00e9e avec la municipalit\u00e9, ne devrait pas perturber tr\u00e8s longtemps les habitudes des \u00e9coliers.<\/p>\n<p>&nbsp;<\/p>\n<p>&nbsp;<\/p>\n","protected":false},"excerpt":{"rendered":"<p>Guerre 14-18 : un beau travail effectu\u00e9 par les scolaires article paru dans le Ouest France du 13 novembre 2014 \u00c0 l&rsquo;occasion du centenaire de la guerre 14-18, les \u00e9l\u00e8ves de CM1 et CM2 des deux \u00e9coles de la commune &hellip; <a href=\"https:\/\/passerelle2.ac-nantes.fr\/ecole-boisviaud\/vie-de-lecole\/a-la-une\/\">Continuer la lecture <span class=\"meta-nav\">&rarr;<\/span><\/a><\/p>\n","protected":false},"author":3956,"featured_media":0,"parent":78,"menu_order":99,"comment_status":"closed","ping_status":"closed","template":"","meta":{"ngg_post_thumbnail":0,"h5ap_radio_sources":[],"footnotes":""},"folder":[],"class_list":["post-55","page","type-page","status-publish","hentry"],"_links":{"self":[{"href":"https:\/\/passerelle2.ac-nantes.fr\/ecole-boisviaud\/wp-json\/wp\/v2\/pages\/55","targetHints":{"allow":["GET"]}}],"collection":[{"href":"https:\/\/passerelle2.ac-nantes.fr\/ecole-boisviaud\/wp-json\/wp\/v2\/pages"}],"about":[{"href":"https:\/\/passerelle2.ac-nantes.fr\/ecole-boisviaud\/wp-json\/wp\/v2\/types\/page"}],"author":[{"embeddable":true,"href":"https:\/\/passerelle2.ac-nantes.fr\/ecole-boisviaud\/wp-json\/wp\/v2\/users\/3956"}],"replies":[{"embeddable":true,"href":"https:\/\/passerelle2.ac-nantes.fr\/ecole-boisviaud\/wp-json\/wp\/v2\/comments?post=55"}],"version-history":[{"count":0,"href":"https:\/\/passerelle2.ac-nantes.fr\/ecole-boisviaud\/wp-json\/wp\/v2\/pages\/55\/revisions"}],"up":[{"embeddable":true,"href":"https:\/\/passerelle2.ac-nantes.fr\/ecole-boisviaud\/wp-json\/wp\/v2\/pages\/78"}],"wp:attachment":[{"href":"https:\/\/passerelle2.ac-nantes.fr\/ecole-boisviaud\/wp-json\/wp\/v2\/media?parent=55"}],"wp:term":[{"taxonomy":"folder","embeddable":true,"href":"https:\/\/passerelle2.ac-nantes.fr\/ecole-boisviaud\/wp-json\/wp\/v2\/folder?post=55"}],"curies":[{"name":"wp","href":"https:\/\/api.w.org\/{rel}","templated":true}]}}