
{"id":83,"date":"2013-08-31T12:06:36","date_gmt":"2013-08-31T10:06:36","guid":{"rendered":"https:\/\/passerelle2.ac-nantes.fr\/ecole-boisviaud\/?page_id=83"},"modified":"2013-08-31T12:29:30","modified_gmt":"2013-08-31T10:29:30","slug":"autour-de-lecole","status":"publish","type":"page","link":"https:\/\/passerelle2.ac-nantes.fr\/ecole-boisviaud\/autour-de-lecole\/","title":{"rendered":"Autour de l&rsquo;\u00e9cole"},"content":{"rendered":"<p><a title=\"Amicale la\u00efque\" href=\"https:\/\/passerelle2.ac-nantes.fr\/ecole-boisviaud\/autour-de-lecole\/amicale-laique\/\">Amicale La\u00efque<\/a><\/p>\n<p><a title=\"Repr\u00e9sentants des parents d\u2019\u00e9l\u00e8ves\" href=\"https:\/\/passerelle2.ac-nantes.fr\/ecole-boisviaud\/autour-de-lecole\/representants-des-parents-deleves\/\">Repr\u00e9sentants de parents d&rsquo;\u00e9l\u00e8ves<\/a><\/p>\n<p><a title=\"Cantine et p\u00e9riscolaire\" href=\"https:\/\/passerelle2.ac-nantes.fr\/ecole-boisviaud\/autour-de-lecole\/cantine-et-periscolaire\/\">Cantine et p\u00e9riscolaire<\/a><\/p>\n","protected":false},"excerpt":{"rendered":"<p>Amicale La\u00efque Repr\u00e9sentants de parents d&rsquo;\u00e9l\u00e8ves Cantine et p\u00e9riscolaire<\/p>\n","protected":false},"author":3956,"featured_media":0,"parent":0,"menu_order":2,"comment_status":"closed","ping_status":"closed","template":"","meta":{"ngg_post_thumbnail":0,"h5ap_radio_sources":[],"footnotes":""},"folder":[],"class_list":["post-83","page","type-page","status-publish","hentry"],"_links":{"self":[{"href":"https:\/\/passerelle2.ac-nantes.fr\/ecole-boisviaud\/wp-json\/wp\/v2\/pages\/83","targetHints":{"allow":["GET"]}}],"collection":[{"href":"https:\/\/passerelle2.ac-nantes.fr\/ecole-boisviaud\/wp-json\/wp\/v2\/pages"}],"about":[{"href":"https:\/\/passerelle2.ac-nantes.fr\/ecole-boisviaud\/wp-json\/wp\/v2\/types\/page"}],"author":[{"embeddable":true,"href":"https:\/\/passerelle2.ac-nantes.fr\/ecole-boisviaud\/wp-json\/wp\/v2\/users\/3956"}],"replies":[{"embeddable":true,"href":"https:\/\/passerelle2.ac-nantes.fr\/ecole-boisviaud\/wp-json\/wp\/v2\/comments?post=83"}],"version-history":[{"count":0,"href":"https:\/\/passerelle2.ac-nantes.fr\/ecole-boisviaud\/wp-json\/wp\/v2\/pages\/83\/revisions"}],"wp:attachment":[{"href":"https:\/\/passerelle2.ac-nantes.fr\/ecole-boisviaud\/wp-json\/wp\/v2\/media?parent=83"}],"wp:term":[{"taxonomy":"folder","embeddable":true,"href":"https:\/\/passerelle2.ac-nantes.fr\/ecole-boisviaud\/wp-json\/wp\/v2\/folder?post=83"}],"curies":[{"name":"wp","href":"https:\/\/api.w.org\/{rel}","templated":true}]}}