
{"id":147,"date":"2013-06-04T11:12:49","date_gmt":"2013-06-04T11:12:49","guid":{"rendered":"https:\/\/passerelle2.ac-nantes.fr\/ecole-hopital-nantes\/?page_id=147"},"modified":"2020-12-05T17:28:51","modified_gmt":"2020-12-05T16:28:51","slug":"accueil","status":"publish","type":"page","link":"https:\/\/passerelle2.ac-nantes.fr\/ecole-hopital-nantes\/","title":{"rendered":"Accueil"},"content":{"rendered":"<h4 style=\"text-align: justify;\"><span style=\"font-family: helvetica, arial, sans-serif;\"><strong><span style=\"color: #808080;\">L\u2019\u00e9cole \u00e0 l\u2019h\u00f4pital de Nantes a pour objectif d&rsquo;assurer le suivi scolaire des jeunes malades \u00e9loign\u00e9s pour un temps de leur \u00e9tablissement scolaire d&rsquo;origine.<\/span><\/strong><\/span><\/h4>\n<p style=\"text-align: center;\"><strong><span style=\"color: #808080;\"><a href=\"https:\/\/passerelle2.ac-nantes.fr\/ecole-hopital-nantes\/wp-content\/uploads\/sites\/169\/2013\/12\/Ecole3.jpg\"><img loading=\"lazy\" decoding=\"async\" width=\"341\" height=\"192\" class=\"aligncenter size-full wp-image-625\" alt=\"\" src=\"https:\/\/passerelle2.ac-nantes.fr\/ecole-hopital-nantes\/wp-content\/uploads\/sites\/169\/2013\/12\/Ecole3.jpg\" srcset=\"https:\/\/passerelle2.ac-nantes.fr\/ecole-hopital-nantes\/wp-content\/uploads\/sites\/169\/2013\/12\/Ecole3.jpg 1024w, https:\/\/passerelle2.ac-nantes.fr\/ecole-hopital-nantes\/wp-content\/uploads\/sites\/169\/2013\/12\/Ecole3-300x168.jpg 300w\" sizes=\"auto, (max-width: 341px) 100vw, 341px\" \/><\/a><\/span><\/strong><\/p>\n<p style=\"text-align: justify;\"><span style=\"color: #000080; font-family: helvetica, arial, sans-serif;\">Les cours sont individualis\u00e9s et adapt\u00e9s \u00e0 la probl\u00e9matique de chaque enfant ou adolescent. L&rsquo;\u00e9quipe est compos\u00e9e de deux enseignants de primaire et de cinq enseignants du secondaire. Tous d\u00e9pendent de l<span style=\"text-decoration: underline;\"><a title=\"Cliquez pour aller vers le site du minist\u00e8re de l'Education nationale\" style=\"color: #000080; text-decoration: underline;\" href=\"http:\/\/www.education.gouv.fr\/\" target=\"_blank\" rel=\"noopener noreferrer\">\u2019Education nationale<\/a><\/span>. L&rsquo;\u00e9quipe enseignante intervient dans l&rsquo;ensemble des services de la p\u00e9diatrie.<br \/>\n<\/span><\/p>\n<p style=\"text-align: justify;\"><span style=\"color: #000080; font-family: helvetica, arial, sans-serif;\">L&rsquo;\u00e9cole \u00e0 l&rsquo;h\u00f4pital permet la continuit\u00e9 des apprentissages scolaires. Elle contribue aussi \u00e0 l&rsquo;\u00e9quilibre psychologique des enfants hospitalis\u00e9s. Elle est un lien vers le monde ext\u00e9rieur dans lequel l&rsquo;enfant est actif et peut avoir des projets. Elle participe enfin au mieux-\u00eatre de l&rsquo;enfant en lui donnant la possibilit\u00e9 de penser pendant un moment \u00e0 autre chose qu&rsquo;\u00e0 la maladie.<\/span><\/p>\n<p style=\"text-align: justify;\"><span style=\"color: #000080; font-family: helvetica, arial, sans-serif;\">Pour chaque enfant, un projet scolaire adapt\u00e9 est mis en place en \u00e9troite collaboration entre l&rsquo;enfant, ses parents, l&rsquo;\u00e9quipe m\u00e9dicale et les partenaires ext\u00e9rieurs.<\/span><\/p>\n<p>&nbsp;<\/p>\n<p style=\"text-align: center;\"><span style=\"font-family: helvetica, arial, sans-serif;\"><em style=\"text-align: justify; color: #888888;\"><span style=\"font-size: 14pt;\"><strong>Loi du 4 mars 2002 relative aux droits des malades :&nbsp;<\/strong><\/span><\/em><\/span><\/p>\n<p style=\"text-align: center;\"><span style=\"color: #888888; font-family: helvetica, arial, sans-serif;\"><em><strong>\u00ab\u00a0Dans la mesure o\u00f9 leurs conditions d\u2019hospitalisation le permettent, les enfants en \u00e2ge scolaire ont droit \u00e0 un suivi scolaire adapt\u00e9 au sein des \u00e9tablissements de sant\u00e9\u00a0\u00bb<\/strong>&nbsp;.<\/em><\/span><\/p>\n<div style=\"text-align: left;\"><a href=\"https:\/\/passerelle2.ac-nantes.fr\/ecole-hopital-nantes\/wp-content\/uploads\/sites\/169\/2018\/04\/Brochure_Ecole_d\u00e9cembre2017.pdf\"><img loading=\"lazy\" decoding=\"async\" width=\"102\" height=\"128\" class=\"alignleft wp-image-387\" alt=\"\" src=\"https:\/\/passerelle2.ac-nantes.fr\/ecole-hopital-nantes\/wp-content\/uploads\/sites\/169\/2013\/12\/logo-plaquette-ecole.jpg\"><\/a><\/div>\n<p>&nbsp;<\/p>\n<p style=\"text-align: left;\"><span style=\"font-family: helvetica, arial, sans-serif; color: #000080;\"><strong>Pour t\u00e9l\u00e9charger la plaquette de pr\u00e9sentation de l&rsquo;\u00e9cole \u00e0 l&rsquo;h\u00f4pital de Nantes, cliquez sur l&rsquo;image ci-contre.<\/strong><\/span><\/p>\n<p><a title=\"WebAnalytics\" href=\"http:\/\/www.xiti.com\/xiti.asp?s=616031\" target=\"_top\" rel=\"noopener noreferrer\"><br \/>\n<script type=\"text\/javascript\">\n<!--\nXt_param = 's=616031&p=page_d_accueil';\ntry {Xt_r = top.document.referrer;}\ncatch(e) {Xt_r = document.referrer; }\nXt_h = new Date();\nXt_i = '<img width=\"80\" height=\"15\" border=\"0\" alt=\"\" ';\nXt_i += 'src=\"https:\/\/logv2.xiti.com\/g.xiti?'+Xt_param;\nXt_i += '&hl='+Xt_h.getHours()+'x'+Xt_h.getMinutes()+'x'+Xt_h.getSeconds();\nif(parseFloat(navigator.appVersion)>=4)\n{Xt_s=screen;Xt_i+='&r='+Xt_s.width+'x'+Xt_s.height+'x'+Xt_s.pixelDepth+'x'+Xt_s.colorDepth;}\ndocument.write(Xt_i+'&ref='+Xt_r.replace(\/[<>\"]\/g, '').replace(\/&\/g, '$')+'\" title=\"Internet Audience\">');\n\/\/-->\n<\/script><br \/>\n<noscript><br \/>\nMesure d&rsquo;audience ROI statistique webanalytics par <img loading=\"lazy\" decoding=\"async\" width=\"80\" height=\"15\" alt=\"WebAnalytics\" src=\"https:\/\/logv2.xiti.com\/g.xiti?s=616031&amp;ap=page_d_accueil\"><br \/>\n<\/noscript><\/a><\/p>\n","protected":false},"excerpt":{"rendered":"<p>L\u2019\u00e9cole \u00e0 l\u2019h\u00f4pital de Nantes a pour objectif d&rsquo;assurer le suivi scolaire des jeunes malades \u00e9loign\u00e9s pour un temps de leur \u00e9tablissement scolaire d&rsquo;origine. Les cours sont individualis\u00e9s et adapt\u00e9s \u00e0 la probl\u00e9matique de chaque enfant ou adolescent. L&rsquo;\u00e9quipe est compos\u00e9e de deux enseignants de primaire et de cinq enseignants du secondaire. Tous d\u00e9pendent de &hellip; <a href=\"https:\/\/passerelle2.ac-nantes.fr\/ecole-hopital-nantes\/\" class=\"more-link\">Continuer la lecture de <span class=\"screen-reader-text\">Accueil<\/span>  <span class=\"meta-nav\">&rarr;<\/span><\/a><\/p>\n","protected":false},"author":3930,"featured_media":0,"parent":0,"menu_order":0,"comment_status":"open","ping_status":"open","template":"","meta":{"ngg_post_thumbnail":0,"h5ap_radio_sources":[],"footnotes":""},"folder":[],"class_list":["post-147","page","type-page","status-publish","hentry"],"_links":{"self":[{"href":"https:\/\/passerelle2.ac-nantes.fr\/ecole-hopital-nantes\/wp-json\/wp\/v2\/pages\/147","targetHints":{"allow":["GET"]}}],"collection":[{"href":"https:\/\/passerelle2.ac-nantes.fr\/ecole-hopital-nantes\/wp-json\/wp\/v2\/pages"}],"about":[{"href":"https:\/\/passerelle2.ac-nantes.fr\/ecole-hopital-nantes\/wp-json\/wp\/v2\/types\/page"}],"author":[{"embeddable":true,"href":"https:\/\/passerelle2.ac-nantes.fr\/ecole-hopital-nantes\/wp-json\/wp\/v2\/users\/3930"}],"replies":[{"embeddable":true,"href":"https:\/\/passerelle2.ac-nantes.fr\/ecole-hopital-nantes\/wp-json\/wp\/v2\/comments?post=147"}],"version-history":[{"count":0,"href":"https:\/\/passerelle2.ac-nantes.fr\/ecole-hopital-nantes\/wp-json\/wp\/v2\/pages\/147\/revisions"}],"wp:attachment":[{"href":"https:\/\/passerelle2.ac-nantes.fr\/ecole-hopital-nantes\/wp-json\/wp\/v2\/media?parent=147"}],"wp:term":[{"taxonomy":"folder","embeddable":true,"href":"https:\/\/passerelle2.ac-nantes.fr\/ecole-hopital-nantes\/wp-json\/wp\/v2\/folder?post=147"}],"curies":[{"name":"wp","href":"https:\/\/api.w.org\/{rel}","templated":true}]}}