
{"id":400,"date":"2013-06-18T08:35:40","date_gmt":"2013-06-18T08:35:40","guid":{"rendered":"https:\/\/passerelle2.ac-nantes.fr\/ecole-hopital-nantes\/?page_id=400"},"modified":"2014-02-13T09:49:08","modified_gmt":"2014-02-13T09:49:08","slug":"les-mathematiques-au-college","status":"publish","type":"page","link":"https:\/\/passerelle2.ac-nantes.fr\/ecole-hopital-nantes\/ressources-pedagogiques\/les-mathematiques-au-college\/","title":{"rendered":"Ressources en maths\/sciences pour le coll\u00e8ge et le lyc\u00e9e"},"content":{"rendered":"<h5 style=\"text-align: justify\"><span style=\"color: #333399\">Vous trouverez dans cette rubrique des liens vers des sites de maths et de sciences int\u00e9ressants ainsi que des ressources (cours, activit\u00e9s, exercices) t\u00e9l\u00e9chargeables.<br \/>\n<\/span><\/h5>\n<h3 style=\"text-align: justify\"><span style=\"text-decoration: underline\"><strong><span style=\"color: #333399\">Quelques sites int\u00e9ressants pour les \u00e9l\u00e8ves : <a href=\"https:\/\/passerelle2.ac-nantes.fr\/ecole-hopital-nantes\/wp-content\/uploads\/sites\/169\/2014\/02\/Image-Ressources.jpg\"><img loading=\"lazy\" decoding=\"async\" class=\"aligncenter size-full wp-image-1011\" src=\"https:\/\/passerelle2.ac-nantes.fr\/ecole-hopital-nantes\/wp-content\/uploads\/sites\/169\/2014\/02\/Image-Ressources.jpg\" alt=\"\" width=\"450\" height=\"101\" srcset=\"https:\/\/passerelle2.ac-nantes.fr\/ecole-hopital-nantes\/wp-content\/uploads\/sites\/169\/2014\/02\/Image-Ressources.jpg 450w, https:\/\/passerelle2.ac-nantes.fr\/ecole-hopital-nantes\/wp-content\/uploads\/sites\/169\/2014\/02\/Image-Ressources-300x67.jpg 300w, https:\/\/passerelle2.ac-nantes.fr\/ecole-hopital-nantes\/wp-content\/uploads\/sites\/169\/2014\/02\/Image-Ressources-445x101.jpg 445w\" sizes=\"auto, (max-width: 450px) 100vw, 450px\" \/><\/a><\/span><\/strong><\/span><\/h3>\n<h3 style=\"text-align: justify\"><span style=\"text-decoration: underline\"><strong><span style=\"color: #333399\"><a href=\"https:\/\/passerelle2.ac-nantes.fr\/ecole-hopital-nantes\/wp-content\/uploads\/sites\/169\/2014\/02\/Illustrations-Ressources.jpg\"><\/a><\/span><\/strong><\/span><\/h3>\n<p><span style=\"text-decoration: underline\"><a title=\"Lien vers le site de Mathenpoche\" href=\"http:\/\/mathenpoche.sesamath.net\/\" target=\"_blank\">&#8211; Mathenpoche<\/a><\/span><span style=\"color: #333399\"> : avec Mathenpoche, S\u00e9samath propose aux \u00e9l\u00e8ves un maximum de ressources de tout type : cours, exercices, aides anim\u00e9es, QCM et devoirs pour s&rsquo;entra\u00eener mais aussi du calcul mental, des jeux logiques&#8230; Niveau 6\u00e8me-Tle.<\/span><br \/>\n<span style=\"text-decoration: underline\"><a title=\"Lien vers le site du Matou matheux\" href=\"http:\/\/matoumatheux.ac-rennes.fr\/accueilniveaux\/accueilFrance.htm\" target=\"_blank\">&#8211; Le Matou matheux <\/a><\/span><span style=\"color: #333399\">: des exercices int\u00e9ractifs et des animations en maths du C.P \u00e0 la seconde. <\/span><br \/>\n<span style=\"text-decoration: underline\"><a title=\"Lien vers le site de S\u00e9samaths\" href=\"http:\/\/manuel.sesamath.net\/index.php\" target=\"_blank\">&#8211; Manuels et cahiers S\u00e9samaths<\/a><\/span><span style=\"color: #333399\"> : donne l&rsquo;acc\u00e8s \u00e0 des manuels et \u00e0 des cahiers d&rsquo;exercices num\u00e9riques. Niveau 6\u00e8me-2nde.<\/span><br \/>\n<span style=\"text-decoration: underline\"><a title=\"Lien vers le site de Pyromaths\" href=\"http:\/\/www.pyromaths.org\/\" target=\"_blank\">&#8211; Pyromaths<\/a><\/span><span style=\"color: #333399\"> : c&rsquo;est un programme qui permet de g\u00e9n\u00e9rer des exercices de maths au format pdf. On peut aussi obtenir un corrig\u00e9 d\u00e9taill\u00e9 et ainsi mieux comprendre ses erreurs. Niveau coll\u00e8ge-lyc\u00e9e.<\/span><br \/>\n<span style=\"text-decoration: underline\"><a title=\"Lien vers le site de Mathenligne\" href=\"http:\/\/www.mathsenligne.net\/\" target=\"_blank\">&#8211; Maths en ligne<\/a><\/span><span style=\"color: #333399\"> : sur ce site, on peut t\u00e9l\u00e9charger gratuitement tous les documents (de cours et d&rsquo;exercices) en ligne et les imprimer. Niveau coll\u00e8ge-lyc\u00e9e.<\/span><\/p>\n<p><span style=\"text-decoration: underline\"><a title=\"Lien vers le site acad\u00e9mique de PLP de maths-sciences de Besan\u00e7on\" href=\"http:\/\/missiontice.ac-besancon.fr\/lp_maths_sciences\/index.htm\" target=\"_blank\">&#8211; Ressources pour le lyc\u00e9e Pro<\/a><\/span><span style=\"color: #333399\"> : site de ressources en maths et en sciences pour le lyc\u00e9e professionnel. Site acad\u00e9mique de Besan\u00e7on. Niveau 3\u00e8me DP-CAP et bac pro.<\/span><\/p>\n<h5 style=\"text-align: justify\"><span style=\"text-decoration: underline\"><strong><span style=\"color: #333399\">Deux sites plut\u00f4t pour les enseignants :<\/span><\/strong><\/span><\/h5>\n<p><span style=\"text-decoration: underline\"><a title=\"Lien vers le site de maths et tiques\" href=\"http:\/\/www.maths-et-tiques.fr\/\" target=\"_blank\">&#8211; Maths et tiques<\/a><\/span><span style=\"color: #333399\"> : des cours de maths et des activit\u00e9s \u00e0 t\u00e9l\u00e9charger, des dossiers d&rsquo;histoire, des curiosit\u00e9s math\u00e9matiques, des jeux, des travaux d&rsquo;\u00e9l\u00e8ves, etc.<\/span><br \/>\n<span style=\"text-decoration: underline\"><a title=\"Lien vers le site de math93 - une histoire des math\u00e9matiques\" href=\"http:\/\/www.math93.com\/\" target=\"_blank\">&#8211; math93<\/a><\/span><span style=\"color: #333399\"> : l&rsquo;actualit\u00e9 des math\u00e9matiques. L&rsquo;histoire des maths, des symboles et des math\u00e9maticiens. Des annales de bac et de DNB avec corrig\u00e9s t\u00e9l\u00e9chargeables. Bien d&rsquo;autres choses&#8230;<\/span><\/p>\n<div>\n<h3 style=\"text-align: justify\"><span style=\"text-decoration: underline\"><strong><span style=\"color: #333399\">Ressources de sixi\u00e8me t\u00e9l\u00e9chargeables et imprimables (format pdf)\u00a0: <\/span><\/strong><\/span><\/h3>\n<table border=\"0\" cellspacing=\"0\" rules=\"none\">\n<col span=\"1\" width=\"553\"><\/col>\n<tbody>\n<tr>\n<td style=\"text-align: center\" width=\"553\" height=\"20\" align=\"left\" bgcolor=\"#00cccc\"><strong><span style=\"font-size: small\">Chapitre 1 : Entiers et d\u00e9cimaux<\/span><\/strong><\/td>\n<\/tr>\n<tr>\n<td height=\"20\" align=\"left\" bgcolor=\"#ffffcc\"><strong><span style=\"color: #000000;font-size: small\"><a href=\"https:\/\/passerelle2.ac-nantes.fr\/ecole-hopital-nantes\/wp-content\/uploads\/sites\/169\/2013\/06\/nombres-d\u00e9cimaux.pdf\"><img loading=\"lazy\" decoding=\"async\" class=\"alignleft size-full wp-image-387\" src=\"https:\/\/passerelle2.ac-nantes.fr\/ecole-hopital-nantes\/wp-content\/uploads\/sites\/169\/2013\/06\/icone_pdf.jpg\" alt=\"\" width=\"17\" height=\"22\" \/>Fiche de cours sur les nombres d\u00e9cimaux<\/a><\/span><\/strong><\/td>\n<\/tr>\n<tr>\n<td style=\"text-align: left\" height=\"20\" align=\"left\" bgcolor=\"#aecf00\"><strong><span style=\"color: #000000;font-size: small\"><a href=\"https:\/\/passerelle2.ac-nantes.fr\/ecole-hopital-nantes\/wp-content\/uploads\/sites\/169\/2013\/06\/Entiers-et-d\u00e9cimaux.pdf\"><img loading=\"lazy\" decoding=\"async\" class=\"alignleft size-full wp-image-387\" src=\"https:\/\/passerelle2.ac-nantes.fr\/ecole-hopital-nantes\/wp-content\/uploads\/sites\/169\/2013\/06\/icone_pdf.jpg\" alt=\"\" width=\"17\" height=\"22\" \/><\/a> <a href=\"https:\/\/passerelle2.ac-nantes.fr\/ecole-hopital-nantes\/wp-content\/uploads\/sites\/169\/2013\/06\/Entiers-et-d\u00e9cimaux.pdf\">Fiche d&rsquo;exercices de fin de chapitre (\u00e9valuation des apprentissages)<\/a><\/span><\/strong><\/td>\n<\/tr>\n<tr>\n<td style=\"text-align: center\" width=\"553\" height=\"20\" align=\"left\" bgcolor=\"#00cccc\"><strong><span style=\"font-size: small\">Chapitre 2 : Droites parall\u00e8les, perpendiculaires<\/span><\/strong><\/td>\n<\/tr>\n<tr>\n<td height=\"20\" align=\"left\" bgcolor=\"#ffffcc\"><strong><span style=\"color: #000000;font-size: small\"><a href=\"https:\/\/passerelle2.ac-nantes.fr\/ecole-hopital-nantes\/wp-content\/uploads\/sites\/169\/2013\/06\/Droites_parall\u00e8les_perpendiculaires.pdf\"><img loading=\"lazy\" decoding=\"async\" class=\"alignleft size-full wp-image-387\" src=\"https:\/\/passerelle2.ac-nantes.fr\/ecole-hopital-nantes\/wp-content\/uploads\/sites\/169\/2013\/06\/icone_pdf.jpg\" alt=\"\" width=\"17\" height=\"22\" \/>Fiche de cours &#8211; point m\u00e9thode sur les trac\u00e9s<\/a><\/span><\/strong><\/td>\n<\/tr>\n<tr>\n<td style=\"text-align: center\" width=\"553\" height=\"20\" align=\"left\" bgcolor=\"#00cccc\"><strong><span style=\"font-size: small\">Chapitre 3 : Cercle, triangle et quadrilat\u00e8re<\/span><\/strong><\/td>\n<\/tr>\n<tr>\n<td height=\"20\" align=\"left\" bgcolor=\"#ffffcc\"><strong><span style=\"color: #000000;font-size: small\"><a href=\"https:\/\/passerelle2.ac-nantes.fr\/ecole-hopital-nantes\/wp-content\/uploads\/sites\/169\/2013\/06\/Construction_de_triangles.pdf\"><img loading=\"lazy\" decoding=\"async\" class=\"alignleft size-full wp-image-387\" src=\"https:\/\/passerelle2.ac-nantes.fr\/ecole-hopital-nantes\/wp-content\/uploads\/sites\/169\/2013\/06\/icone_pdf.jpg\" alt=\"\" width=\"17\" height=\"22\" \/>Fiche d&rsquo;activit\u00e9s sur la construction d&rsquo;un triangle &#8211; point m\u00e9thode <\/a><\/span><\/strong><\/td>\n<\/tr>\n<tr>\n<td style=\"text-align: left\" height=\"20\" align=\"left\" bgcolor=\"#aecf00\"><strong><span style=\"color: #000000;font-size: small\"><a href=\"https:\/\/passerelle2.ac-nantes.fr\/ecole-hopital-nantes\/wp-content\/uploads\/sites\/169\/2013\/06\/Cercle_triangle-situation_probleme.pdf\"><img loading=\"lazy\" decoding=\"async\" class=\"alignleft size-full wp-image-387\" src=\"https:\/\/passerelle2.ac-nantes.fr\/ecole-hopital-nantes\/wp-content\/uploads\/sites\/169\/2013\/06\/icone_pdf.jpg\" alt=\"\" width=\"17\" height=\"22\" \/><\/a> <a href=\"https:\/\/passerelle2.ac-nantes.fr\/ecole-hopital-nantes\/wp-content\/uploads\/sites\/169\/2013\/06\/Cercle_triangle-situation_probleme.pdf\">Fiche d&rsquo;exercice de type situation-probl\u00e8me autour de la notion de cercle<\/a><\/span><\/strong><\/td>\n<\/tr>\n<tr>\n<td style=\"text-align: center\" width=\"553\" height=\"20\" align=\"left\" bgcolor=\"#00cccc\"><strong><span style=\"font-size: small\">Chapitre 4 : longueurs, p\u00e9rim\u00e8tres et aires<\/span><\/strong><\/td>\n<\/tr>\n<tr>\n<td height=\"20\" align=\"left\" bgcolor=\"#ffffcc\"><strong><span style=\"color: #000000;font-size: small\"><a href=\"https:\/\/passerelle2.ac-nantes.fr\/ecole-hopital-nantes\/wp-content\/uploads\/sites\/169\/2013\/06\/longueur_p\u00e9rim\u00e8tre.pdf\"><img loading=\"lazy\" decoding=\"async\" class=\"alignleft size-full wp-image-387\" src=\"https:\/\/passerelle2.ac-nantes.fr\/ecole-hopital-nantes\/wp-content\/uploads\/sites\/169\/2013\/06\/icone_pdf.jpg\" alt=\"\" width=\"17\" height=\"22\" \/>Fiche d&rsquo;exercices sur les longueurs et leurs conversions. Notion de p\u00e9rim\u00e8tre<\/a><\/span><\/strong><\/td>\n<\/tr>\n<\/tbody>\n<\/table>\n<h3 style=\"text-align: justify\"><span style=\"text-decoration: underline\"><strong><span style=\"color: #333399\">Ressources de cinqui\u00e8me t\u00e9l\u00e9chargeables et imprimables (format pdf) : <\/span><\/strong><\/span><\/h3>\n<table border=\"0\" cellspacing=\"0\" rules=\"none\">\n<col span=\"1\" width=\"553\"><\/col>\n<tbody>\n<tr>\n<td style=\"text-align: center\" width=\"553\" height=\"20\" align=\"left\" bgcolor=\"#00cccc\"><strong><span style=\"font-size: small\">Chapitre 1 : Priorit\u00e9s, distributivit\u00e9<\/span><\/strong><\/td>\n<\/tr>\n<tr>\n<td height=\"20\" align=\"left\" bgcolor=\"#ffffcc\"><strong><span style=\"color: #000000;font-size: small\"><a href=\"https:\/\/passerelle2.ac-nantes.fr\/ecole-hopital-nantes\/wp-content\/uploads\/sites\/169\/2013\/06\/enchainement-dop\u00e9rations.pdf\"><img loading=\"lazy\" decoding=\"async\" class=\"alignleft size-full wp-image-387\" src=\"https:\/\/passerelle2.ac-nantes.fr\/ecole-hopital-nantes\/wp-content\/uploads\/sites\/169\/2013\/06\/icone_pdf.jpg\" alt=\"\" width=\"17\" height=\"22\" \/>Fiche de cours sur les priorit\u00e9s op\u00e9ratoires (avec ou sans parenth\u00e8ses)<\/a><\/span><\/strong><\/td>\n<\/tr>\n<tr>\n<td style=\"text-align: center\" width=\"553\" height=\"20\" align=\"left\" bgcolor=\"#00cccc\"><strong><span style=\"font-size: small\">Chapitre 2 : Nombres en \u00e9criture fractionnaire<\/span><\/strong><\/td>\n<\/tr>\n<tr>\n<td height=\"20\" align=\"left\" bgcolor=\"#ffffcc\"><strong><span style=\"color: #000000;font-size: small\"><a href=\"https:\/\/passerelle2.ac-nantes.fr\/ecole-hopital-nantes\/wp-content\/uploads\/sites\/169\/2013\/06\/enchainement-dop\u00e9rations.pdf\"><img loading=\"lazy\" decoding=\"async\" class=\"alignleft size-full wp-image-387\" src=\"https:\/\/passerelle2.ac-nantes.fr\/ecole-hopital-nantes\/wp-content\/uploads\/sites\/169\/2013\/06\/icone_pdf.jpg\" alt=\"\" width=\"17\" height=\"22\" \/>Fiche de cours sur les priorit\u00e9s op\u00e9ratoires (avec ou sans parenth\u00e8ses)<\/a><\/span><\/strong><\/td>\n<\/tr>\n<\/tbody>\n<\/table>\n<\/div>\n","protected":false},"excerpt":{"rendered":"<p>Vous trouverez dans cette rubrique des liens vers des sites de maths et de sciences int\u00e9ressants ainsi que des ressources (cours, activit\u00e9s, exercices) t\u00e9l\u00e9chargeables. Quelques sites int\u00e9ressants pour les \u00e9l\u00e8ves : &#8211; Mathenpoche : avec Mathenpoche, S\u00e9samath propose aux \u00e9l\u00e8ves un maximum de ressources de tout type : cours, exercices, aides anim\u00e9es, QCM et devoirs &hellip; <a href=\"https:\/\/passerelle2.ac-nantes.fr\/ecole-hopital-nantes\/ressources-pedagogiques\/les-mathematiques-au-college\/\" class=\"more-link\">Continuer la lecture de <span class=\"screen-reader-text\">Ressources en maths\/sciences pour le coll\u00e8ge et le lyc\u00e9e<\/span>  <span class=\"meta-nav\">&rarr;<\/span><\/a><\/p>\n","protected":false},"author":3930,"featured_media":0,"parent":456,"menu_order":0,"comment_status":"open","ping_status":"open","template":"template-twocolumnsleft.php","meta":{"ngg_post_thumbnail":0,"h5ap_radio_sources":[],"footnotes":""},"folder":[],"class_list":["post-400","page","type-page","status-publish","hentry"],"_links":{"self":[{"href":"https:\/\/passerelle2.ac-nantes.fr\/ecole-hopital-nantes\/wp-json\/wp\/v2\/pages\/400","targetHints":{"allow":["GET"]}}],"collection":[{"href":"https:\/\/passerelle2.ac-nantes.fr\/ecole-hopital-nantes\/wp-json\/wp\/v2\/pages"}],"about":[{"href":"https:\/\/passerelle2.ac-nantes.fr\/ecole-hopital-nantes\/wp-json\/wp\/v2\/types\/page"}],"author":[{"embeddable":true,"href":"https:\/\/passerelle2.ac-nantes.fr\/ecole-hopital-nantes\/wp-json\/wp\/v2\/users\/3930"}],"replies":[{"embeddable":true,"href":"https:\/\/passerelle2.ac-nantes.fr\/ecole-hopital-nantes\/wp-json\/wp\/v2\/comments?post=400"}],"version-history":[{"count":0,"href":"https:\/\/passerelle2.ac-nantes.fr\/ecole-hopital-nantes\/wp-json\/wp\/v2\/pages\/400\/revisions"}],"up":[{"embeddable":true,"href":"https:\/\/passerelle2.ac-nantes.fr\/ecole-hopital-nantes\/wp-json\/wp\/v2\/pages\/456"}],"wp:attachment":[{"href":"https:\/\/passerelle2.ac-nantes.fr\/ecole-hopital-nantes\/wp-json\/wp\/v2\/media?parent=400"}],"wp:term":[{"taxonomy":"folder","embeddable":true,"href":"https:\/\/passerelle2.ac-nantes.fr\/ecole-hopital-nantes\/wp-json\/wp\/v2\/folder?post=400"}],"curies":[{"name":"wp","href":"https:\/\/api.w.org\/{rel}","templated":true}]}}