
{"id":56,"date":"2013-05-22T08:40:24","date_gmt":"2013-05-22T08:40:24","guid":{"rendered":"https:\/\/passerelle2.ac-nantes.fr\/ecole-hopital-nantes\/?page_id=56"},"modified":"2018-06-22T15:27:24","modified_gmt":"2018-06-22T13:27:24","slug":"ecole-en-videos","status":"publish","type":"page","link":"https:\/\/passerelle2.ac-nantes.fr\/ecole-hopital-nantes\/lecole-en-video\/ecole-en-videos\/","title":{"rendered":"L&rsquo;\u00e9cole en vid\u00e9os pr\u00e9sent\u00e9e aux enfants"},"content":{"rendered":"<p><span style=\"font-family: helvetica, arial, sans-serif;\"><strong><span style=\"font-size: small;\">Une journ\u00e9e \u00e0 l&rsquo;h\u00f4pital (Dur\u00e9e : 2 min 30 s)<\/span><\/strong><\/span><\/p>\n<table border=\"0\" rules=\"none\" cellspacing=\"0\">\n<tbody>\n<tr>\n<td style=\"text-align: center;\" align=\"left\" bgcolor=\"#00cccc\" width=\"553\" height=\"20\"><span style=\"font-family: helvetica, arial, sans-serif;\"><strong><span style=\"font-size: small;\">Un cancer : qu&rsquo;est-ce que c&rsquo;est ? (Dur\u00e9e : 1 min 36 s)<\/span><\/strong><\/span><\/td>\n<\/tr>\n<tr>\n<td align=\"left\" bgcolor=\"#ffffcc\" height=\"20\"><span style=\"font-family: helvetica, arial, sans-serif;\"><strong><span style=\"color: #000000; font-size: small;\"><br \/>\n<iframe loading=\"lazy\" title=\"Un cancer qu&#039;est-ce que c&#039;est ?\" width=\"474\" height=\"267\" src=\"https:\/\/www.youtube.com\/embed\/TOvJhZESrIo?feature=oembed\" frameborder=\"0\" allow=\"accelerometer; autoplay; clipboard-write; encrypted-media; gyroscope; picture-in-picture; web-share\" referrerpolicy=\"strict-origin-when-cross-origin\" allowfullscreen><\/iframe><br \/>\n<\/span><\/strong><\/span><\/td>\n<\/tr>\n<tr>\n<td style=\"text-align: center;\" align=\"left\" bgcolor=\"#aecf00\" height=\"20\"><span style=\"font-family: helvetica, arial, sans-serif;\"><strong><span style=\"color: #000000; font-size: small;\">L&rsquo;\u00e9cole \u00e0 l&rsquo;h\u00f4pital pr\u00e9sent\u00e9e aux enfants (Dur\u00e9e : 2 min 3 s)<\/span><\/strong><\/span><\/td>\n<\/tr>\n<tr>\n<td align=\"left\" bgcolor=\"#ffffcc\" height=\"20\"><span style=\"font-family: helvetica, arial, sans-serif;\"><strong><span style=\"color: #000000; font-size: small;\"><br \/>\n<iframe loading=\"lazy\" title=\"L&#039;\u00e9cole \u00e0 l&#039;h\u00f4pital ENFANTS\" width=\"474\" height=\"267\" src=\"https:\/\/www.youtube.com\/embed\/-b63XR6LV5c?feature=oembed\" frameborder=\"0\" allow=\"accelerometer; autoplay; clipboard-write; encrypted-media; gyroscope; picture-in-picture; web-share\" referrerpolicy=\"strict-origin-when-cross-origin\" allowfullscreen><\/iframe><br \/>\n<\/span><\/strong><\/span><\/td>\n<\/tr>\n<tr>\n<td align=\"left\" bgcolor=\"#ffffcc\" height=\"20\"><span style=\"font-family: helvetica, arial, sans-serif;\"><strong><span style=\"color: #000000; font-size: small;\"><br \/>\n<iframe loading=\"lazy\" title=\"Une journ\u00e9e \u00e0 l&#039;h\u00f4pital ENFANTS\" width=\"474\" height=\"267\" src=\"https:\/\/www.youtube.com\/embed\/kVmfsAoxnUc?feature=oembed\" frameborder=\"0\" allow=\"accelerometer; autoplay; clipboard-write; encrypted-media; gyroscope; picture-in-picture; web-share\" referrerpolicy=\"strict-origin-when-cross-origin\" allowfullscreen><\/iframe><br \/>\n<\/span><\/strong><\/span><\/td>\n<\/tr>\n<tr>\n<td style=\"text-align: center;\" align=\"left\" bgcolor=\"#aecf00\" height=\"20\"><span style=\"font-family: helvetica, arial, sans-serif;\"><strong><span style=\"color: #000000; font-size: small;\">Qu&rsquo;est-ce que le SAPAD ? (Dur\u00e9e : 1 min 17 s)<\/span><\/strong><\/span><\/td>\n<\/tr>\n<tr>\n<td align=\"left\" bgcolor=\"#ffffcc\" height=\"20\"><span style=\"font-family: helvetica, arial, sans-serif;\"><strong><span style=\"color: #000000; font-size: small;\"><br \/>\n<iframe loading=\"lazy\" title=\"Qu&#039;est-ce que le SAPAD ?\" width=\"474\" height=\"267\" src=\"https:\/\/www.youtube.com\/embed\/95v-Kdfg_jA?feature=oembed\" frameborder=\"0\" allow=\"accelerometer; autoplay; clipboard-write; encrypted-media; gyroscope; picture-in-picture; web-share\" referrerpolicy=\"strict-origin-when-cross-origin\" allowfullscreen><\/iframe><br \/>\n<\/span><\/strong><\/span><\/td>\n<\/tr>\n<\/tbody>\n<\/table>\n","protected":false},"excerpt":{"rendered":"<p>Une journ\u00e9e \u00e0 l&rsquo;h\u00f4pital (Dur\u00e9e : 2 min 30 s) Un cancer : qu&rsquo;est-ce que c&rsquo;est ? (Dur\u00e9e : 1 min 36 s) L&rsquo;\u00e9cole \u00e0 l&rsquo;h\u00f4pital pr\u00e9sent\u00e9e aux enfants (Dur\u00e9e : 2 min 3 s) Qu&rsquo;est-ce que le SAPAD ? (Dur\u00e9e : 1 min 17 s)<\/p>\n","protected":false},"author":3930,"featured_media":0,"parent":863,"menu_order":1,"comment_status":"open","ping_status":"open","template":"template-twocolumnsleft.php","meta":{"ngg_post_thumbnail":0,"h5ap_radio_sources":[],"footnotes":""},"folder":[],"class_list":["post-56","page","type-page","status-publish","hentry"],"_links":{"self":[{"href":"https:\/\/passerelle2.ac-nantes.fr\/ecole-hopital-nantes\/wp-json\/wp\/v2\/pages\/56","targetHints":{"allow":["GET"]}}],"collection":[{"href":"https:\/\/passerelle2.ac-nantes.fr\/ecole-hopital-nantes\/wp-json\/wp\/v2\/pages"}],"about":[{"href":"https:\/\/passerelle2.ac-nantes.fr\/ecole-hopital-nantes\/wp-json\/wp\/v2\/types\/page"}],"author":[{"embeddable":true,"href":"https:\/\/passerelle2.ac-nantes.fr\/ecole-hopital-nantes\/wp-json\/wp\/v2\/users\/3930"}],"replies":[{"embeddable":true,"href":"https:\/\/passerelle2.ac-nantes.fr\/ecole-hopital-nantes\/wp-json\/wp\/v2\/comments?post=56"}],"version-history":[{"count":0,"href":"https:\/\/passerelle2.ac-nantes.fr\/ecole-hopital-nantes\/wp-json\/wp\/v2\/pages\/56\/revisions"}],"up":[{"embeddable":true,"href":"https:\/\/passerelle2.ac-nantes.fr\/ecole-hopital-nantes\/wp-json\/wp\/v2\/pages\/863"}],"wp:attachment":[{"href":"https:\/\/passerelle2.ac-nantes.fr\/ecole-hopital-nantes\/wp-json\/wp\/v2\/media?parent=56"}],"wp:term":[{"taxonomy":"folder","embeddable":true,"href":"https:\/\/passerelle2.ac-nantes.fr\/ecole-hopital-nantes\/wp-json\/wp\/v2\/folder?post=56"}],"curies":[{"name":"wp","href":"https:\/\/api.w.org\/{rel}","templated":true}]}}