
{"id":66,"date":"2013-05-22T08:54:20","date_gmt":"2013-05-22T08:54:20","guid":{"rendered":"https:\/\/passerelle2.ac-nantes.fr\/ecole-hopital-nantes\/?page_id=66"},"modified":"2018-06-22T15:51:33","modified_gmt":"2018-06-22T13:51:33","slug":"ressources","status":"publish","type":"page","link":"https:\/\/passerelle2.ac-nantes.fr\/ecole-hopital-nantes\/ressources\/","title":{"rendered":"Ateliers sciences"},"content":{"rendered":"<h4><span style=\"text-decoration: underline; font-family: helvetica, arial, sans-serif; color: #000080;\"><strong>L\u2019atelier sciences \u00e0 destination des \u00e9l\u00e8ves de primaire <\/strong><\/span><\/h4>\n<p style=\"text-align: justify;\"><span style=\"font-family: helvetica, arial, sans-serif; font-size: 12pt; color: #000080;\">Deux \u00e9tudiantes de l\u2019Ecole des Mines: Elise et Lucie, pour cette ann\u00e9e 2013-2014 apportent leur concours pour favoriser l\u2019observation, la manipulation, la curiosit\u00e9 par des exp\u00e9riences.<\/span><\/p>\n<p><span style=\"font-family: helvetica, arial, sans-serif; font-size: 12pt; color: #000080;\">Cet atelier a lieu de mani\u00e8re hebdomadaire le jeudi apr\u00e8s midi.<br \/>\nChaque semaine, un nouveau th\u00e8me est abord\u00e9 : l\u2019\u00e9lectricit\u00e9, l\u2019air, l\u2019eau, les couleurs&#8230;.<br \/>\nDu mat\u00e9riel est \u00e0 disposition, il permet aux \u00e9l\u00e8ves de proposer des hypoth\u00e8ses ou des exp\u00e9rimentations. <\/span><\/p>\n<p><span style=\"font-family: helvetica, arial, sans-serif; font-size: 12pt; color: #000080;\">En g\u00e9n\u00e9ral une question est pos\u00e9e et chacun doit essayer de trouver un moyen pour y r\u00e9pondre.<br \/>\nLe but n\u2019est pas forc\u00e9ment d\u2019avoir la bonne r\u00e9ponse mais d\u2019\u00e9changer, d\u2019exp\u00e9rimenter et d\u2019\u00e9laborer des d\u00e9marches.<\/span><\/p>\n<p style=\"text-align: right;\"><a href=\"https:\/\/passerelle2.ac-nantes.fr\/ecole-hopital-nantes\/wp-content\/uploads\/sites\/169\/2013\/06\/Objectif_sciences5.jpg\"><img loading=\"lazy\" decoding=\"async\" class=\"size-thumbnail wp-image-279 alignleft\" src=\"https:\/\/passerelle2.ac-nantes.fr\/ecole-hopital-nantes\/wp-content\/uploads\/sites\/169\/2013\/06\/Objectif_sciences5-150x150.jpg\" alt=\"\" width=\"180\" height=\"180\"><\/a><a href=\"https:\/\/passerelle2.ac-nantes.fr\/ecole-hopital-nantes\/wp-content\/uploads\/sites\/169\/2013\/06\/Objectif_sciences4.jpg\"><img loading=\"lazy\" decoding=\"async\" class=\"size-thumbnail wp-image-283 alignleft\" src=\"https:\/\/passerelle2.ac-nantes.fr\/ecole-hopital-nantes\/wp-content\/uploads\/sites\/169\/2013\/06\/Objectif_sciences4-150x150.jpg\" alt=\"\" width=\"180\" height=\"180\"><\/a><a href=\"https:\/\/passerelle2.ac-nantes.fr\/ecole-hopital-nantes\/wp-content\/uploads\/sites\/169\/2013\/06\/Objectif_sciences6.jpg\"><img loading=\"lazy\" decoding=\"async\" class=\"size-thumbnail wp-image-282 alignleft\" src=\"https:\/\/passerelle2.ac-nantes.fr\/ecole-hopital-nantes\/wp-content\/uploads\/sites\/169\/2013\/06\/Objectif_sciences6-150x150.jpg\" alt=\"\" width=\"180\" height=\"180\"><\/a><\/p>\n<p>&nbsp;<\/p>\n<p>&nbsp;<\/p>\n<p>&nbsp;<\/p>\n<p>&nbsp;<\/p>\n<p>&nbsp;<\/p>\n<h4><span style=\"text-decoration: underline; font-family: helvetica, arial, sans-serif; color: #000080;\"><span><strong>L\u2019atelier sciences \u00e0 destination des coll\u00e9giens et des lyc\u00e9ens <\/strong><\/span><\/span><\/h4>\n<h5 style=\"text-align: justify;\"><strong><span style=\"color: #333399;\"><a href=\"https:\/\/passerelle2.ac-nantes.fr\/ecole-hopital-nantes\/wp-content\/uploads\/sites\/169\/2013\/06\/Atelier-sciences-aper\u00e7u.jpg\"><img loading=\"lazy\" decoding=\"async\" class=\"aligncenter size-medium wp-image-504\" src=\"https:\/\/passerelle2.ac-nantes.fr\/ecole-hopital-nantes\/wp-content\/uploads\/sites\/169\/2013\/06\/Atelier-sciences-aper\u00e7u-300x295.jpg\" alt=\"\" width=\"300\" height=\"295\" srcset=\"https:\/\/passerelle2.ac-nantes.fr\/ecole-hopital-nantes\/wp-content\/uploads\/sites\/169\/2013\/06\/Atelier-sciences-aper\u00e7u-300x295.jpg 300w, https:\/\/passerelle2.ac-nantes.fr\/ecole-hopital-nantes\/wp-content\/uploads\/sites\/169\/2013\/06\/Atelier-sciences-aper\u00e7u.jpg 384w\" sizes=\"auto, (max-width: 300px) 100vw, 300px\" \/><\/a><\/span><\/strong><\/h5>\n<p style=\"text-align: justify;\"><span style=\"color: #000080; font-family: helvetica, arial, sans-serif;\">L&rsquo;atelier sciences est mis en place le plus souvent possible pour proposer aux \u00e9l\u00e8ves une approche plus exp\u00e9rimentale de l&rsquo;enseignement. C&rsquo;est aussi l&rsquo;occasion de faire travailler des \u00e9l\u00e8ves de classes diff\u00e9rentes sur une th\u00e9matique commune et leur permettre d&rsquo;\u00e9changer, et de s&rsquo;enrichir mutuellement.<\/span><\/p>\n<p style=\"text-align: justify;\"><span style=\"color: #000080; font-family: helvetica, arial, sans-serif;\">Il s&rsquo;agit de partir du questionnement sur l\u2019environnement quotidien de l\u2019\u00e9l\u00e8ve, ou bien&nbsp;sur un&nbsp;ph\u00e9nom\u00e8ne ou une exp\u00e9rience marquante.<\/span><\/p>\n<p style=\"text-align: justify;\"><span style=\"color: #000080; font-family: helvetica, arial, sans-serif;\">Le probl\u00e8me \u00e9tant pos\u00e9,&nbsp;les \u00e9l\u00e8ves tentent de le r\u00e9soudre&nbsp;c\u2019est-\u00e0-dire cherchent \u00e0 le comprendre et \u00e0 l&rsquo;expliquer.<br \/>\nLes \u00e9l\u00e8ves formulent tout d&rsquo;abord&nbsp;des hypoth\u00e8ses puis proposent des moyens de v\u00e9rification de chacune de ses hypoth\u00e8ses. Cela passe le plus souvent par l\u2019exp\u00e9rimentation directe.<br \/>\nLe travail se termine par une conclusion o\u00f9 l\u2019on reprend la ou les hypoth\u00e8ses retenues et o\u00f9 l\u2019on r\u00e9pond au probl\u00e8me pos\u00e9. Un article retra\u00e7ant la totalit\u00e9 de la d\u00e9marche exp\u00e9rimentale suivie est alors r\u00e9dig\u00e9 sur le site de l&rsquo;\u00e9cole \u00e0 l&rsquo;h\u00f4pital (rubrique ci-contre :&nbsp;&nbsp;\u00a0\u00bb <a style=\"color: #000080;\" title=\"Cliquez pour acc\u00e9der aux articles de sciences\" href=\"https:\/\/passerelle2.ac-nantes.fr\/ecole-hopital-nantes\/category\/atelier-sciences\/\">Acc\u00e8s aux articles &gt; Atelier sciences<\/a>&nbsp;\u00ab\u00a0).<\/span><\/p>\n<p style=\"text-align: justify;\"><span style=\"color: #000080; font-family: helvetica, arial, sans-serif;\">Ainsi vous trouverez entre autres choses dans les archives du site :<\/span><\/p>\n<p style=\"text-align: justify;\"><span style=\"color: #000080; font-family: helvetica, arial, sans-serif;\">&#8211; Un bouchon en caoutchouc peut-il flotter dans un liquide et couler dans un autre ?<\/span><\/p>\n<p style=\"text-align: justify;\"><span style=\"color: #000080; font-family: helvetica, arial, sans-serif;\">&#8211; Pourquoi un jus de chou rouge contenu dans une casserole peut-il \u00eatre rouge au contact d&rsquo;un jus de citron et virer au vert en pr\u00e9sence de liquide vaisselle ?<\/span><\/p>\n<p style=\"text-align: justify;\"><span style=\"color: #000080; font-family: helvetica, arial, sans-serif;\">&#8211; Comment se fait-il que sur deux lampes mont\u00e9es en s\u00e9rie, l&rsquo;une soit allum\u00e9e et l&rsquo;autre \u00e9teinte ? <\/span><\/p>\n<p style=\"text-align: justify;\"><span style=\"color: #000080; font-family: helvetica, arial, sans-serif;\">&#8211; Comment peut-on tromper l\u2019\u0153il&nbsp;et le cerveau ? Comment donner l&rsquo;illusion d&rsquo;une forme fictive ?<\/span><\/p>\n<p style=\"text-align: justify;\"><span style=\"color: #000080; font-family: helvetica, arial, sans-serif;\">&nbsp;<\/span><\/p>\n<h5><a href=\"http:\/\/www.leucemie-leaf.org\/\"><img loading=\"lazy\" decoding=\"async\" class=\"alignleft size-full wp-image-387\" src=\"https:\/\/passerelle2.ac-nantes.fr\/ecole-hopital-nantes\/wp-content\/uploads\/sites\/169\/2014\/02\/leaf44.jpg\" alt=\"\" width=\"102\" height=\"86\"><\/a><\/h5>\n<h5>&nbsp;<\/h5>\n<h5 style=\"text-align: justify;\"><strong><span style=\"color: #808080;\"><span style=\"font-family: helvetica, arial, sans-serif;\"><a title=\"Lien vers le site de Leuc\u00e9mie Espoir Atlantique Famille\" href=\"http:\/\/www.leucemie-leaf.org\/\" target=\"_blank\" rel=\"noopener\">L&rsquo;association leaf<\/a> -Leuc\u00e9mie Espoir Atlantique Famille- est un partenaire important et fid\u00e8le de l&rsquo;\u00e9cole \u00e0 l&rsquo;h\u00f4pital. L&rsquo;association finance l&rsquo;achat de mat\u00e9riel scientifique ainsi que du petit mat\u00e9riel n\u00e9cessaire \u00e0 certaines r\u00e9alisations d&rsquo;\u00e9l\u00e8ves.<\/span><br \/>\n<\/span><\/strong><\/h5>\n","protected":false},"excerpt":{"rendered":"<p>L\u2019atelier sciences \u00e0 destination des \u00e9l\u00e8ves de primaire Deux \u00e9tudiantes de l\u2019Ecole des Mines: Elise et Lucie, pour cette ann\u00e9e 2013-2014 apportent leur concours pour favoriser l\u2019observation, la manipulation, la curiosit\u00e9 par des exp\u00e9riences. Cet atelier a lieu de mani\u00e8re hebdomadaire le jeudi apr\u00e8s midi. Chaque semaine, un nouveau th\u00e8me est abord\u00e9 : l\u2019\u00e9lectricit\u00e9, l\u2019air, &hellip; <a href=\"https:\/\/passerelle2.ac-nantes.fr\/ecole-hopital-nantes\/ressources\/\" class=\"more-link\">Continuer la lecture de <span class=\"screen-reader-text\">Ateliers sciences<\/span>  <span class=\"meta-nav\">&rarr;<\/span><\/a><\/p>\n","protected":false},"author":3930,"featured_media":0,"parent":0,"menu_order":4,"comment_status":"open","ping_status":"open","template":"template-twocolumnsleft.php","meta":{"ngg_post_thumbnail":0,"h5ap_radio_sources":[],"footnotes":""},"folder":[],"class_list":["post-66","page","type-page","status-publish","hentry"],"_links":{"self":[{"href":"https:\/\/passerelle2.ac-nantes.fr\/ecole-hopital-nantes\/wp-json\/wp\/v2\/pages\/66","targetHints":{"allow":["GET"]}}],"collection":[{"href":"https:\/\/passerelle2.ac-nantes.fr\/ecole-hopital-nantes\/wp-json\/wp\/v2\/pages"}],"about":[{"href":"https:\/\/passerelle2.ac-nantes.fr\/ecole-hopital-nantes\/wp-json\/wp\/v2\/types\/page"}],"author":[{"embeddable":true,"href":"https:\/\/passerelle2.ac-nantes.fr\/ecole-hopital-nantes\/wp-json\/wp\/v2\/users\/3930"}],"replies":[{"embeddable":true,"href":"https:\/\/passerelle2.ac-nantes.fr\/ecole-hopital-nantes\/wp-json\/wp\/v2\/comments?post=66"}],"version-history":[{"count":0,"href":"https:\/\/passerelle2.ac-nantes.fr\/ecole-hopital-nantes\/wp-json\/wp\/v2\/pages\/66\/revisions"}],"wp:attachment":[{"href":"https:\/\/passerelle2.ac-nantes.fr\/ecole-hopital-nantes\/wp-json\/wp\/v2\/media?parent=66"}],"wp:term":[{"taxonomy":"folder","embeddable":true,"href":"https:\/\/passerelle2.ac-nantes.fr\/ecole-hopital-nantes\/wp-json\/wp\/v2\/folder?post=66"}],"curies":[{"name":"wp","href":"https:\/\/api.w.org\/{rel}","templated":true}]}}