
{"id":70,"date":"2013-05-22T09:06:37","date_gmt":"2013-05-22T09:06:37","guid":{"rendered":"https:\/\/passerelle2.ac-nantes.fr\/ecole-hopital-nantes\/?page_id=70"},"modified":"2023-01-19T11:13:30","modified_gmt":"2023-01-19T10:13:30","slug":"les-missions","status":"publish","type":"page","link":"https:\/\/passerelle2.ac-nantes.fr\/ecole-hopital-nantes\/informations-pratiques\/les-missions\/","title":{"rendered":"L&rsquo;\u00e9cole \u00e0 l&rsquo;h\u00f4pital &#8211; Quelles missions ?"},"content":{"rendered":"\n<p><a href=\"https:\/\/passerelle2.ac-nantes.fr\/ecole-hopital-nantes\/wp-content\/uploads\/sites\/169\/2013\/12\/Ecole4.jpg\"><img loading=\"lazy\" decoding=\"async\" class=\"aligncenter wp-image-628\" src=\"https:\/\/passerelle2.ac-nantes.fr\/ecole-hopital-nantes\/wp-content\/uploads\/sites\/169\/2013\/12\/Ecole4-300x225.jpg\" alt=\"\" width=\"400\" height=\"300\" srcset=\"https:\/\/passerelle2.ac-nantes.fr\/ecole-hopital-nantes\/wp-content\/uploads\/sites\/169\/2013\/12\/Ecole4-300x225.jpg 300w, https:\/\/passerelle2.ac-nantes.fr\/ecole-hopital-nantes\/wp-content\/uploads\/sites\/169\/2013\/12\/Ecole4.jpg 800w\" sizes=\"auto, (max-width: 400px) 100vw, 400px\" \/><\/a><\/p>\n<ul style=\"list-style-type: circle;\">\n<li style=\"text-align: justify;\"><span style=\"font-family: helvetica, arial, sans-serif; color: #000080;\">Eviter la rupture scolaire en assurant une v\u00e9ritable scolarisation pendant les temps d&rsquo;hospitalisation. Le rythme de la scolarisation s&rsquo;adapte \u00e0 la nature de la maladie et aux traitements<\/span><\/li>\n<\/ul>\n<ul style=\"list-style-type: circle;\">\n<li style=\"text-align: justify;\"><span style=\"font-family: helvetica, arial, sans-serif; color: #000080;\">Aider le jeune \u00e0 garder ou \u00e0 retrouver son statut d&rsquo;\u00e9l\u00e8ve, pour lui permettre de maintenir ses acquis, de progresser, de s&rsquo;investir et de rester acteur de ses apprentissages<\/span><\/li><\/ul>\n<ul style=\"list-style-type: circle;\">\n<li style=\"text-align: justify;\"><span style=\"font-family: helvetica, arial, sans-serif; color: #000080;\">\u00c9laborer un projet scolaire qui est un projet global individualis\u00e9 harmonisant soins et enseignements<\/span><\/li>\n<\/ul>\n<ul style=\"list-style-type: circle;\">\n<li style=\"text-align: justify;\"><span style=\"font-family: helvetica, arial, sans-serif; color: #000080;\">Maintenir un lien avec l&rsquo;\u00e9tablissement scolaire d&rsquo;origine dans toutes ses dimensions : p\u00e9dagogique, sociale et affective<\/span><\/li>\n<\/ul>\n<ul style=\"list-style-type: circle;\">\n<li style=\"text-align: justify;\"><span style=\"font-family: helvetica, arial, sans-serif; color: #000080;\">Travailler \u00e0 la r\u00e9insertion des jeunes malades dans le syst\u00e8me scolaire ordinaire apr\u00e8s les hospitalisations<\/span><\/li>\n<\/ul>\n<ul style=\"list-style-type: circle;\">\n<li style=\"text-align: justify;\"><span style=\"font-family: helvetica, arial, sans-serif; color: #000080;\">Pr\u00e9venir le d\u00e9crochage scolaire<\/span><\/li>\n<\/ul>\n<ul style=\"list-style-type: circle;\">\n<li style=\"text-align: justify;\"><span style=\"font-family: helvetica, arial, sans-serif; color: #000080;\">Informer les familles de l&rsquo;existence du<span style=\"text-decoration: underline;\"><a style=\"color: #000080; text-decoration: underline;\" title=\"Qu'est ce que le SAPADHE ? Qui peut en b\u00e9n\u00e9ficier ? Cliquez pour aller vers la page d'informations du rectorat\" href=\"http:\/\/www.ac-nantes.fr\/scolarite-et-vie-de-l-eleve\/eleves-a-besoins-particuliers\/eleves-malades\/quelle-aide-possible-\/quelle-aide-possible-603709.kjsp\" target=\"_blank\" rel=\"noopener noreferrer\"><strong> SAPADHE <\/strong><\/a><\/span>(service d&rsquo;assistance p\u00e9dagogique \u00e0 domicile, \u00e0 l&rsquo;h\u00f4pital ou \u00e0 l&rsquo;\u00e9cole) et aider \u00e0 sa mise en place.<strong> <a style=\"color: #000080;\" title=\"Cliquez pour avoir les coordonn\u00e9es d'un SAPADHE des Pays de Loire ?\" href=\"https:\/\/passerelle2.ac-nantes.fr\/ecole-hopital-nantes\/?page_id=134\"><span style=\"text-decoration: underline;\">Les coordonn\u00e9es des SAPADHE de la r\u00e9gion Pays de la Loire<\/span><\/a>&#8230;<\/strong><\/span><\/li>\n<\/ul>\n<ul style=\"list-style-type: circle;\">\n<li style=\"text-align: justify;\"><span style=\"font-family: helvetica, arial, sans-serif; color: #000080;\">Organiser et permettre le passage des examens nationaux : certificat de formation g\u00e9n\u00e9rale, dipl\u00f4me national du brevet, baccalaur\u00e9at<\/span><\/li>\n<\/ul>\n<ul style=\"list-style-type: circle;\">\n<li style=\"text-align: justify;\"><span style=\"font-family: helvetica, arial, sans-serif; color: #000080;\">Proposer des activit\u00e9s \u00e9ducatives et culturelles pour favoriser le bon \u00e9panouissement du jeune <\/span><\/li>\n<\/ul>\n","protected":false},"excerpt":{"rendered":"<p>Eviter la rupture scolaire en assurant une v\u00e9ritable scolarisation pendant les temps d&rsquo;hospitalisation. Le rythme de la scolarisation s&rsquo;adapte \u00e0 la nature de la maladie et aux traitements Aider le jeune \u00e0 garder ou \u00e0 retrouver son statut d&rsquo;\u00e9l\u00e8ve, pour lui permettre de maintenir ses acquis, de progresser, de s&rsquo;investir et de rester acteur de &hellip; <a href=\"https:\/\/passerelle2.ac-nantes.fr\/ecole-hopital-nantes\/informations-pratiques\/les-missions\/\" class=\"more-link\">Continuer la lecture de <span class=\"screen-reader-text\">L&rsquo;\u00e9cole \u00e0 l&rsquo;h\u00f4pital &#8211; Quelles missions ?<\/span>  <span class=\"meta-nav\">&rarr;<\/span><\/a><\/p>\n","protected":false},"author":3930,"featured_media":0,"parent":49,"menu_order":0,"comment_status":"open","ping_status":"open","template":"","meta":{"ngg_post_thumbnail":0,"h5ap_radio_sources":[],"footnotes":""},"folder":[],"class_list":["post-70","page","type-page","status-publish","hentry"],"_links":{"self":[{"href":"https:\/\/passerelle2.ac-nantes.fr\/ecole-hopital-nantes\/wp-json\/wp\/v2\/pages\/70","targetHints":{"allow":["GET"]}}],"collection":[{"href":"https:\/\/passerelle2.ac-nantes.fr\/ecole-hopital-nantes\/wp-json\/wp\/v2\/pages"}],"about":[{"href":"https:\/\/passerelle2.ac-nantes.fr\/ecole-hopital-nantes\/wp-json\/wp\/v2\/types\/page"}],"author":[{"embeddable":true,"href":"https:\/\/passerelle2.ac-nantes.fr\/ecole-hopital-nantes\/wp-json\/wp\/v2\/users\/3930"}],"replies":[{"embeddable":true,"href":"https:\/\/passerelle2.ac-nantes.fr\/ecole-hopital-nantes\/wp-json\/wp\/v2\/comments?post=70"}],"version-history":[{"count":0,"href":"https:\/\/passerelle2.ac-nantes.fr\/ecole-hopital-nantes\/wp-json\/wp\/v2\/pages\/70\/revisions"}],"up":[{"embeddable":true,"href":"https:\/\/passerelle2.ac-nantes.fr\/ecole-hopital-nantes\/wp-json\/wp\/v2\/pages\/49"}],"wp:attachment":[{"href":"https:\/\/passerelle2.ac-nantes.fr\/ecole-hopital-nantes\/wp-json\/wp\/v2\/media?parent=70"}],"wp:term":[{"taxonomy":"folder","embeddable":true,"href":"https:\/\/passerelle2.ac-nantes.fr\/ecole-hopital-nantes\/wp-json\/wp\/v2\/folder?post=70"}],"curies":[{"name":"wp","href":"https:\/\/api.w.org\/{rel}","templated":true}]}}