
{"id":73,"date":"2013-05-22T09:08:42","date_gmt":"2013-05-22T09:08:42","guid":{"rendered":"https:\/\/passerelle2.ac-nantes.fr\/ecole-hopital-nantes\/?page_id=73"},"modified":"2020-12-07T19:03:05","modified_gmt":"2020-12-07T18:03:05","slug":"lenseignement","status":"publish","type":"page","link":"https:\/\/passerelle2.ac-nantes.fr\/ecole-hopital-nantes\/informations-pratiques\/lenseignement\/","title":{"rendered":"L&rsquo;enseignement &#8211; Pour qui ? Quelles mati\u00e8res ?"},"content":{"rendered":"<h4 style=\"text-align: justify;\"><span style=\"font-family: helvetica, arial, sans-serif;\"><strong><span style=\"color: #808080;\">L&rsquo;enseignement, individualis\u00e9, s&rsquo;adapte \u00e0 l&rsquo;\u00e2ge de l&rsquo;enfant ou de l&rsquo;adolescent, \u00e0 sa pathologie, \u00e0 son \u00e9tat de fatigue&nbsp;et aux contraintes des traitements. Il contribue au mieux-\u00eatre du jeune en lui donnant la possibilit\u00e9 de penser, pendant un moment, \u00e0 lui-m\u00eame plus qu&rsquo;\u00e0 la maladie.<\/span><\/strong><\/span><\/h4>\n<h4><span style=\"color: #000080;\"><strong><span style=\"text-decoration: underline; font-family: helvetica, arial, sans-serif;\">Qui vient \u00e0 l&rsquo;\u00e9cole et quelle est la proc\u00e9dure ? <\/span><\/strong><\/span><\/h4>\n<p style=\"text-align: justify;\"><span style=\"font-family: helvetica, arial, sans-serif; color: #000080;\">Les \u00e9quipes soignantes des diff\u00e9rents services de p\u00e9diatrie informent les enseignants lorsqu&rsquo;un enfant ou un adolescent peut suivre l&rsquo;\u00e9cole \u00e0 l&rsquo;h\u00f4pital. La priorit\u00e9 est donn\u00e9e aux s\u00e9jours les plus longs et aux pathologies susceptibles d&rsquo;avoir un retentissement important sur la scolarit\u00e9.<\/span><br \/>\n<span style=\"font-family: helvetica, arial, sans-serif; color: #000080;\">A la demande des m\u00e9decins, les enseignants peuvent aussi accueillir des jeunes avec des objectifs plus sp\u00e9cifiques : d\u00e9velopper leur d\u00e9sir d&rsquo;apprendre, leur redonner confiance, les accompagner dans leur projet scolaire et\/ou professionnel.<\/span><\/p>\n<p><span style=\"font-family: helvetica, arial, sans-serif; color: #000080;\">L&rsquo;\u00e9cole accueille des enfants et des adolescents scolaris\u00e9s de la grande section \u00e0 la terminale.<\/span><\/p>\n<p style=\"text-align: left;\"><strong><span style=\"color: #333399;\">&nbsp;<\/span><\/strong><\/p>\n<p style=\"text-align: left;\"><strong><span style=\"color: #333399;\"><a href=\"https:\/\/passerelle2.ac-nantes.fr\/ecole-hopital-nantes\/wp-content\/uploads\/sites\/169\/2013\/12\/Ecole1.jpg\"><img loading=\"lazy\" decoding=\"async\" class=\"aligncenter size-medium wp-image-616\" src=\"https:\/\/passerelle2.ac-nantes.fr\/ecole-hopital-nantes\/wp-content\/uploads\/sites\/169\/2013\/12\/Ecole1-300x161.jpg\" alt=\"\" width=\"300\" height=\"161\" srcset=\"https:\/\/passerelle2.ac-nantes.fr\/ecole-hopital-nantes\/wp-content\/uploads\/sites\/169\/2013\/12\/Ecole1-300x161.jpg 300w, https:\/\/passerelle2.ac-nantes.fr\/ecole-hopital-nantes\/wp-content\/uploads\/sites\/169\/2013\/12\/Ecole1-445x240.jpg 445w, https:\/\/passerelle2.ac-nantes.fr\/ecole-hopital-nantes\/wp-content\/uploads\/sites\/169\/2013\/12\/Ecole1.jpg 657w\" sizes=\"auto, (max-width: 300px) 100vw, 300px\" \/><\/a><\/span><\/strong><\/p>\n<h4><span style=\"text-decoration: underline; font-family: helvetica, arial, sans-serif; color: #000080;\"><strong>Quelles mati\u00e8res a-t-on \u00e0 l&rsquo;\u00e9cole ?<\/strong><\/span><\/h4>\n<p style=\"text-align: justify;\"><span style=\"color: #000080; font-family: helvetica, arial, sans-serif;\">Les enseignements portent principalement sur le fran\u00e7ais et les math\u00e9matiques pour l&rsquo;ensemble des \u00e9l\u00e8ves mais aussi sur l&rsquo;histoire-g\u00e9ographie et l&rsquo;anglais pour les coll\u00e9giens et les lyc\u00e9ens. Toutefois, en fonction du projet individualis\u00e9 de l&rsquo;\u00e9l\u00e8ve ou de son niveau de classe, on peut \u00e9galement introduire les sciences, la philosophie, le latin, etc.<br \/>\n<\/span><\/p>\n<p style=\"text-align: justify;\"><span style=\"color: #000080; font-family: helvetica, arial, sans-serif;\">Un temps est autant que possible laiss\u00e9 aux activit\u00e9s \u00e9ducatives et culturelles pour favoriser l&rsquo;\u00e9panouissement de chaque jeune comme l&rsquo;atelier sciences par exemple.<\/span><\/p>\n<p style=\"text-align: justify;\"><span style=\"color: #000080; font-family: helvetica, arial, sans-serif;\">Le travail r\u00e9alis\u00e9 \u00e0 l&rsquo;h\u00f4pital est pris en compte dans le cursus scolaire de l&rsquo;\u00e9l\u00e8ve : validation des comp\u00e9tences, passage au CHU du Baccalaur\u00e9at, du Dipl\u00f4me Nationale du Brevet et du Certificat de Formation G\u00e9n\u00e9rale.<\/span><\/p>\n<p style=\"text-align: center;\"><strong><span style=\"color: #333399;\"><img loading=\"lazy\" decoding=\"async\" class=\"alignnone wp-image-2665\" src=\"https:\/\/passerelle2.ac-nantes.fr\/ecole-hopital-nantes\/wp-content\/uploads\/sites\/169\/2018\/06\/Ecole2.jpg\" alt=\"\" width=\"792\" height=\"446\" srcset=\"https:\/\/passerelle2.ac-nantes.fr\/ecole-hopital-nantes\/wp-content\/uploads\/sites\/169\/2018\/06\/Ecole2.jpg 940w, https:\/\/passerelle2.ac-nantes.fr\/ecole-hopital-nantes\/wp-content\/uploads\/sites\/169\/2018\/06\/Ecole2-300x169.jpg 300w, https:\/\/passerelle2.ac-nantes.fr\/ecole-hopital-nantes\/wp-content\/uploads\/sites\/169\/2018\/06\/Ecole2-768x432.jpg 768w\" sizes=\"auto, (max-width: 792px) 100vw, 792px\" \/><br \/>\n<\/span><\/strong><\/p>\n<p><strong><span style=\"font-family: helvetica, arial, sans-serif;\">Vous souhaitez davantage d&rsquo;informations sur l&rsquo;\u00e9cole \u00e0 l&rsquo;h\u00f4pital : vous pouvez visionner la vid\u00e9o ci-dessous<\/span> :<\/strong><br \/>\n<iframe loading=\"lazy\" title=\"L&#039;\u00e9cole \u00e0 l&#039;h\u00f4pital ADOS\" width=\"474\" height=\"267\" src=\"https:\/\/www.youtube.com\/embed\/UGl8BWi-Hfk?feature=oembed\" frameborder=\"0\" allow=\"accelerometer; autoplay; clipboard-write; encrypted-media; gyroscope; picture-in-picture; web-share\" referrerpolicy=\"strict-origin-when-cross-origin\" allowfullscreen><\/iframe><\/p>\n","protected":false},"excerpt":{"rendered":"<p>L&rsquo;enseignement, individualis\u00e9, s&rsquo;adapte \u00e0 l&rsquo;\u00e2ge de l&rsquo;enfant ou de l&rsquo;adolescent, \u00e0 sa pathologie, \u00e0 son \u00e9tat de fatigue&nbsp;et aux contraintes des traitements. Il contribue au mieux-\u00eatre du jeune en lui donnant la possibilit\u00e9 de penser, pendant un moment, \u00e0 lui-m\u00eame plus qu&rsquo;\u00e0 la maladie. Qui vient \u00e0 l&rsquo;\u00e9cole et quelle est la proc\u00e9dure ? Les &hellip; <a href=\"https:\/\/passerelle2.ac-nantes.fr\/ecole-hopital-nantes\/informations-pratiques\/lenseignement\/\" class=\"more-link\">Continuer la lecture de <span class=\"screen-reader-text\">L&rsquo;enseignement &#8211; Pour qui ? Quelles mati\u00e8res ?<\/span>  <span class=\"meta-nav\">&rarr;<\/span><\/a><\/p>\n","protected":false},"author":3930,"featured_media":0,"parent":49,"menu_order":1,"comment_status":"open","ping_status":"open","template":"","meta":{"ngg_post_thumbnail":0,"h5ap_radio_sources":[],"footnotes":""},"folder":[],"class_list":["post-73","page","type-page","status-publish","hentry"],"_links":{"self":[{"href":"https:\/\/passerelle2.ac-nantes.fr\/ecole-hopital-nantes\/wp-json\/wp\/v2\/pages\/73","targetHints":{"allow":["GET"]}}],"collection":[{"href":"https:\/\/passerelle2.ac-nantes.fr\/ecole-hopital-nantes\/wp-json\/wp\/v2\/pages"}],"about":[{"href":"https:\/\/passerelle2.ac-nantes.fr\/ecole-hopital-nantes\/wp-json\/wp\/v2\/types\/page"}],"author":[{"embeddable":true,"href":"https:\/\/passerelle2.ac-nantes.fr\/ecole-hopital-nantes\/wp-json\/wp\/v2\/users\/3930"}],"replies":[{"embeddable":true,"href":"https:\/\/passerelle2.ac-nantes.fr\/ecole-hopital-nantes\/wp-json\/wp\/v2\/comments?post=73"}],"version-history":[{"count":0,"href":"https:\/\/passerelle2.ac-nantes.fr\/ecole-hopital-nantes\/wp-json\/wp\/v2\/pages\/73\/revisions"}],"up":[{"embeddable":true,"href":"https:\/\/passerelle2.ac-nantes.fr\/ecole-hopital-nantes\/wp-json\/wp\/v2\/pages\/49"}],"wp:attachment":[{"href":"https:\/\/passerelle2.ac-nantes.fr\/ecole-hopital-nantes\/wp-json\/wp\/v2\/media?parent=73"}],"wp:term":[{"taxonomy":"folder","embeddable":true,"href":"https:\/\/passerelle2.ac-nantes.fr\/ecole-hopital-nantes\/wp-json\/wp\/v2\/folder?post=73"}],"curies":[{"name":"wp","href":"https:\/\/api.w.org\/{rel}","templated":true}]}}