
{"id":75,"date":"2013-05-22T09:10:05","date_gmt":"2013-05-22T09:10:05","guid":{"rendered":"https:\/\/passerelle2.ac-nantes.fr\/ecole-hopital-nantes\/?page_id=75"},"modified":"2020-11-28T13:06:31","modified_gmt":"2020-11-28T12:06:31","slug":"les-locaux-et-les-horaires","status":"publish","type":"page","link":"https:\/\/passerelle2.ac-nantes.fr\/ecole-hopital-nantes\/informations-pratiques\/les-locaux-et-les-horaires\/","title":{"rendered":"Les locaux et les horaires"},"content":{"rendered":"<h4><span style=\"text-decoration: underline; font-family: helvetica, arial, sans-serif; color: #000080;\"><strong>O\u00f9 et quand ont lieu les cours ? <\/strong><\/span><\/h4>\n<p><span style=\"font-family: helvetica, arial, sans-serif; color: #000080;\">La scolarisation s&rsquo;organise en relation avec les \u00e9quipes m\u00e9dicales et se d\u00e9roule tous les jours en p\u00e9riode scolaire :<a style=\"color: #000080;\" href=\"https:\/\/passerelle2.ac-nantes.fr\/ecole-hopital-nantes\/wp-content\/uploads\/sites\/169\/2013\/12\/Ecole6.jpg\"><img loading=\"lazy\" decoding=\"async\" class=\"size-thumbnail wp-image-637 alignright\" src=\"https:\/\/passerelle2.ac-nantes.fr\/ecole-hopital-nantes\/wp-content\/uploads\/sites\/169\/2013\/12\/Ecole6-150x150.jpg\" alt=\"\" width=\"150\" height=\"150\"><\/a><\/span><\/p>\n<ul>\n<li><span style=\"font-family: helvetica, arial, sans-serif; color: #000080;\">soit \u00ab\u00a0au chevet\u00a0\u00bb si l&rsquo;\u00e9l\u00e8ve ne peut pas se d\u00e9placer<\/span><\/li>\n<li><span style=\"font-family: helvetica, arial, sans-serif; color: #000080;\">soit en salle de classe pour des cours collectifs ou individuels<\/span><\/li>\n<\/ul>\n<h4>&nbsp;<\/h4>\n<h4><span style=\"text-decoration: underline; font-family: helvetica, arial, sans-serif; color: #000080;\"><strong>Les deux salles de classe<\/strong><\/span><\/h4>\n<p><span style=\"text-decoration: underline; font-family: helvetica, arial, sans-serif; color: #000080;\"><strong>La salle de classe du 4\u00e8me \u00e9tage :<\/strong><\/span><\/p>\n<p style=\"text-align: justify;\"><span style=\"font-family: helvetica, arial, sans-serif; color: #000080;\">La salle de classe est situ\u00e9e entre le service de chirurgie de sp\u00e9cialit\u00e9s et l&rsquo;h\u00f4pital de jour adolescents. Elle est destin\u00e9e \u00e0 l&rsquo;ensemble des enfants et adolescents de la p\u00e9diatrie autoris\u00e9s par les m\u00e9decins \u00e0 aller \u00e0 l&rsquo;\u00e9cole de l&rsquo;h\u00f4pital ; hormis ceux, plus fragiles, hospitalis\u00e9s en oncologie et h\u00e9matologie p\u00e9diatriques.<\/span><\/p>\n<div id='gallery-1' class='gallery galleryid-75 gallery-columns-3 gallery-size-thumbnail'><figure class='gallery-item'>\n\t\t\t<div class='gallery-icon landscape'>\n\t\t\t\t<a href='https:\/\/passerelle2.ac-nantes.fr\/ecole-hopital-nantes\/informations-pratiques\/les-locaux-et-les-horaires\/samsung-6\/'><img loading=\"lazy\" decoding=\"async\" width=\"150\" height=\"150\" src=\"https:\/\/passerelle2.ac-nantes.fr\/ecole-hopital-nantes\/wp-content\/uploads\/sites\/169\/2013\/06\/Photo_classe4\u00e8_08-150x150.jpg\" class=\"attachment-thumbnail size-thumbnail\" alt=\"\" \/><\/a>\n\t\t\t<\/div><\/figure><figure class='gallery-item'>\n\t\t\t<div class='gallery-icon landscape'>\n\t\t\t\t<a href='https:\/\/passerelle2.ac-nantes.fr\/ecole-hopital-nantes\/informations-pratiques\/les-locaux-et-les-horaires\/samsung-5\/'><img loading=\"lazy\" decoding=\"async\" width=\"150\" height=\"150\" src=\"https:\/\/passerelle2.ac-nantes.fr\/ecole-hopital-nantes\/wp-content\/uploads\/sites\/169\/2013\/06\/Photo_classe4\u00e8_07-150x150.jpg\" class=\"attachment-thumbnail size-thumbnail\" alt=\"\" \/><\/a>\n\t\t\t<\/div><\/figure><figure class='gallery-item'>\n\t\t\t<div class='gallery-icon landscape'>\n\t\t\t\t<a href='https:\/\/passerelle2.ac-nantes.fr\/ecole-hopital-nantes\/informations-pratiques\/les-locaux-et-les-horaires\/samsung-4\/'><img loading=\"lazy\" decoding=\"async\" width=\"150\" height=\"150\" src=\"https:\/\/passerelle2.ac-nantes.fr\/ecole-hopital-nantes\/wp-content\/uploads\/sites\/169\/2013\/06\/Photo_classe4\u00e8_05-150x150.jpg\" class=\"attachment-thumbnail size-thumbnail\" alt=\"\" \/><\/a>\n\t\t\t<\/div><\/figure><figure class='gallery-item'>\n\t\t\t<div class='gallery-icon landscape'>\n\t\t\t\t<a href='https:\/\/passerelle2.ac-nantes.fr\/ecole-hopital-nantes\/informations-pratiques\/les-locaux-et-les-horaires\/samsung-3\/'><img loading=\"lazy\" decoding=\"async\" width=\"150\" height=\"150\" src=\"https:\/\/passerelle2.ac-nantes.fr\/ecole-hopital-nantes\/wp-content\/uploads\/sites\/169\/2013\/06\/Photo_classe4\u00e8_04-150x150.jpg\" class=\"attachment-thumbnail size-thumbnail\" alt=\"\" \/><\/a>\n\t\t\t<\/div><\/figure><figure class='gallery-item'>\n\t\t\t<div class='gallery-icon portrait'>\n\t\t\t\t<a href='https:\/\/passerelle2.ac-nantes.fr\/ecole-hopital-nantes\/informations-pratiques\/les-locaux-et-les-horaires\/samsung-2\/'><img loading=\"lazy\" decoding=\"async\" width=\"150\" height=\"150\" src=\"https:\/\/passerelle2.ac-nantes.fr\/ecole-hopital-nantes\/wp-content\/uploads\/sites\/169\/2013\/06\/Photo_classe4\u00e8_03-150x150.jpg\" class=\"attachment-thumbnail size-thumbnail\" alt=\"\" \/><\/a>\n\t\t\t<\/div><\/figure><figure class='gallery-item'>\n\t\t\t<div class='gallery-icon landscape'>\n\t\t\t\t<a href='https:\/\/passerelle2.ac-nantes.fr\/ecole-hopital-nantes\/informations-pratiques\/les-locaux-et-les-horaires\/samsung\/'><img loading=\"lazy\" decoding=\"async\" width=\"150\" height=\"150\" src=\"https:\/\/passerelle2.ac-nantes.fr\/ecole-hopital-nantes\/wp-content\/uploads\/sites\/169\/2013\/06\/Photo_classe4\u00e8_02-150x150.jpg\" class=\"attachment-thumbnail size-thumbnail\" alt=\"\" \/><\/a>\n\t\t\t<\/div><\/figure>\n\t\t<\/div>\n\n<p style=\"text-align: justify;\"><span style=\"text-decoration: underline; color: #000080; font-family: helvetica, arial, sans-serif;\"><strong>La salle du classe du 5\u00e8me \u00e9tage :<\/strong><\/span><\/p>\n<p style=\"text-align: justify;\"><span style=\"color: #000080; font-family: helvetica, arial, sans-serif;\">La salle de classe est situ\u00e9e dans le service d&rsquo;oncologie p\u00e9diatrique. Elle est principalement destin\u00e9e \u00e0 accueillir les enfants et adolescents, plus fragiles aux infections, d&rsquo;oncologie et d&rsquo;h\u00e9matologie p\u00e9diatriques.<\/span><\/p>\n<div id='gallery-2' class='gallery galleryid-75 gallery-columns-3 gallery-size-thumbnail'><figure class='gallery-item'>\n\t\t\t<div class='gallery-icon landscape'>\n\t\t\t\t<a href='https:\/\/passerelle2.ac-nantes.fr\/ecole-hopital-nantes\/classe5_3\/'><img loading=\"lazy\" decoding=\"async\" width=\"150\" height=\"150\" src=\"https:\/\/passerelle2.ac-nantes.fr\/ecole-hopital-nantes\/wp-content\/uploads\/sites\/169\/2013\/06\/classe5_3-150x150.jpg\" class=\"attachment-thumbnail size-thumbnail\" alt=\"\" \/><\/a>\n\t\t\t<\/div><\/figure><figure class='gallery-item'>\n\t\t\t<div class='gallery-icon landscape'>\n\t\t\t\t<a href='https:\/\/passerelle2.ac-nantes.fr\/ecole-hopital-nantes\/classe5_2\/'><img loading=\"lazy\" decoding=\"async\" width=\"150\" height=\"150\" src=\"https:\/\/passerelle2.ac-nantes.fr\/ecole-hopital-nantes\/wp-content\/uploads\/sites\/169\/2013\/06\/classe5_2-150x150.jpg\" class=\"attachment-thumbnail size-thumbnail\" alt=\"\" \/><\/a>\n\t\t\t<\/div><\/figure><figure class='gallery-item'>\n\t\t\t<div class='gallery-icon landscape'>\n\t\t\t\t<a href='https:\/\/passerelle2.ac-nantes.fr\/ecole-hopital-nantes\/classe5_1\/'><img loading=\"lazy\" decoding=\"async\" width=\"150\" height=\"150\" src=\"https:\/\/passerelle2.ac-nantes.fr\/ecole-hopital-nantes\/wp-content\/uploads\/sites\/169\/2013\/06\/classe5_1-150x150.jpg\" class=\"attachment-thumbnail size-thumbnail\" alt=\"\" \/><\/a>\n\t\t\t<\/div><\/figure>\n\t\t<\/div>\n\n<p style=\"text-align: right;\">&nbsp;<\/p>\n","protected":false},"excerpt":{"rendered":"<p>O\u00f9 et quand ont lieu les cours ? La scolarisation s&rsquo;organise en relation avec les \u00e9quipes m\u00e9dicales et se d\u00e9roule tous les jours en p\u00e9riode scolaire : soit \u00ab\u00a0au chevet\u00a0\u00bb si l&rsquo;\u00e9l\u00e8ve ne peut pas se d\u00e9placer soit en salle de classe pour des cours collectifs ou individuels &nbsp; Les deux salles de classe La &hellip; <a href=\"https:\/\/passerelle2.ac-nantes.fr\/ecole-hopital-nantes\/informations-pratiques\/les-locaux-et-les-horaires\/\" class=\"more-link\">Continuer la lecture de <span class=\"screen-reader-text\">Les locaux et les horaires<\/span>  <span class=\"meta-nav\">&rarr;<\/span><\/a><\/p>\n","protected":false},"author":3930,"featured_media":0,"parent":49,"menu_order":2,"comment_status":"open","ping_status":"open","template":"template-twocolumnsleft.php","meta":{"ngg_post_thumbnail":0,"h5ap_radio_sources":[],"footnotes":""},"folder":[],"class_list":["post-75","page","type-page","status-publish","hentry"],"_links":{"self":[{"href":"https:\/\/passerelle2.ac-nantes.fr\/ecole-hopital-nantes\/wp-json\/wp\/v2\/pages\/75","targetHints":{"allow":["GET"]}}],"collection":[{"href":"https:\/\/passerelle2.ac-nantes.fr\/ecole-hopital-nantes\/wp-json\/wp\/v2\/pages"}],"about":[{"href":"https:\/\/passerelle2.ac-nantes.fr\/ecole-hopital-nantes\/wp-json\/wp\/v2\/types\/page"}],"author":[{"embeddable":true,"href":"https:\/\/passerelle2.ac-nantes.fr\/ecole-hopital-nantes\/wp-json\/wp\/v2\/users\/3930"}],"replies":[{"embeddable":true,"href":"https:\/\/passerelle2.ac-nantes.fr\/ecole-hopital-nantes\/wp-json\/wp\/v2\/comments?post=75"}],"version-history":[{"count":0,"href":"https:\/\/passerelle2.ac-nantes.fr\/ecole-hopital-nantes\/wp-json\/wp\/v2\/pages\/75\/revisions"}],"up":[{"embeddable":true,"href":"https:\/\/passerelle2.ac-nantes.fr\/ecole-hopital-nantes\/wp-json\/wp\/v2\/pages\/49"}],"wp:attachment":[{"href":"https:\/\/passerelle2.ac-nantes.fr\/ecole-hopital-nantes\/wp-json\/wp\/v2\/media?parent=75"}],"wp:term":[{"taxonomy":"folder","embeddable":true,"href":"https:\/\/passerelle2.ac-nantes.fr\/ecole-hopital-nantes\/wp-json\/wp\/v2\/folder?post=75"}],"curies":[{"name":"wp","href":"https:\/\/api.w.org\/{rel}","templated":true}]}}