
{"id":82,"date":"2013-05-22T09:28:20","date_gmt":"2013-05-22T09:28:20","guid":{"rendered":"https:\/\/passerelle2.ac-nantes.fr\/ecole-hopital-nantes\/?page_id=82"},"modified":"2023-01-19T11:37:57","modified_gmt":"2023-01-19T10:37:57","slug":"nous-contacter","status":"publish","type":"page","link":"https:\/\/passerelle2.ac-nantes.fr\/ecole-hopital-nantes\/nous-contacter\/","title":{"rendered":"Nous contacter"},"content":{"rendered":"\n<h5><span style=\"color: #000000;\"><strong>Pour contacter les enseignants de l&rsquo;\u00e9cole \u00e0 l&rsquo;h\u00f4pital de Nantes :<\/strong><\/span><\/h5>\n<h5><span style=\"color: #888888;\"><strong> &nbsp;<\/strong><\/span><\/h5>\n<table border=\"0\" rules=\"none\" cellspacing=\"0\">\n<tbody>\n<tr>\n<td width=\"128\" height=\"20\" align=\"center\" bgcolor=\"#a00cccc\"><span style=\"font-family: helvetica, arial, sans-serif;\"><strong><span style=\"font-size: small;\">Niveaux<\/span><\/strong><\/span><\/td>\n<td width=\"471\" align=\"center\" bgcolor=\"#a00cccc\"><span style=\"font-family: helvetica, arial, sans-serif;\"><strong><span style=\"font-size: small;\">Enseignants<\/span><\/strong><\/span><\/td>\n<\/tr>\n<tr>\n<td height=\"62\" align=\"center\" valign=\"middle\" bgcolor=\"#ffffcc\" rowspan=\"3\"><span style=\"font-family: helvetica, arial, sans-serif;\"><strong><span style=\"color: #000000; font-size: small;\"><p>De la grande <\/p><p>section<\/p><p>au CM2<\/p><p>et classes <p>sp\u00e9cialis\u00e9es<\/p><\/span><\/strong><\/span><\/td>\n<td align=\"center\" bgcolor=\"#ffffcc\"><span style=\"font-family: helvetica, arial, sans-serif;\"><strong><span style=\"font-size: small;\"><p>Cathy Auger-P\u00e9rier<\/p><p><a href=\"mailto:catherine.perier@ac-nantes.fr\">cathy.auger-perier@ac-nantes.fr <\/a><\/p> <\/span><\/strong><\/span><\/td>\n<\/tr>\n<tr>\n<td align=\"center\" bgcolor=\"#ffffcc\"><span style=\"font-family: helvetica, arial, sans-serif;\"><strong><span style=\"font-size: small;\"><p>Malvina Bernard<\/p><p><a href=\"mailto:malvina.bernard@ac-nantes.fr\">malvina.bernard@ac-nantes.fr <\/a><\/p> <\/span><\/strong><\/span><\/td>\n<\/tr>\n<tr>\n<td align=\"center\" bgcolor=\"#ffffcc\">\n<span style=\"font-family: helvetica, arial, sans-serif;\"><strong><span style=\"font-size: small;\"><strong> T\u00e9l : 02 40 08 35 07 (en interne 83 507) <\/strong><\/span><\/strong><\/span><\/td>\n<\/tr>\n<tr>\n<td height=\"62\" align=\"center\" valign=\"middle\" bgcolor=\"#aecf00\" rowspan=\"6\"><span style=\"font-family: helvetica, arial, sans-serif;\"><strong><span style=\"color: #000000; font-size: small;\"><p>De la sixi\u00e8me <\/p><p>\u00e0 la<\/p><p>terminale<\/p><\/span><\/strong><\/span><\/td>\n<td align=\"center\" bgcolor=\"#aecf00\"><span style=\"font-family: helvetica, arial, sans-serif;\"><strong><span style=\"font-size: small;\"><p>Corinne Bouveret (fran\u00e7ais-philosophie)<\/p><p><a href=\"mailto:corinne.bouveret@ac-nantes.fr\">corinne.bouveret@ac-nantes.fr <\/a><\/p><\/span><\/strong><\/span><\/td>\n<\/tr>\n<tr>\n<td align=\"center\" bgcolor=\"#aecf00\"><span style=\"font-family: helvetica, arial, sans-serif;\"><strong><span style=\"font-size: small;\"><p>Marc-Olivier P\u00e9rou (histoire-g\u00e9ographie-EMC)<\/p><p><a href=\"mailto:marc-olivier.perou@ac-nantes.fr\">marc-olivier.perou@ac-nantes.fr <\/a><\/p><\/span><\/strong><\/span><\/td>\n<\/tr>\n<tr>\n<td align=\"center\" bgcolor=\"#aecf00\"><span style=\"font-family: helvetica, arial, sans-serif;\"><strong><span style=\"font-size: small;\"><p>Alain Le Grand (math\u00e9matiques-sciences)<\/p><p><a href=\"mailto:alain.le-grand@ac-nantes.fr\">alain.le-grand@ac-nantes.fr <\/a><\/p><\/span><\/strong><\/span><\/td>\n<\/tr>\n<tr>\n<td align=\"center\" bgcolor=\"#aecf00\"><span style=\"font-family: helvetica, arial, sans-serif;\"><strong><span style=\"font-size: small;\"><p>B\u00e9n\u00e9dicte Gessat (anglais)<\/p><p><a href=\"mailto:benedicte.gessat@ac-nantes.fr\">benedicte.gessat@ac-nantes.fr <\/a><\/p><\/span><\/strong><\/span><\/td>\n<\/tr>\n<tr>\n<td align=\"center\" bgcolor=\"#aecf00\"><span style=\"font-family: helvetica, arial, sans-serif;\"><strong><span style=\"font-size: small;\"><p>Nathalie Fournier (anglais)<\/p><p><a href=\"mailto:nathalie.fournier3@ac-nantes.fr\">nathalie.fournier3@ac-nantes.fr <\/a><\/p><\/span><\/strong><\/span><\/td>\n<\/tr>\n<tr>\n<td align=\"center\" bgcolor=\"#aecf00\">\n<span style=\"font-family: helvetica, arial, sans-serif;\"><strong><span style=\"font-size: small;\"><strong> T\u00e9l : 02 40 08 34 92 (en interne 83 492) <\/strong><\/span><\/strong><\/span><\/td>\n<\/tr>\n<\/tbody>\n<\/table>\n<div><strong><span style=\"text-decoration: underline;\">Adresse postale :<\/span> <\/strong><\/div>\n<div><strong>Unit\u00e9 scolaire &#8211; 4\u00e8me \u00e9tage de la p\u00e9diatrie<br>7 quai Moncousu <\/strong><\/div>\n<div><strong>44 093 Nantes cedex 1<\/strong><\/div>\n","protected":false},"excerpt":{"rendered":"<p>Pour contacter les enseignants de l&rsquo;\u00e9cole \u00e0 l&rsquo;h\u00f4pital de Nantes : &nbsp; Niveaux Enseignants De la grande section au CM2 et classes sp\u00e9cialis\u00e9es Cathy Auger-P\u00e9rier cathy.auger-perier@ac-nantes.fr Malvina Bernard malvina.bernard@ac-nantes.fr T\u00e9l : 02 40 08 35 07 (en interne 83 507) De la sixi\u00e8me \u00e0 la terminale Corinne Bouveret (fran\u00e7ais-philosophie) corinne.bouveret@ac-nantes.fr Marc-Olivier P\u00e9rou (histoire-g\u00e9ographie-EMC) marc-olivier.perou@ac-nantes.fr Alain &hellip; <a href=\"https:\/\/passerelle2.ac-nantes.fr\/ecole-hopital-nantes\/nous-contacter\/\" class=\"more-link\">Continuer la lecture de <span class=\"screen-reader-text\">Nous contacter<\/span>  <span class=\"meta-nav\">&rarr;<\/span><\/a><\/p>\n","protected":false},"author":3930,"featured_media":0,"parent":0,"menu_order":6,"comment_status":"open","ping_status":"open","template":"","meta":{"ngg_post_thumbnail":0,"h5ap_radio_sources":[],"footnotes":""},"folder":[],"class_list":["post-82","page","type-page","status-publish","hentry"],"_links":{"self":[{"href":"https:\/\/passerelle2.ac-nantes.fr\/ecole-hopital-nantes\/wp-json\/wp\/v2\/pages\/82","targetHints":{"allow":["GET"]}}],"collection":[{"href":"https:\/\/passerelle2.ac-nantes.fr\/ecole-hopital-nantes\/wp-json\/wp\/v2\/pages"}],"about":[{"href":"https:\/\/passerelle2.ac-nantes.fr\/ecole-hopital-nantes\/wp-json\/wp\/v2\/types\/page"}],"author":[{"embeddable":true,"href":"https:\/\/passerelle2.ac-nantes.fr\/ecole-hopital-nantes\/wp-json\/wp\/v2\/users\/3930"}],"replies":[{"embeddable":true,"href":"https:\/\/passerelle2.ac-nantes.fr\/ecole-hopital-nantes\/wp-json\/wp\/v2\/comments?post=82"}],"version-history":[{"count":0,"href":"https:\/\/passerelle2.ac-nantes.fr\/ecole-hopital-nantes\/wp-json\/wp\/v2\/pages\/82\/revisions"}],"wp:attachment":[{"href":"https:\/\/passerelle2.ac-nantes.fr\/ecole-hopital-nantes\/wp-json\/wp\/v2\/media?parent=82"}],"wp:term":[{"taxonomy":"folder","embeddable":true,"href":"https:\/\/passerelle2.ac-nantes.fr\/ecole-hopital-nantes\/wp-json\/wp\/v2\/folder?post=82"}],"curies":[{"name":"wp","href":"https:\/\/api.w.org\/{rel}","templated":true}]}}