
{"id":863,"date":"2014-02-05T17:30:15","date_gmt":"2014-02-05T17:30:15","guid":{"rendered":"https:\/\/passerelle2.ac-nantes.fr\/ecole-hopital-nantes\/?page_id=863"},"modified":"2018-06-22T15:26:05","modified_gmt":"2018-06-22T13:26:05","slug":"lecole-en-video","status":"publish","type":"page","link":"https:\/\/passerelle2.ac-nantes.fr\/ecole-hopital-nantes\/lecole-en-video\/","title":{"rendered":"L&rsquo;\u00e9cole en vid\u00e9os"},"content":{"rendered":"<h5><span style=\"font-family: helvetica, arial, sans-serif; font-size: 12pt;\"><span style=\"color: #808080;\">\u00c9l\u00e8ves<\/span><strong><span style=\"color: #808080;\">, parents, enseignants, visiteurs, vous trouverez dans cette rubrique des vid\u00e9os courtes sur diff\u00e9rentes th\u00e9matiques :<\/span><\/strong><\/span><\/h5>\n<ul>\n<li>\n<h5><span style=\"color: #000080; font-family: helvetica, arial, sans-serif; font-size: 12pt;\">Qu&rsquo;est-ce que le cancer ? (\u00e0 destination des \u00e9l\u00e8ves -enfants et adolescents- et des familles)<\/span><\/h5>\n<\/li>\n<li>\n<h5><span style=\"color: #000080; font-family: helvetica, arial, sans-serif; font-size: 12pt;\">Pr\u00e9sentation de l&rsquo;\u00e9cole \u00e0 l&rsquo;h\u00f4pital (\u00e0 destination des \u00e9l\u00e8ves, des enseignants, des familles)<\/span><\/h5>\n<\/li>\n<li>\n<h5><span style=\"color: #000080; font-family: helvetica, arial, sans-serif; font-size: 12pt;\">Pr\u00e9sentation d&rsquo;une journ\u00e9e \u00e0 l&rsquo;h\u00f4pital (\u00e0 destination des \u00e9l\u00e8ves, des enseignants, des familles)<\/span><\/h5>\n<\/li>\n<li>\n<h5><span style=\"color: #000080; font-family: helvetica, arial, sans-serif; font-size: 12pt;\">Pr\u00e9sentation du SAPAD (\u00e0 destination des familles, des enseignants)<\/span><\/h5>\n<\/li>\n<li>\n<h5><span style=\"color: #000080; font-family: helvetica, arial, sans-serif; font-size: 12pt;\">15 questions\/r\u00e9ponses (\u00e0 destination des \u00e9l\u00e8ves, des enseignants)<\/span><\/h5>\n<\/li>\n<\/ul>\n<p>&nbsp;<\/p>\n<h5><span style=\"font-family: helvetica, arial, sans-serif; font-size: 12pt; color: #000080;\"><strong>Si vous ne trouvez pas l&rsquo;information que vous recherchez, n&rsquo;h\u00e9sitez pas \u00e0 <a style=\"color: #000080;\">nous contacter <\/a>!<\/strong><\/span><\/h5>\n<p>&nbsp;<\/p>\n","protected":false},"excerpt":{"rendered":"<p>\u00c9l\u00e8ves, parents, enseignants, visiteurs, vous trouverez dans cette rubrique des vid\u00e9os courtes sur diff\u00e9rentes th\u00e9matiques : Qu&rsquo;est-ce que le cancer ? (\u00e0 destination des \u00e9l\u00e8ves -enfants et adolescents- et des familles) Pr\u00e9sentation de l&rsquo;\u00e9cole \u00e0 l&rsquo;h\u00f4pital (\u00e0 destination des \u00e9l\u00e8ves, des enseignants, des familles) Pr\u00e9sentation d&rsquo;une journ\u00e9e \u00e0 l&rsquo;h\u00f4pital (\u00e0 destination des \u00e9l\u00e8ves, des enseignants, &hellip; <a href=\"https:\/\/passerelle2.ac-nantes.fr\/ecole-hopital-nantes\/lecole-en-video\/\" class=\"more-link\">Continuer la lecture de <span class=\"screen-reader-text\">L&rsquo;\u00e9cole en vid\u00e9os<\/span>  <span class=\"meta-nav\">&rarr;<\/span><\/a><\/p>\n","protected":false},"author":3930,"featured_media":0,"parent":0,"menu_order":3,"comment_status":"open","ping_status":"open","template":"template-twocolumnsleft.php","meta":{"ngg_post_thumbnail":0,"h5ap_radio_sources":[],"footnotes":""},"folder":[],"class_list":["post-863","page","type-page","status-publish","hentry"],"_links":{"self":[{"href":"https:\/\/passerelle2.ac-nantes.fr\/ecole-hopital-nantes\/wp-json\/wp\/v2\/pages\/863","targetHints":{"allow":["GET"]}}],"collection":[{"href":"https:\/\/passerelle2.ac-nantes.fr\/ecole-hopital-nantes\/wp-json\/wp\/v2\/pages"}],"about":[{"href":"https:\/\/passerelle2.ac-nantes.fr\/ecole-hopital-nantes\/wp-json\/wp\/v2\/types\/page"}],"author":[{"embeddable":true,"href":"https:\/\/passerelle2.ac-nantes.fr\/ecole-hopital-nantes\/wp-json\/wp\/v2\/users\/3930"}],"replies":[{"embeddable":true,"href":"https:\/\/passerelle2.ac-nantes.fr\/ecole-hopital-nantes\/wp-json\/wp\/v2\/comments?post=863"}],"version-history":[{"count":0,"href":"https:\/\/passerelle2.ac-nantes.fr\/ecole-hopital-nantes\/wp-json\/wp\/v2\/pages\/863\/revisions"}],"wp:attachment":[{"href":"https:\/\/passerelle2.ac-nantes.fr\/ecole-hopital-nantes\/wp-json\/wp\/v2\/media?parent=863"}],"wp:term":[{"taxonomy":"folder","embeddable":true,"href":"https:\/\/passerelle2.ac-nantes.fr\/ecole-hopital-nantes\/wp-json\/wp\/v2\/folder?post=863"}],"curies":[{"name":"wp","href":"https:\/\/api.w.org\/{rel}","templated":true}]}}