
{"id":881,"date":"2014-02-06T10:55:48","date_gmt":"2014-02-06T10:55:48","guid":{"rendered":"https:\/\/passerelle2.ac-nantes.fr\/ecole-hopital-nantes\/?page_id=881"},"modified":"2018-06-22T15:29:46","modified_gmt":"2018-06-22T13:29:46","slug":"questions-denfants-et-dadolescents","status":"publish","type":"page","link":"https:\/\/passerelle2.ac-nantes.fr\/ecole-hopital-nantes\/lecole-en-video\/questions-denfants-et-dadolescents\/","title":{"rendered":"Questions\/r\u00e9ponses pour les enfants et les ados"},"content":{"rendered":"<h5><span style=\"font-family: helvetica, arial, sans-serif; font-size: 12pt;\"><strong><span style=\"color: #808080;\">Cette rubrique est \u00e0 destination des enfants et des adolescents qui ont un camarade de classe atteint par un cancer. Ces onze questions-r\u00e9ponses permettent d&rsquo;aborder la maladie, les traitements, les impacts sur l&rsquo;enfant malade. <\/span><\/strong><\/span><\/h5>\n<h5><span style=\"font-family: helvetica, arial, sans-serif; font-size: 12pt; color: #000080;\"><strong>Si vous ne trouvez pas l&rsquo;information que vous recherchez, n&rsquo;h\u00e9sitez pas \u00e0 <a style=\"color: #000080;\" title=\"Cliquez ici si vous souhaitez nous contacter...\" href=\"https:\/\/passerelle2.ac-nantes.fr\/ecole-hopital-nantes\/nous-contacter\/\">nous contacter <\/a>!<\/strong><\/span><\/h5>\n<p>&nbsp;<\/p>\n<p><span style=\"font-family: helvetica, arial, sans-serif;\"><strong><span style=\"font-size: small;\">Pourquoi un enfant malade ne fait-il pas toutes les activit\u00e9s avec ses camarades ?<br \/>\n(Dur\u00e9e : 16 s)<\/span><\/strong><strong><span style=\"font-size: small;\">Quand l&rsquo;enfant malade reviendra-t-il \u00e0 l&rsquo;\u00e9cole ? (Dur\u00e9e : 27 s)<\/span><\/strong><strong><span style=\"font-size: small;\">Pourquoi un enfant malade est-il souvent absent ? (Dur\u00e9e : 11 s)<\/span><\/strong><\/span><\/p>\n<table border=\"0\" rules=\"none\" cellspacing=\"0\">\n<tbody>\n<tr>\n<td style=\"text-align: center;\" align=\"left\" bgcolor=\"#00cccc\" width=\"553\" height=\"20\"><span style=\"font-family: helvetica, arial, sans-serif;\"><strong><span style=\"font-size: small;\">Comment parler de la maladie avec un enfant malade ? (Dur\u00e9e : 21 s)<\/span><\/strong><\/span><\/td>\n<\/tr>\n<tr>\n<td align=\"left\" bgcolor=\"#ffffcc\" height=\"20\"><span style=\"font-family: helvetica, arial, sans-serif;\"><strong><span style=\"color: #000000; font-size: small;\"><br \/>\n<iframe loading=\"lazy\" title=\"Que dois-je lui dire ? Comment me comporter avec lui ?\" width=\"474\" height=\"267\" src=\"https:\/\/www.youtube.com\/embed\/kRlOVvTgTBc?feature=oembed\" frameborder=\"0\" allow=\"accelerometer; autoplay; clipboard-write; encrypted-media; gyroscope; picture-in-picture; web-share\" referrerpolicy=\"strict-origin-when-cross-origin\" allowfullscreen><\/iframe><br \/>\n<\/span><\/strong><\/span><\/td>\n<\/tr>\n<tr>\n<td style=\"text-align: center;\" align=\"left\" bgcolor=\"#aecf00\" height=\"20\"><span style=\"font-family: helvetica, arial, sans-serif;\"><strong><span style=\"color: #000000; font-size: small;\">Que peut faire ou ne pas faire un enfant malade ? (Dur\u00e9e : 23 s)<\/span><\/strong><\/span><\/td>\n<\/tr>\n<tr>\n<td align=\"left\" bgcolor=\"#ffffcc\" height=\"20\"><span style=\"font-family: helvetica, arial, sans-serif;\"><strong><span style=\"color: #000000; font-size: small;\"><br \/>\n<iframe loading=\"lazy\" title=\"Que peut-il faire ou ne pas faire ?\" width=\"474\" height=\"267\" src=\"https:\/\/www.youtube.com\/embed\/Td5VYoaa3lQ?feature=oembed\" frameborder=\"0\" allow=\"accelerometer; autoplay; clipboard-write; encrypted-media; gyroscope; picture-in-picture; web-share\" referrerpolicy=\"strict-origin-when-cross-origin\" allowfullscreen><\/iframe><br \/>\n<\/span><\/strong><\/span><\/td>\n<\/tr>\n<tr>\n<td align=\"left\" bgcolor=\"#ffffcc\" height=\"20\"><span style=\"font-family: helvetica, arial, sans-serif;\"><strong><span style=\"color: #000000; font-size: small;\"><br \/>\n<iframe loading=\"lazy\" title=\"Pourquoi ne fait-il pas toutes les activit\u00e9s avec nous ?\" width=\"474\" height=\"267\" src=\"https:\/\/www.youtube.com\/embed\/dvHGRj8Jxic?feature=oembed\" frameborder=\"0\" allow=\"accelerometer; autoplay; clipboard-write; encrypted-media; gyroscope; picture-in-picture; web-share\" referrerpolicy=\"strict-origin-when-cross-origin\" allowfullscreen><\/iframe><br \/>\n<\/span><\/strong><\/span><\/td>\n<\/tr>\n<tr>\n<td style=\"text-align: center;\" align=\"left\" bgcolor=\"#aecf00\" height=\"20\"><span style=\"font-family: helvetica, arial, sans-serif;\"><strong><span style=\"color: #000000; font-size: small;\">L&rsquo;enfant malade redeviendra-t-il comme avant ? (Dur\u00e9e : 16 s)<\/span><\/strong><\/span><\/td>\n<\/tr>\n<tr>\n<td align=\"left\" bgcolor=\"#ffffcc\" height=\"20\"><span style=\"font-family: helvetica, arial, sans-serif;\"><strong><span style=\"color: #000000; font-size: small;\"><br \/>\n<iframe loading=\"lazy\" title=\"Est-ce qu&#039;il redeviendra comme avant ?\" width=\"474\" height=\"267\" src=\"https:\/\/www.youtube.com\/embed\/FLdeFnotn8Y?feature=oembed\" frameborder=\"0\" allow=\"accelerometer; autoplay; clipboard-write; encrypted-media; gyroscope; picture-in-picture; web-share\" referrerpolicy=\"strict-origin-when-cross-origin\" allowfullscreen><\/iframe><br \/>\n<\/span><\/strong><\/span><\/td>\n<\/tr>\n<tr>\n<td style=\"text-align: center;\" align=\"left\" bgcolor=\"#00cccc\" width=\"553\" height=\"20\"><span style=\"font-family: helvetica, arial, sans-serif;\"><strong><span style=\"font-size: small;\">Pourquoi l&rsquo;enfant malade change-t-il physiquement ? (Dur\u00e9e : 14 s)<\/span><\/strong><\/span><\/td>\n<\/tr>\n<tr>\n<td align=\"left\" bgcolor=\"#ffffcc\" height=\"20\"><span style=\"font-family: helvetica, arial, sans-serif;\"><strong><span style=\"color: #000000; font-size: small;\"><br \/>\n<iframe loading=\"lazy\" title=\"Pourquoi a-t-il chang\u00e9 physiquement ?\" width=\"474\" height=\"267\" src=\"https:\/\/www.youtube.com\/embed\/VXTtCnoncOE?feature=oembed\" frameborder=\"0\" allow=\"accelerometer; autoplay; clipboard-write; encrypted-media; gyroscope; picture-in-picture; web-share\" referrerpolicy=\"strict-origin-when-cross-origin\" allowfullscreen><\/iframe><br \/>\n<\/span><\/strong><\/span><\/td>\n<\/tr>\n<tr>\n<td style=\"text-align: center;\" align=\"left\" bgcolor=\"#aecf00\" height=\"20\"><span style=\"font-family: helvetica, arial, sans-serif;\"><strong><span style=\"color: #000000; font-size: small;\">Un cancer est-il contagieux ? (Dur\u00e9e : 14 s)<\/span><\/strong><\/span><\/td>\n<\/tr>\n<tr>\n<td align=\"left\" bgcolor=\"#ffffcc\" height=\"20\"><span style=\"font-family: helvetica, arial, sans-serif;\"><strong><span style=\"color: #000000; font-size: small;\"><br \/>\n<iframe loading=\"lazy\" title=\"Est-ce que c&#039;est contagieux ?\" width=\"474\" height=\"267\" src=\"https:\/\/www.youtube.com\/embed\/FcDoMj1af3w?feature=oembed\" frameborder=\"0\" allow=\"accelerometer; autoplay; clipboard-write; encrypted-media; gyroscope; picture-in-picture; web-share\" referrerpolicy=\"strict-origin-when-cross-origin\" allowfullscreen><\/iframe><br \/>\n<\/span><\/strong><\/span><\/td>\n<\/tr>\n<tr>\n<td align=\"left\" bgcolor=\"#ffffcc\" height=\"20\"><span style=\"font-family: helvetica, arial, sans-serif;\"><strong><span style=\"color: #000000; font-size: small;\"><br \/>\n<iframe loading=\"lazy\" title=\"Quand reviendra-t-il ?\" width=\"474\" height=\"267\" src=\"https:\/\/www.youtube.com\/embed\/MW2wxbvOrp8?feature=oembed\" frameborder=\"0\" allow=\"accelerometer; autoplay; clipboard-write; encrypted-media; gyroscope; picture-in-picture; web-share\" referrerpolicy=\"strict-origin-when-cross-origin\" allowfullscreen><\/iframe><br \/>\n<\/span><\/strong><\/span><\/td>\n<\/tr>\n<tr>\n<td style=\"text-align: center;\" align=\"left\" bgcolor=\"#aecf00\" height=\"20\"><span style=\"font-family: helvetica, arial, sans-serif;\"><strong><span style=\"color: #000000; font-size: small;\">Le cancer est-il une maladie grave ? Peut-on en mourir ? (Dur\u00e9e : 11 s)<\/span><\/strong><\/span><\/td>\n<\/tr>\n<tr>\n<td align=\"left\" bgcolor=\"#ffffcc\" height=\"20\"><span style=\"font-family: helvetica, arial, sans-serif;\"><strong><span style=\"color: #000000; font-size: small;\"><br \/>\n<iframe loading=\"lazy\" title=\"Est-ce que c&#039;est grave ? Va-t-il mourir ?\" width=\"474\" height=\"267\" src=\"https:\/\/www.youtube.com\/embed\/q3lE1wjrqr4?feature=oembed\" frameborder=\"0\" allow=\"accelerometer; autoplay; clipboard-write; encrypted-media; gyroscope; picture-in-picture; web-share\" referrerpolicy=\"strict-origin-when-cross-origin\" allowfullscreen><\/iframe><br \/>\n<\/span><\/strong><\/span><\/td>\n<\/tr>\n<tr>\n<td style=\"text-align: center;\" align=\"left\" bgcolor=\"#00cccc\" width=\"553\" height=\"20\"><span style=\"font-family: helvetica, arial, sans-serif;\"><strong><span style=\"font-size: small;\">Un enfant malade a-t-il mal ? (Dur\u00e9e : 11 s)<\/span><\/strong><\/span><\/td>\n<\/tr>\n<tr>\n<td align=\"left\" bgcolor=\"#ffffcc\" height=\"20\"><span style=\"font-family: helvetica, arial, sans-serif;\"><strong><span style=\"color: #000000; font-size: small;\"><br \/>\n<iframe loading=\"lazy\" title=\"Est-ce qu&#039;il a mal ?\" width=\"474\" height=\"267\" src=\"https:\/\/www.youtube.com\/embed\/2Q51P02gba8?feature=oembed\" frameborder=\"0\" allow=\"accelerometer; autoplay; clipboard-write; encrypted-media; gyroscope; picture-in-picture; web-share\" referrerpolicy=\"strict-origin-when-cross-origin\" allowfullscreen><\/iframe><br \/>\n<\/span><\/strong><\/span><\/td>\n<\/tr>\n<tr>\n<td style=\"text-align: center;\" align=\"left\" bgcolor=\"#aecf00\" height=\"20\"><span style=\"font-family: helvetica, arial, sans-serif;\"><strong><span style=\"color: #000000; font-size: small;\">Pourquoi mon camarade a-t-il un cancer ? (Dur\u00e9e : 12 s)<\/span><\/strong><\/span><\/td>\n<\/tr>\n<tr>\n<td align=\"left\" bgcolor=\"#ffffcc\" height=\"20\"><span style=\"font-family: helvetica, arial, sans-serif;\"><strong><span style=\"color: #000000; font-size: small;\"><br \/>\n<iframe loading=\"lazy\" title=\"Pourquoi \u00e7a lui arrive ?\" width=\"474\" height=\"267\" src=\"https:\/\/www.youtube.com\/embed\/pQcEaUNKHvA?feature=oembed\" frameborder=\"0\" allow=\"accelerometer; autoplay; clipboard-write; encrypted-media; gyroscope; picture-in-picture; web-share\" referrerpolicy=\"strict-origin-when-cross-origin\" allowfullscreen><\/iframe><br \/>\n<\/span><\/strong><\/span><\/td>\n<\/tr>\n<tr>\n<td align=\"left\" bgcolor=\"#ffffcc\" height=\"20\"><strong><span style=\"color: #000000; font-size: small;\"><br \/>\n<span style=\"font-family: helvetica, arial, sans-serif;\"> http:\/\/youtu.be\/s0M1R9w6WEU<\/span><br \/>\n<\/span><\/strong><\/td>\n<\/tr>\n<\/tbody>\n<\/table>\n","protected":false},"excerpt":{"rendered":"<p>Cette rubrique est \u00e0 destination des enfants et des adolescents qui ont un camarade de classe atteint par un cancer. Ces onze questions-r\u00e9ponses permettent d&rsquo;aborder la maladie, les traitements, les impacts sur l&rsquo;enfant malade. Si vous ne trouvez pas l&rsquo;information que vous recherchez, n&rsquo;h\u00e9sitez pas \u00e0 nous contacter ! &nbsp; Pourquoi un enfant malade ne &hellip; <a href=\"https:\/\/passerelle2.ac-nantes.fr\/ecole-hopital-nantes\/lecole-en-video\/questions-denfants-et-dadolescents\/\" class=\"more-link\">Continuer la lecture de <span class=\"screen-reader-text\">Questions\/r\u00e9ponses pour les enfants et les ados<\/span>  <span class=\"meta-nav\">&rarr;<\/span><\/a><\/p>\n","protected":false},"author":3930,"featured_media":0,"parent":863,"menu_order":3,"comment_status":"open","ping_status":"open","template":"template-twocolumnsleft.php","meta":{"ngg_post_thumbnail":0,"h5ap_radio_sources":[],"footnotes":""},"folder":[],"class_list":["post-881","page","type-page","status-publish","hentry"],"_links":{"self":[{"href":"https:\/\/passerelle2.ac-nantes.fr\/ecole-hopital-nantes\/wp-json\/wp\/v2\/pages\/881","targetHints":{"allow":["GET"]}}],"collection":[{"href":"https:\/\/passerelle2.ac-nantes.fr\/ecole-hopital-nantes\/wp-json\/wp\/v2\/pages"}],"about":[{"href":"https:\/\/passerelle2.ac-nantes.fr\/ecole-hopital-nantes\/wp-json\/wp\/v2\/types\/page"}],"author":[{"embeddable":true,"href":"https:\/\/passerelle2.ac-nantes.fr\/ecole-hopital-nantes\/wp-json\/wp\/v2\/users\/3930"}],"replies":[{"embeddable":true,"href":"https:\/\/passerelle2.ac-nantes.fr\/ecole-hopital-nantes\/wp-json\/wp\/v2\/comments?post=881"}],"version-history":[{"count":0,"href":"https:\/\/passerelle2.ac-nantes.fr\/ecole-hopital-nantes\/wp-json\/wp\/v2\/pages\/881\/revisions"}],"up":[{"embeddable":true,"href":"https:\/\/passerelle2.ac-nantes.fr\/ecole-hopital-nantes\/wp-json\/wp\/v2\/pages\/863"}],"wp:attachment":[{"href":"https:\/\/passerelle2.ac-nantes.fr\/ecole-hopital-nantes\/wp-json\/wp\/v2\/media?parent=881"}],"wp:term":[{"taxonomy":"folder","embeddable":true,"href":"https:\/\/passerelle2.ac-nantes.fr\/ecole-hopital-nantes\/wp-json\/wp\/v2\/folder?post=881"}],"curies":[{"name":"wp","href":"https:\/\/api.w.org\/{rel}","templated":true}]}}