
{"id":883,"date":"2014-02-06T10:57:20","date_gmt":"2014-02-06T10:57:20","guid":{"rendered":"https:\/\/passerelle2.ac-nantes.fr\/ecole-hopital-nantes\/?page_id=883"},"modified":"2014-02-08T11:36:10","modified_gmt":"2014-02-08T11:36:10","slug":"questions-denseignants","status":"publish","type":"page","link":"https:\/\/passerelle2.ac-nantes.fr\/ecole-hopital-nantes\/lecole-en-video\/questions-denseignants\/","title":{"rendered":"Questions\/r\u00e9ponses \u00e0 destination des enseignants"},"content":{"rendered":"<h5><strong><span style=\"color: #808080\">Cette rubrique est \u00e0 destination des enseignants qui ont un \u00e9l\u00e8ve atteint par un cancer. Ces cinq questions-r\u00e9ponses donnent des pistes pour aborder la maladie avec les autres \u00e9l\u00e8ves de la classe ainsi que pour am\u00e9nager les activit\u00e9s scolaires, la dur\u00e9e de la journ\u00e9e et les examens.<\/span><\/strong><\/h5>\n<h5><strong><span style=\"color: #333399\">Si vous ne trouvez pas l&rsquo;information que vous recherchez, n&rsquo;h\u00e9sitez pas \u00e0 <a title=\"Cliquez ici si vous souhaitez nous contacter...\" href=\"https:\/\/passerelle2.ac-nantes.fr\/ecole-hopital-nantes\/nous-contacter\/\">nous contacter <\/a>!<\/span><\/strong><\/h5>\n<p><\/br><\/p>\n<table border=\"0\" cellspacing=\"0\" rules=\"none\">\n<col span=\"1\" width=\"553\"><\/col>\n<tbody>\n<tr>\n<td style=\"text-align: center\" width=\"553\" height=\"20\" align=\"left\" bgcolor=\"#00cccc\"><strong><span style=\"font-size: small\">Qu&rsquo;en est-il de la validation des acquis pour un \u00e9l\u00e8ve malade ? Des \u00e9valuations ?<br \/>\n(Dur\u00e9e : 21 s)<\/span><\/strong><\/td>\n<\/tr>\n<tr>\n<td height=\"20\" align=\"left\" bgcolor=\"#ffffcc\"><strong><span style=\"color: #000000;font-size: small\"><br \/>\n<iframe loading=\"lazy\" title=\"Qu&#039;en est-il de la validation des acquis, des \u00e9valuations ?\" width=\"474\" height=\"267\" src=\"https:\/\/www.youtube.com\/embed\/wgSgKDLv5x0?feature=oembed\" frameborder=\"0\" allow=\"accelerometer; autoplay; clipboard-write; encrypted-media; gyroscope; picture-in-picture; web-share\" referrerpolicy=\"strict-origin-when-cross-origin\" allowfullscreen><\/iframe><br \/>\n<\/span><\/strong><\/td>\n<\/tr>\n<tr>\n<td style=\"text-align: center\" height=\"20\" align=\"left\" bgcolor=\"#aecf00\"><strong><span style=\"color: #000000;font-size: small\">L&rsquo;enfant malade peut-il faire les m\u00eames activit\u00e9s scolaires que ses camarades ?<br \/>\n(Dur\u00e9e : 17 s)<\/span><\/strong><\/td>\n<\/tr>\n<tr>\n<td height=\"20\" align=\"left\" bgcolor=\"#ffffcc\"><strong><span style=\"color: #000000;font-size: small\"><br \/>\n<iframe loading=\"lazy\" title=\"Peut-il faire les m\u00eames ativit\u00e9s ques les autres\" width=\"474\" height=\"267\" src=\"https:\/\/www.youtube.com\/embed\/x6ycisKW5Uw?feature=oembed\" frameborder=\"0\" allow=\"accelerometer; autoplay; clipboard-write; encrypted-media; gyroscope; picture-in-picture; web-share\" referrerpolicy=\"strict-origin-when-cross-origin\" allowfullscreen><\/iframe><br \/>\n<\/span><\/strong><\/td>\n<\/tr>\n<td style=\"text-align: center\" width=\"553\" height=\"20\" align=\"left\" bgcolor=\"#00cccc\"><strong><span style=\"font-size: small\">Y a-t-il des pr\u00e9cautions particuli\u00e8res \u00e0 prendre vis \u00e0 vis de l&rsquo;enfant malade ?<br \/>\n(Dur\u00e9e : 18 s)<\/span><\/strong><\/td>\n<\/tr>\n<tr>\n<td height=\"20\" align=\"left\" bgcolor=\"#ffffcc\"><strong><span style=\"color: #000000;font-size: small\"><br \/>\n<iframe loading=\"lazy\" title=\"Y a-t-il des pr\u00e9cautions particuli\u00e8res vis-\u00e0-vis de l&#039;enfant malade ?\" width=\"474\" height=\"267\" src=\"https:\/\/www.youtube.com\/embed\/Mygqr2t6eNk?feature=oembed\" frameborder=\"0\" allow=\"accelerometer; autoplay; clipboard-write; encrypted-media; gyroscope; picture-in-picture; web-share\" referrerpolicy=\"strict-origin-when-cross-origin\" allowfullscreen><\/iframe><br \/>\n<\/span><\/strong><\/td>\n<\/tr>\n<tr>\n<td style=\"text-align: center\" height=\"20\" align=\"left\" bgcolor=\"#aecf00\"><strong><span style=\"color: #000000;font-size: small\">Quels am\u00e9nagements d&#8217;emploi du temps faut-il pr\u00e9voir pour l&rsquo;enfant malade ?<br \/>\nQuels all\u00e8gements ? (Dur\u00e9e : 31 s)<\/span><\/strong><\/td>\n<\/tr>\n<tr>\n<td height=\"20\" align=\"left\" bgcolor=\"#ffffcc\"><strong><span style=\"color: #000000;font-size: small\"><br \/>\n<iframe loading=\"lazy\" title=\"Quels am\u00e9nagements d&#039;emploi du temps ou quels all\u00e8gements ?\" width=\"474\" height=\"267\" src=\"https:\/\/www.youtube.com\/embed\/GqMxJN73TPs?feature=oembed\" frameborder=\"0\" allow=\"accelerometer; autoplay; clipboard-write; encrypted-media; gyroscope; picture-in-picture; web-share\" referrerpolicy=\"strict-origin-when-cross-origin\" allowfullscreen><\/iframe><br \/>\n<\/span><\/strong><\/td>\n<\/tr>\n<tr>\n<td style=\"text-align: center\" width=\"553\" height=\"20\" align=\"left\" bgcolor=\"#00cccc\"><strong><span style=\"font-size: small\">Que dire aux camarades de classe d&rsquo;un enfant malade ?<br \/>\n(Dur\u00e9e : 14 s)<\/span><\/strong><\/td>\n<\/tr>\n<tr>\n<td height=\"20\" align=\"left\" bgcolor=\"#ffffcc\"><strong><span style=\"color: #000000;font-size: small\"><br \/>\n<iframe loading=\"lazy\" title=\"Que dire aux autres \u00e9l\u00e8ves ?\" width=\"474\" height=\"267\" src=\"https:\/\/www.youtube.com\/embed\/MgDKYgQTVTM?feature=oembed\" frameborder=\"0\" allow=\"accelerometer; autoplay; clipboard-write; encrypted-media; gyroscope; picture-in-picture; web-share\" referrerpolicy=\"strict-origin-when-cross-origin\" allowfullscreen><\/iframe><br \/>\n<\/span><\/strong><\/td>\n<\/tr>\n<\/tbody>\n<\/table>\n","protected":false},"excerpt":{"rendered":"<p>Cette rubrique est \u00e0 destination des enseignants qui ont un \u00e9l\u00e8ve atteint par un cancer. Ces cinq questions-r\u00e9ponses donnent des pistes pour aborder la maladie avec les autres \u00e9l\u00e8ves de la classe ainsi que pour am\u00e9nager les activit\u00e9s scolaires, la dur\u00e9e de la journ\u00e9e et les examens. Si vous ne trouvez pas l&rsquo;information que vous &hellip; <a href=\"https:\/\/passerelle2.ac-nantes.fr\/ecole-hopital-nantes\/lecole-en-video\/questions-denseignants\/\" class=\"more-link\">Continuer la lecture de <span class=\"screen-reader-text\">Questions\/r\u00e9ponses \u00e0 destination des enseignants<\/span>  <span class=\"meta-nav\">&rarr;<\/span><\/a><\/p>\n","protected":false},"author":3930,"featured_media":0,"parent":863,"menu_order":4,"comment_status":"open","ping_status":"open","template":"template-twocolumnsleft.php","meta":{"ngg_post_thumbnail":0,"h5ap_radio_sources":[],"footnotes":""},"folder":[],"class_list":["post-883","page","type-page","status-publish","hentry"],"_links":{"self":[{"href":"https:\/\/passerelle2.ac-nantes.fr\/ecole-hopital-nantes\/wp-json\/wp\/v2\/pages\/883","targetHints":{"allow":["GET"]}}],"collection":[{"href":"https:\/\/passerelle2.ac-nantes.fr\/ecole-hopital-nantes\/wp-json\/wp\/v2\/pages"}],"about":[{"href":"https:\/\/passerelle2.ac-nantes.fr\/ecole-hopital-nantes\/wp-json\/wp\/v2\/types\/page"}],"author":[{"embeddable":true,"href":"https:\/\/passerelle2.ac-nantes.fr\/ecole-hopital-nantes\/wp-json\/wp\/v2\/users\/3930"}],"replies":[{"embeddable":true,"href":"https:\/\/passerelle2.ac-nantes.fr\/ecole-hopital-nantes\/wp-json\/wp\/v2\/comments?post=883"}],"version-history":[{"count":0,"href":"https:\/\/passerelle2.ac-nantes.fr\/ecole-hopital-nantes\/wp-json\/wp\/v2\/pages\/883\/revisions"}],"up":[{"embeddable":true,"href":"https:\/\/passerelle2.ac-nantes.fr\/ecole-hopital-nantes\/wp-json\/wp\/v2\/pages\/863"}],"wp:attachment":[{"href":"https:\/\/passerelle2.ac-nantes.fr\/ecole-hopital-nantes\/wp-json\/wp\/v2\/media?parent=883"}],"wp:term":[{"taxonomy":"folder","embeddable":true,"href":"https:\/\/passerelle2.ac-nantes.fr\/ecole-hopital-nantes\/wp-json\/wp\/v2\/folder?post=883"}],"curies":[{"name":"wp","href":"https:\/\/api.w.org\/{rel}","templated":true}]}}