
{"id":1036,"date":"2026-04-03T13:45:04","date_gmt":"2026-04-03T11:45:04","guid":{"rendered":"https:\/\/passerelle2.ac-nantes.fr\/ecoledecourdemanche\/?page_id=1036"},"modified":"2026-04-03T13:48:27","modified_gmt":"2026-04-03T11:48:27","slug":"palmares-2025-2026","status":"publish","type":"page","link":"https:\/\/passerelle2.ac-nantes.fr\/ecoledecourdemanche\/palmares-2025-2026\/","title":{"rendered":"Palmar\u00e8s 2025\/2026"},"content":{"rendered":"\n<p>Concours La\u00efcit\u00e9 FAL :<\/p>\n\n\n\n<p>Laur\u00e9ats pour la fresque :<\/p>\n\n\n\n<figure class=\"wp-block-gallery has-nested-images columns-default is-cropped wp-block-gallery-1 is-layout-flex wp-block-gallery-is-layout-flex\">\n<figure class=\"wp-block-image size-large\"><img loading=\"lazy\" decoding=\"async\" width=\"630\" height=\"269\" data-id=\"1040\" src=\"https:\/\/passerelle2.ac-nantes.fr\/ecoledecourdemanche\/wp-content\/uploads\/sites\/931\/2026\/04\/MjAyNjAyNjU0NjNiNzFiY2VjMWYxYTlkMTI1ZWUyNTE2NmM0YTc.jpg\" alt=\"\" class=\"wp-image-1040\" srcset=\"https:\/\/passerelle2.ac-nantes.fr\/ecoledecourdemanche\/wp-content\/uploads\/sites\/931\/2026\/04\/MjAyNjAyNjU0NjNiNzFiY2VjMWYxYTlkMTI1ZWUyNTE2NmM0YTc.jpg 630w, https:\/\/passerelle2.ac-nantes.fr\/ecoledecourdemanche\/wp-content\/uploads\/sites\/931\/2026\/04\/MjAyNjAyNjU0NjNiNzFiY2VjMWYxYTlkMTI1ZWUyNTE2NmM0YTc-300x128.jpg 300w, https:\/\/passerelle2.ac-nantes.fr\/ecoledecourdemanche\/wp-content\/uploads\/sites\/931\/2026\/04\/MjAyNjAyNjU0NjNiNzFiY2VjMWYxYTlkMTI1ZWUyNTE2NmM0YTc-604x258.jpg 604w\" sizes=\"auto, (max-width: 630px) 100vw, 630px\" \/><\/figure>\n<\/figure>\n\n\n\n<p>Les enfants ont eu un jeu pour la classe et des goodies.<\/p>\n","protected":false},"excerpt":{"rendered":"<p>Concours La\u00efcit\u00e9 FAL : Laur\u00e9ats pour la fresque : Les enfants ont eu un jeu pour la classe et des goodies.<\/p>\n","protected":false},"author":10366,"featured_media":0,"parent":0,"menu_order":0,"comment_status":"closed","ping_status":"closed","template":"","meta":{"ngg_post_thumbnail":0,"h5ap_radio_sources":[],"footnotes":""},"folder":[],"class_list":["post-1036","page","type-page","status-publish","hentry"],"_links":{"self":[{"href":"https:\/\/passerelle2.ac-nantes.fr\/ecoledecourdemanche\/wp-json\/wp\/v2\/pages\/1036","targetHints":{"allow":["GET"]}}],"collection":[{"href":"https:\/\/passerelle2.ac-nantes.fr\/ecoledecourdemanche\/wp-json\/wp\/v2\/pages"}],"about":[{"href":"https:\/\/passerelle2.ac-nantes.fr\/ecoledecourdemanche\/wp-json\/wp\/v2\/types\/page"}],"author":[{"embeddable":true,"href":"https:\/\/passerelle2.ac-nantes.fr\/ecoledecourdemanche\/wp-json\/wp\/v2\/users\/10366"}],"replies":[{"embeddable":true,"href":"https:\/\/passerelle2.ac-nantes.fr\/ecoledecourdemanche\/wp-json\/wp\/v2\/comments?post=1036"}],"version-history":[{"count":0,"href":"https:\/\/passerelle2.ac-nantes.fr\/ecoledecourdemanche\/wp-json\/wp\/v2\/pages\/1036\/revisions"}],"wp:attachment":[{"href":"https:\/\/passerelle2.ac-nantes.fr\/ecoledecourdemanche\/wp-json\/wp\/v2\/media?parent=1036"}],"wp:term":[{"taxonomy":"folder","embeddable":true,"href":"https:\/\/passerelle2.ac-nantes.fr\/ecoledecourdemanche\/wp-json\/wp\/v2\/folder?post=1036"}],"curies":[{"name":"wp","href":"https:\/\/api.w.org\/{rel}","templated":true}]}}