
{"id":452,"date":"2022-10-22T13:32:37","date_gmt":"2022-10-22T11:32:37","guid":{"rendered":"https:\/\/passerelle2.ac-nantes.fr\/ecoledecourdemanche\/?page_id=452"},"modified":"2023-07-30T18:21:04","modified_gmt":"2023-07-30T16:21:04","slug":"sivos","status":"publish","type":"page","link":"https:\/\/passerelle2.ac-nantes.fr\/ecoledecourdemanche\/sivos\/","title":{"rendered":"SIVOS"},"content":{"rendered":"\n<p><strong><em>SIVOS DE LA VALLEE DES MOULINS DE L\u2019ETANGSORT<\/em><\/strong><\/p>\n\n\n\n<p><strong><em>13 RUE DU COLLEGE<\/em><\/strong><\/p>\n\n\n\n<p><strong><em>MAIRIE<\/em><\/strong><\/p>\n\n\n\n<p><strong><em>72150 COURDEMANCHE<\/em><\/strong><\/p>\n\n\n\n<p><strong><em>T\u00e9l&nbsp;: 02\/43\/79\/25\/56<\/em><\/strong><\/p>\n\n\n\n<p><strong><u>Mail&nbsp;: sivosvalleemoulins@gmail.com<\/u><\/strong><\/p>\n\n\n\n<p><strong><u>PRESENTATION DU SIVOS&nbsp;:<\/u><\/strong><\/p>\n\n\n\n<p><strong>Le Sivos est un Syndicat Intercommunal \u00e0 vocation scolaire qui g\u00e8re le fonctionnement des 3 communes, Courdemanche, Montreuil le Henri et Saint Georges de la Cou\u00e9e.<\/strong><\/p>\n\n\n\n<p><strong><u>QUI SONT LES ELUS DU SIVOS&nbsp;? :<\/u><\/strong><\/p>\n\n\n\n<ul class=\"wp-block-list\">\n<li><strong>Pr\u00e9sidente&nbsp;:<\/strong> &nbsp;&nbsp;&nbsp;&nbsp;&nbsp;&nbsp;&nbsp;&nbsp;&nbsp;&nbsp;&nbsp;&nbsp;&nbsp;&nbsp;&nbsp;&nbsp;&nbsp;&nbsp;&nbsp;&nbsp;&nbsp;&nbsp;&nbsp;&nbsp;&nbsp;&nbsp;&nbsp;&nbsp;&nbsp;&nbsp;&nbsp;&nbsp;&nbsp;&nbsp;&nbsp;&nbsp;&nbsp;&nbsp;&nbsp;&nbsp;&nbsp;&nbsp;&nbsp;&nbsp;&nbsp;&nbsp;&nbsp; <strong>Natacha LONGERAY (Courdemanche)<\/strong><\/li>\n\n\n\n<li><strong>1 \u00e8re Vice-Pr\u00e9sidente&nbsp;: &nbsp;&nbsp;&nbsp;&nbsp;&nbsp;&nbsp;&nbsp;&nbsp;&nbsp;&nbsp;&nbsp;&nbsp;&nbsp;&nbsp;&nbsp;&nbsp;&nbsp;&nbsp;&nbsp;&nbsp;&nbsp;&nbsp;&nbsp;&nbsp;&nbsp;&nbsp;&nbsp;&nbsp;&nbsp;&nbsp; C\u00e9line AURIAU (Saint Georges de la Cou\u00e9e)<\/strong><\/li>\n\n\n\n<li><strong>2 \u00e8me Vice-Pr\u00e9sidente&nbsp;:&nbsp;&nbsp;&nbsp;&nbsp;&nbsp;&nbsp;&nbsp;&nbsp;&nbsp;&nbsp;&nbsp;&nbsp;&nbsp;&nbsp;&nbsp;&nbsp;&nbsp;&nbsp;&nbsp;&nbsp;&nbsp;&nbsp;&nbsp;&nbsp;&nbsp;&nbsp;&nbsp;&nbsp;&nbsp; Nathalie DUCREUX (Montreuil le Henri)<\/strong><\/li>\n<\/ul>\n\n\n\n<p><strong><u>Autres Elus<\/u>&nbsp;:&nbsp;&nbsp;&nbsp;&nbsp;&nbsp;&nbsp;&nbsp;&nbsp;&nbsp;&nbsp;&nbsp;&nbsp;&nbsp;&nbsp;&nbsp;&nbsp;&nbsp;&nbsp;&nbsp;&nbsp;&nbsp;&nbsp;&nbsp;&nbsp;&nbsp;&nbsp;&nbsp;&nbsp;&nbsp;&nbsp;&nbsp;&nbsp;&nbsp;&nbsp;&nbsp;&nbsp;&nbsp;&nbsp;&nbsp;&nbsp;&nbsp;&nbsp;&nbsp;&nbsp;&nbsp;&nbsp;&nbsp;&nbsp;<\/strong><\/p>\n\n\n\n<p><strong>Francis BOUSSION &nbsp;&nbsp;&nbsp;&nbsp;&nbsp;&nbsp;&nbsp;&nbsp;&nbsp;&nbsp;&nbsp;&nbsp;&nbsp;&nbsp;&nbsp;&nbsp;&nbsp;&nbsp;&nbsp;&nbsp;&nbsp;&nbsp;&nbsp;&nbsp;&nbsp;&nbsp;&nbsp;&nbsp;&nbsp;&nbsp;&nbsp;&nbsp;&nbsp;&nbsp;&nbsp;&nbsp;&nbsp;&nbsp;&nbsp;&nbsp; (Courdemanche)<\/strong><\/p>\n\n\n\n<p><strong>Matthieu PARIS &nbsp;&nbsp;&nbsp;&nbsp;&nbsp;&nbsp;&nbsp;&nbsp;&nbsp;&nbsp;&nbsp;&nbsp;&nbsp;&nbsp;&nbsp;&nbsp;&nbsp;&nbsp;&nbsp;&nbsp;&nbsp;&nbsp;&nbsp;&nbsp;&nbsp;&nbsp;&nbsp;&nbsp;&nbsp;&nbsp;&nbsp;&nbsp;&nbsp;&nbsp;&nbsp;&nbsp;&nbsp;&nbsp;&nbsp;&nbsp;&nbsp;&nbsp;&nbsp;&nbsp;&nbsp; (Courdemanche)<\/strong><\/p>\n\n\n\n<p><strong>Sol\u00e8ne CHABALIER, suppl\u00e9ante &nbsp;&nbsp;&nbsp;&nbsp;&nbsp;&nbsp;&nbsp;&nbsp;&nbsp;&nbsp;&nbsp;&nbsp;&nbsp;&nbsp;      (Courdemanche)<\/strong><\/p>\n\n\n\n<p><strong>Sylvain BIDIER&nbsp;&nbsp; &nbsp;&nbsp;&nbsp;&nbsp;&nbsp;&nbsp;&nbsp;&nbsp;&nbsp;&nbsp;&nbsp;&nbsp;&nbsp;&nbsp;&nbsp;&nbsp;&nbsp;&nbsp;&nbsp;&nbsp;&nbsp;&nbsp;&nbsp;&nbsp;&nbsp;&nbsp;&nbsp;&nbsp;&nbsp;&nbsp;&nbsp;&nbsp;&nbsp;&nbsp;&nbsp;&nbsp;&nbsp;&nbsp;&nbsp;&nbsp;&nbsp;&nbsp;&nbsp;&nbsp;&nbsp;&nbsp;(Saint Georges de la Cou\u00e9e)<\/strong><\/p>\n\n\n\n<p><strong>Mathilde LIARD &nbsp;&nbsp;&nbsp;&nbsp;&nbsp;&nbsp;&nbsp;&nbsp;&nbsp;&nbsp;&nbsp;&nbsp;&nbsp;&nbsp;&nbsp;&nbsp;&nbsp;&nbsp;&nbsp;&nbsp;&nbsp;&nbsp;&nbsp;&nbsp;&nbsp;&nbsp;&nbsp;&nbsp;&nbsp;&nbsp;&nbsp;&nbsp;&nbsp;&nbsp;&nbsp;&nbsp;&nbsp;&nbsp;&nbsp;&nbsp;&nbsp;&nbsp;&nbsp;&nbsp;&nbsp;(Saint Georges de la Cou\u00e9e)<\/strong><\/p>\n\n\n\n<p><strong>Aur\u00e9lien BOURCIER, suppl\u00e9ant &nbsp;&nbsp;&nbsp;&nbsp;&nbsp;&nbsp;&nbsp;&nbsp;&nbsp;&nbsp;&nbsp;&nbsp;&nbsp;&nbsp;&nbsp;      (Saint Georges de la Cou\u00e9e)<\/strong><\/p>\n\n\n\n<p><strong>Alain CHEVALLIER&nbsp;&nbsp;&nbsp;&nbsp;&nbsp;&nbsp;&nbsp;&nbsp;&nbsp;&nbsp;&nbsp;&nbsp;&nbsp;&nbsp;&nbsp;&nbsp;&nbsp;&nbsp;&nbsp;&nbsp;&nbsp;&nbsp;&nbsp;&nbsp;&nbsp;&nbsp; &nbsp;&nbsp;&nbsp;&nbsp;&nbsp;&nbsp;&nbsp;&nbsp;&nbsp;&nbsp;&nbsp;&nbsp; &nbsp; (Montreuil le Henri)<\/strong><\/p>\n\n\n\n<p><strong>Laurent RAGOT&nbsp;&nbsp;&nbsp;&nbsp;&nbsp;&nbsp;&nbsp;&nbsp;&nbsp;&nbsp;&nbsp;&nbsp;&nbsp;&nbsp;&nbsp;&nbsp;&nbsp;&nbsp;&nbsp;&nbsp;&nbsp;&nbsp;&nbsp;&nbsp;&nbsp;&nbsp;&nbsp;&nbsp;&nbsp;&nbsp;&nbsp;&nbsp;&nbsp;&nbsp;&nbsp;&nbsp;&nbsp;&nbsp;&nbsp;&nbsp;&nbsp;&nbsp;&nbsp;&nbsp;&nbsp;&nbsp;(Montreuil le Henri)<\/strong><\/p>\n\n\n\n<p><strong>Fanny HEMME, suppl\u00e9ante &nbsp;&nbsp;&nbsp;&nbsp;&nbsp;&nbsp;&nbsp;&nbsp;&nbsp;&nbsp;&nbsp;&nbsp;&nbsp;&nbsp;&nbsp;&nbsp;&nbsp;&nbsp;&nbsp;&nbsp;&nbsp;&nbsp;    (Montreuil le Henri)<\/strong><\/p>\n\n\n\n<p><strong><u>QUI SONT LES SALARIES&nbsp;?&nbsp;:<\/u><\/strong><\/p>\n\n\n\n<ul class=\"wp-block-list\">\n<li><strong>Secr\u00e9taire <\/strong>&nbsp;&nbsp;&nbsp;&nbsp;&nbsp;&nbsp;&nbsp;&nbsp;&nbsp;&nbsp;&nbsp;&nbsp;&nbsp;&nbsp;&nbsp;&nbsp;&nbsp;&nbsp;&nbsp;&nbsp;&nbsp;&nbsp;&nbsp;&nbsp;&nbsp;&nbsp;&nbsp;&nbsp;&nbsp;&nbsp;&nbsp;&nbsp;&nbsp;&nbsp;&nbsp;&nbsp;&nbsp;&nbsp;&nbsp;&nbsp; &nbsp;&nbsp;&nbsp;&nbsp;&nbsp;&nbsp;&nbsp;&nbsp;&nbsp;&nbsp;&nbsp;&nbsp;&nbsp;&nbsp;&nbsp;&nbsp;&nbsp;&nbsp; <strong>Katia DAGUENET<\/strong><\/li>\n\n\n\n<li><strong>ATSEM <\/strong>&nbsp;&nbsp;&nbsp;&nbsp;&nbsp;&nbsp;&nbsp;&nbsp;&nbsp;&nbsp;&nbsp;&nbsp;&nbsp;&nbsp;&nbsp;&nbsp;&nbsp;&nbsp;&nbsp;&nbsp;&nbsp;&nbsp;&nbsp;&nbsp;&nbsp;&nbsp;&nbsp;&nbsp;&nbsp;&nbsp;&nbsp;&nbsp;&nbsp;&nbsp;&nbsp;&nbsp;&nbsp;&nbsp;&nbsp;&nbsp;&nbsp;&nbsp;&nbsp;&nbsp;&nbsp;&nbsp; &nbsp;&nbsp;&nbsp;&nbsp;&nbsp;&nbsp;&nbsp;&nbsp;&nbsp;&nbsp;&nbsp;&nbsp;&nbsp;&nbsp;&nbsp;&nbsp;&nbsp; <strong>Marion LAUNAY (Courdemanche)<\/strong><\/li>\n\n\n\n<li><strong>ATSEM <\/strong>&nbsp;&nbsp;&nbsp;&nbsp;&nbsp;&nbsp;&nbsp;&nbsp;&nbsp;&nbsp;&nbsp;&nbsp;&nbsp;&nbsp;&nbsp;&nbsp;&nbsp;&nbsp;&nbsp;&nbsp;&nbsp;&nbsp;&nbsp;&nbsp;&nbsp;&nbsp;&nbsp;&nbsp;&nbsp;&nbsp;&nbsp;&nbsp;&nbsp;&nbsp;&nbsp;&nbsp;&nbsp;&nbsp;&nbsp;&nbsp;&nbsp;&nbsp;&nbsp;&nbsp;&nbsp;&nbsp; &nbsp;&nbsp;&nbsp;&nbsp;&nbsp;&nbsp;&nbsp;&nbsp;&nbsp;&nbsp;&nbsp;&nbsp;&nbsp;&nbsp;&nbsp;&nbsp;&nbsp; <strong>Vanessa COMBIS (Courdemanche)<\/strong><\/li>\n\n\n\n<li><strong>Agent technique (cantine)<\/strong>&nbsp;&nbsp;&nbsp;&nbsp;&nbsp;&nbsp;&nbsp;&nbsp;&nbsp;&nbsp;&nbsp;&nbsp;&nbsp;&nbsp;&nbsp;&nbsp;&nbsp;&nbsp;&nbsp;&nbsp;&nbsp;&nbsp;&nbsp;&nbsp;&nbsp;&nbsp;&nbsp;&nbsp;&nbsp;&nbsp; &nbsp;&nbsp;&nbsp; <strong>Maryline COURANT (Courdemanche)<\/strong><\/li>\n\n\n\n<li><strong>Agent technique (cantine et car scolaire)<\/strong>&nbsp;&nbsp;&nbsp;&nbsp;&nbsp;&nbsp;&nbsp;&nbsp;&nbsp;&nbsp; <strong>Laura INGRAND (Montreuil le Henri)<\/strong><\/li>\n\n\n\n<li><strong>Agent technique cantine<\/strong>&nbsp;&nbsp;&nbsp;&nbsp;&nbsp;&nbsp;&nbsp;&nbsp;&nbsp;&nbsp;&nbsp;&nbsp;&nbsp;&nbsp;&nbsp;&nbsp;&nbsp;&nbsp;&nbsp;&nbsp;&nbsp;&nbsp;&nbsp;&nbsp;&nbsp;&nbsp;&nbsp;&nbsp;&nbsp;&nbsp;&nbsp;&nbsp;&nbsp;&nbsp;&nbsp;&nbsp; <strong>Solange PASQUIER (Montreuil le Henri)&nbsp;&nbsp;&nbsp;&nbsp;&nbsp;&nbsp;&nbsp;&nbsp;&nbsp;&nbsp;&nbsp;&nbsp;&nbsp; <\/strong>&nbsp;&nbsp;&nbsp;&nbsp;&nbsp;&nbsp;&nbsp;&nbsp;&nbsp;&nbsp;&nbsp;&nbsp;&nbsp;&nbsp;&nbsp;&nbsp;&nbsp;&nbsp;&nbsp;&nbsp;&nbsp;&nbsp;&nbsp;&nbsp;&nbsp;&nbsp;&nbsp;&nbsp;&nbsp;&nbsp; &nbsp;&nbsp;&nbsp;&nbsp;&nbsp;&nbsp;&nbsp;&nbsp;&nbsp;&nbsp;&nbsp;&nbsp;&nbsp;&nbsp;&nbsp;&nbsp;&nbsp;&nbsp;&nbsp;&nbsp;&nbsp;&nbsp;&nbsp;&nbsp;&nbsp;&nbsp;&nbsp;&nbsp;&nbsp;&nbsp;<\/li>\n<\/ul>\n\n\n\n<p><strong><u>BUREAU DU SIVOS&nbsp;:<\/u><\/strong><\/p>\n\n\n\n<p><strong>Le Bureau du Sivos est situ\u00e9 pr\u00e8s de la Mairie de Courdemanche, Place G\u00e9rard RAMAUGE, 13 rue du Coll\u00e8ge 72150 COURDEMANCHE.<\/strong><\/p>\n\n\n\n<p><strong>T\u00e9l\u00e9phone&nbsp;: 02\/43\/79\/25\/56<\/strong><\/p>\n\n\n\n<p><strong>Mail&nbsp;: sivosvalleemoulins@gmail.com<\/strong><\/p>\n\n\n\n<p><strong><u>JOURS ET HEURES D\u2019OUVERTURE&nbsp;DU SECRETARIAT :<\/u><\/strong><\/p>\n\n\n\n<p><strong>Mardi, jeudi de 13 h \u00e0 17 h<\/strong><\/p>\n\n\n\n<p><strong>Vendredi de 13 h \u00e0 16 h<\/strong><\/p>\n\n\n\n<p><strong><u>CANTINE SCOLAIRE&nbsp;:<\/u><\/strong><\/p>\n\n\n\n<p><strong>Les repas de la cantine scolaire sont fournis par le Lyc\u00e9e Nazareth de Ruill\u00e9 sur Loir.<\/strong><\/p>\n\n\n\n<p><strong>Tarif repas enfant&nbsp;: <u>3 \u20ac 55<\/u><\/strong><\/p>\n\n\n\n<p><strong>Tarif repas adulte&nbsp;: <u>5 \u20ac 75<\/u><\/strong><\/p>\n\n\n\n<figure class=\"wp-block-image size-full\"><img loading=\"lazy\" decoding=\"async\" width=\"800\" height=\"600\" src=\"https:\/\/passerelle2.ac-nantes.fr\/ecoledecourdemanche\/wp-content\/uploads\/sites\/931\/2022\/10\/IMG-8475.jpg\" alt=\"\" class=\"wp-image-458\" srcset=\"https:\/\/passerelle2.ac-nantes.fr\/ecoledecourdemanche\/wp-content\/uploads\/sites\/931\/2022\/10\/IMG-8475.jpg 800w, https:\/\/passerelle2.ac-nantes.fr\/ecoledecourdemanche\/wp-content\/uploads\/sites\/931\/2022\/10\/IMG-8475-300x225.jpg 300w, https:\/\/passerelle2.ac-nantes.fr\/ecoledecourdemanche\/wp-content\/uploads\/sites\/931\/2022\/10\/IMG-8475-768x576.jpg 768w, https:\/\/passerelle2.ac-nantes.fr\/ecoledecourdemanche\/wp-content\/uploads\/sites\/931\/2022\/10\/IMG-8475-360x270.jpg 360w\" sizes=\"auto, (max-width: 800px) 100vw, 800px\" \/><\/figure>\n\n\n\n<p><strong><u>BUDGET DU SIVOS<\/u><\/strong><\/p>\n\n\n\n<p><strong>Le budget annuel du Sivos est d\u2019environ <u>200&nbsp;000 \u20ac<\/u> r\u00e9partis comme suit&nbsp;:<\/strong><\/p>\n\n\n\n<p><strong><u>FONCTIONNEMENT ET INVESTISSEMENTS<\/u><\/strong><\/p>\n\n\n\n<p><strong>115&nbsp;000 \u20ac pour les frais du personnel&nbsp;&nbsp;&nbsp;&nbsp;&nbsp;<\/strong><\/p>\n\n\n\n<p><strong>5 800 \u20ac pour les fournitures scolaires<\/strong><\/p>\n\n\n\n<p><strong>3&nbsp;400 \u20ac pour le transport scolaire (sorties scolaires, remboursement aux parents et sorties piscine)<\/strong><\/p>\n\n\n\n<p><strong>33&nbsp;500 \u20ac pour l\u2019achat des repas de la cantine scolaire au LEP de Nazareth<\/strong><\/p>\n\n\n\n<p><strong>1&nbsp;500 \u20ac pour les entr\u00e9es de la piscine<\/strong><\/p>\n\n\n\n<p><strong>2&nbsp;500 \u20ac pour les achats des fournitures d\u2019entretien des locaux<\/strong><\/p>\n\n\n\n<p><strong>+ chauffage, t\u00e9l\u00e9phone, \u00e9lectricit\u00e9 et autres charges<\/strong><\/p>\n\n\n\n<p><strong>En 2022, le Sivos a investi dans l\u2019achat de containers isothermes pour la cantine scolaire, le montant s\u2019\u00e9l\u00e8ve \u00e0 environ <u>10&nbsp;000 \u20ac.<\/u><\/strong><\/p>\n\n\n\n<p><strong>Les charges du Sivos sont essentiellement financ\u00e9es par les <u>3 communes<\/u>&nbsp;:<\/strong><\/p>\n\n\n\n<p><strong>Subvention de Courdemanche&nbsp;&nbsp;&nbsp;&nbsp;&nbsp;&nbsp;&nbsp;&nbsp;&nbsp;&nbsp;&nbsp;&nbsp;&nbsp;&nbsp;&nbsp;&nbsp;&nbsp;&nbsp;&nbsp;&nbsp;&nbsp;&nbsp;&nbsp;&nbsp;&nbsp;&nbsp;&nbsp;&nbsp;&nbsp;&nbsp;&nbsp;&nbsp;&nbsp;&nbsp;&nbsp;&nbsp;&nbsp;&nbsp;&nbsp;&nbsp;&nbsp;&nbsp;&nbsp;&nbsp;92&nbsp;446 \u20ac&nbsp;&nbsp;&nbsp;&nbsp;&nbsp;&nbsp;&nbsp;&nbsp;&nbsp;&nbsp;&nbsp;&nbsp;&nbsp;&nbsp;&nbsp;&nbsp;&nbsp;&nbsp;&nbsp;&nbsp;&nbsp;&nbsp;&nbsp;&nbsp;&nbsp;&nbsp;&nbsp;&nbsp;&nbsp;&nbsp;&nbsp;&nbsp;&nbsp;&nbsp;&nbsp;&nbsp;&nbsp;&nbsp;&nbsp;&nbsp;&nbsp;&nbsp;&nbsp;&nbsp;&nbsp;<\/strong><\/p>\n\n\n\n<p><strong>Subvention de Montreuil le Henri &nbsp;&nbsp;&nbsp;&nbsp;&nbsp;&nbsp;&nbsp;&nbsp;&nbsp;&nbsp;&nbsp;&nbsp;&nbsp;&nbsp;&nbsp;&nbsp;&nbsp;&nbsp;&nbsp;&nbsp;&nbsp;&nbsp;&nbsp;&nbsp;&nbsp;&nbsp;&nbsp;&nbsp;&nbsp;&nbsp;&nbsp;&nbsp;&nbsp;&nbsp;&nbsp;&nbsp;&nbsp; 43&nbsp;309 \u20ac 37<\/strong><\/p>\n\n\n\n<p><strong>Subvention de Saint Georges de la Cou\u00e9e&nbsp;&nbsp;&nbsp;&nbsp;&nbsp; &nbsp;&nbsp;&nbsp;&nbsp;&nbsp;&nbsp;&nbsp;&nbsp;&nbsp;&nbsp;&nbsp;&nbsp;&nbsp;&nbsp;&nbsp;&nbsp;&nbsp;&nbsp;&nbsp; 22&nbsp;915 \u20ac 54<\/strong><\/p>\n","protected":false},"excerpt":{"rendered":"<p>SIVOS DE LA VALLEE DES MOULINS DE L\u2019ETANGSORT 13 RUE DU COLLEGE MAIRIE 72150 COURDEMANCHE T\u00e9l&nbsp;: 02\/43\/79\/25\/56 Mail&nbsp;: sivosvalleemoulins@gmail.com PRESENTATION DU SIVOS&nbsp;: Le Sivos est un Syndicat Intercommunal \u00e0 vocation scolaire qui g\u00e8re le fonctionnement des 3 communes, Courdemanche, Montreuil le Henri et Saint Georges de la Cou\u00e9e. QUI SONT LES ELUS DU SIVOS&nbsp;? : Autres Elus&nbsp;:&nbsp;&nbsp;&nbsp;&nbsp;&nbsp;&nbsp;&nbsp;&nbsp;&nbsp;&nbsp;&nbsp;&nbsp;&nbsp;&nbsp;&nbsp;&nbsp;&nbsp;&nbsp;&nbsp;&nbsp;&nbsp;&nbsp;&nbsp;&nbsp;&nbsp;&nbsp;&nbsp;&nbsp;&nbsp;&nbsp;&nbsp;&nbsp;&nbsp;&nbsp;&nbsp;&nbsp;&nbsp;&nbsp;&nbsp;&nbsp;&nbsp;&nbsp;&nbsp;&nbsp;&nbsp;&nbsp;&nbsp;&nbsp; Francis BOUSSION &nbsp;&nbsp;&nbsp;&nbsp;&nbsp;&nbsp;&nbsp;&nbsp;&nbsp;&nbsp;&nbsp;&nbsp;&nbsp;&nbsp;&nbsp;&nbsp;&nbsp;&nbsp;&nbsp;&nbsp;&nbsp;&nbsp;&nbsp;&nbsp;&nbsp;&nbsp;&nbsp;&nbsp;&nbsp;&nbsp;&nbsp;&nbsp;&nbsp;&nbsp;&nbsp;&nbsp;&nbsp;&nbsp;&nbsp;&nbsp; (Courdemanche) Matthieu PARIS &nbsp;&nbsp;&nbsp;&nbsp;&nbsp;&nbsp;&nbsp;&nbsp;&nbsp;&nbsp;&nbsp;&nbsp;&nbsp;&nbsp;&nbsp;&nbsp;&nbsp;&nbsp;&nbsp;&nbsp;&nbsp;&nbsp;&nbsp;&nbsp;&nbsp;&nbsp;&nbsp;&nbsp;&nbsp;&nbsp;&nbsp;&nbsp;&nbsp;&nbsp;&nbsp;&nbsp;&nbsp;&nbsp;&nbsp;&nbsp;&nbsp;&nbsp;&nbsp;&nbsp;&nbsp; (Courdemanche) Sol\u00e8ne CHABALIER, suppl\u00e9ante &nbsp;&nbsp;&nbsp;&nbsp;&nbsp;&nbsp;&nbsp;&nbsp;&nbsp;&nbsp;&nbsp;&nbsp;&nbsp;&nbsp; (Courdemanche) Sylvain BIDIER&nbsp;&nbsp; &nbsp;&nbsp;&nbsp;&nbsp;&nbsp;&nbsp;&nbsp;&nbsp;&nbsp;&nbsp;&nbsp;&nbsp;&nbsp;&nbsp;&nbsp;&nbsp;&nbsp;&nbsp;&nbsp;&nbsp;&nbsp;&nbsp;&nbsp;&nbsp;&nbsp;&nbsp;&nbsp;&nbsp;&nbsp;&nbsp;&nbsp;&nbsp;&nbsp;&nbsp;&nbsp;&nbsp;&nbsp;&nbsp;&nbsp;&nbsp;&nbsp;&nbsp;&nbsp;&nbsp;&nbsp;&nbsp;(Saint Georges de la Cou\u00e9e) Mathilde LIARD &nbsp;&nbsp;&nbsp;&nbsp;&nbsp;&nbsp;&nbsp;&nbsp;&nbsp;&nbsp;&nbsp;&nbsp;&nbsp;&nbsp;&nbsp;&nbsp;&nbsp;&nbsp;&nbsp;&nbsp;&nbsp;&nbsp;&nbsp;&nbsp;&nbsp;&nbsp;&nbsp;&nbsp;&nbsp;&nbsp;&nbsp;&nbsp;&nbsp;&nbsp;&nbsp;&nbsp;&nbsp;&nbsp;&nbsp;&nbsp;&nbsp;&nbsp;&nbsp;&nbsp;&nbsp;(Saint&#8230;<\/p>\n<p class=\"read-more\"><a class=\"btn btn-default\" href=\"https:\/\/passerelle2.ac-nantes.fr\/ecoledecourdemanche\/sivos\/\">Lire la suite<span class=\"screen-reader-text\"> Lire la suite<\/span><\/a><\/p>\n","protected":false},"author":10366,"featured_media":0,"parent":0,"menu_order":0,"comment_status":"closed","ping_status":"closed","template":"","meta":{"ngg_post_thumbnail":0,"h5ap_radio_sources":[],"footnotes":""},"folder":[],"class_list":["post-452","page","type-page","status-publish","hentry"],"_links":{"self":[{"href":"https:\/\/passerelle2.ac-nantes.fr\/ecoledecourdemanche\/wp-json\/wp\/v2\/pages\/452","targetHints":{"allow":["GET"]}}],"collection":[{"href":"https:\/\/passerelle2.ac-nantes.fr\/ecoledecourdemanche\/wp-json\/wp\/v2\/pages"}],"about":[{"href":"https:\/\/passerelle2.ac-nantes.fr\/ecoledecourdemanche\/wp-json\/wp\/v2\/types\/page"}],"author":[{"embeddable":true,"href":"https:\/\/passerelle2.ac-nantes.fr\/ecoledecourdemanche\/wp-json\/wp\/v2\/users\/10366"}],"replies":[{"embeddable":true,"href":"https:\/\/passerelle2.ac-nantes.fr\/ecoledecourdemanche\/wp-json\/wp\/v2\/comments?post=452"}],"version-history":[{"count":0,"href":"https:\/\/passerelle2.ac-nantes.fr\/ecoledecourdemanche\/wp-json\/wp\/v2\/pages\/452\/revisions"}],"wp:attachment":[{"href":"https:\/\/passerelle2.ac-nantes.fr\/ecoledecourdemanche\/wp-json\/wp\/v2\/media?parent=452"}],"wp:term":[{"taxonomy":"folder","embeddable":true,"href":"https:\/\/passerelle2.ac-nantes.fr\/ecoledecourdemanche\/wp-json\/wp\/v2\/folder?post=452"}],"curies":[{"name":"wp","href":"https:\/\/api.w.org\/{rel}","templated":true}]}}