
{"id":488,"date":"2023-03-23T16:01:55","date_gmt":"2023-03-23T15:01:55","guid":{"rendered":"https:\/\/passerelle2.ac-nantes.fr\/ecoledecourdemanche\/?page_id=488"},"modified":"2025-04-15T17:37:12","modified_gmt":"2025-04-15T15:37:12","slug":"palmares-2022-2023","status":"publish","type":"page","link":"https:\/\/passerelle2.ac-nantes.fr\/ecoledecourdemanche\/palmares-2022-2023\/","title":{"rendered":"Palmar\u00e8s 2022\/2023"},"content":{"rendered":"\n<p>Les \u00e9l\u00e8ves ont remport\u00e9s plusieurs prix :<\/p>\n\n\n\n<p>Le concours nous autres parrain\u00e9 par Lilian Thuram avec le livre \u00ab\u00a0: \u00ab\u00a0le coquillage\u00a0\u00bb<\/p>\n\n\n\n<p><a href=\"https:\/\/app.bookcreator.com\/library\/-NMySTDV1bDGzvnUMQvr\/QZEMohjTxabOeyTVhJlPuOST6zL2\/ac-fE1jRT_aFP4DrrUEeHw\/C_0a-d2FRzSa3SJApZ3WMw\">https:\/\/app.bookcreator.com\/library\/-NMySTDV1bDGzvnUMQvr\/QZEMohjTxabOeyTVhJlPuOST6zL2\/ac-fE1jRT_aFP4DrrUEeHw\/C_0a-d2FRzSa3SJApZ3WMw<\/a><\/p>\n\n\n<div class=\"wp-block-image\">\n<figure class=\"aligncenter size-full\"><img loading=\"lazy\" decoding=\"async\" width=\"600\" height=\"600\" src=\"https:\/\/passerelle2.ac-nantes.fr\/ecoledecourdemanche\/wp-content\/uploads\/sites\/931\/2023\/06\/003.IMG20230605124403.jpg\" alt=\"\" class=\"wp-image-695\" srcset=\"https:\/\/passerelle2.ac-nantes.fr\/ecoledecourdemanche\/wp-content\/uploads\/sites\/931\/2023\/06\/003.IMG20230605124403.jpg 600w, https:\/\/passerelle2.ac-nantes.fr\/ecoledecourdemanche\/wp-content\/uploads\/sites\/931\/2023\/06\/003.IMG20230605124403-300x300.jpg 300w, https:\/\/passerelle2.ac-nantes.fr\/ecoledecourdemanche\/wp-content\/uploads\/sites\/931\/2023\/06\/003.IMG20230605124403-150x150.jpg 150w, https:\/\/passerelle2.ac-nantes.fr\/ecoledecourdemanche\/wp-content\/uploads\/sites\/931\/2023\/06\/003.IMG20230605124403-270x270.jpg 270w\" sizes=\"auto, (max-width: 600px) 100vw, 600px\" \/><\/figure>\n<\/div>\n\n<div class=\"wp-block-image\">\n<figure class=\"aligncenter size-full\"><img loading=\"lazy\" decoding=\"async\" width=\"574\" height=\"600\" src=\"https:\/\/passerelle2.ac-nantes.fr\/ecoledecourdemanche\/wp-content\/uploads\/sites\/931\/2023\/07\/4154-2.jpg\" alt=\"\" class=\"wp-image-712\" srcset=\"https:\/\/passerelle2.ac-nantes.fr\/ecoledecourdemanche\/wp-content\/uploads\/sites\/931\/2023\/07\/4154-2.jpg 574w, https:\/\/passerelle2.ac-nantes.fr\/ecoledecourdemanche\/wp-content\/uploads\/sites\/931\/2023\/07\/4154-2-287x300.jpg 287w, https:\/\/passerelle2.ac-nantes.fr\/ecoledecourdemanche\/wp-content\/uploads\/sites\/931\/2023\/07\/4154-2-258x270.jpg 258w\" sizes=\"auto, (max-width: 574px) 100vw, 574px\" \/><\/figure>\n<\/div>\n\n\n<p>Le concours AMOPA : 1er prix des maths au quotidien; 5 et 6\u00e8me prix pour les GS art et math; 5\u00e8res places pour les CP sur art et maths<\/p>\n\n\n<div class=\"wp-block-image\">\n<figure class=\"aligncenter size-full\"><img loading=\"lazy\" decoding=\"async\" width=\"451\" height=\"600\" src=\"https:\/\/passerelle2.ac-nantes.fr\/ecoledecourdemanche\/wp-content\/uploads\/sites\/931\/2023\/03\/IMG_20221114_104221.jpg\" alt=\"\" class=\"wp-image-489\" srcset=\"https:\/\/passerelle2.ac-nantes.fr\/ecoledecourdemanche\/wp-content\/uploads\/sites\/931\/2023\/03\/IMG_20221114_104221.jpg 451w, https:\/\/passerelle2.ac-nantes.fr\/ecoledecourdemanche\/wp-content\/uploads\/sites\/931\/2023\/03\/IMG_20221114_104221-226x300.jpg 226w, https:\/\/passerelle2.ac-nantes.fr\/ecoledecourdemanche\/wp-content\/uploads\/sites\/931\/2023\/03\/IMG_20221114_104221-203x270.jpg 203w\" sizes=\"auto, (max-width: 451px) 100vw, 451px\" \/><\/figure>\n<\/div>\n\n\n<p>Concours de dessin de Jardin: 1er prix avec en r\u00e9compenses des graines \u00e0 semer<\/p>\n\n\n\n<p>Concours d&rsquo;\u00e9criture : gain d&rsquo;une s\u00e9ance de sophro-\u00e9criture<\/p>\n\n\n\n<figure class=\"wp-block-image size-full\"><img loading=\"lazy\" decoding=\"async\" width=\"600\" height=\"600\" src=\"https:\/\/passerelle2.ac-nantes.fr\/ecoledecourdemanche\/wp-content\/uploads\/sites\/931\/2023\/06\/026.IMG202306220933581.jpg\" alt=\"\" class=\"wp-image-694\" srcset=\"https:\/\/passerelle2.ac-nantes.fr\/ecoledecourdemanche\/wp-content\/uploads\/sites\/931\/2023\/06\/026.IMG202306220933581.jpg 600w, https:\/\/passerelle2.ac-nantes.fr\/ecoledecourdemanche\/wp-content\/uploads\/sites\/931\/2023\/06\/026.IMG202306220933581-300x300.jpg 300w, https:\/\/passerelle2.ac-nantes.fr\/ecoledecourdemanche\/wp-content\/uploads\/sites\/931\/2023\/06\/026.IMG202306220933581-150x150.jpg 150w, https:\/\/passerelle2.ac-nantes.fr\/ecoledecourdemanche\/wp-content\/uploads\/sites\/931\/2023\/06\/026.IMG202306220933581-270x270.jpg 270w\" sizes=\"auto, (max-width: 600px) 100vw, 600px\" \/><\/figure>\n\n\n\n<p>Concours M\u00e9diatiks: r\u00e9alisation d&rsquo;un reportage photo : gagnant au niveau acad\u00e9mique et finaliste national voir nos reportages photo<\/p>\n\n\n<div class=\"wp-block-image\">\n<figure class=\"aligncenter size-full\"><img loading=\"lazy\" decoding=\"async\" width=\"608\" height=\"600\" src=\"https:\/\/passerelle2.ac-nantes.fr\/ecoledecourdemanche\/wp-content\/uploads\/sites\/931\/2023\/07\/56-2.jpg\" alt=\"\" class=\"wp-image-711\" srcset=\"https:\/\/passerelle2.ac-nantes.fr\/ecoledecourdemanche\/wp-content\/uploads\/sites\/931\/2023\/07\/56-2.jpg 608w, https:\/\/passerelle2.ac-nantes.fr\/ecoledecourdemanche\/wp-content\/uploads\/sites\/931\/2023\/07\/56-2-300x296.jpg 300w, https:\/\/passerelle2.ac-nantes.fr\/ecoledecourdemanche\/wp-content\/uploads\/sites\/931\/2023\/07\/56-2-274x270.jpg 274w\" sizes=\"auto, (max-width: 608px) 100vw, 608px\" \/><\/figure>\n<\/div>\n\n\n<p>Concours Face : Laur\u00e9at du concours sur la th\u00e9matique de l&rsquo;enseignement des m\u00e9dias<\/p>\n\n\n\n<iframe loading=\"lazy\" width=\"560\" height=\"315\" src=\"https:\/\/www.youtube.com\/embed\/pA1haE5-ldI?si=fIRltFH9z7tofewh\" title=\"YouTube video player\" frameborder=\"0\" allow=\"accelerometer; autoplay; clipboard-write; encrypted-media; gyroscope; picture-in-picture; web-share\" referrerpolicy=\"strict-origin-when-cross-origin\" allowfullscreen><\/iframe>\n\n\n<div class=\"wp-block-image\">\n<figure class=\"aligncenter size-full\"><img loading=\"lazy\" decoding=\"async\" width=\"612\" height=\"600\" src=\"https:\/\/passerelle2.ac-nantes.fr\/ecoledecourdemanche\/wp-content\/uploads\/sites\/931\/2023\/07\/1-2.jpg\" alt=\"\" class=\"wp-image-709\" srcset=\"https:\/\/passerelle2.ac-nantes.fr\/ecoledecourdemanche\/wp-content\/uploads\/sites\/931\/2023\/07\/1-2.jpg 612w, https:\/\/passerelle2.ac-nantes.fr\/ecoledecourdemanche\/wp-content\/uploads\/sites\/931\/2023\/07\/1-2-300x294.jpg 300w, https:\/\/passerelle2.ac-nantes.fr\/ecoledecourdemanche\/wp-content\/uploads\/sites\/931\/2023\/07\/1-2-275x270.jpg 275w\" sizes=\"auto, (max-width: 612px) 100vw, 612px\" \/><\/figure>\n<\/div>\n\n\n<p>Gagnant du concours d&rsquo;\u00e9criture : l&rsquo;\u00e9cole de la plan\u00e8te : gain un abonnement \u00e0 la biblioth\u00e8que<\/p>\n\n\n\n<p><a href=\"https:\/\/www.ecoledelaplanete.com\/gagnants\/elementaire\">https:\/\/www.ecoledelaplanete.com\/gagnants\/elementaire<\/a><\/p>\n\n\n<div class=\"wp-block-image\">\n<figure class=\"aligncenter size-full\"><img loading=\"lazy\" decoding=\"async\" width=\"600\" height=\"600\" src=\"https:\/\/passerelle2.ac-nantes.fr\/ecoledecourdemanche\/wp-content\/uploads\/sites\/931\/2023\/06\/20230511_105104_0000-1.jpg\" alt=\"\" class=\"wp-image-678\" srcset=\"https:\/\/passerelle2.ac-nantes.fr\/ecoledecourdemanche\/wp-content\/uploads\/sites\/931\/2023\/06\/20230511_105104_0000-1.jpg 600w, https:\/\/passerelle2.ac-nantes.fr\/ecoledecourdemanche\/wp-content\/uploads\/sites\/931\/2023\/06\/20230511_105104_0000-1-300x300.jpg 300w, https:\/\/passerelle2.ac-nantes.fr\/ecoledecourdemanche\/wp-content\/uploads\/sites\/931\/2023\/06\/20230511_105104_0000-1-150x150.jpg 150w, https:\/\/passerelle2.ac-nantes.fr\/ecoledecourdemanche\/wp-content\/uploads\/sites\/931\/2023\/06\/20230511_105104_0000-1-270x270.jpg 270w\" sizes=\"auto, (max-width: 600px) 100vw, 600px\" \/><\/figure>\n<\/div>\n\n\n<p>Concours affiche sport chez les femmes : un dipl\u00f4me et un livre<\/p>\n\n\n\n<p><\/p>\n\n\n<div class=\"wp-block-image\">\n<figure class=\"aligncenter size-full\"><img loading=\"lazy\" decoding=\"async\" width=\"594\" height=\"600\" src=\"https:\/\/passerelle2.ac-nantes.fr\/ecoledecourdemanche\/wp-content\/uploads\/sites\/931\/2023\/07\/15-2.jpg\" alt=\"\" class=\"wp-image-710\" srcset=\"https:\/\/passerelle2.ac-nantes.fr\/ecoledecourdemanche\/wp-content\/uploads\/sites\/931\/2023\/07\/15-2.jpg 594w, https:\/\/passerelle2.ac-nantes.fr\/ecoledecourdemanche\/wp-content\/uploads\/sites\/931\/2023\/07\/15-2-297x300.jpg 297w, https:\/\/passerelle2.ac-nantes.fr\/ecoledecourdemanche\/wp-content\/uploads\/sites\/931\/2023\/07\/15-2-267x270.jpg 267w\" sizes=\"auto, (max-width: 594px) 100vw, 594px\" \/><\/figure>\n<\/div>\n\n\n<p>Concours \u00e9galit\u00e9 gar\u00e7on\/fille de la Sarthe : prix \u00ab\u00a0adaptation\u00a0\u00bb voir la vid\u00e9o dans production appel\u00e9 \u00ab\u00a0La galette\u00a0\u00bb<\/p>\n","protected":false},"excerpt":{"rendered":"<p>Les \u00e9l\u00e8ves ont remport\u00e9s plusieurs prix : Le concours nous autres parrain\u00e9 par Lilian Thuram avec le livre \u00ab\u00a0: \u00ab\u00a0le coquillage\u00a0\u00bb https:\/\/app.bookcreator.com\/library\/-NMySTDV1bDGzvnUMQvr\/QZEMohjTxabOeyTVhJlPuOST6zL2\/ac-fE1jRT_aFP4DrrUEeHw\/C_0a-d2FRzSa3SJApZ3WMw Le concours AMOPA : 1er prix des maths au quotidien; 5 et 6\u00e8me prix pour les GS art et math; 5\u00e8res places pour les CP sur art et maths Concours de dessin de Jardin: 1er prix avec en r\u00e9compenses des graines \u00e0 semer Concours d&rsquo;\u00e9criture : gain d&rsquo;une s\u00e9ance de sophro-\u00e9criture Concours M\u00e9diatiks: r\u00e9alisation d&rsquo;un reportage photo :&#8230;<\/p>\n<p class=\"read-more\"><a class=\"btn btn-default\" href=\"https:\/\/passerelle2.ac-nantes.fr\/ecoledecourdemanche\/palmares-2022-2023\/\">Lire la suite<span class=\"screen-reader-text\"> Lire la suite<\/span><\/a><\/p>\n","protected":false},"author":10366,"featured_media":0,"parent":0,"menu_order":0,"comment_status":"closed","ping_status":"closed","template":"","meta":{"ngg_post_thumbnail":0,"h5ap_radio_sources":[],"footnotes":""},"folder":[],"class_list":["post-488","page","type-page","status-publish","hentry"],"_links":{"self":[{"href":"https:\/\/passerelle2.ac-nantes.fr\/ecoledecourdemanche\/wp-json\/wp\/v2\/pages\/488","targetHints":{"allow":["GET"]}}],"collection":[{"href":"https:\/\/passerelle2.ac-nantes.fr\/ecoledecourdemanche\/wp-json\/wp\/v2\/pages"}],"about":[{"href":"https:\/\/passerelle2.ac-nantes.fr\/ecoledecourdemanche\/wp-json\/wp\/v2\/types\/page"}],"author":[{"embeddable":true,"href":"https:\/\/passerelle2.ac-nantes.fr\/ecoledecourdemanche\/wp-json\/wp\/v2\/users\/10366"}],"replies":[{"embeddable":true,"href":"https:\/\/passerelle2.ac-nantes.fr\/ecoledecourdemanche\/wp-json\/wp\/v2\/comments?post=488"}],"version-history":[{"count":0,"href":"https:\/\/passerelle2.ac-nantes.fr\/ecoledecourdemanche\/wp-json\/wp\/v2\/pages\/488\/revisions"}],"wp:attachment":[{"href":"https:\/\/passerelle2.ac-nantes.fr\/ecoledecourdemanche\/wp-json\/wp\/v2\/media?parent=488"}],"wp:term":[{"taxonomy":"folder","embeddable":true,"href":"https:\/\/passerelle2.ac-nantes.fr\/ecoledecourdemanche\/wp-json\/wp\/v2\/folder?post=488"}],"curies":[{"name":"wp","href":"https:\/\/api.w.org\/{rel}","templated":true}]}}