
{"id":739,"date":"2023-07-30T17:27:48","date_gmt":"2023-07-30T15:27:48","guid":{"rendered":"https:\/\/passerelle2.ac-nantes.fr\/ecoledecourdemanche\/?page_id=739"},"modified":"2024-12-10T11:16:52","modified_gmt":"2024-12-10T10:16:52","slug":"classe-des-gs-cp-2","status":"publish","type":"page","link":"https:\/\/passerelle2.ac-nantes.fr\/ecoledecourdemanche\/classe-des-gs-cp-2\/","title":{"rendered":"Classe des GS CP"},"content":{"rendered":"\n<p>Retrouver toute l\u2019actualit\u00e9 de la classe sur le Instagram de la ma\u00eetresse :<\/p>\n\n\n\n<p class=\"has-text-align-center\"><a href=\"https:\/\/www.instagram.com\/hello_teacher_elo\/\" target=\"_blank\" rel=\"noreferrer noopener\">https:\/\/www.instagram.com\/hello_teacher_elo\/<\/a><\/p>\n\n\n\n<p><a href=\"https:\/\/passerelle2.ac-nantes.fr\/ecoledecourdemanche\/fonctionnement-de-la-classe\/\">Fonctionnement<\/a>                               <\/p>\n\n\n\n<p class=\"has-text-align-center\"><a href=\"https:\/\/passerelle2.ac-nantes.fr\/ecoledecourdemanche\/category\/les-actualites-de-la-classe\/\">Les actualit\u00e9s de la classe<\/a>                                    <\/p>\n\n\n\n<p class=\"has-text-align-right\"><a href=\"https:\/\/passerelle2.ac-nantes.fr\/ecoledecourdemanche\/nos-productions\/\">Les productions<\/a><\/p>\n\n\n\n<p class=\"has-text-align-center\"><a href=\"https:\/\/passerelle2.ac-nantes.fr\/ecoledecourdemanche\/nos-livres\/\">Les livres<\/a>                                      <\/p>\n\n\n\n<p><a href=\"https:\/\/passerelle2.ac-nantes.fr\/ecoledecourdemanche\/palmares-des-concours\/\">Palmar\u00e8s des concours<\/a><\/p>\n\n\n\n<p>Bien r\u00e9ussir \u00e0 l&rsquo;\u00e9cole :<\/p>\n\n\n\n<div style=\"position: relative; width: 100%; height: 0; padding-top: 56.2500%;\n padding-bottom: 0; box-shadow: 0 2px 8px 0 rgba(63,69,81,0.16); margin-top: 1.6em; margin-bottom: 0.9em; overflow: hidden;\n border-radius: 8px; will-change: transform;\">\n  <iframe loading=\"lazy\" style=\"position: absolute; width: 100%; height: 100%; top: 0; left: 0; border: none; padding: 0;margin: 0;\"\n    src=\"https:\/\/www.canva.com\/design\/DAGUZVbEYCg\/cDR22fIKaPh5iHcAcrtvtw\/view?embed\" allowfullscreen=\"allowfullscreen\" allow=\"fullscreen\">\n  <\/iframe>\n<\/div>\n<a href=\"https:&#x2F;&#x2F;www.canva.com&#x2F;design&#x2F;DAGUZVbEYCg&#x2F;cDR22fIKaPh5iHcAcrtvtw&#x2F;view?utm_content=DAGUZVbEYCg&amp;utm_campaign=designshare&amp;utm_medium=embeds&amp;utm_source=link\" target=\"_blank\" rel=\"noopener\">Astuces r\u00e9ussir \u00e0 l&rsquo;\u00e9cole<\/a> par elodie_mirow\n\n\n\n<figure class=\"wp-block-gallery has-nested-images columns-4 is-cropped wp-block-gallery-1 is-layout-flex wp-block-gallery-is-layout-flex\">\n<figure class=\"wp-block-image size-large\"><img loading=\"lazy\" decoding=\"async\" width=\"343\" height=\"343\" data-id=\"676\" src=\"https:\/\/passerelle2.ac-nantes.fr\/ecoledecourdemanche\/wp-content\/uploads\/sites\/931\/2023\/06\/image-22.png\" alt=\"\" class=\"wp-image-676\" srcset=\"https:\/\/passerelle2.ac-nantes.fr\/ecoledecourdemanche\/wp-content\/uploads\/sites\/931\/2023\/06\/image-22.png 343w, https:\/\/passerelle2.ac-nantes.fr\/ecoledecourdemanche\/wp-content\/uploads\/sites\/931\/2023\/06\/image-22-300x300.png 300w, https:\/\/passerelle2.ac-nantes.fr\/ecoledecourdemanche\/wp-content\/uploads\/sites\/931\/2023\/06\/image-22-150x150.png 150w, https:\/\/passerelle2.ac-nantes.fr\/ecoledecourdemanche\/wp-content\/uploads\/sites\/931\/2023\/06\/image-22-270x270.png 270w\" sizes=\"auto, (max-width: 343px) 100vw, 343px\" \/><\/figure>\n\n\n\n<figure class=\"wp-block-image size-large\"><img loading=\"lazy\" decoding=\"async\" width=\"275\" height=\"310\" data-id=\"673\" src=\"https:\/\/passerelle2.ac-nantes.fr\/ecoledecourdemanche\/wp-content\/uploads\/sites\/931\/2023\/06\/image-19.png\" alt=\"\" class=\"wp-image-673\" srcset=\"https:\/\/passerelle2.ac-nantes.fr\/ecoledecourdemanche\/wp-content\/uploads\/sites\/931\/2023\/06\/image-19.png 275w, https:\/\/passerelle2.ac-nantes.fr\/ecoledecourdemanche\/wp-content\/uploads\/sites\/931\/2023\/06\/image-19-266x300.png 266w, https:\/\/passerelle2.ac-nantes.fr\/ecoledecourdemanche\/wp-content\/uploads\/sites\/931\/2023\/06\/image-19-240x270.png 240w\" sizes=\"auto, (max-width: 275px) 100vw, 275px\" \/><\/figure>\n\n\n\n<figure class=\"wp-block-image size-large\"><img loading=\"lazy\" decoding=\"async\" width=\"331\" height=\"331\" data-id=\"675\" src=\"https:\/\/passerelle2.ac-nantes.fr\/ecoledecourdemanche\/wp-content\/uploads\/sites\/931\/2023\/06\/image-21.png\" alt=\"\" class=\"wp-image-675\" srcset=\"https:\/\/passerelle2.ac-nantes.fr\/ecoledecourdemanche\/wp-content\/uploads\/sites\/931\/2023\/06\/image-21.png 331w, https:\/\/passerelle2.ac-nantes.fr\/ecoledecourdemanche\/wp-content\/uploads\/sites\/931\/2023\/06\/image-21-300x300.png 300w, https:\/\/passerelle2.ac-nantes.fr\/ecoledecourdemanche\/wp-content\/uploads\/sites\/931\/2023\/06\/image-21-150x150.png 150w, https:\/\/passerelle2.ac-nantes.fr\/ecoledecourdemanche\/wp-content\/uploads\/sites\/931\/2023\/06\/image-21-270x270.png 270w\" sizes=\"auto, (max-width: 331px) 100vw, 331px\" \/><\/figure>\n\n\n\n<figure class=\"wp-block-image size-large\"><img loading=\"lazy\" decoding=\"async\" width=\"235\" height=\"235\" data-id=\"665\" src=\"https:\/\/passerelle2.ac-nantes.fr\/ecoledecourdemanche\/wp-content\/uploads\/sites\/931\/2023\/06\/image-12.png\" alt=\"\" class=\"wp-image-665\" srcset=\"https:\/\/passerelle2.ac-nantes.fr\/ecoledecourdemanche\/wp-content\/uploads\/sites\/931\/2023\/06\/image-12.png 235w, https:\/\/passerelle2.ac-nantes.fr\/ecoledecourdemanche\/wp-content\/uploads\/sites\/931\/2023\/06\/image-12-150x150.png 150w\" sizes=\"auto, (max-width: 235px) 100vw, 235px\" \/><\/figure>\n\n\n\n<figure class=\"wp-block-image size-large\"><img loading=\"lazy\" decoding=\"async\" width=\"345\" height=\"600\" data-id=\"628\" src=\"https:\/\/passerelle2.ac-nantes.fr\/ecoledecourdemanche\/wp-content\/uploads\/sites\/931\/2023\/04\/MjAyMjEwNTRjMDc5NTNlY2QzOTAzZDAxOGNiMmNlNzM4OThjNGI.jpg\" alt=\"\" class=\"wp-image-628\" srcset=\"https:\/\/passerelle2.ac-nantes.fr\/ecoledecourdemanche\/wp-content\/uploads\/sites\/931\/2023\/04\/MjAyMjEwNTRjMDc5NTNlY2QzOTAzZDAxOGNiMmNlNzM4OThjNGI.jpg 345w, https:\/\/passerelle2.ac-nantes.fr\/ecoledecourdemanche\/wp-content\/uploads\/sites\/931\/2023\/04\/MjAyMjEwNTRjMDc5NTNlY2QzOTAzZDAxOGNiMmNlNzM4OThjNGI-173x300.jpg 173w, https:\/\/passerelle2.ac-nantes.fr\/ecoledecourdemanche\/wp-content\/uploads\/sites\/931\/2023\/04\/MjAyMjEwNTRjMDc5NTNlY2QzOTAzZDAxOGNiMmNlNzM4OThjNGI-155x270.jpg 155w\" sizes=\"auto, (max-width: 345px) 100vw, 345px\" \/><\/figure>\n\n\n\n<figure class=\"wp-block-image size-large\"><img loading=\"lazy\" decoding=\"async\" width=\"450\" height=\"600\" data-id=\"624\" src=\"https:\/\/passerelle2.ac-nantes.fr\/ecoledecourdemanche\/wp-content\/uploads\/sites\/931\/2023\/04\/044.IMG20230411WA0001.jpg\" alt=\"\" class=\"wp-image-624\" srcset=\"https:\/\/passerelle2.ac-nantes.fr\/ecoledecourdemanche\/wp-content\/uploads\/sites\/931\/2023\/04\/044.IMG20230411WA0001.jpg 450w, https:\/\/passerelle2.ac-nantes.fr\/ecoledecourdemanche\/wp-content\/uploads\/sites\/931\/2023\/04\/044.IMG20230411WA0001-225x300.jpg 225w, https:\/\/passerelle2.ac-nantes.fr\/ecoledecourdemanche\/wp-content\/uploads\/sites\/931\/2023\/04\/044.IMG20230411WA0001-203x270.jpg 203w\" sizes=\"auto, (max-width: 450px) 100vw, 450px\" \/><\/figure>\n\n\n\n<figure class=\"wp-block-image size-large\"><img loading=\"lazy\" decoding=\"async\" width=\"600\" height=\"600\" data-id=\"630\" src=\"https:\/\/passerelle2.ac-nantes.fr\/ecoledecourdemanche\/wp-content\/uploads\/sites\/931\/2023\/04\/003.IMG20230316113726-1.jpg\" alt=\"\" class=\"wp-image-630\" srcset=\"https:\/\/passerelle2.ac-nantes.fr\/ecoledecourdemanche\/wp-content\/uploads\/sites\/931\/2023\/04\/003.IMG20230316113726-1.jpg 600w, https:\/\/passerelle2.ac-nantes.fr\/ecoledecourdemanche\/wp-content\/uploads\/sites\/931\/2023\/04\/003.IMG20230316113726-1-300x300.jpg 300w, https:\/\/passerelle2.ac-nantes.fr\/ecoledecourdemanche\/wp-content\/uploads\/sites\/931\/2023\/04\/003.IMG20230316113726-1-150x150.jpg 150w, https:\/\/passerelle2.ac-nantes.fr\/ecoledecourdemanche\/wp-content\/uploads\/sites\/931\/2023\/04\/003.IMG20230316113726-1-270x270.jpg 270w\" sizes=\"auto, (max-width: 600px) 100vw, 600px\" \/><\/figure>\n<\/figure>\n","protected":false},"excerpt":{"rendered":"<p>Retrouver toute l\u2019actualit\u00e9 de la classe sur le Instagram de la ma\u00eetresse : https:\/\/www.instagram.com\/hello_teacher_elo\/ Fonctionnement Les actualit\u00e9s de la classe Les productions Les livres Palmar\u00e8s des concours Bien r\u00e9ussir \u00e0 l&rsquo;\u00e9cole : Astuces r\u00e9ussir \u00e0 l&rsquo;\u00e9cole par elodie_mirow<\/p>\n","protected":false},"author":10366,"featured_media":0,"parent":0,"menu_order":0,"comment_status":"closed","ping_status":"closed","template":"","meta":{"ngg_post_thumbnail":0,"h5ap_radio_sources":[],"footnotes":""},"folder":[],"class_list":["post-739","page","type-page","status-publish","hentry"],"_links":{"self":[{"href":"https:\/\/passerelle2.ac-nantes.fr\/ecoledecourdemanche\/wp-json\/wp\/v2\/pages\/739","targetHints":{"allow":["GET"]}}],"collection":[{"href":"https:\/\/passerelle2.ac-nantes.fr\/ecoledecourdemanche\/wp-json\/wp\/v2\/pages"}],"about":[{"href":"https:\/\/passerelle2.ac-nantes.fr\/ecoledecourdemanche\/wp-json\/wp\/v2\/types\/page"}],"author":[{"embeddable":true,"href":"https:\/\/passerelle2.ac-nantes.fr\/ecoledecourdemanche\/wp-json\/wp\/v2\/users\/10366"}],"replies":[{"embeddable":true,"href":"https:\/\/passerelle2.ac-nantes.fr\/ecoledecourdemanche\/wp-json\/wp\/v2\/comments?post=739"}],"version-history":[{"count":0,"href":"https:\/\/passerelle2.ac-nantes.fr\/ecoledecourdemanche\/wp-json\/wp\/v2\/pages\/739\/revisions"}],"wp:attachment":[{"href":"https:\/\/passerelle2.ac-nantes.fr\/ecoledecourdemanche\/wp-json\/wp\/v2\/media?parent=739"}],"wp:term":[{"taxonomy":"folder","embeddable":true,"href":"https:\/\/passerelle2.ac-nantes.fr\/ecoledecourdemanche\/wp-json\/wp\/v2\/folder?post=739"}],"curies":[{"name":"wp","href":"https:\/\/api.w.org\/{rel}","templated":true}]}}