
{"id":741,"date":"2023-07-30T17:34:11","date_gmt":"2023-07-30T15:34:11","guid":{"rendered":"https:\/\/passerelle2.ac-nantes.fr\/ecoledecourdemanche\/?page_id=741"},"modified":"2024-12-10T11:11:48","modified_gmt":"2024-12-10T10:11:48","slug":"informations","status":"publish","type":"page","link":"https:\/\/passerelle2.ac-nantes.fr\/ecoledecourdemanche\/informations\/","title":{"rendered":"Informations"},"content":{"rendered":"\n<div class=\"wp-block-group\"><div class=\"wp-block-group__inner-container is-layout-constrained wp-block-group-is-layout-constrained\">\n<p>Vous pouvez nous contacter \u00e0 : ce.0720996s@ac-nantes.fr ou 02 43 44 80 63<\/p>\n\n\n\n<p>Adresse : 9 rue du coll\u00e8ge, 72150 Courdemanche<\/p>\n\n\n\n<p>Directrice : Elodie Mirow<\/p>\n\n\n\n<p>Adjointe : H\u00e9l\u00e8ne Dumas<\/p>\n\n\n\n<div style=\"position: relative; width: 100%; height: 0; padding-top: 77.2727%;\n padding-bottom: 0; box-shadow: 0 2px 8px 0 rgba(63,69,81,0.16); margin-top: 1.6em; margin-bottom: 0.9em; overflow: hidden;\n border-radius: 8px; will-change: transform;\">\n  <iframe loading=\"lazy\" style=\"position: absolute; width: 100%; height: 100%; top: 0; left: 0; border: none; padding: 0;margin: 0;\"\n    src=\"https:\/\/www.canva.com\/design\/DAGUZjAfuo8\/JYuXWCCvoVnoidRUZbZFLA\/view?embed\" allowfullscreen=\"allowfullscreen\" allow=\"fullscreen\">\n  <\/iframe>\n<\/div>\n<a href=\"https:&#x2F;&#x2F;www.canva.com&#x2F;design&#x2F;DAGUZjAfuo8&#x2F;JYuXWCCvoVnoidRUZbZFLA&#x2F;view?utm_content=DAGUZjAfuo8&amp;utm_campaign=designshare&amp;utm_medium=embeds&amp;utm_source=link\" target=\"_blank\" rel=\"noopener\">d\u00e9pliant \u00e9cole courdemanche<\/a> par elodie_mirow\n\n\n\n<p class=\"has-text-align-center\"><a href=\"https:\/\/v2.hiboutheque.fr\/mediatheques\/2093-ecole-primaire-publique-georges-jean\/\" data-type=\"URL\" data-id=\"https:\/\/v2.hiboutheque.fr\/mediatheques\/2093-ecole-primaire-publique-georges-jean\/\">Lien vers la biblioth\u00e8que<\/a><\/p>\n\n\n<div class=\"wp-block-image\">\n<figure class=\"aligncenter size-large\"><img decoding=\"async\" src=\"https:\/\/tse3.mm.bing.net\/th?id=OIP.H7hBort8PkJV0IScQvxJiAHaCu&amp;pid=Api&amp;P=0&amp;w=534&amp;h=196\" alt=\"\"\/><\/figure>\n<\/div>\n\n\n<figure class=\"wp-block-gallery has-nested-images columns-default is-cropped wp-block-gallery-1 is-layout-flex wp-block-gallery-is-layout-flex\">\n<figure class=\"wp-block-image size-large\"><img loading=\"lazy\" decoding=\"async\" width=\"424\" height=\"600\" data-id=\"545\" src=\"https:\/\/passerelle2.ac-nantes.fr\/ecoledecourdemanche\/wp-content\/uploads\/sites\/931\/2023\/04\/5-1.jpg\" alt=\"\" class=\"wp-image-545\" srcset=\"https:\/\/passerelle2.ac-nantes.fr\/ecoledecourdemanche\/wp-content\/uploads\/sites\/931\/2023\/04\/5-1.jpg 424w, https:\/\/passerelle2.ac-nantes.fr\/ecoledecourdemanche\/wp-content\/uploads\/sites\/931\/2023\/04\/5-1-212x300.jpg 212w, https:\/\/passerelle2.ac-nantes.fr\/ecoledecourdemanche\/wp-content\/uploads\/sites\/931\/2023\/04\/5-1-191x270.jpg 191w\" sizes=\"auto, (max-width: 424px) 100vw, 424px\" \/><\/figure>\n\n\n\n<figure class=\"wp-block-image size-large\"><img loading=\"lazy\" decoding=\"async\" width=\"424\" height=\"600\" data-id=\"546\" src=\"https:\/\/passerelle2.ac-nantes.fr\/ecoledecourdemanche\/wp-content\/uploads\/sites\/931\/2023\/04\/6.jpg\" alt=\"\" class=\"wp-image-546\" srcset=\"https:\/\/passerelle2.ac-nantes.fr\/ecoledecourdemanche\/wp-content\/uploads\/sites\/931\/2023\/04\/6.jpg 424w, https:\/\/passerelle2.ac-nantes.fr\/ecoledecourdemanche\/wp-content\/uploads\/sites\/931\/2023\/04\/6-212x300.jpg 212w, https:\/\/passerelle2.ac-nantes.fr\/ecoledecourdemanche\/wp-content\/uploads\/sites\/931\/2023\/04\/6-191x270.jpg 191w\" sizes=\"auto, (max-width: 424px) 100vw, 424px\" \/><\/figure>\n\n\n\n<figure class=\"wp-block-image size-large\"><img loading=\"lazy\" decoding=\"async\" width=\"424\" height=\"600\" data-id=\"547\" src=\"https:\/\/passerelle2.ac-nantes.fr\/ecoledecourdemanche\/wp-content\/uploads\/sites\/931\/2023\/04\/7.jpg\" alt=\"\" class=\"wp-image-547\" srcset=\"https:\/\/passerelle2.ac-nantes.fr\/ecoledecourdemanche\/wp-content\/uploads\/sites\/931\/2023\/04\/7.jpg 424w, https:\/\/passerelle2.ac-nantes.fr\/ecoledecourdemanche\/wp-content\/uploads\/sites\/931\/2023\/04\/7-212x300.jpg 212w, https:\/\/passerelle2.ac-nantes.fr\/ecoledecourdemanche\/wp-content\/uploads\/sites\/931\/2023\/04\/7-191x270.jpg 191w\" sizes=\"auto, (max-width: 424px) 100vw, 424px\" \/><\/figure>\n\n\n\n<figure class=\"wp-block-image size-large\"><img loading=\"lazy\" decoding=\"async\" width=\"424\" height=\"600\" data-id=\"548\" src=\"https:\/\/passerelle2.ac-nantes.fr\/ecoledecourdemanche\/wp-content\/uploads\/sites\/931\/2023\/04\/8.jpg\" alt=\"\" class=\"wp-image-548\" srcset=\"https:\/\/passerelle2.ac-nantes.fr\/ecoledecourdemanche\/wp-content\/uploads\/sites\/931\/2023\/04\/8.jpg 424w, https:\/\/passerelle2.ac-nantes.fr\/ecoledecourdemanche\/wp-content\/uploads\/sites\/931\/2023\/04\/8-212x300.jpg 212w, https:\/\/passerelle2.ac-nantes.fr\/ecoledecourdemanche\/wp-content\/uploads\/sites\/931\/2023\/04\/8-191x270.jpg 191w\" sizes=\"auto, (max-width: 424px) 100vw, 424px\" \/><\/figure>\n\n\n\n<figure class=\"wp-block-image size-large\"><img loading=\"lazy\" decoding=\"async\" width=\"424\" height=\"600\" data-id=\"549\" src=\"https:\/\/passerelle2.ac-nantes.fr\/ecoledecourdemanche\/wp-content\/uploads\/sites\/931\/2023\/04\/9.jpg\" alt=\"\" class=\"wp-image-549\" srcset=\"https:\/\/passerelle2.ac-nantes.fr\/ecoledecourdemanche\/wp-content\/uploads\/sites\/931\/2023\/04\/9.jpg 424w, https:\/\/passerelle2.ac-nantes.fr\/ecoledecourdemanche\/wp-content\/uploads\/sites\/931\/2023\/04\/9-212x300.jpg 212w, https:\/\/passerelle2.ac-nantes.fr\/ecoledecourdemanche\/wp-content\/uploads\/sites\/931\/2023\/04\/9-191x270.jpg 191w\" sizes=\"auto, (max-width: 424px) 100vw, 424px\" \/><\/figure>\n\n\n\n<figure class=\"wp-block-image size-large\"><img loading=\"lazy\" decoding=\"async\" width=\"424\" height=\"600\" data-id=\"550\" src=\"https:\/\/passerelle2.ac-nantes.fr\/ecoledecourdemanche\/wp-content\/uploads\/sites\/931\/2023\/04\/10.jpg\" alt=\"\" class=\"wp-image-550\" srcset=\"https:\/\/passerelle2.ac-nantes.fr\/ecoledecourdemanche\/wp-content\/uploads\/sites\/931\/2023\/04\/10.jpg 424w, https:\/\/passerelle2.ac-nantes.fr\/ecoledecourdemanche\/wp-content\/uploads\/sites\/931\/2023\/04\/10-212x300.jpg 212w, https:\/\/passerelle2.ac-nantes.fr\/ecoledecourdemanche\/wp-content\/uploads\/sites\/931\/2023\/04\/10-191x270.jpg 191w\" sizes=\"auto, (max-width: 424px) 100vw, 424px\" \/><\/figure>\n\n\n\n<figure class=\"wp-block-image size-large\"><img loading=\"lazy\" decoding=\"async\" width=\"424\" height=\"600\" data-id=\"551\" src=\"https:\/\/passerelle2.ac-nantes.fr\/ecoledecourdemanche\/wp-content\/uploads\/sites\/931\/2023\/04\/11.jpg\" alt=\"\" class=\"wp-image-551\" srcset=\"https:\/\/passerelle2.ac-nantes.fr\/ecoledecourdemanche\/wp-content\/uploads\/sites\/931\/2023\/04\/11.jpg 424w, https:\/\/passerelle2.ac-nantes.fr\/ecoledecourdemanche\/wp-content\/uploads\/sites\/931\/2023\/04\/11-212x300.jpg 212w, https:\/\/passerelle2.ac-nantes.fr\/ecoledecourdemanche\/wp-content\/uploads\/sites\/931\/2023\/04\/11-191x270.jpg 191w\" sizes=\"auto, (max-width: 424px) 100vw, 424px\" \/><\/figure>\n\n\n\n<figure class=\"wp-block-image size-large\"><img loading=\"lazy\" decoding=\"async\" width=\"424\" height=\"600\" data-id=\"552\" src=\"https:\/\/passerelle2.ac-nantes.fr\/ecoledecourdemanche\/wp-content\/uploads\/sites\/931\/2023\/04\/12.jpg\" alt=\"\" class=\"wp-image-552\" srcset=\"https:\/\/passerelle2.ac-nantes.fr\/ecoledecourdemanche\/wp-content\/uploads\/sites\/931\/2023\/04\/12.jpg 424w, https:\/\/passerelle2.ac-nantes.fr\/ecoledecourdemanche\/wp-content\/uploads\/sites\/931\/2023\/04\/12-212x300.jpg 212w, https:\/\/passerelle2.ac-nantes.fr\/ecoledecourdemanche\/wp-content\/uploads\/sites\/931\/2023\/04\/12-191x270.jpg 191w\" sizes=\"auto, (max-width: 424px) 100vw, 424px\" \/><\/figure>\n\n\n\n<figure class=\"wp-block-image size-large\"><img loading=\"lazy\" decoding=\"async\" width=\"424\" height=\"600\" data-id=\"553\" src=\"https:\/\/passerelle2.ac-nantes.fr\/ecoledecourdemanche\/wp-content\/uploads\/sites\/931\/2023\/04\/13.jpg\" alt=\"\" class=\"wp-image-553\" srcset=\"https:\/\/passerelle2.ac-nantes.fr\/ecoledecourdemanche\/wp-content\/uploads\/sites\/931\/2023\/04\/13.jpg 424w, https:\/\/passerelle2.ac-nantes.fr\/ecoledecourdemanche\/wp-content\/uploads\/sites\/931\/2023\/04\/13-212x300.jpg 212w, https:\/\/passerelle2.ac-nantes.fr\/ecoledecourdemanche\/wp-content\/uploads\/sites\/931\/2023\/04\/13-191x270.jpg 191w\" sizes=\"auto, (max-width: 424px) 100vw, 424px\" \/><\/figure>\n\n\n\n<figure class=\"wp-block-image size-large\"><img loading=\"lazy\" decoding=\"async\" width=\"424\" height=\"600\" data-id=\"554\" src=\"https:\/\/passerelle2.ac-nantes.fr\/ecoledecourdemanche\/wp-content\/uploads\/sites\/931\/2023\/04\/14.jpg\" alt=\"\" class=\"wp-image-554\" srcset=\"https:\/\/passerelle2.ac-nantes.fr\/ecoledecourdemanche\/wp-content\/uploads\/sites\/931\/2023\/04\/14.jpg 424w, https:\/\/passerelle2.ac-nantes.fr\/ecoledecourdemanche\/wp-content\/uploads\/sites\/931\/2023\/04\/14-212x300.jpg 212w, https:\/\/passerelle2.ac-nantes.fr\/ecoledecourdemanche\/wp-content\/uploads\/sites\/931\/2023\/04\/14-191x270.jpg 191w\" sizes=\"auto, (max-width: 424px) 100vw, 424px\" \/><\/figure>\n\n\n\n<figure class=\"wp-block-image size-large\"><img loading=\"lazy\" decoding=\"async\" width=\"424\" height=\"600\" data-id=\"555\" src=\"https:\/\/passerelle2.ac-nantes.fr\/ecoledecourdemanche\/wp-content\/uploads\/sites\/931\/2023\/04\/15.jpg\" alt=\"\" class=\"wp-image-555\" srcset=\"https:\/\/passerelle2.ac-nantes.fr\/ecoledecourdemanche\/wp-content\/uploads\/sites\/931\/2023\/04\/15.jpg 424w, https:\/\/passerelle2.ac-nantes.fr\/ecoledecourdemanche\/wp-content\/uploads\/sites\/931\/2023\/04\/15-212x300.jpg 212w, https:\/\/passerelle2.ac-nantes.fr\/ecoledecourdemanche\/wp-content\/uploads\/sites\/931\/2023\/04\/15-191x270.jpg 191w\" sizes=\"auto, (max-width: 424px) 100vw, 424px\" \/><\/figure>\n\n\n\n<figure class=\"wp-block-image size-large\"><img loading=\"lazy\" decoding=\"async\" width=\"424\" height=\"600\" data-id=\"556\" src=\"https:\/\/passerelle2.ac-nantes.fr\/ecoledecourdemanche\/wp-content\/uploads\/sites\/931\/2023\/04\/16.jpg\" alt=\"\" class=\"wp-image-556\" srcset=\"https:\/\/passerelle2.ac-nantes.fr\/ecoledecourdemanche\/wp-content\/uploads\/sites\/931\/2023\/04\/16.jpg 424w, https:\/\/passerelle2.ac-nantes.fr\/ecoledecourdemanche\/wp-content\/uploads\/sites\/931\/2023\/04\/16-212x300.jpg 212w, https:\/\/passerelle2.ac-nantes.fr\/ecoledecourdemanche\/wp-content\/uploads\/sites\/931\/2023\/04\/16-191x270.jpg 191w\" sizes=\"auto, (max-width: 424px) 100vw, 424px\" \/><\/figure>\n\n\n\n<figure class=\"wp-block-image size-large\"><img loading=\"lazy\" decoding=\"async\" width=\"424\" height=\"600\" data-id=\"557\" src=\"https:\/\/passerelle2.ac-nantes.fr\/ecoledecourdemanche\/wp-content\/uploads\/sites\/931\/2023\/04\/17.jpg\" alt=\"\" class=\"wp-image-557\" srcset=\"https:\/\/passerelle2.ac-nantes.fr\/ecoledecourdemanche\/wp-content\/uploads\/sites\/931\/2023\/04\/17.jpg 424w, https:\/\/passerelle2.ac-nantes.fr\/ecoledecourdemanche\/wp-content\/uploads\/sites\/931\/2023\/04\/17-212x300.jpg 212w, https:\/\/passerelle2.ac-nantes.fr\/ecoledecourdemanche\/wp-content\/uploads\/sites\/931\/2023\/04\/17-191x270.jpg 191w\" sizes=\"auto, (max-width: 424px) 100vw, 424px\" \/><\/figure>\n\n\n\n<figure class=\"wp-block-image size-large\"><img loading=\"lazy\" decoding=\"async\" width=\"424\" height=\"600\" data-id=\"558\" src=\"https:\/\/passerelle2.ac-nantes.fr\/ecoledecourdemanche\/wp-content\/uploads\/sites\/931\/2023\/04\/18.jpg\" alt=\"\" class=\"wp-image-558\" srcset=\"https:\/\/passerelle2.ac-nantes.fr\/ecoledecourdemanche\/wp-content\/uploads\/sites\/931\/2023\/04\/18.jpg 424w, https:\/\/passerelle2.ac-nantes.fr\/ecoledecourdemanche\/wp-content\/uploads\/sites\/931\/2023\/04\/18-212x300.jpg 212w, https:\/\/passerelle2.ac-nantes.fr\/ecoledecourdemanche\/wp-content\/uploads\/sites\/931\/2023\/04\/18-191x270.jpg 191w\" sizes=\"auto, (max-width: 424px) 100vw, 424px\" \/><\/figure>\n\n\n\n<figure class=\"wp-block-image size-large\"><img loading=\"lazy\" decoding=\"async\" width=\"424\" height=\"600\" data-id=\"559\" src=\"https:\/\/passerelle2.ac-nantes.fr\/ecoledecourdemanche\/wp-content\/uploads\/sites\/931\/2023\/04\/19.jpg\" alt=\"\" class=\"wp-image-559\" srcset=\"https:\/\/passerelle2.ac-nantes.fr\/ecoledecourdemanche\/wp-content\/uploads\/sites\/931\/2023\/04\/19.jpg 424w, https:\/\/passerelle2.ac-nantes.fr\/ecoledecourdemanche\/wp-content\/uploads\/sites\/931\/2023\/04\/19-212x300.jpg 212w, https:\/\/passerelle2.ac-nantes.fr\/ecoledecourdemanche\/wp-content\/uploads\/sites\/931\/2023\/04\/19-191x270.jpg 191w\" sizes=\"auto, (max-width: 424px) 100vw, 424px\" \/><\/figure>\n\n\n\n<figure class=\"wp-block-image size-large\"><img loading=\"lazy\" decoding=\"async\" width=\"424\" height=\"600\" data-id=\"541\" src=\"https:\/\/passerelle2.ac-nantes.fr\/ecoledecourdemanche\/wp-content\/uploads\/sites\/931\/2023\/04\/1-1.jpg\" alt=\"\" class=\"wp-image-541\" srcset=\"https:\/\/passerelle2.ac-nantes.fr\/ecoledecourdemanche\/wp-content\/uploads\/sites\/931\/2023\/04\/1-1.jpg 424w, https:\/\/passerelle2.ac-nantes.fr\/ecoledecourdemanche\/wp-content\/uploads\/sites\/931\/2023\/04\/1-1-212x300.jpg 212w, https:\/\/passerelle2.ac-nantes.fr\/ecoledecourdemanche\/wp-content\/uploads\/sites\/931\/2023\/04\/1-1-191x270.jpg 191w\" sizes=\"auto, (max-width: 424px) 100vw, 424px\" \/><\/figure>\n\n\n\n<figure class=\"wp-block-image size-large\"><img loading=\"lazy\" decoding=\"async\" width=\"424\" height=\"600\" data-id=\"542\" src=\"https:\/\/passerelle2.ac-nantes.fr\/ecoledecourdemanche\/wp-content\/uploads\/sites\/931\/2023\/04\/2-1.jpg\" alt=\"\" class=\"wp-image-542\" srcset=\"https:\/\/passerelle2.ac-nantes.fr\/ecoledecourdemanche\/wp-content\/uploads\/sites\/931\/2023\/04\/2-1.jpg 424w, https:\/\/passerelle2.ac-nantes.fr\/ecoledecourdemanche\/wp-content\/uploads\/sites\/931\/2023\/04\/2-1-212x300.jpg 212w, https:\/\/passerelle2.ac-nantes.fr\/ecoledecourdemanche\/wp-content\/uploads\/sites\/931\/2023\/04\/2-1-191x270.jpg 191w\" sizes=\"auto, (max-width: 424px) 100vw, 424px\" \/><\/figure>\n\n\n\n<figure class=\"wp-block-image size-large\"><img loading=\"lazy\" decoding=\"async\" width=\"424\" height=\"600\" data-id=\"543\" src=\"https:\/\/passerelle2.ac-nantes.fr\/ecoledecourdemanche\/wp-content\/uploads\/sites\/931\/2023\/04\/3-1.jpg\" alt=\"\" class=\"wp-image-543\" srcset=\"https:\/\/passerelle2.ac-nantes.fr\/ecoledecourdemanche\/wp-content\/uploads\/sites\/931\/2023\/04\/3-1.jpg 424w, https:\/\/passerelle2.ac-nantes.fr\/ecoledecourdemanche\/wp-content\/uploads\/sites\/931\/2023\/04\/3-1-212x300.jpg 212w, https:\/\/passerelle2.ac-nantes.fr\/ecoledecourdemanche\/wp-content\/uploads\/sites\/931\/2023\/04\/3-1-191x270.jpg 191w\" sizes=\"auto, (max-width: 424px) 100vw, 424px\" \/><\/figure>\n<\/figure>\n\n\n<div class=\"wp-block-image\">\n<figure class=\"aligncenter size-full\"><img loading=\"lazy\" decoding=\"async\" width=\"388\" height=\"600\" src=\"https:\/\/passerelle2.ac-nantes.fr\/ecoledecourdemanche\/wp-content\/uploads\/sites\/931\/2022\/05\/ecole-courdemanche-affiche-1.jpg\" alt=\"\" class=\"wp-image-23\" srcset=\"https:\/\/passerelle2.ac-nantes.fr\/ecoledecourdemanche\/wp-content\/uploads\/sites\/931\/2022\/05\/ecole-courdemanche-affiche-1.jpg 388w, https:\/\/passerelle2.ac-nantes.fr\/ecoledecourdemanche\/wp-content\/uploads\/sites\/931\/2022\/05\/ecole-courdemanche-affiche-1-194x300.jpg 194w, https:\/\/passerelle2.ac-nantes.fr\/ecoledecourdemanche\/wp-content\/uploads\/sites\/931\/2022\/05\/ecole-courdemanche-affiche-1-175x270.jpg 175w\" sizes=\"auto, (max-width: 388px) 100vw, 388px\" \/><\/figure>\n<\/div>\n\n\n<div data-wp-interactive=\"core\/file\" class=\"wp-block-file\"><object data-wp-bind--hidden=\"!state.hasPdfPreview\" hidden class=\"wp-block-file__embed\" data=\"https:\/\/passerelle2.ac-nantes.fr\/ecoledecourdemanche\/wp-content\/uploads\/sites\/931\/2023\/07\/Brochure-Courdemanche-1-1-2-1.pdf\" type=\"application\/pdf\" style=\"width:100%;height:600px\" aria-label=\"Contenu embarqu\u00e9 Brochure-Courdemanche-1-1-2-1.\"><\/object><a id=\"wp-block-file--media-611b2157-4729-42f6-a0b1-eadb169bc4aa\" href=\"https:\/\/passerelle2.ac-nantes.fr\/ecoledecourdemanche\/wp-content\/uploads\/sites\/931\/2023\/07\/Brochure-Courdemanche-1-1-2-1.pdf\">Brochure-Courdemanche-1-1-2-1<\/a><a href=\"https:\/\/passerelle2.ac-nantes.fr\/ecoledecourdemanche\/wp-content\/uploads\/sites\/931\/2023\/07\/Brochure-Courdemanche-1-1-2-1.pdf\" class=\"wp-block-file__button wp-element-button\" download aria-describedby=\"wp-block-file--media-611b2157-4729-42f6-a0b1-eadb169bc4aa\">T\u00e9l\u00e9charger<\/a><\/div>\n<\/div><\/div>\n","protected":false},"excerpt":{"rendered":"<p>Vous pouvez nous contacter \u00e0 : ce.0720996s@ac-nantes.fr ou 02 43 44 80 63 Adresse : 9 rue du coll\u00e8ge, 72150 Courdemanche Directrice : Elodie Mirow Adjointe : H\u00e9l\u00e8ne Dumas d\u00e9pliant \u00e9cole courdemanche par elodie_mirow Lien vers la biblioth\u00e8que<\/p>\n","protected":false},"author":10366,"featured_media":0,"parent":0,"menu_order":0,"comment_status":"closed","ping_status":"closed","template":"","meta":{"ngg_post_thumbnail":0,"h5ap_radio_sources":[],"footnotes":""},"folder":[],"class_list":["post-741","page","type-page","status-publish","hentry"],"_links":{"self":[{"href":"https:\/\/passerelle2.ac-nantes.fr\/ecoledecourdemanche\/wp-json\/wp\/v2\/pages\/741","targetHints":{"allow":["GET"]}}],"collection":[{"href":"https:\/\/passerelle2.ac-nantes.fr\/ecoledecourdemanche\/wp-json\/wp\/v2\/pages"}],"about":[{"href":"https:\/\/passerelle2.ac-nantes.fr\/ecoledecourdemanche\/wp-json\/wp\/v2\/types\/page"}],"author":[{"embeddable":true,"href":"https:\/\/passerelle2.ac-nantes.fr\/ecoledecourdemanche\/wp-json\/wp\/v2\/users\/10366"}],"replies":[{"embeddable":true,"href":"https:\/\/passerelle2.ac-nantes.fr\/ecoledecourdemanche\/wp-json\/wp\/v2\/comments?post=741"}],"version-history":[{"count":0,"href":"https:\/\/passerelle2.ac-nantes.fr\/ecoledecourdemanche\/wp-json\/wp\/v2\/pages\/741\/revisions"}],"wp:attachment":[{"href":"https:\/\/passerelle2.ac-nantes.fr\/ecoledecourdemanche\/wp-json\/wp\/v2\/media?parent=741"}],"wp:term":[{"taxonomy":"folder","embeddable":true,"href":"https:\/\/passerelle2.ac-nantes.fr\/ecoledecourdemanche\/wp-json\/wp\/v2\/folder?post=741"}],"curies":[{"name":"wp","href":"https:\/\/api.w.org\/{rel}","templated":true}]}}