
{"id":744,"date":"2023-07-30T17:42:18","date_gmt":"2023-07-30T15:42:18","guid":{"rendered":"https:\/\/passerelle2.ac-nantes.fr\/ecoledecourdemanche\/?page_id=744"},"modified":"2024-12-13T11:57:11","modified_gmt":"2024-12-13T10:57:11","slug":"fonctionnement-de-la-classe","status":"publish","type":"page","link":"https:\/\/passerelle2.ac-nantes.fr\/ecoledecourdemanche\/fonctionnement-de-la-classe\/","title":{"rendered":"Fonctionnement de la classe"},"content":{"rendered":"\n<div class=\"wp-block-group\"><div class=\"wp-block-group__inner-container is-layout-constrained wp-block-group-is-layout-constrained\">\n<p>Bienvenu dans la classe d&rsquo;Elodie Mirow. <\/p>\n\n\n\n<p>Les \u00e9l\u00e8ves sont accompagn\u00e9s par une ATSEM \u00e0 50%. Ils \u00e9voluent dans un espace adapt\u00e9 aux besoins de chacun. <\/p>\n\n\n\n<p class=\"has-text-align-center\"><strong>L&rsquo;\u00e9cole expansive<\/strong><\/p>\n\n\n\n<iframe loading=\"lazy\" src=\"https:\/\/podeduc.apps.education.fr\/video\/16318-jni2023_selec_nationale-dautres-espaces-pour-etre-heureux-a-lecole-academie-de-nantes\/?is_iframe=true\" width=\"640\" height=\"360\" style=\"padding: 0; margin: 0; border:0\" allowfullscreen=\"\"><\/iframe>\n\n\n\n<div data-wp-interactive=\"core\/file\" class=\"wp-block-file\"><object data-wp-bind--hidden=\"!state.hasPdfPreview\" hidden class=\"wp-block-file__embed\" data=\"https:\/\/passerelle2.ac-nantes.fr\/ecoledecourdemanche\/wp-content\/uploads\/sites\/931\/2023\/04\/Innovatheque-action-10024-29042023-11-27-59.pdf\" type=\"application\/pdf\" style=\"width:100%;height:600px\" aria-label=\"Contenu embarqu\u00e9 Innovatheque-action-10024-29042023-11-27-59.\"><\/object><a id=\"wp-block-file--media-c408102d-f81f-47e8-a3ad-c3d9278f25dd\" href=\"https:\/\/passerelle2.ac-nantes.fr\/ecoledecourdemanche\/wp-content\/uploads\/sites\/931\/2023\/04\/Innovatheque-action-10024-29042023-11-27-59.pdf\">Innovatheque-action-10024-29042023-11-27-59<\/a><a href=\"https:\/\/passerelle2.ac-nantes.fr\/ecoledecourdemanche\/wp-content\/uploads\/sites\/931\/2023\/04\/Innovatheque-action-10024-29042023-11-27-59.pdf\" class=\"wp-block-file__button wp-element-button\" download aria-describedby=\"wp-block-file--media-c408102d-f81f-47e8-a3ad-c3d9278f25dd\">T\u00e9l\u00e9charger<\/a><\/div>\n\n\n\n<div data-wp-interactive=\"core\/file\" class=\"wp-block-file\"><object data-wp-bind--hidden=\"!state.hasPdfPreview\" hidden class=\"wp-block-file__embed\" data=\"https:\/\/passerelle2.ac-nantes.fr\/ecoledecourdemanche\/wp-content\/uploads\/sites\/931\/2023\/04\/L_ecole-expensive.pdf\" type=\"application\/pdf\" style=\"width:100%;height:600px\" aria-label=\"Contenu embarqu\u00e9 L_ecole expensive.\"><\/object><a id=\"wp-block-file--media-f7107daf-fa56-4d9b-94d0-c35b9e02943d\" href=\"https:\/\/passerelle2.ac-nantes.fr\/ecoledecourdemanche\/wp-content\/uploads\/sites\/931\/2023\/04\/L_ecole-expensive.pdf\">L_ecole expensive<\/a><a href=\"https:\/\/passerelle2.ac-nantes.fr\/ecoledecourdemanche\/wp-content\/uploads\/sites\/931\/2023\/04\/L_ecole-expensive.pdf\" class=\"wp-block-file__button wp-element-button\" download aria-describedby=\"wp-block-file--media-f7107daf-fa56-4d9b-94d0-c35b9e02943d\">T\u00e9l\u00e9charger<\/a><\/div>\n\n\n\n<div data-wp-interactive=\"core\/file\" class=\"wp-block-file\"><object data-wp-bind--hidden=\"!state.hasPdfPreview\" hidden class=\"wp-block-file__embed\" data=\"https:\/\/passerelle2.ac-nantes.fr\/ecoledecourdemanche\/wp-content\/uploads\/sites\/931\/2022\/05\/Innovatheque-action-9196-28052022-16-45-05.pdf\" type=\"application\/pdf\" style=\"width:100%;height:600px\" aria-label=\"Contenu embarqu\u00e9 Innovatheque-action-9196-28052022-16-45-05.\"><\/object><a id=\"wp-block-file--media-543ed6df-81c9-4346-8a29-37227adba5d7\" href=\"https:\/\/passerelle2.ac-nantes.fr\/ecoledecourdemanche\/wp-content\/uploads\/sites\/931\/2022\/05\/Innovatheque-action-9196-28052022-16-45-05.pdf\">Innovatheque-action-9196-28052022-16-45-05<\/a><a href=\"https:\/\/passerelle2.ac-nantes.fr\/ecoledecourdemanche\/wp-content\/uploads\/sites\/931\/2022\/05\/Innovatheque-action-9196-28052022-16-45-05.pdf\" class=\"wp-block-file__button wp-element-button\" download aria-describedby=\"wp-block-file--media-543ed6df-81c9-4346-8a29-37227adba5d7\">T\u00e9l\u00e9charger<\/a><\/div>\n\n\n\n<p>D&rsquo;autres espaces pour \u00eatre heureux \u00e0 l&rsquo;\u00e9cole : de la classe flexible aux ext\u00e9rieurs<\/p>\n\n\n\n<figure class=\"wp-block-gallery has-nested-images columns-4 is-cropped wp-block-gallery-1 is-layout-flex wp-block-gallery-is-layout-flex\">\n<figure class=\"wp-block-image size-large\"><img loading=\"lazy\" decoding=\"async\" width=\"555\" height=\"600\" data-id=\"330\" src=\"https:\/\/passerelle2.ac-nantes.fr\/ecoledecourdemanche\/wp-content\/uploads\/sites\/931\/2022\/06\/556-2.jpg\" alt=\"\" class=\"wp-image-330\" srcset=\"https:\/\/passerelle2.ac-nantes.fr\/ecoledecourdemanche\/wp-content\/uploads\/sites\/931\/2022\/06\/556-2.jpg 555w, https:\/\/passerelle2.ac-nantes.fr\/ecoledecourdemanche\/wp-content\/uploads\/sites\/931\/2022\/06\/556-2-278x300.jpg 278w, https:\/\/passerelle2.ac-nantes.fr\/ecoledecourdemanche\/wp-content\/uploads\/sites\/931\/2022\/06\/556-2-250x270.jpg 250w\" sizes=\"auto, (max-width: 555px) 100vw, 555px\" \/><\/figure>\n\n\n\n<figure class=\"wp-block-image size-large\"><img loading=\"lazy\" decoding=\"async\" width=\"591\" height=\"600\" data-id=\"328\" src=\"https:\/\/passerelle2.ac-nantes.fr\/ecoledecourdemanche\/wp-content\/uploads\/sites\/931\/2022\/06\/55-2-1.jpg\" alt=\"\" class=\"wp-image-328\" srcset=\"https:\/\/passerelle2.ac-nantes.fr\/ecoledecourdemanche\/wp-content\/uploads\/sites\/931\/2022\/06\/55-2-1.jpg 591w, https:\/\/passerelle2.ac-nantes.fr\/ecoledecourdemanche\/wp-content\/uploads\/sites\/931\/2022\/06\/55-2-1-296x300.jpg 296w, https:\/\/passerelle2.ac-nantes.fr\/ecoledecourdemanche\/wp-content\/uploads\/sites\/931\/2022\/06\/55-2-1-266x270.jpg 266w\" sizes=\"auto, (max-width: 591px) 100vw, 591px\" \/><\/figure>\n\n\n\n<figure class=\"wp-block-image size-large\"><img loading=\"lazy\" decoding=\"async\" width=\"724\" height=\"600\" data-id=\"329\" src=\"https:\/\/passerelle2.ac-nantes.fr\/ecoledecourdemanche\/wp-content\/uploads\/sites\/931\/2022\/06\/47-2.jpg\" alt=\"\" class=\"wp-image-329\" srcset=\"https:\/\/passerelle2.ac-nantes.fr\/ecoledecourdemanche\/wp-content\/uploads\/sites\/931\/2022\/06\/47-2.jpg 724w, https:\/\/passerelle2.ac-nantes.fr\/ecoledecourdemanche\/wp-content\/uploads\/sites\/931\/2022\/06\/47-2-300x249.jpg 300w, https:\/\/passerelle2.ac-nantes.fr\/ecoledecourdemanche\/wp-content\/uploads\/sites\/931\/2022\/06\/47-2-326x270.jpg 326w\" sizes=\"auto, (max-width: 724px) 100vw, 724px\" \/><\/figure>\n\n\n\n<figure class=\"wp-block-image size-large\"><img loading=\"lazy\" decoding=\"async\" width=\"758\" height=\"600\" data-id=\"335\" src=\"https:\/\/passerelle2.ac-nantes.fr\/ecoledecourdemanche\/wp-content\/uploads\/sites\/931\/2022\/06\/487-2-1.jpg\" alt=\"\" class=\"wp-image-335\" srcset=\"https:\/\/passerelle2.ac-nantes.fr\/ecoledecourdemanche\/wp-content\/uploads\/sites\/931\/2022\/06\/487-2-1.jpg 758w, https:\/\/passerelle2.ac-nantes.fr\/ecoledecourdemanche\/wp-content\/uploads\/sites\/931\/2022\/06\/487-2-1-300x237.jpg 300w, https:\/\/passerelle2.ac-nantes.fr\/ecoledecourdemanche\/wp-content\/uploads\/sites\/931\/2022\/06\/487-2-1-341x270.jpg 341w\" sizes=\"auto, (max-width: 758px) 100vw, 758px\" \/><\/figure>\n<\/figure>\n\n\n\n<p><\/p>\n\n\n\n<p class=\"has-text-align-center\"><strong>La discipline positive en classe<\/strong><\/p>\n\n\n\n<div data-wp-interactive=\"core\/file\" class=\"wp-block-file\"><object data-wp-bind--hidden=\"!state.hasPdfPreview\" hidden class=\"wp-block-file__embed\" data=\"https:\/\/passerelle2.ac-nantes.fr\/ecoledecourdemanche\/wp-content\/uploads\/sites\/931\/2022\/05\/Innovatheque-action-8909-28052022-16-41-55.pdf\" type=\"application\/pdf\" style=\"width:100%;height:600px\" aria-label=\"Contenu embarqu\u00e9 Innovatheque-action-8909-28052022-16-41-55.\"><\/object><a id=\"wp-block-file--media-d6df7ea1-332e-407b-b1d6-0fa45da52aaf\" href=\"https:\/\/passerelle2.ac-nantes.fr\/ecoledecourdemanche\/wp-content\/uploads\/sites\/931\/2022\/05\/Innovatheque-action-8909-28052022-16-41-55.pdf\">Innovatheque-action-8909-28052022-16-41-55<\/a><a href=\"https:\/\/passerelle2.ac-nantes.fr\/ecoledecourdemanche\/wp-content\/uploads\/sites\/931\/2022\/05\/Innovatheque-action-8909-28052022-16-41-55.pdf\" class=\"wp-block-file__button wp-element-button\" download aria-describedby=\"wp-block-file--media-d6df7ea1-332e-407b-b1d6-0fa45da52aaf\">T\u00e9l\u00e9charger<\/a><\/div>\n\n\n\n<p><\/p>\n\n\n\n<p class=\"has-text-align-center\"><strong>La classe Harry Potter<\/strong><\/p>\n\n\n\n<iframe loading=\"lazy\" title=\"Classe Harry Potter\" width=\"560\" height=\"315\" src=\"https:\/\/tube-maternelle.apps.education.fr\/videos\/embed\/56b44f0e-21cd-4d16-9c3d-7fa1524789ef\" frameborder=\"0\" allowfullscreen=\"\" sandbox=\"allow-same-origin allow-scripts allow-popups\"><\/iframe>\n\n\n\n<div data-wp-interactive=\"core\/file\" class=\"wp-block-file\"><object data-wp-bind--hidden=\"!state.hasPdfPreview\" hidden class=\"wp-block-file__embed\" data=\"https:\/\/passerelle2.ac-nantes.fr\/ecoledecourdemanche\/wp-content\/uploads\/sites\/931\/2022\/05\/Innovatheque-action-8016-28052022-16-39-44.pdf\" type=\"application\/pdf\" style=\"width:100%;height:600px\" aria-label=\"Contenu embarqu\u00e9 Innovatheque-action-8016-28052022-16-39-44.\"><\/object><a id=\"wp-block-file--media-5f18d1f6-94a5-49cc-8576-cb4df0d9349f\" href=\"https:\/\/passerelle2.ac-nantes.fr\/ecoledecourdemanche\/wp-content\/uploads\/sites\/931\/2022\/05\/Innovatheque-action-8016-28052022-16-39-44.pdf\">Innovatheque-action-8016-28052022-16-39-44<\/a><a href=\"https:\/\/passerelle2.ac-nantes.fr\/ecoledecourdemanche\/wp-content\/uploads\/sites\/931\/2022\/05\/Innovatheque-action-8016-28052022-16-39-44.pdf\" class=\"wp-block-file__button wp-element-button\" download aria-describedby=\"wp-block-file--media-5f18d1f6-94a5-49cc-8576-cb4df0d9349f\">T\u00e9l\u00e9charger<\/a><\/div>\n<\/div><\/div>\n\n\n\n<iframe name=\"Ausha Podcast Player\" frameborder=\"0\" loading=\"lazy\" id=\"ausha-Mcj8\" height=\"220\" style=\"border: none; width:100%; height:220px\" src=\"https:\/\/player.ausha.co\/?podcastId=ypaa2IE6gW4b&#038;v=3&#038;playerId=ausha-Mcj8\"><\/iframe><script src=\"https:\/\/player.ausha.co\/ausha-player.js\"><\/script>\n\n\n\n<iframe name=\"Ausha Podcast Player\" frameborder=\"0\" loading=\"lazy\" id=\"ausha-z8q7\" height=\"220\" style=\"border: none; width:100%; height:220px\" src=\"https:\/\/player.ausha.co\/?podcastId=yXMMjfYmOxRO&#038;playlist=false&#038;color=%2372238e&#038;v=3&#038;playerId=ausha-z8q7\"><\/iframe><script src=\"https:\/\/player.ausha.co\/ausha-player.js\"><\/script>\n\n\n\n<iframe name=\"Ausha Podcast Player\" frameborder=\"0\" loading=\"lazy\" id=\"ausha-T2uP\" height=\"220\" style=\"border: none; width:100%; height:220px\" src=\"https:\/\/player.ausha.co\/?podcastId=BDOOlHYlvM04&#038;playlist=false&#038;color=%2372238e&#038;v=3&#038;playerId=ausha-T2uP\"><\/iframe><script src=\"https:\/\/player.ausha.co\/ausha-player.js\"><\/script>\n","protected":false},"excerpt":{"rendered":"<p>Bienvenu dans la classe d&rsquo;Elodie Mirow. Les \u00e9l\u00e8ves sont accompagn\u00e9s par une ATSEM \u00e0 50%. Ils \u00e9voluent dans un espace adapt\u00e9 aux besoins de chacun. L&rsquo;\u00e9cole expansive D&rsquo;autres espaces pour \u00eatre heureux \u00e0 l&rsquo;\u00e9cole : de la classe flexible aux ext\u00e9rieurs La discipline positive en classe La classe Harry Potter<\/p>\n","protected":false},"author":10366,"featured_media":0,"parent":0,"menu_order":0,"comment_status":"closed","ping_status":"closed","template":"","meta":{"ngg_post_thumbnail":0,"h5ap_radio_sources":[],"footnotes":""},"folder":[],"class_list":["post-744","page","type-page","status-publish","hentry"],"_links":{"self":[{"href":"https:\/\/passerelle2.ac-nantes.fr\/ecoledecourdemanche\/wp-json\/wp\/v2\/pages\/744","targetHints":{"allow":["GET"]}}],"collection":[{"href":"https:\/\/passerelle2.ac-nantes.fr\/ecoledecourdemanche\/wp-json\/wp\/v2\/pages"}],"about":[{"href":"https:\/\/passerelle2.ac-nantes.fr\/ecoledecourdemanche\/wp-json\/wp\/v2\/types\/page"}],"author":[{"embeddable":true,"href":"https:\/\/passerelle2.ac-nantes.fr\/ecoledecourdemanche\/wp-json\/wp\/v2\/users\/10366"}],"replies":[{"embeddable":true,"href":"https:\/\/passerelle2.ac-nantes.fr\/ecoledecourdemanche\/wp-json\/wp\/v2\/comments?post=744"}],"version-history":[{"count":0,"href":"https:\/\/passerelle2.ac-nantes.fr\/ecoledecourdemanche\/wp-json\/wp\/v2\/pages\/744\/revisions"}],"wp:attachment":[{"href":"https:\/\/passerelle2.ac-nantes.fr\/ecoledecourdemanche\/wp-json\/wp\/v2\/media?parent=744"}],"wp:term":[{"taxonomy":"folder","embeddable":true,"href":"https:\/\/passerelle2.ac-nantes.fr\/ecoledecourdemanche\/wp-json\/wp\/v2\/folder?post=744"}],"curies":[{"name":"wp","href":"https:\/\/api.w.org\/{rel}","templated":true}]}}