
{"id":940,"date":"2024-12-10T11:14:38","date_gmt":"2024-12-10T10:14:38","guid":{"rendered":"https:\/\/passerelle2.ac-nantes.fr\/ecoledecourdemanche\/?page_id=940"},"modified":"2025-02-19T13:03:43","modified_gmt":"2025-02-19T12:03:43","slug":"palmares-2024-2025","status":"publish","type":"page","link":"https:\/\/passerelle2.ac-nantes.fr\/ecoledecourdemanche\/palmares-2024-2025\/","title":{"rendered":"Palmar\u00e8s 2024\/2025"},"content":{"rendered":"\n<p><strong>R\u00e9compens\u00e9 par le prix du Maine Libre :<\/strong><\/p>\n\n\n\n<p><a href=\"https:\/\/www.ouest-france.fr\/pays-de-la-loire\/talents-de-la-sarthe\/talents-de-la-sarthe-2024-decouvrez-le-palmares-de-lannee-e72c36ea-da2c-11ef-938b-906ad6a94e5c\">https:\/\/www.ouest-france.fr\/pays-de-la-loire\/talents-de-la-sarthe\/talents-de-la-sarthe-2024-decouvrez-le-palmares-de-lannee-e72c36ea-da2c-11ef-938b-906ad6a94e5c<\/a><\/p>\n\n\n\n<figure class=\"wp-block-image\"><img loading=\"lazy\" decoding=\"async\" width=\"630\" height=\"354\" src=\"https:\/\/passerelle2.ac-nantes.fr\/ecoledecourdemanche\/wp-content\/uploads\/sites\/931\/2025\/02\/image.jpg\" alt=\"\" class=\"wp-image-1008\" srcset=\"https:\/\/passerelle2.ac-nantes.fr\/ecoledecourdemanche\/wp-content\/uploads\/sites\/931\/2025\/02\/image.jpg 630w, https:\/\/passerelle2.ac-nantes.fr\/ecoledecourdemanche\/wp-content\/uploads\/sites\/931\/2025\/02\/image-300x169.jpg 300w, https:\/\/passerelle2.ac-nantes.fr\/ecoledecourdemanche\/wp-content\/uploads\/sites\/931\/2025\/02\/image-481x270.jpg 481w\" sizes=\"auto, (max-width: 630px) 100vw, 630px\" \/><\/figure>\n\n\n\n<h2 class=\"wp-block-heading\" id=\"section-35-initiative-jeunesse\">Initiative jeunesse<\/h2>\n\n\n\n<p>Il n\u2019y a pas d\u2019\u00e2ge pour faire briller le d\u00e9partement. Ni pour r\u00e9fl\u00e9chir aux enjeux de soci\u00e9t\u00e9. Les laur\u00e9ats&nbsp;<a href=\"https:\/\/www.ouest-france.fr\/pays-de-la-loire\/talents-de-la-sarthe\/talents-de-la-sarthe-categorie-initiative-jeunesse-decouvrez-les-candidats-et-votez-fcf77c38-bedd-11ef-8528-99da018b8f86\" target=\"_blank\" rel=\"noreferrer noopener\">de la cat\u00e9gorie Initiative jeunesse<\/a>&nbsp;sont les \u00e9l\u00e8ves de la classe de grande section et CP de Courdemanche qui ont planch\u00e9, avec leur enseignante \u00c9lodie Mirow, sur l\u2019intelligence artificielle. Ensemble, ils ont travaill\u00e9 sur un concept de b\u00e9b\u00e9 intelligence artificielle et en ont tir\u00e9 plusieurs le\u00e7ons, notamment sur la fiabilit\u00e9 de cette technologie. Cette exp\u00e9rience leur a permis de d\u00e9velopper leur esprit critique, leur cr\u00e9ativit\u00e9 et leur ouverture sur le monde num\u00e9rique.<\/p>\n\n\n\n<figure class=\"wp-block-image\"><img decoding=\"async\" src=\"https:\/\/media.ouest-france.fr\/v1\/pictures\/MjAyNTAxNzU4Njk1MjM4ZGYyM2U0ZjUyZDU2M2MzMmUzZjcxNzE?width=630&amp;focuspoint=50%2C25&amp;cropresize=1&amp;client_id=bpeditorial&amp;sign=9345d60c16d3dbc51592e218e7371d9c0003fb2887e621dd51283cc91075b2a8\" alt=\"\" title=\"Les GS et CP de l\u2019\u00e9cole de Courdemanche, initiative jeunesse 2024.\"\/><figcaption class=\"wp-element-caption\">Les GS et CP de l\u2019\u00e9cole de Courdemanche, initiative jeunesse 2024. | LE MAINE LIBRE \u2013 XAVIER SARRAT<\/figcaption><\/figure>\n\n\n\n<p><q>\u00a0C\u2019est une chouette r\u00e9compense et une concr\u00e9tisation du travail de toute une classe. Valoriser le travail de l\u2019intelligence artificielle d\u00e8s le plus jeune \u00e2ge n\u2019est pas encore quelque chose de connu, c\u2019est tr\u00e8s important\u00a0<\/q>, annon\u00e7ait Elodie, institutrice, avec \u00e0 ses c\u00f4t\u00e9s, deux \u00e9l\u00e8ves, Kathleen et El\u00e9onore.<\/p>\n\n\n\n<iframe loading=\"lazy\" title=\"prix sarthe talent\" width=\"560\" height=\"315\" src=\"https:\/\/tube-maternelle.apps.education.fr\/videos\/embed\/3954f8f9-602c-498e-9d6f-55406e9da4a2\" frameborder=\"0\" allowfullscreen=\"\" sandbox=\"allow-same-origin allow-scripts allow-popups allow-forms\"><\/iframe>\n\n\n\n<figure class=\"wp-block-embed\"><div class=\"wp-block-embed__wrapper\">\nhttps:\/\/tube-maternelle.apps.education.fr\/videos\/embed\/3954f8f9-602c-498e-9d6f-55406e9da4a2\n<\/div><\/figure>\n\n\n\n<figure class=\"wp-block-embed\"><div class=\"wp-block-embed__wrapper\">\nhttps:\/\/tube-maternelle.apps.education.fr\/videos\/embed\/3954f8f9-602c-498e-9d6f-55406e9da4a2\n<\/div><\/figure>\n\n\n\n<p><\/p>\n\n\n\n<p><strong>Concours<\/strong> <a href=\"https:\/\/2surset.fr\/realisations\/\">2surset<\/a> : 2\u00e8me et 10 \u00e8me places avec les productions sur la mer <\/p>\n\n\n\n<p>lot : 150 set de table offert <\/p>\n\n\n\n<p><\/p>\n","protected":false},"excerpt":{"rendered":"<p>R\u00e9compens\u00e9 par le prix du Maine Libre : https:\/\/www.ouest-france.fr\/pays-de-la-loire\/talents-de-la-sarthe\/talents-de-la-sarthe-2024-decouvrez-le-palmares-de-lannee-e72c36ea-da2c-11ef-938b-906ad6a94e5c Initiative jeunesse Il n\u2019y a pas d\u2019\u00e2ge pour faire briller le d\u00e9partement. Ni pour r\u00e9fl\u00e9chir aux enjeux de soci\u00e9t\u00e9. Les laur\u00e9ats&nbsp;de la cat\u00e9gorie Initiative jeunesse&nbsp;sont les \u00e9l\u00e8ves de la classe de grande section et CP de Courdemanche qui ont planch\u00e9, avec leur enseignante \u00c9lodie Mirow, sur l\u2019intelligence artificielle. Ensemble, ils ont travaill\u00e9 sur un concept de b\u00e9b\u00e9 intelligence artificielle et en ont tir\u00e9 plusieurs le\u00e7ons, notamment sur la fiabilit\u00e9 de cette&#8230;<\/p>\n<p class=\"read-more\"><a class=\"btn btn-default\" href=\"https:\/\/passerelle2.ac-nantes.fr\/ecoledecourdemanche\/palmares-2024-2025\/\">Lire la suite<span class=\"screen-reader-text\"> Lire la suite<\/span><\/a><\/p>\n","protected":false},"author":10366,"featured_media":0,"parent":0,"menu_order":0,"comment_status":"closed","ping_status":"closed","template":"","meta":{"ngg_post_thumbnail":0,"h5ap_radio_sources":[],"footnotes":""},"folder":[],"class_list":["post-940","page","type-page","status-publish","hentry"],"_links":{"self":[{"href":"https:\/\/passerelle2.ac-nantes.fr\/ecoledecourdemanche\/wp-json\/wp\/v2\/pages\/940","targetHints":{"allow":["GET"]}}],"collection":[{"href":"https:\/\/passerelle2.ac-nantes.fr\/ecoledecourdemanche\/wp-json\/wp\/v2\/pages"}],"about":[{"href":"https:\/\/passerelle2.ac-nantes.fr\/ecoledecourdemanche\/wp-json\/wp\/v2\/types\/page"}],"author":[{"embeddable":true,"href":"https:\/\/passerelle2.ac-nantes.fr\/ecoledecourdemanche\/wp-json\/wp\/v2\/users\/10366"}],"replies":[{"embeddable":true,"href":"https:\/\/passerelle2.ac-nantes.fr\/ecoledecourdemanche\/wp-json\/wp\/v2\/comments?post=940"}],"version-history":[{"count":0,"href":"https:\/\/passerelle2.ac-nantes.fr\/ecoledecourdemanche\/wp-json\/wp\/v2\/pages\/940\/revisions"}],"wp:attachment":[{"href":"https:\/\/passerelle2.ac-nantes.fr\/ecoledecourdemanche\/wp-json\/wp\/v2\/media?parent=940"}],"wp:term":[{"taxonomy":"folder","embeddable":true,"href":"https:\/\/passerelle2.ac-nantes.fr\/ecoledecourdemanche\/wp-json\/wp\/v2\/folder?post=940"}],"curies":[{"name":"wp","href":"https:\/\/api.w.org\/{rel}","templated":true}]}}