
{"id":941,"date":"2024-12-10T11:14:38","date_gmt":"2024-12-10T10:14:38","guid":{"rendered":"https:\/\/passerelle2.ac-nantes.fr\/ecoledecourdemanche\/?page_id=941"},"modified":"2024-12-13T12:04:46","modified_gmt":"2024-12-13T11:04:46","slug":"2024-2025","status":"publish","type":"page","link":"https:\/\/passerelle2.ac-nantes.fr\/ecoledecourdemanche\/2024-2025\/","title":{"rendered":"2024\/2025"},"content":{"rendered":"\n<div data-wp-interactive=\"core\/file\" class=\"wp-block-file\"><object data-wp-bind--hidden=\"!state.hasPdfPreview\" hidden class=\"wp-block-file__embed\" data=\"https:\/\/passerelle2.ac-nantes.fr\/ecoledecourdemanche\/wp-content\/uploads\/sites\/931\/2024\/12\/seleazar.pdf\" type=\"application\/pdf\" style=\"width:100%;height:600px\" aria-label=\"Contenu embarqu\u00e9 s\u00e9l\u00e9azar.\"><\/object><a id=\"wp-block-file--media-d1fc3086-03f1-43bd-8feb-2fe47d8282a5\" href=\"https:\/\/passerelle2.ac-nantes.fr\/ecoledecourdemanche\/wp-content\/uploads\/sites\/931\/2024\/12\/seleazar.pdf\">s\u00e9l\u00e9azar<\/a><a href=\"https:\/\/passerelle2.ac-nantes.fr\/ecoledecourdemanche\/wp-content\/uploads\/sites\/931\/2024\/12\/seleazar.pdf\" class=\"wp-block-file__button wp-element-button\" download aria-describedby=\"wp-block-file--media-d1fc3086-03f1-43bd-8feb-2fe47d8282a5\">T\u00e9l\u00e9charger<\/a><\/div>\n\n\n\n<figure class=\"wp-block-gallery has-nested-images columns-default is-cropped wp-block-gallery-1 is-layout-flex wp-block-gallery-is-layout-flex\">\n<figure class=\"wp-block-image size-large\"><img loading=\"lazy\" decoding=\"async\" width=\"801\" height=\"600\" data-id=\"954\" src=\"https:\/\/passerelle2.ac-nantes.fr\/ecoledecourdemanche\/wp-content\/uploads\/sites\/931\/2024\/12\/1734086168213.jpg\" alt=\"\" class=\"wp-image-954\" srcset=\"https:\/\/passerelle2.ac-nantes.fr\/ecoledecourdemanche\/wp-content\/uploads\/sites\/931\/2024\/12\/1734086168213.jpg 801w, https:\/\/passerelle2.ac-nantes.fr\/ecoledecourdemanche\/wp-content\/uploads\/sites\/931\/2024\/12\/1734086168213-300x225.jpg 300w, https:\/\/passerelle2.ac-nantes.fr\/ecoledecourdemanche\/wp-content\/uploads\/sites\/931\/2024\/12\/1734086168213-768x575.jpg 768w, https:\/\/passerelle2.ac-nantes.fr\/ecoledecourdemanche\/wp-content\/uploads\/sites\/931\/2024\/12\/1734086168213-360x270.jpg 360w\" sizes=\"auto, (max-width: 801px) 100vw, 801px\" \/><\/figure>\n\n\n\n<figure class=\"wp-block-image size-large\"><img loading=\"lazy\" decoding=\"async\" width=\"800\" height=\"600\" data-id=\"956\" src=\"https:\/\/passerelle2.ac-nantes.fr\/ecoledecourdemanche\/wp-content\/uploads\/sites\/931\/2024\/12\/1734086168264.jpg\" alt=\"\" class=\"wp-image-956\" srcset=\"https:\/\/passerelle2.ac-nantes.fr\/ecoledecourdemanche\/wp-content\/uploads\/sites\/931\/2024\/12\/1734086168264.jpg 800w, https:\/\/passerelle2.ac-nantes.fr\/ecoledecourdemanche\/wp-content\/uploads\/sites\/931\/2024\/12\/1734086168264-300x225.jpg 300w, https:\/\/passerelle2.ac-nantes.fr\/ecoledecourdemanche\/wp-content\/uploads\/sites\/931\/2024\/12\/1734086168264-768x576.jpg 768w, https:\/\/passerelle2.ac-nantes.fr\/ecoledecourdemanche\/wp-content\/uploads\/sites\/931\/2024\/12\/1734086168264-360x270.jpg 360w\" sizes=\"auto, (max-width: 800px) 100vw, 800px\" \/><\/figure>\n\n\n\n<figure class=\"wp-block-image size-large\"><img loading=\"lazy\" decoding=\"async\" width=\"801\" height=\"600\" data-id=\"957\" src=\"https:\/\/passerelle2.ac-nantes.fr\/ecoledecourdemanche\/wp-content\/uploads\/sites\/931\/2024\/12\/1734086168229.jpg\" alt=\"\" class=\"wp-image-957\" srcset=\"https:\/\/passerelle2.ac-nantes.fr\/ecoledecourdemanche\/wp-content\/uploads\/sites\/931\/2024\/12\/1734086168229.jpg 801w, https:\/\/passerelle2.ac-nantes.fr\/ecoledecourdemanche\/wp-content\/uploads\/sites\/931\/2024\/12\/1734086168229-300x225.jpg 300w, https:\/\/passerelle2.ac-nantes.fr\/ecoledecourdemanche\/wp-content\/uploads\/sites\/931\/2024\/12\/1734086168229-768x575.jpg 768w, https:\/\/passerelle2.ac-nantes.fr\/ecoledecourdemanche\/wp-content\/uploads\/sites\/931\/2024\/12\/1734086168229-360x270.jpg 360w\" sizes=\"auto, (max-width: 801px) 100vw, 801px\" \/><\/figure>\n\n\n\n<figure class=\"wp-block-image size-large\"><img loading=\"lazy\" decoding=\"async\" width=\"800\" height=\"600\" data-id=\"955\" src=\"https:\/\/passerelle2.ac-nantes.fr\/ecoledecourdemanche\/wp-content\/uploads\/sites\/931\/2024\/12\/1734086168246.jpg\" alt=\"\" class=\"wp-image-955\" srcset=\"https:\/\/passerelle2.ac-nantes.fr\/ecoledecourdemanche\/wp-content\/uploads\/sites\/931\/2024\/12\/1734086168246.jpg 800w, https:\/\/passerelle2.ac-nantes.fr\/ecoledecourdemanche\/wp-content\/uploads\/sites\/931\/2024\/12\/1734086168246-300x225.jpg 300w, https:\/\/passerelle2.ac-nantes.fr\/ecoledecourdemanche\/wp-content\/uploads\/sites\/931\/2024\/12\/1734086168246-768x576.jpg 768w, https:\/\/passerelle2.ac-nantes.fr\/ecoledecourdemanche\/wp-content\/uploads\/sites\/931\/2024\/12\/1734086168246-360x270.jpg 360w\" sizes=\"auto, (max-width: 800px) 100vw, 800px\" \/><\/figure>\n\n\n\n<figure class=\"wp-block-image size-large\"><img loading=\"lazy\" decoding=\"async\" width=\"600\" height=\"600\" data-id=\"958\" src=\"https:\/\/passerelle2.ac-nantes.fr\/ecoledecourdemanche\/wp-content\/uploads\/sites\/931\/2024\/12\/Arbre-dautomne-a-lencre_ART_1.jpg\" alt=\"\" class=\"wp-image-958\" srcset=\"https:\/\/passerelle2.ac-nantes.fr\/ecoledecourdemanche\/wp-content\/uploads\/sites\/931\/2024\/12\/Arbre-dautomne-a-lencre_ART_1.jpg 600w, https:\/\/passerelle2.ac-nantes.fr\/ecoledecourdemanche\/wp-content\/uploads\/sites\/931\/2024\/12\/Arbre-dautomne-a-lencre_ART_1-300x300.jpg 300w, https:\/\/passerelle2.ac-nantes.fr\/ecoledecourdemanche\/wp-content\/uploads\/sites\/931\/2024\/12\/Arbre-dautomne-a-lencre_ART_1-150x150.jpg 150w, https:\/\/passerelle2.ac-nantes.fr\/ecoledecourdemanche\/wp-content\/uploads\/sites\/931\/2024\/12\/Arbre-dautomne-a-lencre_ART_1-270x270.jpg 270w\" sizes=\"auto, (max-width: 600px) 100vw, 600px\" \/><\/figure>\n<\/figure>\n\n\n\n<figure class=\"wp-block-gallery has-nested-images columns-default is-cropped wp-block-gallery-2 is-layout-flex wp-block-gallery-is-layout-flex\">\n<figure class=\"wp-block-image size-large\"><img loading=\"lazy\" decoding=\"async\" width=\"600\" height=\"600\" data-id=\"959\" src=\"https:\/\/passerelle2.ac-nantes.fr\/ecoledecourdemanche\/wp-content\/uploads\/sites\/931\/2024\/12\/Bonnet-graphique_FA_MATERNELLES_7.jpg\" alt=\"\" class=\"wp-image-959\" srcset=\"https:\/\/passerelle2.ac-nantes.fr\/ecoledecourdemanche\/wp-content\/uploads\/sites\/931\/2024\/12\/Bonnet-graphique_FA_MATERNELLES_7.jpg 600w, https:\/\/passerelle2.ac-nantes.fr\/ecoledecourdemanche\/wp-content\/uploads\/sites\/931\/2024\/12\/Bonnet-graphique_FA_MATERNELLES_7-300x300.jpg 300w, https:\/\/passerelle2.ac-nantes.fr\/ecoledecourdemanche\/wp-content\/uploads\/sites\/931\/2024\/12\/Bonnet-graphique_FA_MATERNELLES_7-150x150.jpg 150w, https:\/\/passerelle2.ac-nantes.fr\/ecoledecourdemanche\/wp-content\/uploads\/sites\/931\/2024\/12\/Bonnet-graphique_FA_MATERNELLES_7-270x270.jpg 270w\" sizes=\"auto, (max-width: 600px) 100vw, 600px\" \/><\/figure>\n\n\n\n<figure class=\"wp-block-image size-large\"><img loading=\"lazy\" decoding=\"async\" width=\"800\" height=\"600\" data-id=\"962\" src=\"https:\/\/passerelle2.ac-nantes.fr\/ecoledecourdemanche\/wp-content\/uploads\/sites\/931\/2024\/12\/Dinosaure-en-pointilles1.jpg\" alt=\"\" class=\"wp-image-962\" srcset=\"https:\/\/passerelle2.ac-nantes.fr\/ecoledecourdemanche\/wp-content\/uploads\/sites\/931\/2024\/12\/Dinosaure-en-pointilles1.jpg 800w, https:\/\/passerelle2.ac-nantes.fr\/ecoledecourdemanche\/wp-content\/uploads\/sites\/931\/2024\/12\/Dinosaure-en-pointilles1-300x225.jpg 300w, https:\/\/passerelle2.ac-nantes.fr\/ecoledecourdemanche\/wp-content\/uploads\/sites\/931\/2024\/12\/Dinosaure-en-pointilles1-768x576.jpg 768w, https:\/\/passerelle2.ac-nantes.fr\/ecoledecourdemanche\/wp-content\/uploads\/sites\/931\/2024\/12\/Dinosaure-en-pointilles1-360x270.jpg 360w\" sizes=\"auto, (max-width: 800px) 100vw, 800px\" \/><\/figure>\n\n\n\n<figure class=\"wp-block-image size-large\"><img loading=\"lazy\" decoding=\"async\" width=\"800\" height=\"600\" data-id=\"964\" src=\"https:\/\/passerelle2.ac-nantes.fr\/ecoledecourdemanche\/wp-content\/uploads\/sites\/931\/2024\/12\/des-mains-rupestres-3.jpg\" alt=\"\" class=\"wp-image-964\" srcset=\"https:\/\/passerelle2.ac-nantes.fr\/ecoledecourdemanche\/wp-content\/uploads\/sites\/931\/2024\/12\/des-mains-rupestres-3.jpg 800w, https:\/\/passerelle2.ac-nantes.fr\/ecoledecourdemanche\/wp-content\/uploads\/sites\/931\/2024\/12\/des-mains-rupestres-3-300x225.jpg 300w, https:\/\/passerelle2.ac-nantes.fr\/ecoledecourdemanche\/wp-content\/uploads\/sites\/931\/2024\/12\/des-mains-rupestres-3-768x576.jpg 768w, https:\/\/passerelle2.ac-nantes.fr\/ecoledecourdemanche\/wp-content\/uploads\/sites\/931\/2024\/12\/des-mains-rupestres-3-360x270.jpg 360w\" sizes=\"auto, (max-width: 800px) 100vw, 800px\" \/><\/figure>\n\n\n\n<figure class=\"wp-block-image size-large\"><img loading=\"lazy\" decoding=\"async\" width=\"800\" height=\"600\" data-id=\"960\" src=\"https:\/\/passerelle2.ac-nantes.fr\/ecoledecourdemanche\/wp-content\/uploads\/sites\/931\/2024\/12\/IMG_20241206_160048.jpg\" alt=\"\" class=\"wp-image-960\" srcset=\"https:\/\/passerelle2.ac-nantes.fr\/ecoledecourdemanche\/wp-content\/uploads\/sites\/931\/2024\/12\/IMG_20241206_160048.jpg 800w, https:\/\/passerelle2.ac-nantes.fr\/ecoledecourdemanche\/wp-content\/uploads\/sites\/931\/2024\/12\/IMG_20241206_160048-300x225.jpg 300w, https:\/\/passerelle2.ac-nantes.fr\/ecoledecourdemanche\/wp-content\/uploads\/sites\/931\/2024\/12\/IMG_20241206_160048-768x576.jpg 768w, https:\/\/passerelle2.ac-nantes.fr\/ecoledecourdemanche\/wp-content\/uploads\/sites\/931\/2024\/12\/IMG_20241206_160048-360x270.jpg 360w\" sizes=\"auto, (max-width: 800px) 100vw, 800px\" \/><\/figure>\n\n\n\n<figure class=\"wp-block-image size-large\"><img loading=\"lazy\" decoding=\"async\" width=\"800\" height=\"600\" data-id=\"961\" src=\"https:\/\/passerelle2.ac-nantes.fr\/ecoledecourdemanche\/wp-content\/uploads\/sites\/931\/2024\/12\/Herisson-dautomne3.jpg\" alt=\"\" class=\"wp-image-961\" srcset=\"https:\/\/passerelle2.ac-nantes.fr\/ecoledecourdemanche\/wp-content\/uploads\/sites\/931\/2024\/12\/Herisson-dautomne3.jpg 800w, https:\/\/passerelle2.ac-nantes.fr\/ecoledecourdemanche\/wp-content\/uploads\/sites\/931\/2024\/12\/Herisson-dautomne3-300x225.jpg 300w, https:\/\/passerelle2.ac-nantes.fr\/ecoledecourdemanche\/wp-content\/uploads\/sites\/931\/2024\/12\/Herisson-dautomne3-768x576.jpg 768w, https:\/\/passerelle2.ac-nantes.fr\/ecoledecourdemanche\/wp-content\/uploads\/sites\/931\/2024\/12\/Herisson-dautomne3-360x270.jpg 360w\" sizes=\"auto, (max-width: 800px) 100vw, 800px\" \/><\/figure>\n\n\n\n<figure class=\"wp-block-image size-large\"><img loading=\"lazy\" decoding=\"async\" width=\"800\" height=\"600\" data-id=\"963\" src=\"https:\/\/passerelle2.ac-nantes.fr\/ecoledecourdemanche\/wp-content\/uploads\/sites\/931\/2024\/12\/IMG_20241011_142005.jpg\" alt=\"\" class=\"wp-image-963\" srcset=\"https:\/\/passerelle2.ac-nantes.fr\/ecoledecourdemanche\/wp-content\/uploads\/sites\/931\/2024\/12\/IMG_20241011_142005.jpg 800w, https:\/\/passerelle2.ac-nantes.fr\/ecoledecourdemanche\/wp-content\/uploads\/sites\/931\/2024\/12\/IMG_20241011_142005-300x225.jpg 300w, https:\/\/passerelle2.ac-nantes.fr\/ecoledecourdemanche\/wp-content\/uploads\/sites\/931\/2024\/12\/IMG_20241011_142005-768x576.jpg 768w, https:\/\/passerelle2.ac-nantes.fr\/ecoledecourdemanche\/wp-content\/uploads\/sites\/931\/2024\/12\/IMG_20241011_142005-360x270.jpg 360w\" sizes=\"auto, (max-width: 800px) 100vw, 800px\" \/><\/figure>\n\n\n\n<figure class=\"wp-block-image size-large\"><img loading=\"lazy\" decoding=\"async\" width=\"600\" height=\"600\" data-id=\"965\" src=\"https:\/\/passerelle2.ac-nantes.fr\/ecoledecourdemanche\/wp-content\/uploads\/sites\/931\/2024\/12\/Pere-noel-en-bois_ART_2.jpg\" alt=\"\" class=\"wp-image-965\" srcset=\"https:\/\/passerelle2.ac-nantes.fr\/ecoledecourdemanche\/wp-content\/uploads\/sites\/931\/2024\/12\/Pere-noel-en-bois_ART_2.jpg 600w, https:\/\/passerelle2.ac-nantes.fr\/ecoledecourdemanche\/wp-content\/uploads\/sites\/931\/2024\/12\/Pere-noel-en-bois_ART_2-300x300.jpg 300w, https:\/\/passerelle2.ac-nantes.fr\/ecoledecourdemanche\/wp-content\/uploads\/sites\/931\/2024\/12\/Pere-noel-en-bois_ART_2-150x150.jpg 150w, https:\/\/passerelle2.ac-nantes.fr\/ecoledecourdemanche\/wp-content\/uploads\/sites\/931\/2024\/12\/Pere-noel-en-bois_ART_2-270x270.jpg 270w\" sizes=\"auto, (max-width: 600px) 100vw, 600px\" \/><\/figure>\n\n\n\n<figure class=\"wp-block-image size-full\"><img loading=\"lazy\" decoding=\"async\" width=\"450\" height=\"600\" data-id=\"967\" src=\"https:\/\/passerelle2.ac-nantes.fr\/ecoledecourdemanche\/wp-content\/uploads\/sites\/931\/2024\/12\/IMG_20241205_154853.jpg\" alt=\"\" class=\"wp-image-967\" srcset=\"https:\/\/passerelle2.ac-nantes.fr\/ecoledecourdemanche\/wp-content\/uploads\/sites\/931\/2024\/12\/IMG_20241205_154853.jpg 450w, https:\/\/passerelle2.ac-nantes.fr\/ecoledecourdemanche\/wp-content\/uploads\/sites\/931\/2024\/12\/IMG_20241205_154853-225x300.jpg 225w, https:\/\/passerelle2.ac-nantes.fr\/ecoledecourdemanche\/wp-content\/uploads\/sites\/931\/2024\/12\/IMG_20241205_154853-203x270.jpg 203w\" sizes=\"auto, (max-width: 450px) 100vw, 450px\" \/><\/figure>\n\n\n\n<figure class=\"wp-block-image size-large\"><img loading=\"lazy\" decoding=\"async\" width=\"600\" height=\"600\" data-id=\"966\" src=\"https:\/\/passerelle2.ac-nantes.fr\/ecoledecourdemanche\/wp-content\/uploads\/sites\/931\/2024\/12\/Sapin-de-Noel-en-bandes-de-papier_5.jpg\" alt=\"\" class=\"wp-image-966\" srcset=\"https:\/\/passerelle2.ac-nantes.fr\/ecoledecourdemanche\/wp-content\/uploads\/sites\/931\/2024\/12\/Sapin-de-Noel-en-bandes-de-papier_5.jpg 600w, https:\/\/passerelle2.ac-nantes.fr\/ecoledecourdemanche\/wp-content\/uploads\/sites\/931\/2024\/12\/Sapin-de-Noel-en-bandes-de-papier_5-300x300.jpg 300w, https:\/\/passerelle2.ac-nantes.fr\/ecoledecourdemanche\/wp-content\/uploads\/sites\/931\/2024\/12\/Sapin-de-Noel-en-bandes-de-papier_5-150x150.jpg 150w, https:\/\/passerelle2.ac-nantes.fr\/ecoledecourdemanche\/wp-content\/uploads\/sites\/931\/2024\/12\/Sapin-de-Noel-en-bandes-de-papier_5-270x270.jpg 270w\" sizes=\"auto, (max-width: 600px) 100vw, 600px\" \/><\/figure>\n\n\n\n<figure class=\"wp-block-image size-full\"><img loading=\"lazy\" decoding=\"async\" width=\"450\" height=\"600\" data-id=\"968\" src=\"https:\/\/passerelle2.ac-nantes.fr\/ecoledecourdemanche\/wp-content\/uploads\/sites\/931\/2024\/12\/IMG_20241121_140310.jpg\" alt=\"\" class=\"wp-image-968\" srcset=\"https:\/\/passerelle2.ac-nantes.fr\/ecoledecourdemanche\/wp-content\/uploads\/sites\/931\/2024\/12\/IMG_20241121_140310.jpg 450w, https:\/\/passerelle2.ac-nantes.fr\/ecoledecourdemanche\/wp-content\/uploads\/sites\/931\/2024\/12\/IMG_20241121_140310-225x300.jpg 225w, https:\/\/passerelle2.ac-nantes.fr\/ecoledecourdemanche\/wp-content\/uploads\/sites\/931\/2024\/12\/IMG_20241121_140310-203x270.jpg 203w\" sizes=\"auto, (max-width: 450px) 100vw, 450px\" \/><\/figure>\n\n\n\n<figure class=\"wp-block-image size-large\"><img loading=\"lazy\" decoding=\"async\" width=\"450\" height=\"600\" data-id=\"1004\" src=\"https:\/\/passerelle2.ac-nantes.fr\/ecoledecourdemanche\/wp-content\/uploads\/sites\/931\/2024\/12\/005.IMG20241108131416.jpg\" alt=\"\" class=\"wp-image-1004\" srcset=\"https:\/\/passerelle2.ac-nantes.fr\/ecoledecourdemanche\/wp-content\/uploads\/sites\/931\/2024\/12\/005.IMG20241108131416.jpg 450w, https:\/\/passerelle2.ac-nantes.fr\/ecoledecourdemanche\/wp-content\/uploads\/sites\/931\/2024\/12\/005.IMG20241108131416-225x300.jpg 225w, https:\/\/passerelle2.ac-nantes.fr\/ecoledecourdemanche\/wp-content\/uploads\/sites\/931\/2024\/12\/005.IMG20241108131416-203x270.jpg 203w\" sizes=\"auto, (max-width: 450px) 100vw, 450px\" \/><\/figure>\n\n\n\n<figure class=\"wp-block-image size-large\"><img loading=\"lazy\" decoding=\"async\" width=\"450\" height=\"600\" data-id=\"1001\" src=\"https:\/\/passerelle2.ac-nantes.fr\/ecoledecourdemanche\/wp-content\/uploads\/sites\/931\/2024\/12\/002.IMG20241014165324.jpg\" alt=\"\" class=\"wp-image-1001\" srcset=\"https:\/\/passerelle2.ac-nantes.fr\/ecoledecourdemanche\/wp-content\/uploads\/sites\/931\/2024\/12\/002.IMG20241014165324.jpg 450w, https:\/\/passerelle2.ac-nantes.fr\/ecoledecourdemanche\/wp-content\/uploads\/sites\/931\/2024\/12\/002.IMG20241014165324-225x300.jpg 225w, https:\/\/passerelle2.ac-nantes.fr\/ecoledecourdemanche\/wp-content\/uploads\/sites\/931\/2024\/12\/002.IMG20241014165324-203x270.jpg 203w\" sizes=\"auto, (max-width: 450px) 100vw, 450px\" \/><\/figure>\n\n\n\n<figure class=\"wp-block-image size-large\"><img loading=\"lazy\" decoding=\"async\" width=\"450\" height=\"600\" data-id=\"999\" src=\"https:\/\/passerelle2.ac-nantes.fr\/ecoledecourdemanche\/wp-content\/uploads\/sites\/931\/2024\/12\/029.IMG20241010141513.jpg\" alt=\"\" class=\"wp-image-999\" srcset=\"https:\/\/passerelle2.ac-nantes.fr\/ecoledecourdemanche\/wp-content\/uploads\/sites\/931\/2024\/12\/029.IMG20241010141513.jpg 450w, https:\/\/passerelle2.ac-nantes.fr\/ecoledecourdemanche\/wp-content\/uploads\/sites\/931\/2024\/12\/029.IMG20241010141513-225x300.jpg 225w, https:\/\/passerelle2.ac-nantes.fr\/ecoledecourdemanche\/wp-content\/uploads\/sites\/931\/2024\/12\/029.IMG20241010141513-203x270.jpg 203w\" sizes=\"auto, (max-width: 450px) 100vw, 450px\" \/><\/figure>\n\n\n\n<figure class=\"wp-block-image size-large\"><img loading=\"lazy\" decoding=\"async\" width=\"450\" height=\"600\" data-id=\"1000\" src=\"https:\/\/passerelle2.ac-nantes.fr\/ecoledecourdemanche\/wp-content\/uploads\/sites\/931\/2024\/12\/028.IMG20241010112725.jpg\" alt=\"\" class=\"wp-image-1000\" srcset=\"https:\/\/passerelle2.ac-nantes.fr\/ecoledecourdemanche\/wp-content\/uploads\/sites\/931\/2024\/12\/028.IMG20241010112725.jpg 450w, https:\/\/passerelle2.ac-nantes.fr\/ecoledecourdemanche\/wp-content\/uploads\/sites\/931\/2024\/12\/028.IMG20241010112725-225x300.jpg 225w, https:\/\/passerelle2.ac-nantes.fr\/ecoledecourdemanche\/wp-content\/uploads\/sites\/931\/2024\/12\/028.IMG20241010112725-203x270.jpg 203w\" sizes=\"auto, (max-width: 450px) 100vw, 450px\" \/><\/figure>\n\n\n\n<figure class=\"wp-block-image size-large\"><img loading=\"lazy\" decoding=\"async\" width=\"450\" height=\"600\" data-id=\"1003\" src=\"https:\/\/passerelle2.ac-nantes.fr\/ecoledecourdemanche\/wp-content\/uploads\/sites\/931\/2024\/12\/013.IMG20241010141522.jpg\" alt=\"\" class=\"wp-image-1003\" srcset=\"https:\/\/passerelle2.ac-nantes.fr\/ecoledecourdemanche\/wp-content\/uploads\/sites\/931\/2024\/12\/013.IMG20241010141522.jpg 450w, https:\/\/passerelle2.ac-nantes.fr\/ecoledecourdemanche\/wp-content\/uploads\/sites\/931\/2024\/12\/013.IMG20241010141522-225x300.jpg 225w, https:\/\/passerelle2.ac-nantes.fr\/ecoledecourdemanche\/wp-content\/uploads\/sites\/931\/2024\/12\/013.IMG20241010141522-203x270.jpg 203w\" sizes=\"auto, (max-width: 450px) 100vw, 450px\" \/><\/figure>\n\n\n\n<figure class=\"wp-block-image size-large\"><img loading=\"lazy\" decoding=\"async\" width=\"800\" height=\"600\" data-id=\"1002\" src=\"https:\/\/passerelle2.ac-nantes.fr\/ecoledecourdemanche\/wp-content\/uploads\/sites\/931\/2024\/12\/004.IMG20240924163755.jpg\" alt=\"\" class=\"wp-image-1002\" srcset=\"https:\/\/passerelle2.ac-nantes.fr\/ecoledecourdemanche\/wp-content\/uploads\/sites\/931\/2024\/12\/004.IMG20240924163755.jpg 800w, https:\/\/passerelle2.ac-nantes.fr\/ecoledecourdemanche\/wp-content\/uploads\/sites\/931\/2024\/12\/004.IMG20240924163755-300x225.jpg 300w, https:\/\/passerelle2.ac-nantes.fr\/ecoledecourdemanche\/wp-content\/uploads\/sites\/931\/2024\/12\/004.IMG20240924163755-768x576.jpg 768w, https:\/\/passerelle2.ac-nantes.fr\/ecoledecourdemanche\/wp-content\/uploads\/sites\/931\/2024\/12\/004.IMG20240924163755-360x270.jpg 360w\" sizes=\"auto, (max-width: 800px) 100vw, 800px\" \/><\/figure>\n<\/figure>\n","protected":false},"excerpt":{"rendered":"","protected":false},"author":10366,"featured_media":0,"parent":0,"menu_order":0,"comment_status":"closed","ping_status":"closed","template":"","meta":{"ngg_post_thumbnail":0,"h5ap_radio_sources":[],"footnotes":""},"folder":[],"class_list":["post-941","page","type-page","status-publish","hentry"],"_links":{"self":[{"href":"https:\/\/passerelle2.ac-nantes.fr\/ecoledecourdemanche\/wp-json\/wp\/v2\/pages\/941","targetHints":{"allow":["GET"]}}],"collection":[{"href":"https:\/\/passerelle2.ac-nantes.fr\/ecoledecourdemanche\/wp-json\/wp\/v2\/pages"}],"about":[{"href":"https:\/\/passerelle2.ac-nantes.fr\/ecoledecourdemanche\/wp-json\/wp\/v2\/types\/page"}],"author":[{"embeddable":true,"href":"https:\/\/passerelle2.ac-nantes.fr\/ecoledecourdemanche\/wp-json\/wp\/v2\/users\/10366"}],"replies":[{"embeddable":true,"href":"https:\/\/passerelle2.ac-nantes.fr\/ecoledecourdemanche\/wp-json\/wp\/v2\/comments?post=941"}],"version-history":[{"count":0,"href":"https:\/\/passerelle2.ac-nantes.fr\/ecoledecourdemanche\/wp-json\/wp\/v2\/pages\/941\/revisions"}],"wp:attachment":[{"href":"https:\/\/passerelle2.ac-nantes.fr\/ecoledecourdemanche\/wp-json\/wp\/v2\/media?parent=941"}],"wp:term":[{"taxonomy":"folder","embeddable":true,"href":"https:\/\/passerelle2.ac-nantes.fr\/ecoledecourdemanche\/wp-json\/wp\/v2\/folder?post=941"}],"curies":[{"name":"wp","href":"https:\/\/api.w.org\/{rel}","templated":true}]}}