
{"id":11,"date":"2016-11-08T21:29:40","date_gmt":"2016-11-08T21:29:40","guid":{"rendered":"https:\/\/passerelle2.ac-nantes.fr\/ecoledetresson\/?page_id=11"},"modified":"2024-08-21T14:22:47","modified_gmt":"2024-08-21T12:22:47","slug":"la-classe-ps-ms","status":"publish","type":"page","link":"https:\/\/passerelle2.ac-nantes.fr\/ecoledetresson\/la-classe-ps-ms\/","title":{"rendered":"La classe PS-MS"},"content":{"rendered":"<p>La classe PS-MS avec Val\u00e9rie Ciss\u00e9 et Oc\u00e9ane Pissot ( d\u00e9charge vendredi)<\/p>\n<p>&nbsp;<\/p>\n<p>&nbsp;&nbsp;&nbsp;&nbsp;&nbsp;&nbsp;&nbsp;&nbsp;&nbsp;&nbsp;&nbsp;&nbsp;&nbsp;&nbsp;&nbsp;&nbsp;&nbsp;&nbsp;&nbsp;&nbsp;&nbsp;&nbsp;&nbsp;&nbsp;&nbsp;&nbsp;&nbsp;&nbsp;&nbsp;&nbsp;&nbsp;<\/p>\n<p>&nbsp;<\/p>\n\n\n<h2 class=\"wp-block-heading\"><\/h2>\n\n\n\n<figure class=\"wp-block-image size-large\"><img decoding=\"async\" src=\"https:\/\/passerelle2.ac-nantes.fr\/ecoledetresson\/wp-content\/uploads\/sites\/577\/2020\/03\/IMG_20200214_150940_1-1.jpg\" alt=\"\" class=\"wp-image-1030\"\/><\/figure>\n","protected":false},"excerpt":{"rendered":"<p>La classe PS-MS avec Val\u00e9rie Ciss\u00e9 et Oc\u00e9ane Pissot ( d\u00e9charge vendredi) &nbsp; &nbsp;&nbsp;&nbsp;&nbsp;&nbsp;&nbsp;&nbsp;&nbsp;&nbsp;&nbsp;&nbsp;&nbsp;&nbsp;&nbsp;&nbsp;&nbsp;&nbsp;&nbsp;&nbsp;&nbsp;&nbsp;&nbsp;&nbsp;&nbsp;&nbsp;&nbsp;&nbsp;&nbsp;&nbsp;&nbsp;&nbsp; &nbsp;<\/p>\n","protected":false},"author":7500,"featured_media":0,"parent":0,"menu_order":0,"comment_status":"open","ping_status":"open","template":"","meta":{"ngg_post_thumbnail":0,"h5ap_radio_sources":[],"jetpack_post_was_ever_published":false,"footnotes":""},"folder":[],"class_list":["post-11","page","type-page","status-publish","hentry"],"jetpack_sharing_enabled":true,"jetpack_shortlink":"https:\/\/wp.me\/P8RNG4-b","_links":{"self":[{"href":"https:\/\/passerelle2.ac-nantes.fr\/ecoledetresson\/wp-json\/wp\/v2\/pages\/11","targetHints":{"allow":["GET"]}}],"collection":[{"href":"https:\/\/passerelle2.ac-nantes.fr\/ecoledetresson\/wp-json\/wp\/v2\/pages"}],"about":[{"href":"https:\/\/passerelle2.ac-nantes.fr\/ecoledetresson\/wp-json\/wp\/v2\/types\/page"}],"author":[{"embeddable":true,"href":"https:\/\/passerelle2.ac-nantes.fr\/ecoledetresson\/wp-json\/wp\/v2\/users\/7500"}],"replies":[{"embeddable":true,"href":"https:\/\/passerelle2.ac-nantes.fr\/ecoledetresson\/wp-json\/wp\/v2\/comments?post=11"}],"version-history":[{"count":0,"href":"https:\/\/passerelle2.ac-nantes.fr\/ecoledetresson\/wp-json\/wp\/v2\/pages\/11\/revisions"}],"wp:attachment":[{"href":"https:\/\/passerelle2.ac-nantes.fr\/ecoledetresson\/wp-json\/wp\/v2\/media?parent=11"}],"wp:term":[{"taxonomy":"folder","embeddable":true,"href":"https:\/\/passerelle2.ac-nantes.fr\/ecoledetresson\/wp-json\/wp\/v2\/folder?post=11"}],"curies":[{"name":"wp","href":"https:\/\/api.w.org\/{rel}","templated":true}]}}