
{"id":7,"date":"2016-11-08T21:28:25","date_gmt":"2016-11-08T21:28:25","guid":{"rendered":"https:\/\/passerelle2.ac-nantes.fr\/ecoledetresson\/?page_id=7"},"modified":"2025-11-11T16:00:19","modified_gmt":"2025-11-11T15:00:19","slug":"lecole","status":"publish","type":"page","link":"https:\/\/passerelle2.ac-nantes.fr\/ecoledetresson\/lecole\/","title":{"rendered":"L&rsquo;\u00e9cole"},"content":{"rendered":"\n<div class=\"wp-block-file\"><a href=\"https:\/\/passerelle2.ac-nantes.fr\/ecoledetresson\/wp-content\/uploads\/sites\/577\/2021\/11\/Proces-verbal-du-Conseil-dEcole-Novembre-2021-1.pdf\" class=\"wp-block-file__button wp-element-button\" download>T\u00e9l\u00e9charger<\/a><\/div>\n\n\n<p style=\"text-align: center;\"><span style=\"text-decoration: underline;\"><span style=\"color: #ff6600; text-decoration: underline;\">&nbsp;Coordonn\u00e9es:&nbsp;<\/span><\/span><\/p>\n<p style=\"text-align: center;\"><span style=\"color: #ff6600; font-family: comic sans ms, sans-serif;\">3 rue des lilas<\/span><\/p>\n<p style=\"text-align: center;\"><span style=\"color: #ff6600; font-family: comic sans ms, sans-serif;\">72440 Tresson<\/span><\/p>\n<p style=\"text-align: center;\"><span style=\"color: #ff6600; font-family: comic sans ms, sans-serif;\">02 43 35 71 16<\/span><\/p>\n<p style=\"text-align: center;\"><strong><span style=\"color: #ff6600;\">ce.0721004A@ac-nantes.fr<\/span><\/strong><\/p>\n<p style=\"text-align: left;\"><span style=\"text-decoration: underline;\"><span style=\"color: #333399; text-decoration: underline;\">Le RASED ( r\u00e9seau d&rsquo;aide sp\u00e9cialis\u00e9 aux \u00e9l\u00e8ves en difficult\u00e9s) : <br><\/span><\/span><\/p>\n<p><a href=\"https:\/\/passerelle2.ac-nantes.fr\/ecoledetresson\/wp-content\/uploads\/sites\/577\/2020\/11\/Plaquette-R\u00e9seau-Connerr\u00e9.pdf\">Plaquette R\u00e9seau Connerr\u00e9<\/a><\/p>\n<p><strong>Le service jeunesse : accueil p\u00e9riscolaire<\/strong><\/p>\n<p><a href=\"https:\/\/passerelle2.ac-nantes.fr\/ecoledetresson\/wp-content\/uploads\/sites\/577\/2021\/11\/Presentation-SEJ-Bouloire.pdf\">Pr\u00e9sentation SEJ Bouloire<\/a><\/p>\n<p><span style=\"text-decoration: underline;\"><strong>Horaires :<\/strong> <\/span><\/p>\n<p>Accueil : 9h00-9h10 en classe jusqu&rsquo;en CE2<\/p>\n<p>R\u00e9cr\u00e9ation : 10h45-11h00 CP au CM2&nbsp;&nbsp;&nbsp;&nbsp;&nbsp;&nbsp;&nbsp;&nbsp;&nbsp;&nbsp;&nbsp;&nbsp;&nbsp;&nbsp; 10h45-11h15 PS au GS<\/p>\n<p>Pause midi : 12h10-13h30<\/p>\n<p>Accueil midi : 13h20-13h30 sur la cour<\/p>\n<p>Sortie : 16h30<\/p>\n<p>&nbsp;<\/p>\n<h3><span style=\"color: #800080;\"><strong>Compte-rendu des conseils d&rsquo;\u00e9cole&nbsp; :<\/strong> <\/span><\/h3>\n<p><a href=\"https:\/\/passerelle2.ac-nantes.fr\/ecoledetresson\/wp-content\/uploads\/sites\/577\/2025\/11\/Proces-verbal-conseil-decole-novembre-2025-Tresson.pdf\">Proc\u00e8s verbal conseil d&rsquo;\u00e9cole novembre 2025 Tresson<\/a><\/p>\n<p><a href=\"https:\/\/passerelle2.ac-nantes.fr\/ecoledetresson\/wp-content\/uploads\/sites\/577\/2025\/06\/Proces-verbal-conseil-decole-du-10-juin-2025.pdf\">Proc\u00e8s verbal conseil d&rsquo;\u00e9cole du 10 juin 2025<\/a><\/p>\n<p><a href=\"https:\/\/passerelle2.ac-nantes.fr\/ecoledetresson\/wp-content\/uploads\/sites\/577\/2024\/11\/Proces-verbal-conseil-decole-novembre-2024-Tresson.pdf\">Proc\u00e8s verbal conseil d&rsquo;\u00e9cole novembre 2024 Tresson<\/a><\/p>\n<p><a href=\"https:\/\/passerelle2.ac-nantes.fr\/ecoledetresson\/wp-content\/uploads\/sites\/577\/2024\/06\/Proces-verbal-conseil-decole-du-04-juin-2024.pdf\">Proc\u00e8s verbal conseil d&rsquo;\u00e9cole du 04 juin 2024<\/a><\/p>\n<p><a href=\"https:\/\/passerelle2.ac-nantes.fr\/ecoledetresson\/wp-content\/uploads\/sites\/577\/2023\/11\/Proces-verbal-conseil-decole-novembre-2023-Tresson.pdf\">Proces-verbal-conseil-decole-novembre-2023-Tresson<\/a><\/p>\n<p><a href=\"https:\/\/passerelle2.ac-nantes.fr\/ecoledetresson\/wp-content\/uploads\/sites\/577\/2023\/06\/Proces-verbal-du-conseil-decole-juin-2023-Tresson.pdf\">Proc\u00e8s verbal du conseil d&rsquo;\u00e9cole juin 2023 Tresson<\/a><\/p>\n<p><a href=\"https:\/\/passerelle2.ac-nantes.fr\/ecoledetresson\/wp-content\/uploads\/sites\/577\/2022\/11\/Proces-verbal-du-conseil-decole-du-15-novembre-2022.pdf\">Proc\u00e8s verbal du conseil d&rsquo;\u00e9cole du 15 novembre 2022<\/a><\/p>\n<p><a href=\"https:\/\/passerelle2.ac-nantes.fr\/ecoledetresson\/wp-content\/uploads\/sites\/577\/2022\/07\/Proces-verbal-du-conseil-decole-du-30-juin-2022.pdf\">Proc\u00e8s verbal du conseil d&rsquo;\u00e9cole du 30 juin 2022<\/a><\/p>\n<p><a href=\"https:\/\/passerelle2.ac-nantes.fr\/ecoledetresson\/wp-content\/uploads\/sites\/577\/2021\/11\/Proces-verbal-du-Conseil-dEcole-Novembre-2021-1.pdf\">Proces-verbal-du-Conseil-dEcole-Novembre-2021-1<\/a><\/p>\n<p><a href=\"https:\/\/passerelle2.ac-nantes.fr\/ecoledetresson\/wp-content\/uploads\/sites\/577\/2021\/06\/Proces-verbal-du-conseil-decole-JUIN-2021.pdf\">Proc\u00e8s verbal du conseil d&rsquo;\u00e9cole JUIN 2021<\/a><\/p>\n<p><a href=\"https:\/\/passerelle2.ac-nantes.fr\/ecoledetresson\/wp-content\/uploads\/sites\/577\/2020\/11\/Proc\u00e8s-verbal-du-conseil-d\u00e9cole-novembre-2020.pdf\">Proc\u00e8s verbal du conseil d&rsquo;\u00e9cole novembre 2020<\/a><\/p>\n<p><a href=\"https:\/\/passerelle2.ac-nantes.fr\/ecoledetresson\/wp-content\/uploads\/sites\/577\/2019\/12\/conseil-d\u00e9cole-nov-2019.pdf\">conseil d&rsquo;\u00e9cole nov 2019<\/a><\/p>\n<p><a href=\"https:\/\/passerelle2.ac-nantes.fr\/ecoledetresson\/wp-content\/uploads\/sites\/577\/2019\/06\/Proc\u00e8s-verbal-du-conseil-d\u00e9cole-juin-2019.pdf\">Proc\u00e8s verbal du conseil d&rsquo;\u00e9cole juin 2019<\/a><\/p>\n<p><a href=\"https:\/\/passerelle2.ac-nantes.fr\/ecoledetresson\/wp-content\/uploads\/sites\/577\/2019\/04\/Proc\u00e8s-verbal-du-conseil-d\u00e9cole-avril-19.pdf\">Proc\u00e8s verbal du conseil d&rsquo;\u00e9cole avril 19<\/a><\/p>\n<h3><a href=\"https:\/\/passerelle2.ac-nantes.fr\/ecoledetresson\/wp-content\/uploads\/sites\/577\/2018\/11\/proc\u00e8s-verbal-du-conseil-d\u00e9cole-nov-2018.pdf\">proc\u00e8s verbal du conseil d&rsquo;\u00e9cole nov 2018<\/a><\/h3>\n<p><span style=\"font-family: comic sans ms, sans-serif;\"><a href=\"https:\/\/passerelle2.ac-nantes.fr\/ecoledetresson\/wp-content\/uploads\/sites\/577\/2018\/06\/Proc\u00e8s-verbal-du-conseil-d\u00e9cole-juin-2018.pdf\">Proc\u00e8s verbal du conseil d&rsquo;\u00e9cole juin 2018<\/a><\/span><\/p>\n<p>&nbsp;<\/p>\n<p>&nbsp;<\/p>\n<p>&nbsp;<\/p>\n<p><span style=\"color: #800080;\"><strong><span style=\"font-family: comic sans ms, sans-serif;\">R\u00e8glement int\u00e9rieur 2018 :<\/span><\/strong><\/span><\/p>\n<h4><a href=\"https:\/\/passerelle2.ac-nantes.fr\/ecoledetresson\/wp-content\/uploads\/sites\/577\/2021\/09\/REGLEMENT-INTERIEUR-DE-L.pdf\">REGLEMENT INTERIEUR DE L<\/a><\/h4>\n<p>&nbsp;<\/p>\n\n\n\n\n<h2 class=\"wp-block-heading\"><span style=\"text-decoration: underline;\"><\/span><\/h2>\n\n\n\n<figure class=\"wp-block-image size-large\"><img decoding=\"async\" src=\"https:\/\/passerelle2.ac-nantes.fr\/ecoledetresson\/wp-content\/uploads\/sites\/577\/2020\/03\/IMG_20200214_150549.jpg\" alt=\"\" class=\"wp-image-1029\"\/><\/figure>\n\n\n\n<div class=\"wp-block-file\"><a href=\"blob:https:\/\/passerelle2.ac-nantes.fr\/7fcb8681-8689-4ffd-9478-1c141e4eeb27\" class=\"wp-block-file__button wp-element-button\" download>T\u00e9l\u00e9charger<\/a><\/div>\n","protected":false},"excerpt":{"rendered":"<p>&nbsp;Coordonn\u00e9es:&nbsp; 3 rue des lilas 72440 Tresson 02 43 35 71 16 ce.0721004A@ac-nantes.fr Le RASED ( r\u00e9seau d&rsquo;aide sp\u00e9cialis\u00e9 aux \u00e9l\u00e8ves en difficult\u00e9s) : Plaquette R\u00e9seau Connerr\u00e9 Le service jeunesse : accueil p\u00e9riscolaire Pr\u00e9sentation SEJ Bouloire Horaires : Accueil : &hellip; <a href=\"https:\/\/passerelle2.ac-nantes.fr\/ecoledetresson\/lecole\/\">Continuer la lecture <span class=\"meta-nav\">&rarr;<\/span><\/a><\/p>\n","protected":false},"author":7500,"featured_media":0,"parent":0,"menu_order":0,"comment_status":"open","ping_status":"open","template":"","meta":{"ngg_post_thumbnail":0,"h5ap_radio_sources":[],"jetpack_post_was_ever_published":false,"footnotes":""},"folder":[],"class_list":["post-7","page","type-page","status-publish","hentry"],"jetpack_sharing_enabled":true,"jetpack_shortlink":"https:\/\/wp.me\/P8RNG4-7","_links":{"self":[{"href":"https:\/\/passerelle2.ac-nantes.fr\/ecoledetresson\/wp-json\/wp\/v2\/pages\/7","targetHints":{"allow":["GET"]}}],"collection":[{"href":"https:\/\/passerelle2.ac-nantes.fr\/ecoledetresson\/wp-json\/wp\/v2\/pages"}],"about":[{"href":"https:\/\/passerelle2.ac-nantes.fr\/ecoledetresson\/wp-json\/wp\/v2\/types\/page"}],"author":[{"embeddable":true,"href":"https:\/\/passerelle2.ac-nantes.fr\/ecoledetresson\/wp-json\/wp\/v2\/users\/7500"}],"replies":[{"embeddable":true,"href":"https:\/\/passerelle2.ac-nantes.fr\/ecoledetresson\/wp-json\/wp\/v2\/comments?post=7"}],"version-history":[{"count":0,"href":"https:\/\/passerelle2.ac-nantes.fr\/ecoledetresson\/wp-json\/wp\/v2\/pages\/7\/revisions"}],"wp:attachment":[{"href":"https:\/\/passerelle2.ac-nantes.fr\/ecoledetresson\/wp-json\/wp\/v2\/media?parent=7"}],"wp:term":[{"taxonomy":"folder","embeddable":true,"href":"https:\/\/passerelle2.ac-nantes.fr\/ecoledetresson\/wp-json\/wp\/v2\/folder?post=7"}],"curies":[{"name":"wp","href":"https:\/\/api.w.org\/{rel}","templated":true}]}}